{"id":194282,"date":"2025-05-07T09:44:09","date_gmt":"2025-05-07T07:44:09","guid":{"rendered":"https:\/\/asdgroupcustoms.com\/blog\/"},"modified":"2025-08-19T15:09:36","modified_gmt":"2025-08-19T13:09:36","slug":"blog","status":"publish","type":"page","link":"https:\/\/asdgroupcustoms.com\/cz\/blog\/","title":{"rendered":"Blog"},"content":{"rendered":"\t\t<div data-elementor-type=\"wp-page\" data-elementor-id=\"194282\" class=\"elementor elementor-194282 elementor-187751\" data-elementor-post-type=\"page\">\n\t\t\t\t<div class=\"elementor-element elementor-element-d4c295c e-con-full e-flex e-con e-parent\" data-id=\"d4c295c\" data-element_type=\"container\" data-e-type=\"container\" data-settings=\"{&quot;background_background&quot;:&quot;classic&quot;}\">\n\t\t<div class=\"elementor-element elementor-element-7563ff5 e-flex e-con-boxed e-con e-child\" data-id=\"7563ff5\" data-element_type=\"container\" data-e-type=\"container\">\n\t\t\t\t\t<div class=\"e-con-inner\">\n\t\t\t\t<div class=\"elementor-element elementor-element-49042dd elementor-widget elementor-widget-heading\" data-id=\"49042dd\" data-element_type=\"widget\" data-e-type=\"widget\" data-widget_type=\"heading.default\">\n\t\t\t\t<div class=\"elementor-widget-container\">\n\t\t\t\t\t<div class=\"elementor-heading-title elementor-size-default\"><a href=\"\/cz\">\u00davod<\/a> &gt; blog<\/div>\t\t\t\t<\/div>\n\t\t\t\t<\/div>\n\t\t\t\t<div class=\"elementor-element elementor-element-0ea4186 elementor-widget elementor-widget-heading\" data-id=\"0ea4186\" data-element_type=\"widget\" data-e-type=\"widget\" data-widget_type=\"heading.default\">\n\t\t\t\t<div class=\"elementor-widget-container\">\n\t\t\t\t\t<h1 class=\"elementor-heading-title elementor-size-default\">V\u0161echny novinky o celn\u00edch povinnostech vysv\u011btlen\u00e9 na\u0161imi odborn\u00edky<\/h1>\t\t\t\t<\/div>\n\t\t\t\t<\/div>\n\t\t\t\t<div class=\"elementor-element elementor-element-beb04ff elementor-widget-divider--view-line elementor-widget elementor-widget-divider\" data-id=\"beb04ff\" data-element_type=\"widget\" data-e-type=\"widget\" data-widget_type=\"divider.default\">\n\t\t\t\t<div class=\"elementor-widget-container\">\n\t\t\t\t\t\t\t<div class=\"elementor-divider\">\n\t\t\t<span class=\"elementor-divider-separator\">\n\t\t\t\t\t\t<\/span>\n\t\t<\/div>\n\t\t\t\t\t\t<\/div>\n\t\t\t\t<\/div>\n\t\t\t\t\t<\/div>\n\t\t\t\t<\/div>\n\t\t\t\t<\/div>\n\t\t<div class=\"elementor-element elementor-element-f51f2cb e-flex e-con-boxed e-con e-parent\" data-id=\"f51f2cb\" data-element_type=\"container\" data-e-type=\"container\">\n\t\t\t\t\t<div class=\"e-con-inner\">\n\t\t\t\t<div class=\"elementor-element elementor-element-a6c4df4 elementor-widget elementor-widget-asd_blog_filter\" data-id=\"a6c4df4\" data-element_type=\"widget\" data-e-type=\"widget\" data-widget_type=\"asd_blog_filter.default\">\n\t\t\t\t<div class=\"elementor-widget-container\">\n\t\t\t\t\t<div class=\"custom-posts-list\">\n    <form action=\"https:\/\/asdgroupcustoms.com\/wp-admin\/admin-ajax.php\" method=\"POST\" id=\"filter\">\n        <div class=\"form-filter-wrapper\">\n\n            <div class=\"pays-filters\"><select name=\"paysfilter\"><option class=\"asd_trad\" value=\"allpays\"><\/option><option value=\"198\">Evropsk\u00e1 unie<\/option><option value=\"199\">Francie<\/option><option value=\"844\">Spojen\u00e9 kr\u00e1lovstv\u00ed<\/option><\/select><i class=\"fas fa-caret-down\"><\/i><\/div><div class=\"category-filters\"><div><input class=\"active\" type=\"radio\" id=\"allcategories\" value=\"allcategories\" name=\"categoryfilter\" checked\/><label for=\"allcategories\" class=\"asd_trad\"><\/label><\/div><div><input type=\"radio\" id=\"cat106\" value=\"106\" name=\"categoryfilter\"\/><label for=\"cat106\">Celn\u00ed spr\u00e1va<\/label><\/div><\/div>\n            <input type=\"hidden\" name=\"action\" value=\"blog_filter\">\n        <\/div>\n    <\/form>\n\n    <div class=\"response\">\n        <div><\/div>\n        <div><\/div>\n        <div><\/div>\n        <div><\/div>\n    <\/div>\n\n    \n        <div id=\"posts_wrap\" class=\"custom-posts-list-wrapper\">\n\n            \n<article class=\"post-206616 post type-post status-publish format-standard has-post-thumbnail hentry category-celni-sprava tag-intrastat-cz tag-prahove-hodnoty-intrastatu country-european-union-cz\" id=\"post-206616\">\n\t\t<div class=\"custom-post-layout-card celni-sprava european-union-cz  item\">\n\t\t<a class=\"custom-post-thumbnail-link\" href=\"https:\/\/asdgroupcustoms.com\/cz\/prahove-hodnoty-intrastat-a-emebi-2026-v-eu\/\" rel=\"bookmark\">\n\t\t\t<div class=\"custom-post-thumbnail\">\n\t\t\t\t<img fetchpriority=\"high\" decoding=\"async\" width=\"1536\" height=\"1024\" src=\"https:\/\/asdgroupcustoms.com\/wp-content\/uploads\/2025\/12\/seuils-intrastat-et-emebi-2026-en-ue.jpg\" class=\"attachment-post-thumbnail size-post-thumbnail wp-post-image\" alt=\"Seuils Intrastat et EMEBI 2026 en UE\" srcset=\"https:\/\/asdgroupcustoms.com\/wp-content\/uploads\/2025\/12\/seuils-intrastat-et-emebi-2026-en-ue.jpg 1536w, https:\/\/asdgroupcustoms.com\/wp-content\/uploads\/2025\/12\/seuils-intrastat-et-emebi-2026-en-ue-300x200.jpg 300w, https:\/\/asdgroupcustoms.com\/wp-content\/uploads\/2025\/12\/seuils-intrastat-et-emebi-2026-en-ue-1024x683.jpg 1024w, https:\/\/asdgroupcustoms.com\/wp-content\/uploads\/2025\/12\/seuils-intrastat-et-emebi-2026-en-ue-768x512.jpg 768w\" sizes=\"(max-width: 1536px) 100vw, 1536px\" \/>\t\t\t<\/div>\n\t\t<\/a>\n\n\t\t<div class=\"custom-post-meta\">\n\t\t\t<div class=\"custom-post-primary_category\">\n\t\t\t\t\t\t\t\t\tCeln\u00ed spr\u00e1va\t\t\t\t\t\t\t<\/div>\n\t\t\t<div class=\"custom-post-date\">\n\t\t\t\t10 prosince 2025\t\t\t<\/div>\n\t\t<\/div>\n\n\t\t<h2 class=\"custom-post-title\">\n\t\t\t<a href=\"https:\/\/asdgroupcustoms.com\/cz\/prahove-hodnoty-intrastat-a-emebi-2026-v-eu\/\" rel=\"bookmark\">Prahov\u00e9 hodnoty Intrastat a EMEBI 2026 v EU<\/a>\n\t\t<\/h2>\n\n\t\t<div class=\"custom-post-excerpt\">\n\t\t\t<p>\n\t\t\t\tIntrastat 2026: to nejd\u016fle\u017eit\u011bj\u0161\u00ed, co si zapamatovat Vym\u011b\u0148ujete si zbo\u017e\u00ed s partnery v Evropsk\u00e9 unii a va\u0161e spole\u010dnost je pl\u00e1tcem DPH?Pak se v\u00e1s pravd\u011bpodobn\u011b t\u00fdk\u00e1&hellip;\t\t\t<\/p>\n\t\t<\/div>\n\n\t<\/div>\n<\/article>\n<article class=\"post-206124 post type-post status-publish format-standard has-post-thumbnail hentry category-celni-sprava tag-celni-operace tag-celni-povinnosti tag-kone tag-sivep country-european-union-cz country-spojene-kralovstvi\" id=\"post-206124\">\n\t\t<div class=\"custom-post-layout-card celni-sprava european-union-cz spojene-kralovstvi  item\">\n\t\t<a class=\"custom-post-thumbnail-link\" href=\"https:\/\/asdgroupcustoms.com\/cz\/celni-formality-pro-kone-vse-co-potrebujete-vedet-k-dovozu-nebo-vyvozu-konovitych-po-brexitu\/\" rel=\"bookmark\">\n\t\t\t<div class=\"custom-post-thumbnail\">\n\t\t\t\t<img decoding=\"async\" width=\"1440\" height=\"960\" src=\"https:\/\/asdgroupcustoms.com\/wp-content\/uploads\/2025\/10\/pourquoi-limport-export-de-chevaux-en-ue-exige-un-expert-sivep.jpg\" class=\"attachment-post-thumbnail size-post-thumbnail wp-post-image\" alt=\"Pourquoi l\u2019import\/export de chevaux en UE exige un expert SIVEP ?\" srcset=\"https:\/\/asdgroupcustoms.com\/wp-content\/uploads\/2025\/10\/pourquoi-limport-export-de-chevaux-en-ue-exige-un-expert-sivep.jpg 1440w, https:\/\/asdgroupcustoms.com\/wp-content\/uploads\/2025\/10\/pourquoi-limport-export-de-chevaux-en-ue-exige-un-expert-sivep-300x200.jpg 300w, https:\/\/asdgroupcustoms.com\/wp-content\/uploads\/2025\/10\/pourquoi-limport-export-de-chevaux-en-ue-exige-un-expert-sivep-1024x683.jpg 1024w, https:\/\/asdgroupcustoms.com\/wp-content\/uploads\/2025\/10\/pourquoi-limport-export-de-chevaux-en-ue-exige-un-expert-sivep-768x512.jpg 768w\" sizes=\"(max-width: 1440px) 100vw, 1440px\" \/>\t\t\t<\/div>\n\t\t<\/a>\n\n\t\t<div class=\"custom-post-meta\">\n\t\t\t<div class=\"custom-post-primary_category\">\n\t\t\t\t\t\t\t\t\tCeln\u00ed spr\u00e1va\t\t\t\t\t\t\t<\/div>\n\t\t\t<div class=\"custom-post-date\">\n\t\t\t\t28 \u0159\u00edjna 2025\t\t\t<\/div>\n\t\t<\/div>\n\n\t\t<h2 class=\"custom-post-title\">\n\t\t\t<a href=\"https:\/\/asdgroupcustoms.com\/cz\/celni-formality-pro-kone-vse-co-potrebujete-vedet-k-dovozu-nebo-vyvozu-konovitych-po-brexitu\/\" rel=\"bookmark\">Celn\u00ed formality pro kon\u011b: V\u0161e, co pot\u0159ebujete v\u011bd\u011bt k dovozu nebo v\u00fdvozu ko\u0148ovit\u00fdch po brexitu<\/a>\n\t\t<\/h2>\n\n\t\t<div class=\"custom-post-excerpt\">\n\t\t\t<p>\n\t\t\t\tOd p\u0159echodn\u00e9ho obdob\u00ed brexitu se mezin\u00e1rodn\u00ed p\u0159eprava kon\u00ed mezi Spojen\u00fdm kr\u00e1lovstv\u00edm a Evropskou uni\u00ed v\u00fdrazn\u011b zm\u011bnila. To, co b\u00fdvalo jednoduch\u00fdm administrativn\u00edm postupem, je nyn\u00ed \u0159\u00edzeno&hellip;\t\t\t<\/p>\n\t\t<\/div>\n\n\t<\/div>\n<\/article>\n<article class=\"post-205090 post type-post status-publish format-standard has-post-thumbnail hentry category-celni-sprava tag-42-00-regime-cz tag-dph tag-one-off-fiscal-representation-cz country-european-union-cz country-france-cz\" id=\"post-205090\">\n\t\t<div class=\"custom-post-layout-card celni-sprava european-union-cz france-cz  item\">\n\t\t<a class=\"custom-post-thumbnail-link\" href=\"https:\/\/asdgroupcustoms.com\/cz\/faq-learn-more-about-the-impacts-of-the-removal-of-one-off-fiscal-representation\/\" rel=\"bookmark\">\n\t\t\t<div class=\"custom-post-thumbnail\">\n\t\t\t\t<img decoding=\"async\" width=\"1440\" height=\"959\" src=\"https:\/\/asdgroupcustoms.com\/wp-content\/uploads\/2025\/08\/faq-learn-more-about-the-impacts-of-the-removal-of-one-off-fiscal-representation.jpg\" class=\"attachment-post-thumbnail size-post-thumbnail wp-post-image\" alt=\"FAQ \u2013 Learn more about the impacts of the removal of one-off fiscal representation\" srcset=\"https:\/\/asdgroupcustoms.com\/wp-content\/uploads\/2025\/08\/faq-learn-more-about-the-impacts-of-the-removal-of-one-off-fiscal-representation.jpg 1440w, https:\/\/asdgroupcustoms.com\/wp-content\/uploads\/2025\/08\/faq-learn-more-about-the-impacts-of-the-removal-of-one-off-fiscal-representation-300x200.jpg 300w, https:\/\/asdgroupcustoms.com\/wp-content\/uploads\/2025\/08\/faq-learn-more-about-the-impacts-of-the-removal-of-one-off-fiscal-representation-1024x682.jpg 1024w, https:\/\/asdgroupcustoms.com\/wp-content\/uploads\/2025\/08\/faq-learn-more-about-the-impacts-of-the-removal-of-one-off-fiscal-representation-768x511.jpg 768w\" sizes=\"(max-width: 1440px) 100vw, 1440px\" \/>\t\t\t<\/div>\n\t\t<\/a>\n\n\t\t<div class=\"custom-post-meta\">\n\t\t\t<div class=\"custom-post-primary_category\">\n\t\t\t\t\t\t\t\t\tCeln\u00ed spr\u00e1va\t\t\t\t\t\t\t<\/div>\n\t\t\t<div class=\"custom-post-date\">\n\t\t\t\t28 srpna 2025\t\t\t<\/div>\n\t\t<\/div>\n\n\t\t<h2 class=\"custom-post-title\">\n\t\t\t<a href=\"https:\/\/asdgroupcustoms.com\/cz\/faq-learn-more-about-the-impacts-of-the-removal-of-one-off-fiscal-representation\/\" rel=\"bookmark\">FAQ \u2013 Dal\u0161\u00ed informace o dopadech zru\u0161en\u00ed jednor\u00e1zov\u00e9ho da\u0148ov\u00e9ho zastoupen\u00ed<\/a>\n\t\t<\/h2>\n\n\t\t<div class=\"custom-post-excerpt\">\n\t\t\t<p>\n\t\t\t\tOd 1. ledna 2026 ji\u017e nebude ve Francii povoleno jednor\u00e1zov\u00e9 da\u0148ov\u00e9 zastoupen\u00ed. Tato zm\u011bna se t\u00fdk\u00e1 p\u0159edev\u0161\u00edm spole\u010dnost\u00ed usazen\u00fdch mimo Evropskou unii, kter\u00e9 nyn\u00ed budou&hellip;\t\t\t<\/p>\n\t\t<\/div>\n\n\t<\/div>\n<\/article>\n<article class=\"post-205092 post type-post status-publish format-standard has-post-thumbnail hentry category-celni-sprava tag-42-00-regime-cz tag-dph tag-one-off-fiscal-representation-cz country-european-union-cz country-france-cz\" id=\"post-205092\">\n\t\t<div class=\"custom-post-layout-card celni-sprava european-union-cz france-cz  item\">\n\t\t<a class=\"custom-post-thumbnail-link\" href=\"https:\/\/asdgroupcustoms.com\/cz\/jednorazove-danove-zastoupeni-rezim-42-00-konci-31-12-2025-co-musi-vedet-mimoevropske-spolecnosti\/\" rel=\"bookmark\">\n\t\t\t<div class=\"custom-post-thumbnail\">\n\t\t\t\t<img loading=\"lazy\" decoding=\"async\" width=\"1440\" height=\"959\" src=\"https:\/\/asdgroupcustoms.com\/wp-content\/uploads\/2025\/08\/one-off-fiscal-representation-regime-42-00-ends-31-12-2025.jpg\" class=\"attachment-post-thumbnail size-post-thumbnail wp-post-image\" alt=\"One-off fiscal representation (regime 42 00) ends 31\/12\/2025\" srcset=\"https:\/\/asdgroupcustoms.com\/wp-content\/uploads\/2025\/08\/one-off-fiscal-representation-regime-42-00-ends-31-12-2025.jpg 1440w, https:\/\/asdgroupcustoms.com\/wp-content\/uploads\/2025\/08\/one-off-fiscal-representation-regime-42-00-ends-31-12-2025-300x200.jpg 300w, https:\/\/asdgroupcustoms.com\/wp-content\/uploads\/2025\/08\/one-off-fiscal-representation-regime-42-00-ends-31-12-2025-1024x682.jpg 1024w, https:\/\/asdgroupcustoms.com\/wp-content\/uploads\/2025\/08\/one-off-fiscal-representation-regime-42-00-ends-31-12-2025-768x511.jpg 768w\" sizes=\"(max-width: 1440px) 100vw, 1440px\" \/>\t\t\t<\/div>\n\t\t<\/a>\n\n\t\t<div class=\"custom-post-meta\">\n\t\t\t<div class=\"custom-post-primary_category\">\n\t\t\t\t\t\t\t\t\tCeln\u00ed spr\u00e1va\t\t\t\t\t\t\t<\/div>\n\t\t\t<div class=\"custom-post-date\">\n\t\t\t\t20 srpna 2025\t\t\t<\/div>\n\t\t<\/div>\n\n\t\t<h2 class=\"custom-post-title\">\n\t\t\t<a href=\"https:\/\/asdgroupcustoms.com\/cz\/jednorazove-danove-zastoupeni-rezim-42-00-konci-31-12-2025-co-musi-vedet-mimoevropske-spolecnosti\/\" rel=\"bookmark\">Jednor\u00e1zov\u00e9 da\u0148ov\u00e9 zastoupen\u00ed (re\u017eim 42 00) kon\u010d\u00ed 31.12.2025 \u2013 co mus\u00ed v\u011bd\u011bt mimoevropsk\u00e9 spole\u010dnosti<\/a>\n\t\t<\/h2>\n\n\t\t<div class=\"custom-post-excerpt\">\n\t\t\t<p>\n\t\t\t\tZ\u00e1kon o financ\u00edch na rok 2025 potvrzuje zru\u0161en\u00ed jednor\u00e1zov\u00e9ho da\u0148ov\u00e9ho zastoupen\u00ed pro dovoz pod celn\u00edm re\u017eimem 42, mechanismus \u0161iroce vyu\u017e\u00edvan\u00fd mimoevropsk\u00fdmi spole\u010dnostmi, v\u010detn\u011b t\u011bch z&hellip;\t\t\t<\/p>\n\t\t<\/div>\n\n\t<\/div>\n<\/article>\n<article class=\"post-205096 post type-post status-publish format-standard has-post-thumbnail hentry category-celni-sprava tag-eudr-cz tag-prohlaseni-o-primerane-peci-dds country-european-union-cz\" id=\"post-205096\">\n\t\t<div class=\"custom-post-layout-card celni-sprava european-union-cz  item\">\n\t\t<a class=\"custom-post-thumbnail-link\" href=\"https:\/\/asdgroupcustoms.com\/cz\/prohlaseni-o-primerane-peci-podle-narizeni-eu-o-odlesnovani-eudr-2023-1115\/\" rel=\"bookmark\">\n\t\t\t<div class=\"custom-post-thumbnail\">\n\t\t\t\t<img loading=\"lazy\" decoding=\"async\" width=\"1440\" height=\"960\" src=\"https:\/\/asdgroupcustoms.com\/wp-content\/uploads\/2025\/08\/due-diligence-statement-under-eu-deforestation-regulation-eudr-2023-1115.jpg\" class=\"attachment-post-thumbnail size-post-thumbnail wp-post-image\" alt=\"due-diligence-statement-under-eu-deforestation-regulation-eudr-2023-1115\" srcset=\"https:\/\/asdgroupcustoms.com\/wp-content\/uploads\/2025\/08\/due-diligence-statement-under-eu-deforestation-regulation-eudr-2023-1115.jpg 1440w, https:\/\/asdgroupcustoms.com\/wp-content\/uploads\/2025\/08\/due-diligence-statement-under-eu-deforestation-regulation-eudr-2023-1115-300x200.jpg 300w, https:\/\/asdgroupcustoms.com\/wp-content\/uploads\/2025\/08\/due-diligence-statement-under-eu-deforestation-regulation-eudr-2023-1115-1024x683.jpg 1024w, https:\/\/asdgroupcustoms.com\/wp-content\/uploads\/2025\/08\/due-diligence-statement-under-eu-deforestation-regulation-eudr-2023-1115-768x512.jpg 768w\" sizes=\"(max-width: 1440px) 100vw, 1440px\" \/>\t\t\t<\/div>\n\t\t<\/a>\n\n\t\t<div class=\"custom-post-meta\">\n\t\t\t<div class=\"custom-post-primary_category\">\n\t\t\t\t\t\t\t\t\tCeln\u00ed spr\u00e1va\t\t\t\t\t\t\t<\/div>\n\t\t\t<div class=\"custom-post-date\">\n\t\t\t\t19 srpna 2025\t\t\t<\/div>\n\t\t<\/div>\n\n\t\t<h2 class=\"custom-post-title\">\n\t\t\t<a href=\"https:\/\/asdgroupcustoms.com\/cz\/prohlaseni-o-primerane-peci-podle-narizeni-eu-o-odlesnovani-eudr-2023-1115\/\" rel=\"bookmark\">Prohl\u00e1\u0161en\u00ed o p\u0159im\u011b\u0159an\u00e9 p\u00e9\u010di podle Na\u0159\u00edzen\u00ed EU o odles\u0148ov\u00e1n\u00ed (EUDR) 2023\/1115<\/a>\n\t\t<\/h2>\n\n\t\t<div class=\"custom-post-excerpt\">\n\t\t\t<p>\n\t\t\t\tV reakci na klimatickou krizi a alarmuj\u00edc\u00ed glob\u00e1ln\u00ed ztr\u00e1tu les\u016f p\u0159ijala Evropsk\u00e1 unie Na\u0159\u00edzen\u00ed EU o odles\u0148ov\u00e1n\u00ed \u2014 Na\u0159\u00edzen\u00ed (EU) 2023\/1115 (EUDR).Jeho c\u00edlem je omezit&hellip;\t\t\t<\/p>\n\t\t<\/div>\n\n\t<\/div>\n<\/article>\n        <\/div><!-- #post_wrap -->\n\n    <\/div><!-- .custom-posts-list -->\n\n\t\t\t\t<\/div>\n\t\t\t\t<\/div>\n\t\t\t\t\t<\/div>\n\t\t\t\t<\/div>\n\t\t\t\t<\/div>\n\t\t","protected":false},"excerpt":{"rendered":"<p>\u00davod &gt; blog V\u0161echny novinky o celn\u00edch povinnostech vysv\u011btlen\u00e9 na\u0161imi odborn\u00edky European UnionUnited KingdomCustomsCustoms Customs 19 ao\u00fbt 2025 Due Diligence Statement under EU Deforestation Regulation (EUDR) 2023\/1115 In response to the climate crisis and the alarming global loss of forests, the European Union has adopted the EU Deforestation Regulation \u2014 Regulation (EU)\u2026 Customs 17 janvier [&hellip;]<\/p>\n","protected":false},"author":2,"featured_media":0,"parent":0,"menu_order":0,"comment_status":"closed","ping_status":"closed","template":"","meta":{"_eb_attr":"","footnotes":""},"class_list":["post-194282","page","type-page","status-publish","hentry"],"yoast_head":"<!-- This site is optimized with the Yoast SEO plugin v27.3 - https:\/\/yoast.com\/product\/yoast-seo-wordpress\/ -->\n<title>Blog | ASD Group Customs<\/title>\n<meta name=\"description\" content=\"Bu\u010fte v obraze s \u010dl\u00e1nky na blogu ASD Group o celn\u00edch formalit\u00e1ch, Brexitu, proclen\u00ed a povinnostech hl\u00e1\u0161en\u00ed.\" \/>\n<meta name=\"robots\" content=\"index, follow, max-snippet:-1, max-image-preview:large, max-video-preview:-1\" \/>\n<link rel=\"canonical\" href=\"https:\/\/asdgroupcustoms.com\/cz\/blog\/\" \/>\n<meta property=\"og:locale\" content=\"cs_CZ\" \/>\n<meta property=\"og:type\" content=\"article\" \/>\n<meta property=\"og:title\" content=\"Blog | ASD Group Customs\" \/>\n<meta property=\"og:description\" content=\"Bu\u010fte v obraze s \u010dl\u00e1nky na blogu ASD Group o celn\u00edch formalit\u00e1ch, Brexitu, proclen\u00ed a povinnostech hl\u00e1\u0161en\u00ed.\" \/>\n<meta property=\"og:url\" content=\"https:\/\/asdgroupcustoms.com\/cz\/blog\/\" \/>\n<meta property=\"og:site_name\" content=\"ASD Group Customs\" \/>\n<meta property=\"article:publisher\" content=\"https:\/\/www.facebook.com\/asdgroupcustoms\" \/>\n<meta property=\"article:modified_time\" content=\"2025-08-19T13:09:36+00:00\" \/>\n<meta property=\"og:image\" content=\"https:\/\/asdgroupcustoms.com\/wp-content\/uploads\/2025\/01\/istockphoto-1339597090-1024x1024-1.jpg\" \/>\n<meta name=\"twitter:card\" content=\"summary_large_image\" \/>\n<meta name=\"twitter:label1\" content=\"Odhadovan\u00e1 doba \u010dten\u00ed\" \/>\n\t<meta name=\"twitter:data1\" content=\"1 minuta\" \/>\n<script type=\"application\/ld+json\" class=\"yoast-schema-graph\">{\"@context\":\"https:\\\/\\\/schema.org\",\"@graph\":[{\"@type\":\"WebPage\",\"@id\":\"https:\\\/\\\/asdgroupcustoms.com\\\/cz\\\/blog\\\/\",\"url\":\"https:\\\/\\\/asdgroupcustoms.com\\\/cz\\\/blog\\\/\",\"name\":\"Blog | ASD Group Customs\",\"isPartOf\":{\"@id\":\"https:\\\/\\\/asdgroupcustoms.com\\\/cz\\\/#website\"},\"primaryImageOfPage\":{\"@id\":\"https:\\\/\\\/asdgroupcustoms.com\\\/cz\\\/blog\\\/#primaryimage\"},\"image\":{\"@id\":\"https:\\\/\\\/asdgroupcustoms.com\\\/cz\\\/blog\\\/#primaryimage\"},\"thumbnailUrl\":\"https:\\\/\\\/asdgroupcustoms.com\\\/wp-content\\\/uploads\\\/2025\\\/01\\\/istockphoto-1339597090-1024x1024-1.jpg\",\"datePublished\":\"2025-05-07T07:44:09+00:00\",\"dateModified\":\"2025-08-19T13:09:36+00:00\",\"description\":\"Bu\u010fte v obraze s \u010dl\u00e1nky na blogu ASD Group o celn\u00edch formalit\u00e1ch, Brexitu, proclen\u00ed a povinnostech hl\u00e1\u0161en\u00ed.\",\"breadcrumb\":{\"@id\":\"https:\\\/\\\/asdgroupcustoms.com\\\/cz\\\/blog\\\/#breadcrumb\"},\"inLanguage\":\"cs\",\"potentialAction\":[{\"@type\":\"ReadAction\",\"target\":[\"https:\\\/\\\/asdgroupcustoms.com\\\/cz\\\/blog\\\/\"]}]},{\"@type\":\"ImageObject\",\"inLanguage\":\"cs\",\"@id\":\"https:\\\/\\\/asdgroupcustoms.com\\\/cz\\\/blog\\\/#primaryimage\",\"url\":\"https:\\\/\\\/asdgroupcustoms.com\\\/wp-content\\\/uploads\\\/2025\\\/01\\\/istockphoto-1339597090-1024x1024-1.jpg\",\"contentUrl\":\"https:\\\/\\\/asdgroupcustoms.com\\\/wp-content\\\/uploads\\\/2025\\\/01\\\/istockphoto-1339597090-1024x1024-1.jpg\"},{\"@type\":\"BreadcrumbList\",\"@id\":\"https:\\\/\\\/asdgroupcustoms.com\\\/cz\\\/blog\\\/#breadcrumb\",\"itemListElement\":[{\"@type\":\"ListItem\",\"position\":1,\"name\":\"Accueil\",\"item\":\"https:\\\/\\\/asdgroupcustoms.com\\\/cz\\\/\"},{\"@type\":\"ListItem\",\"position\":2,\"name\":\"Blog\"}]},{\"@type\":\"WebSite\",\"@id\":\"https:\\\/\\\/asdgroupcustoms.com\\\/cz\\\/#website\",\"url\":\"https:\\\/\\\/asdgroupcustoms.com\\\/cz\\\/\",\"name\":\"ASD Group Customs\",\"description\":\"\",\"publisher\":{\"@id\":\"https:\\\/\\\/asdgroupcustoms.com\\\/cz\\\/#organization\"},\"alternateName\":\"ASD Group Customs\",\"potentialAction\":[{\"@type\":\"SearchAction\",\"target\":{\"@type\":\"EntryPoint\",\"urlTemplate\":\"https:\\\/\\\/asdgroupcustoms.com\\\/cz\\\/?s={search_term_string}\"},\"query-input\":{\"@type\":\"PropertyValueSpecification\",\"valueRequired\":true,\"valueName\":\"search_term_string\"}}],\"inLanguage\":\"cs\"},{\"@type\":\"Organization\",\"@id\":\"https:\\\/\\\/asdgroupcustoms.com\\\/cz\\\/#organization\",\"name\":\"ASD Group Customs\",\"alternateName\":\"ASD Group Customs\",\"url\":\"https:\\\/\\\/asdgroupcustoms.com\\\/cz\\\/\",\"logo\":{\"@type\":\"ImageObject\",\"inLanguage\":\"cs\",\"@id\":\"https:\\\/\\\/asdgroupcustoms.com\\\/cz\\\/#\\\/schema\\\/logo\\\/image\\\/\",\"url\":\"https:\\\/\\\/asdgroupcustoms.com\\\/wp-content\\\/uploads\\\/2025\\\/04\\\/Logo-ASD_noir.svg\",\"contentUrl\":\"https:\\\/\\\/asdgroupcustoms.com\\\/wp-content\\\/uploads\\\/2025\\\/04\\\/Logo-ASD_noir.svg\",\"width\":253,\"height\":172,\"caption\":\"ASD Group Customs\"},\"image\":{\"@id\":\"https:\\\/\\\/asdgroupcustoms.com\\\/cz\\\/#\\\/schema\\\/logo\\\/image\\\/\"},\"sameAs\":[\"https:\\\/\\\/www.facebook.com\\\/asdgroupcustoms\",\"https:\\\/\\\/www.linkedin.com\\\/showcase\\\/asd-group-customs\\\/\"]}]}<\/script>\n<!-- \/ Yoast SEO plugin. -->","yoast_head_json":{"title":"Blog | ASD Group Customs","description":"Bu\u010fte v obraze s \u010dl\u00e1nky na blogu ASD Group o celn\u00edch formalit\u00e1ch, Brexitu, proclen\u00ed a povinnostech hl\u00e1\u0161en\u00ed.","robots":{"index":"index","follow":"follow","max-snippet":"max-snippet:-1","max-image-preview":"max-image-preview:large","max-video-preview":"max-video-preview:-1"},"canonical":"https:\/\/asdgroupcustoms.com\/cz\/blog\/","og_locale":"cs_CZ","og_type":"article","og_title":"Blog | ASD Group Customs","og_description":"Bu\u010fte v obraze s \u010dl\u00e1nky na blogu ASD Group o celn\u00edch formalit\u00e1ch, Brexitu, proclen\u00ed a povinnostech hl\u00e1\u0161en\u00ed.","og_url":"https:\/\/asdgroupcustoms.com\/cz\/blog\/","og_site_name":"ASD Group Customs","article_publisher":"https:\/\/www.facebook.com\/asdgroupcustoms","article_modified_time":"2025-08-19T13:09:36+00:00","og_image":[{"url":"https:\/\/asdgroupcustoms.com\/wp-content\/uploads\/2025\/01\/istockphoto-1339597090-1024x1024-1.jpg","type":"","width":"","height":""}],"twitter_card":"summary_large_image","twitter_misc":{"Odhadovan\u00e1 doba \u010dten\u00ed":"1 minuta"},"schema":{"@context":"https:\/\/schema.org","@graph":[{"@type":"WebPage","@id":"https:\/\/asdgroupcustoms.com\/cz\/blog\/","url":"https:\/\/asdgroupcustoms.com\/cz\/blog\/","name":"Blog | ASD Group Customs","isPartOf":{"@id":"https:\/\/asdgroupcustoms.com\/cz\/#website"},"primaryImageOfPage":{"@id":"https:\/\/asdgroupcustoms.com\/cz\/blog\/#primaryimage"},"image":{"@id":"https:\/\/asdgroupcustoms.com\/cz\/blog\/#primaryimage"},"thumbnailUrl":"https:\/\/asdgroupcustoms.com\/wp-content\/uploads\/2025\/01\/istockphoto-1339597090-1024x1024-1.jpg","datePublished":"2025-05-07T07:44:09+00:00","dateModified":"2025-08-19T13:09:36+00:00","description":"Bu\u010fte v obraze s \u010dl\u00e1nky na blogu ASD Group o celn\u00edch formalit\u00e1ch, Brexitu, proclen\u00ed a povinnostech hl\u00e1\u0161en\u00ed.","breadcrumb":{"@id":"https:\/\/asdgroupcustoms.com\/cz\/blog\/#breadcrumb"},"inLanguage":"cs","potentialAction":[{"@type":"ReadAction","target":["https:\/\/asdgroupcustoms.com\/cz\/blog\/"]}]},{"@type":"ImageObject","inLanguage":"cs","@id":"https:\/\/asdgroupcustoms.com\/cz\/blog\/#primaryimage","url":"https:\/\/asdgroupcustoms.com\/wp-content\/uploads\/2025\/01\/istockphoto-1339597090-1024x1024-1.jpg","contentUrl":"https:\/\/asdgroupcustoms.com\/wp-content\/uploads\/2025\/01\/istockphoto-1339597090-1024x1024-1.jpg"},{"@type":"BreadcrumbList","@id":"https:\/\/asdgroupcustoms.com\/cz\/blog\/#breadcrumb","itemListElement":[{"@type":"ListItem","position":1,"name":"Accueil","item":"https:\/\/asdgroupcustoms.com\/cz\/"},{"@type":"ListItem","position":2,"name":"Blog"}]},{"@type":"WebSite","@id":"https:\/\/asdgroupcustoms.com\/cz\/#website","url":"https:\/\/asdgroupcustoms.com\/cz\/","name":"ASD Group Customs","description":"","publisher":{"@id":"https:\/\/asdgroupcustoms.com\/cz\/#organization"},"alternateName":"ASD Group Customs","potentialAction":[{"@type":"SearchAction","target":{"@type":"EntryPoint","urlTemplate":"https:\/\/asdgroupcustoms.com\/cz\/?s={search_term_string}"},"query-input":{"@type":"PropertyValueSpecification","valueRequired":true,"valueName":"search_term_string"}}],"inLanguage":"cs"},{"@type":"Organization","@id":"https:\/\/asdgroupcustoms.com\/cz\/#organization","name":"ASD Group Customs","alternateName":"ASD Group Customs","url":"https:\/\/asdgroupcustoms.com\/cz\/","logo":{"@type":"ImageObject","inLanguage":"cs","@id":"https:\/\/asdgroupcustoms.com\/cz\/#\/schema\/logo\/image\/","url":"https:\/\/asdgroupcustoms.com\/wp-content\/uploads\/2025\/04\/Logo-ASD_noir.svg","contentUrl":"https:\/\/asdgroupcustoms.com\/wp-content\/uploads\/2025\/04\/Logo-ASD_noir.svg","width":253,"height":172,"caption":"ASD Group Customs"},"image":{"@id":"https:\/\/asdgroupcustoms.com\/cz\/#\/schema\/logo\/image\/"},"sameAs":["https:\/\/www.facebook.com\/asdgroupcustoms","https:\/\/www.linkedin.com\/showcase\/asd-group-customs\/"]}]}},"_links":{"self":[{"href":"https:\/\/asdgroupcustoms.com\/cz\/wp-json\/wp\/v2\/pages\/194282","targetHints":{"allow":["GET"]}}],"collection":[{"href":"https:\/\/asdgroupcustoms.com\/cz\/wp-json\/wp\/v2\/pages"}],"about":[{"href":"https:\/\/asdgroupcustoms.com\/cz\/wp-json\/wp\/v2\/types\/page"}],"author":[{"embeddable":true,"href":"https:\/\/asdgroupcustoms.com\/cz\/wp-json\/wp\/v2\/users\/2"}],"replies":[{"embeddable":true,"href":"https:\/\/asdgroupcustoms.com\/cz\/wp-json\/wp\/v2\/comments?post=194282"}],"version-history":[{"count":12,"href":"https:\/\/asdgroupcustoms.com\/cz\/wp-json\/wp\/v2\/pages\/194282\/revisions"}],"predecessor-version":[{"id":200192,"href":"https:\/\/asdgroupcustoms.com\/cz\/wp-json\/wp\/v2\/pages\/194282\/revisions\/200192"}],"wp:attachment":[{"href":"https:\/\/asdgroupcustoms.com\/cz\/wp-json\/wp\/v2\/media?parent=194282"}],"curies":[{"name":"wp","href":"https:\/\/api.w.org\/{rel}","templated":true}]}}