{"id":198504,"date":"2025-08-05T15:25:04","date_gmt":"2025-08-05T13:25:04","guid":{"rendered":"https:\/\/asdgroupcustoms.com\/sitemap\/"},"modified":"2025-08-19T15:37:46","modified_gmt":"2025-08-19T13:37:46","slug":"mapa-stranek","status":"publish","type":"page","link":"https:\/\/asdgroupcustoms.com\/cz\/mapa-stranek\/","title":{"rendered":"Mapa str\u00e1nek"},"content":{"rendered":"\t\t<div data-elementor-type=\"wp-page\" data-elementor-id=\"198504\" class=\"elementor elementor-198504 elementor-198465\" data-elementor-post-type=\"page\">\n\t\t\t\t\t\t<section class=\"elementor-section elementor-top-section elementor-element elementor-element-124eb60 elementor-section-content-middle elementor-section-boxed elementor-section-height-default elementor-section-height-default\" data-id=\"124eb60\" data-element_type=\"section\" data-e-type=\"section\" data-settings=\"{&quot;background_background&quot;:&quot;classic&quot;}\">\n\t\t\t\t\t\t<div class=\"elementor-container elementor-column-gap-no\">\n\t\t\t\t\t<div class=\"elementor-column elementor-col-100 elementor-top-column elementor-element elementor-element-5bfa6b8\" data-id=\"5bfa6b8\" data-element_type=\"column\" data-e-type=\"column\">\n\t\t\t<div class=\"elementor-widget-wrap elementor-element-populated\">\n\t\t\t\t\t\t<div class=\"elementor-element elementor-element-ac4719c elementor-widget elementor-widget-text-editor\" data-id=\"ac4719c\" data-element_type=\"widget\" data-e-type=\"widget\" data-widget_type=\"text-editor.default\">\n\t\t\t\t<div class=\"elementor-widget-container\">\n\t\t\t\t\t\t\t\t\t<p><a href=\"\/cz\">\u00daVOD<\/a> &gt; MAPA STR\u00c1NEK<\/p>\n\t\t\t\t\t\t\t\t<\/div>\n\t\t\t\t<\/div>\n\t\t<div class=\"elementor-element elementor-element-04ac49e e-con-full e-flex e-con e-parent\" data-id=\"04ac49e\" data-element_type=\"container\" data-e-type=\"container\">\n\t\t<div class=\"elementor-element elementor-element-5997bbe e-con-full e-flex e-con e-child\" data-id=\"5997bbe\" data-element_type=\"container\" data-e-type=\"container\">\n\t\t\t\t<div class=\"elementor-element elementor-element-bb2177c elementor-widget elementor-widget-heading\" data-id=\"bb2177c\" data-element_type=\"widget\" data-e-type=\"widget\" data-widget_type=\"heading.default\">\n\t\t\t\t<div class=\"elementor-widget-container\">\n\t\t\t\t\t<h1 class=\"elementor-heading-title elementor-size-default\">Mapa str\u00e1nek: zde najdete v\u0161echny str\u00e1nky webu<\/h1>\t\t\t\t<\/div>\n\t\t\t\t<\/div>\n\t\t\t\t<div class=\"elementor-element elementor-element-97398b6 elementor-widget-divider--view-line elementor-widget elementor-widget-divider\" data-id=\"97398b6\" data-element_type=\"widget\" data-e-type=\"widget\" data-widget_type=\"divider.default\">\n\t\t\t\t<div class=\"elementor-widget-container\">\n\t\t\t\t\t\t\t<div class=\"elementor-divider\">\n\t\t\t<span class=\"elementor-divider-separator\">\n\t\t\t\t\t\t<\/span>\n\t\t<\/div>\n\t\t\t\t\t\t<\/div>\n\t\t\t\t<\/div>\n\t\t\t\t<\/div>\n\t\t\t\t<\/div>\n\t\t\t\t\t<\/div>\n\t\t<\/div>\n\t\t\t\t\t<\/div>\n\t\t<\/section>\n\t\t<div class=\"elementor-element elementor-element-4517a1f e-con-full e-flex e-con e-parent\" data-id=\"4517a1f\" data-element_type=\"container\" data-e-type=\"container\">\n\t\t<div class=\"elementor-element elementor-element-eee457d e-flex e-con-boxed e-con e-child\" data-id=\"eee457d\" data-element_type=\"container\" data-e-type=\"container\">\n\t\t\t\t\t<div class=\"e-con-inner\">\n\t\t\t\t<div class=\"elementor-element elementor-element-e10e2c9 elementor-widget elementor-widget-html\" data-id=\"e10e2c9\" data-element_type=\"widget\" data-e-type=\"widget\" data-widget_type=\"html.default\">\n\t\t\t\t<div class=\"elementor-widget-container\">\n\t\t\t\t\t<div class=\"prefil-long prefil-douane\">\r\n<\/div>\t\t\t\t<\/div>\n\t\t\t\t<\/div>\n\t\t\t\t<div class=\"elementor-element elementor-element-fb33e3e elementor-widget elementor-widget-html\" data-id=\"fb33e3e\" data-element_type=\"widget\" data-e-type=\"widget\" data-widget_type=\"html.default\">\n\t\t\t\t<div class=\"elementor-widget-container\">\n\t\t\t\t\t<div class=\"prefil-small prefil-douane\">\r\n<\/div>\t\t\t\t<\/div>\n\t\t\t\t<\/div>\n\t\t\t\t<div class=\"elementor-element elementor-element-73502ab elementor-widget elementor-widget-sitemap\" data-id=\"73502ab\" data-element_type=\"widget\" data-e-type=\"widget\" data-widget_type=\"sitemap.default\">\n\t\t\t\t<div class=\"elementor-widget-container\">\n\t\t\t\t\t<div class=\"elementor-sitemap-wrap\"><div class=\"elementor-sitemap-section\"><h2 class=\"elementor-sitemap-title elementor-sitemap-page-title\">Str\u00e1nky<\/h2><ul class=\"elementor-sitemap-list elementor-sitemap-page-list\"><li class=\"elementor-sitemap-item elementor-sitemap-item-page page_item page-item-194286\"><a href=\"https:\/\/asdgroupcustoms.com\/cz\/aktuality\/\">Aktuality<\/a><\/li><li class=\"elementor-sitemap-item elementor-sitemap-item-page page_item page-item-207249\"><a href=\"https:\/\/asdgroupcustoms.com\/cz\/newsletter\/\">ASD Border<\/a><\/li><li class=\"elementor-sitemap-item elementor-sitemap-item-page page_item page-item-194282\"><a href=\"https:\/\/asdgroupcustoms.com\/cz\/blog\/\">Blog<\/a><\/li><li class=\"elementor-sitemap-item elementor-sitemap-item-page page_item page-item-206213\"><a href=\"https:\/\/asdgroupcustoms.com\/cz\/calais-eurotunnel\/\">Calais &#8211; Eurotunnel<\/a><\/li><li class=\"elementor-sitemap-item elementor-sitemap-item-page page_item page-item-206237\"><a href=\"https:\/\/asdgroupcustoms.com\/cz\/celni-formality-francouzske-pristavy-brexit-si\/\">Celn\u00ed p\u0159\u00edtomnost p\u0159\u00edmo v ter\u00e9nu ve francouzsk\u00fdch p\u0159\u00edstavech \u2013 Brexit SI, n\u00e1mo\u0159n\u00ed &amp; leteck\u00e1 p\u0159eprava<\/a><\/li><li class=\"elementor-sitemap-item elementor-sitemap-item-page page_item page-item-205042\"><a href=\"https:\/\/asdgroupcustoms.com\/cz\/\">Dom\u016f<\/a><\/li><li class=\"elementor-sitemap-item elementor-sitemap-item-page page_item page-item-205052\"><a href=\"https:\/\/asdgroupcustoms.com\/cz\/kde-nas-najdete\/\">Kde n\u00e1s najdete?<\/a><\/li><li class=\"elementor-sitemap-item elementor-sitemap-item-page page_item page-item-194290\"><a href=\"https:\/\/asdgroupcustoms.com\/cz\/kontakt\/\">Kontakt<\/a><\/li><li class=\"elementor-sitemap-item elementor-sitemap-item-page page_item page-item-205056\"><a href=\"https:\/\/asdgroupcustoms.com\/cz\/nas-zavazek-ke-kvalite\/\">N\u00e1\u0161 z\u00e1vazek ke kvalit\u011b<\/a><\/li><li class=\"elementor-sitemap-item elementor-sitemap-item-page page_item page-item-205054\"><a href=\"https:\/\/asdgroupcustoms.com\/cz\/nase-tymy\/\">Na\u0161e t\u00fdmy<\/a><\/li><li class=\"elementor-sitemap-item elementor-sitemap-item-page page_item page-item-205050\"><a href=\"https:\/\/asdgroupcustoms.com\/cz\/o-asd-group-customs\/\">O ASD Group Customs<\/a><\/li><\/ul><\/div><div class=\"elementor-sitemap-section\"><h2 class=\"elementor-sitemap-title elementor-sitemap-service-title\">Slu\u017eby<\/h2><ul class=\"elementor-sitemap-list elementor-sitemap-service-list\"><li class=\"elementor-sitemap-item elementor-sitemap-item-service page_item page-item-205084\"><a href=\"https:\/\/asdgroupcustoms.com\/cz\/asd-customs\/\">ASD Customs<\/a><\/li><li class=\"elementor-sitemap-item elementor-sitemap-item-service page_item page-item-205086\"><a href=\"https:\/\/asdgroupcustoms.com\/cz\/asd-intrastat\/\">ASD Intrastat<\/a><\/li><li class=\"elementor-sitemap-item elementor-sitemap-item-service page_item page-item-205088\"><a href=\"https:\/\/asdgroupcustoms.com\/cz\/asd-smartline\/\">ASD Smartline<\/a><\/li><li class=\"elementor-sitemap-item elementor-sitemap-item-service page_item page-item-205068\"><a href=\"https:\/\/asdgroupcustoms.com\/cz\/asistence-pri-inspekcich-sivep\/\">Asistence p\u0159i inspekc\u00edch SIVEP<\/a><\/li><li class=\"elementor-sitemap-item elementor-sitemap-item-service page_item page-item-205062\"><a href=\"https:\/\/asdgroupcustoms.com\/cz\/asistence-pri-zadostech-o-zisz-a-zipz\/\">Asistence p\u0159i \u017e\u00e1dostech o ZISZ a ZIPZ<\/a><\/li><li class=\"elementor-sitemap-item elementor-sitemap-item-service page_item page-item-208930\"><a href=\"https:\/\/asdgroupcustoms.com\/cz\/mechanismus-uhlikoveho-vyrovnani-na-hranicich-cbam\/\">Mechanismus uhl\u00edkov\u00e9ho vyrovn\u00e1n\u00ed na hranic\u00edch (CBAM): Z\u016fsta\u0148te p\u0159ed sv\u00fdmi povinnostmi v oblasti uhl\u00edkov\u00e9 dan\u011b s lehkost\u00ed<\/a><\/li><li class=\"elementor-sitemap-item elementor-sitemap-item-service page_item page-item-205065\"><a href=\"https:\/\/asdgroupcustoms.com\/cz\/podpora-pri-ziskani-certifikace-autorizovaneho-hospodarskeho-subjektu-aeo\/\">Podpora p\u0159i z\u00edsk\u00e1n\u00ed certifikace Autorizovan\u00e9ho hospod\u00e1\u0159sk\u00e9ho subjektu (AEO)<\/a><\/li><li class=\"elementor-sitemap-item elementor-sitemap-item-service page_item page-item-205059\"><a href=\"https:\/\/asdgroupcustoms.com\/cz\/sprava-celnich-formalit-a-odbaveni\/\">Spr\u00e1va celn\u00edch formalit a odbaven\u00ed<\/a><\/li><li class=\"elementor-sitemap-item elementor-sitemap-item-service page_item page-item-205076\"><a href=\"https:\/\/asdgroupcustoms.com\/cz\/sprava-evropskych-prohlaseni-o-sluzbach-esd\/\">Spr\u00e1va evropsk\u00fdch prohl\u00e1\u0161en\u00ed o slu\u017eb\u00e1ch (ESD)<\/a><\/li><li class=\"elementor-sitemap-item elementor-sitemap-item-service page_item page-item-205073\"><a href=\"https:\/\/asdgroupcustoms.com\/cz\/sprava-hlaseni-intrastat\/\">Spr\u00e1va hl\u00e1\u0161en\u00ed Intrastat<\/a><\/li><li class=\"elementor-sitemap-item elementor-sitemap-item-service page_item page-item-205082\"><a href=\"https:\/\/asdgroupcustoms.com\/cz\/sprava-prohlaseni-o-primerane-peci-dds-podle-eudr\/\">Spr\u00e1va prohl\u00e1\u0161en\u00ed o p\u0159im\u011b\u0159an\u00e9 p\u00e9\u010di (DDS) podle EUDR<\/a><\/li><li class=\"elementor-sitemap-item elementor-sitemap-item-service page_item page-item-205079\"><a href=\"https:\/\/asdgroupcustoms.com\/cz\/sprava-spotrebnich-dani-pro-distancni-prodej-alkoholickych-napoju\/\">Spr\u00e1va spot\u0159ebn\u00edch dan\u00ed pro distan\u010dn\u00ed prodej alkoholick\u00fdch n\u00e1poj\u016f<\/a><\/li><\/ul><\/div><div class=\"elementor-sitemap-section\"><h2 class=\"elementor-sitemap-title elementor-sitemap-post-title\">P\u0159\u00edsp\u011bvky na blogu<\/h2><ul class=\"elementor-sitemap-list elementor-sitemap-post-list\"><li class=\"elementor-sitemap-item elementor-sitemap-item-post page_item page-item-206124\"><a href=\"https:\/\/asdgroupcustoms.com\/cz\/celni-formality-pro-kone-vse-co-potrebujete-vedet-k-dovozu-nebo-vyvozu-konovitych-po-brexitu\/\">Celn\u00ed formality pro kon\u011b: V\u0161e, co pot\u0159ebujete v\u011bd\u011bt k dovozu nebo v\u00fdvozu ko\u0148ovit\u00fdch po brexitu<\/a><\/li><li class=\"elementor-sitemap-item elementor-sitemap-item-post page_item page-item-205090\"><a href=\"https:\/\/asdgroupcustoms.com\/cz\/faq-learn-more-about-the-impacts-of-the-removal-of-one-off-fiscal-representation\/\">FAQ \u2013 Dal\u0161\u00ed informace o dopadech zru\u0161en\u00ed jednor\u00e1zov\u00e9ho da\u0148ov\u00e9ho zastoupen\u00ed<\/a><\/li><li class=\"elementor-sitemap-item elementor-sitemap-item-post page_item page-item-205092\"><a href=\"https:\/\/asdgroupcustoms.com\/cz\/jednorazove-danove-zastoupeni-rezim-42-00-konci-31-12-2025-co-musi-vedet-mimoevropske-spolecnosti\/\">Jednor\u00e1zov\u00e9 da\u0148ov\u00e9 zastoupen\u00ed (re\u017eim 42 00) kon\u010d\u00ed 31.12.2025 \u2013 co mus\u00ed v\u011bd\u011bt mimoevropsk\u00e9 spole\u010dnosti<\/a><\/li><li class=\"elementor-sitemap-item elementor-sitemap-item-post page_item page-item-206616\"><a href=\"https:\/\/asdgroupcustoms.com\/cz\/prahove-hodnoty-intrastat-a-emebi-2026-v-eu\/\">Prahov\u00e9 hodnoty Intrastat a EMEBI 2026 v EU<\/a><\/li><li class=\"elementor-sitemap-item elementor-sitemap-item-post page_item page-item-205096\"><a href=\"https:\/\/asdgroupcustoms.com\/cz\/prohlaseni-o-primerane-peci-podle-narizeni-eu-o-odlesnovani-eudr-2023-1115\/\">Prohl\u00e1\u0161en\u00ed o p\u0159im\u011b\u0159an\u00e9 p\u00e9\u010di podle Na\u0159\u00edzen\u00ed EU o odles\u0148ov\u00e1n\u00ed (EUDR) 2023\/1115<\/a><\/li><\/ul><\/div><div class=\"elementor-sitemap-section\"><h2 class=\"elementor-sitemap-title elementor-sitemap-actualite-title\">Novinky<\/h2><ul class=\"elementor-sitemap-list elementor-sitemap-actualite-list\"><li class=\"elementor-sitemap-item elementor-sitemap-item-actualite page_item page-item-205102\"><a href=\"https:\/\/asdgroupcustoms.com\/cz\/elo-pripravte-se-na-novou-povinnost-ktera-zjednodusi-prechody-mezi-spojenym-kralovstvim-a-eu-od-dubna-2025\/\">ELO: P\u0159ipravte se na novou povinnost, kter\u00e1 zjednodu\u0161\u00ed p\u0159echody mezi Spojen\u00fdm kr\u00e1lovstv\u00edm a EU od dubna 2025<\/a><\/li><li class=\"elementor-sitemap-item elementor-sitemap-item-actualite page_item page-item-205100\"><a href=\"https:\/\/asdgroupcustoms.com\/cz\/eudr-eu-posiluje-sve-celni-pozadavky\/\">EUDR: EU posiluje sv\u00e9 celn\u00ed po\u017eadavky<\/a><\/li><li class=\"elementor-sitemap-item elementor-sitemap-item-actualite page_item page-item-206435\"><a href=\"https:\/\/asdgroupcustoms.com\/cz\/evropska-unie-odlozeni-terminu-pro-soulad-s-narizenim-eu-o-odlesnovani-eudr\/\">Evropsk\u00e1 unie: Odlo\u017een\u00ed term\u00ednu pro soulad s Na\u0159\u00edzen\u00edm EU o odles\u0148ov\u00e1n\u00ed (EUDR)<\/a><\/li><li class=\"elementor-sitemap-item elementor-sitemap-item-actualite page_item page-item-207613\"><a href=\"https:\/\/asdgroupcustoms.com\/cz\/italie-zvyseni-hranice-intrastatu-2026-pro-vnitrospolecenstevni-porizeni-zbozi\/\">It\u00e1lie: Zv\u00fd\u0161en\u00ed hranice Intrastatu 2026 pro vnitrospole\u010denstevn\u00ed po\u0159\u00edzen\u00ed zbo\u017e\u00ed<\/a><\/li><li class=\"elementor-sitemap-item elementor-sitemap-item-actualite page_item page-item-207149\"><a href=\"https:\/\/asdgroupcustoms.com\/cz\/nova-dan-z-malych-zasilek-ve-francii-klicove-body-k-poznamenani\/\">Nov\u00e1 da\u0148 z mal\u00fdch z\u00e1silek ve Francii: kl\u00ed\u010dov\u00e9 body k poznamen\u00e1n\u00ed<\/a><\/li><li class=\"elementor-sitemap-item elementor-sitemap-item-actualite page_item page-item-205098\"><a href=\"https:\/\/asdgroupcustoms.com\/cz\/prodlouzeni-prechodneho-obdobi-pro-povinnou-logistickou-obalku-elo\/\">Prodlou\u017een\u00ed p\u0159echodn\u00e9ho obdob\u00ed pro povinnou logistickou ob\u00e1lku (ELO)<\/a><\/li><li class=\"elementor-sitemap-item elementor-sitemap-item-actualite page_item page-item-208712\"><a href=\"https:\/\/asdgroupcustoms.com\/cz\/rakousko-prahove-hodnoty-intrastatu-se-zvysuji-pro-rok-2026\/\">Rakousko: Prahov\u00e9 hodnoty Intrastatu se zvy\u0161uj\u00ed pro rok 2026<\/a><\/li><\/ul><\/div><\/div>\t\t\t\t<\/div>\n\t\t\t\t<\/div>\n\t\t\t\t\t<\/div>\n\t\t\t\t<\/div>\n\t\t\t\t<\/div>\n\t\t\t\t<\/div>\n\t\t","protected":false},"excerpt":{"rendered":"<p>\u00daVOD &gt; MAPA STR\u00c1NEK Mapa str\u00e1nek: zde najdete v\u0161echny str\u00e1nky webu<\/p>\n","protected":false},"author":2,"featured_media":0,"parent":0,"menu_order":0,"comment_status":"closed","ping_status":"closed","template":"","meta":{"_eb_attr":"","footnotes":""},"class_list":["post-198504","page","type-page","status-publish","hentry"],"yoast_head":"<!-- This site is optimized with the Yoast SEO plugin v27.3 - https:\/\/yoast.com\/product\/yoast-seo-wordpress\/ -->\n<title>Mapa str\u00e1nek | ASD Group Customs<\/title>\n<meta name=\"description\" content=\"Mapa webu ASD Group Customs: naleznete zde v\u0161echny str\u00e1nky na\u0161eho webu a objevte v\u0161echny na\u0161e slu\u017eby.\" \/>\n<meta name=\"robots\" content=\"noindex, follow\" \/>\n<meta property=\"og:locale\" content=\"cs_CZ\" \/>\n<meta property=\"og:type\" content=\"article\" \/>\n<meta property=\"og:title\" content=\"Mapa str\u00e1nek | ASD Group Customs\" \/>\n<meta property=\"og:description\" content=\"Mapa webu ASD Group Customs: naleznete zde v\u0161echny str\u00e1nky na\u0161eho webu a objevte v\u0161echny na\u0161e slu\u017eby.\" \/>\n<meta property=\"og:url\" content=\"https:\/\/asdgroupcustoms.com\/cz\/mapa-stranek\/\" \/>\n<meta property=\"og:site_name\" content=\"ASD Group Customs\" \/>\n<meta property=\"article:publisher\" content=\"https:\/\/www.facebook.com\/asdgroupcustoms\" \/>\n<meta property=\"article:modified_time\" content=\"2025-08-19T13:37:46+00:00\" \/>\n<meta name=\"twitter:card\" content=\"summary_large_image\" \/>\n<meta name=\"twitter:label1\" content=\"Odhadovan\u00e1 doba \u010dten\u00ed\" \/>\n\t<meta name=\"twitter:data1\" content=\"1 minuta\" \/>\n<script type=\"application\/ld+json\" class=\"yoast-schema-graph\">{\"@context\":\"https:\\\/\\\/schema.org\",\"@graph\":[{\"@type\":\"WebPage\",\"@id\":\"https:\\\/\\\/asdgroupcustoms.com\\\/cz\\\/mapa-stranek\\\/\",\"url\":\"https:\\\/\\\/asdgroupcustoms.com\\\/cz\\\/mapa-stranek\\\/\",\"name\":\"Mapa str\u00e1nek | ASD Group Customs\",\"isPartOf\":{\"@id\":\"https:\\\/\\\/asdgroupcustoms.com\\\/cz\\\/#website\"},\"datePublished\":\"2025-08-05T13:25:04+00:00\",\"dateModified\":\"2025-08-19T13:37:46+00:00\",\"description\":\"Mapa webu ASD Group Customs: naleznete zde v\u0161echny str\u00e1nky na\u0161eho webu a objevte v\u0161echny na\u0161e slu\u017eby.\",\"breadcrumb\":{\"@id\":\"https:\\\/\\\/asdgroupcustoms.com\\\/cz\\\/mapa-stranek\\\/#breadcrumb\"},\"inLanguage\":\"cs\",\"potentialAction\":[{\"@type\":\"ReadAction\",\"target\":[\"https:\\\/\\\/asdgroupcustoms.com\\\/cz\\\/mapa-stranek\\\/\"]}]},{\"@type\":\"BreadcrumbList\",\"@id\":\"https:\\\/\\\/asdgroupcustoms.com\\\/cz\\\/mapa-stranek\\\/#breadcrumb\",\"itemListElement\":[{\"@type\":\"ListItem\",\"position\":1,\"name\":\"Accueil\",\"item\":\"https:\\\/\\\/asdgroupcustoms.com\\\/cz\\\/\"},{\"@type\":\"ListItem\",\"position\":2,\"name\":\"Mapa str\u00e1nek\"}]},{\"@type\":\"WebSite\",\"@id\":\"https:\\\/\\\/asdgroupcustoms.com\\\/cz\\\/#website\",\"url\":\"https:\\\/\\\/asdgroupcustoms.com\\\/cz\\\/\",\"name\":\"ASD Group Customs\",\"description\":\"\",\"publisher\":{\"@id\":\"https:\\\/\\\/asdgroupcustoms.com\\\/cz\\\/#organization\"},\"alternateName\":\"ASD Group Customs\",\"potentialAction\":[{\"@type\":\"SearchAction\",\"target\":{\"@type\":\"EntryPoint\",\"urlTemplate\":\"https:\\\/\\\/asdgroupcustoms.com\\\/cz\\\/?s={search_term_string}\"},\"query-input\":{\"@type\":\"PropertyValueSpecification\",\"valueRequired\":true,\"valueName\":\"search_term_string\"}}],\"inLanguage\":\"cs\"},{\"@type\":\"Organization\",\"@id\":\"https:\\\/\\\/asdgroupcustoms.com\\\/cz\\\/#organization\",\"name\":\"ASD Group Customs\",\"alternateName\":\"ASD Group Customs\",\"url\":\"https:\\\/\\\/asdgroupcustoms.com\\\/cz\\\/\",\"logo\":{\"@type\":\"ImageObject\",\"inLanguage\":\"cs\",\"@id\":\"https:\\\/\\\/asdgroupcustoms.com\\\/cz\\\/#\\\/schema\\\/logo\\\/image\\\/\",\"url\":\"https:\\\/\\\/asdgroupcustoms.com\\\/wp-content\\\/uploads\\\/2025\\\/04\\\/Logo-ASD_noir.svg\",\"contentUrl\":\"https:\\\/\\\/asdgroupcustoms.com\\\/wp-content\\\/uploads\\\/2025\\\/04\\\/Logo-ASD_noir.svg\",\"width\":253,\"height\":172,\"caption\":\"ASD Group Customs\"},\"image\":{\"@id\":\"https:\\\/\\\/asdgroupcustoms.com\\\/cz\\\/#\\\/schema\\\/logo\\\/image\\\/\"},\"sameAs\":[\"https:\\\/\\\/www.facebook.com\\\/asdgroupcustoms\",\"https:\\\/\\\/www.linkedin.com\\\/showcase\\\/asd-group-customs\\\/\"]}]}<\/script>\n<!-- \/ Yoast SEO plugin. -->","yoast_head_json":{"title":"Mapa str\u00e1nek | ASD Group Customs","description":"Mapa webu ASD Group Customs: naleznete zde v\u0161echny str\u00e1nky na\u0161eho webu a objevte v\u0161echny na\u0161e slu\u017eby.","robots":{"index":"noindex","follow":"follow"},"og_locale":"cs_CZ","og_type":"article","og_title":"Mapa str\u00e1nek | ASD Group Customs","og_description":"Mapa webu ASD Group Customs: naleznete zde v\u0161echny str\u00e1nky na\u0161eho webu a objevte v\u0161echny na\u0161e slu\u017eby.","og_url":"https:\/\/asdgroupcustoms.com\/cz\/mapa-stranek\/","og_site_name":"ASD Group Customs","article_publisher":"https:\/\/www.facebook.com\/asdgroupcustoms","article_modified_time":"2025-08-19T13:37:46+00:00","twitter_card":"summary_large_image","twitter_misc":{"Odhadovan\u00e1 doba \u010dten\u00ed":"1 minuta"},"schema":{"@context":"https:\/\/schema.org","@graph":[{"@type":"WebPage","@id":"https:\/\/asdgroupcustoms.com\/cz\/mapa-stranek\/","url":"https:\/\/asdgroupcustoms.com\/cz\/mapa-stranek\/","name":"Mapa str\u00e1nek | ASD Group Customs","isPartOf":{"@id":"https:\/\/asdgroupcustoms.com\/cz\/#website"},"datePublished":"2025-08-05T13:25:04+00:00","dateModified":"2025-08-19T13:37:46+00:00","description":"Mapa webu ASD Group Customs: naleznete zde v\u0161echny str\u00e1nky na\u0161eho webu a objevte v\u0161echny na\u0161e slu\u017eby.","breadcrumb":{"@id":"https:\/\/asdgroupcustoms.com\/cz\/mapa-stranek\/#breadcrumb"},"inLanguage":"cs","potentialAction":[{"@type":"ReadAction","target":["https:\/\/asdgroupcustoms.com\/cz\/mapa-stranek\/"]}]},{"@type":"BreadcrumbList","@id":"https:\/\/asdgroupcustoms.com\/cz\/mapa-stranek\/#breadcrumb","itemListElement":[{"@type":"ListItem","position":1,"name":"Accueil","item":"https:\/\/asdgroupcustoms.com\/cz\/"},{"@type":"ListItem","position":2,"name":"Mapa str\u00e1nek"}]},{"@type":"WebSite","@id":"https:\/\/asdgroupcustoms.com\/cz\/#website","url":"https:\/\/asdgroupcustoms.com\/cz\/","name":"ASD Group Customs","description":"","publisher":{"@id":"https:\/\/asdgroupcustoms.com\/cz\/#organization"},"alternateName":"ASD Group Customs","potentialAction":[{"@type":"SearchAction","target":{"@type":"EntryPoint","urlTemplate":"https:\/\/asdgroupcustoms.com\/cz\/?s={search_term_string}"},"query-input":{"@type":"PropertyValueSpecification","valueRequired":true,"valueName":"search_term_string"}}],"inLanguage":"cs"},{"@type":"Organization","@id":"https:\/\/asdgroupcustoms.com\/cz\/#organization","name":"ASD Group Customs","alternateName":"ASD Group Customs","url":"https:\/\/asdgroupcustoms.com\/cz\/","logo":{"@type":"ImageObject","inLanguage":"cs","@id":"https:\/\/asdgroupcustoms.com\/cz\/#\/schema\/logo\/image\/","url":"https:\/\/asdgroupcustoms.com\/wp-content\/uploads\/2025\/04\/Logo-ASD_noir.svg","contentUrl":"https:\/\/asdgroupcustoms.com\/wp-content\/uploads\/2025\/04\/Logo-ASD_noir.svg","width":253,"height":172,"caption":"ASD Group Customs"},"image":{"@id":"https:\/\/asdgroupcustoms.com\/cz\/#\/schema\/logo\/image\/"},"sameAs":["https:\/\/www.facebook.com\/asdgroupcustoms","https:\/\/www.linkedin.com\/showcase\/asd-group-customs\/"]}]}},"_links":{"self":[{"href":"https:\/\/asdgroupcustoms.com\/cz\/wp-json\/wp\/v2\/pages\/198504","targetHints":{"allow":["GET"]}}],"collection":[{"href":"https:\/\/asdgroupcustoms.com\/cz\/wp-json\/wp\/v2\/pages"}],"about":[{"href":"https:\/\/asdgroupcustoms.com\/cz\/wp-json\/wp\/v2\/types\/page"}],"author":[{"embeddable":true,"href":"https:\/\/asdgroupcustoms.com\/cz\/wp-json\/wp\/v2\/users\/2"}],"replies":[{"embeddable":true,"href":"https:\/\/asdgroupcustoms.com\/cz\/wp-json\/wp\/v2\/comments?post=198504"}],"version-history":[{"count":15,"href":"https:\/\/asdgroupcustoms.com\/cz\/wp-json\/wp\/v2\/pages\/198504\/revisions"}],"predecessor-version":[{"id":200265,"href":"https:\/\/asdgroupcustoms.com\/cz\/wp-json\/wp\/v2\/pages\/198504\/revisions\/200265"}],"wp:attachment":[{"href":"https:\/\/asdgroupcustoms.com\/cz\/wp-json\/wp\/v2\/media?parent=198504"}],"curies":[{"name":"wp","href":"https:\/\/api.w.org\/{rel}","templated":true}]}}