{"id":194342,"date":"2025-05-07T09:44:09","date_gmt":"2025-05-07T07:44:09","guid":{"rendered":"https:\/\/asdgroupcustoms.com\/blog\/"},"modified":"2025-08-19T15:11:00","modified_gmt":"2025-08-19T13:11:00","slug":"blog","status":"publish","type":"page","link":"https:\/\/asdgroupcustoms.com\/de\/blog\/","title":{"rendered":"Blog"},"content":{"rendered":"\t\t<div data-elementor-type=\"wp-page\" data-elementor-id=\"194342\" class=\"elementor elementor-194342 elementor-187751\" data-elementor-post-type=\"page\">\n\t\t\t\t<div class=\"elementor-element elementor-element-d4c295c e-con-full e-flex e-con e-parent\" data-id=\"d4c295c\" data-element_type=\"container\" data-e-type=\"container\" data-settings=\"{&quot;background_background&quot;:&quot;classic&quot;}\">\n\t\t<div class=\"elementor-element elementor-element-7563ff5 e-flex e-con-boxed e-con e-child\" data-id=\"7563ff5\" data-element_type=\"container\" data-e-type=\"container\">\n\t\t\t\t\t<div class=\"e-con-inner\">\n\t\t\t\t<div class=\"elementor-element elementor-element-49042dd elementor-widget elementor-widget-heading\" data-id=\"49042dd\" data-element_type=\"widget\" data-e-type=\"widget\" data-widget_type=\"heading.default\">\n\t\t\t\t<div class=\"elementor-widget-container\">\n\t\t\t\t\t<div class=\"elementor-heading-title elementor-size-default\"><a href=\"\/de\">Startseite<\/a> &gt; blog<\/div>\t\t\t\t<\/div>\n\t\t\t\t<\/div>\n\t\t\t\t<div class=\"elementor-element elementor-element-0ea4186 elementor-widget elementor-widget-heading\" data-id=\"0ea4186\" data-element_type=\"widget\" data-e-type=\"widget\" data-widget_type=\"heading.default\">\n\t\t\t\t<div class=\"elementor-widget-container\">\n\t\t\t\t\t<h1 class=\"elementor-heading-title elementor-size-default\">Alle Neuigkeiten zu Zollvorschriften, erkl\u00e4rt von unseren Experten<\/h1>\t\t\t\t<\/div>\n\t\t\t\t<\/div>\n\t\t\t\t<div class=\"elementor-element elementor-element-beb04ff elementor-widget-divider--view-line elementor-widget elementor-widget-divider\" data-id=\"beb04ff\" data-element_type=\"widget\" data-e-type=\"widget\" data-widget_type=\"divider.default\">\n\t\t\t\t<div class=\"elementor-widget-container\">\n\t\t\t\t\t\t\t<div class=\"elementor-divider\">\n\t\t\t<span class=\"elementor-divider-separator\">\n\t\t\t\t\t\t<\/span>\n\t\t<\/div>\n\t\t\t\t\t\t<\/div>\n\t\t\t\t<\/div>\n\t\t\t\t\t<\/div>\n\t\t\t\t<\/div>\n\t\t\t\t<\/div>\n\t\t<div class=\"elementor-element elementor-element-f51f2cb e-flex e-con-boxed e-con e-parent\" data-id=\"f51f2cb\" data-element_type=\"container\" data-e-type=\"container\">\n\t\t\t\t\t<div class=\"e-con-inner\">\n\t\t\t\t<div class=\"elementor-element elementor-element-a6c4df4 elementor-widget elementor-widget-asd_blog_filter\" data-id=\"a6c4df4\" data-element_type=\"widget\" data-e-type=\"widget\" data-widget_type=\"asd_blog_filter.default\">\n\t\t\t\t<div class=\"elementor-widget-container\">\n\t\t\t\t\t<div class=\"custom-posts-list\">\n    <form action=\"https:\/\/asdgroupcustoms.com\/wp-admin\/admin-ajax.php\" method=\"POST\" id=\"filter\">\n        <div class=\"form-filter-wrapper\">\n\n            <div class=\"pays-filters\"><select name=\"paysfilter\"><option class=\"asd_trad\" value=\"allpays\"><\/option><option value=\"317\">Europ\u00e4ische Union<\/option><option value=\"301\">Frankreich<\/option><option value=\"799\">Vereinigtes K\u00f6nigreich<\/option><\/select><i class=\"fas fa-caret-down\"><\/i><\/div><div class=\"category-filters\"><div><input class=\"active\" type=\"radio\" id=\"allcategories\" value=\"allcategories\" name=\"categoryfilter\" checked\/><label for=\"allcategories\" class=\"asd_trad\"><\/label><\/div><div><input type=\"radio\" id=\"cat107\" value=\"107\" name=\"categoryfilter\"\/><label for=\"cat107\">Zoll<\/label><\/div><\/div>\n            <input type=\"hidden\" name=\"action\" value=\"blog_filter\">\n        <\/div>\n    <\/form>\n\n    <div class=\"response\">\n        <div><\/div>\n        <div><\/div>\n        <div><\/div>\n        <div><\/div>\n    <\/div>\n\n    \n        <div id=\"posts_wrap\" class=\"custom-posts-list-wrapper\">\n\n            \n<article class=\"post-206629 post type-post status-publish format-standard has-post-thumbnail hentry category-zoll tag-intrastat-de tag-intrastat-schwellenwerte country-european-union-de\" id=\"post-206629\">\n\t\t<div class=\"custom-post-layout-card european-union-de zoll  item\">\n\t\t<a class=\"custom-post-thumbnail-link\" href=\"https:\/\/asdgroupcustoms.com\/de\/intrastat-und-emebi-schwellenwerte-2026-in-der-eu\/\" rel=\"bookmark\">\n\t\t\t<div class=\"custom-post-thumbnail\">\n\t\t\t\t<img fetchpriority=\"high\" decoding=\"async\" width=\"1536\" height=\"1024\" src=\"https:\/\/asdgroupcustoms.com\/wp-content\/uploads\/2025\/12\/seuils-intrastat-et-emebi-2026-en-ue.jpg\" class=\"attachment-post-thumbnail size-post-thumbnail wp-post-image\" alt=\"Seuils Intrastat et EMEBI 2026 en UE\" srcset=\"https:\/\/asdgroupcustoms.com\/wp-content\/uploads\/2025\/12\/seuils-intrastat-et-emebi-2026-en-ue.jpg 1536w, https:\/\/asdgroupcustoms.com\/wp-content\/uploads\/2025\/12\/seuils-intrastat-et-emebi-2026-en-ue-300x200.jpg 300w, https:\/\/asdgroupcustoms.com\/wp-content\/uploads\/2025\/12\/seuils-intrastat-et-emebi-2026-en-ue-1024x683.jpg 1024w, https:\/\/asdgroupcustoms.com\/wp-content\/uploads\/2025\/12\/seuils-intrastat-et-emebi-2026-en-ue-768x512.jpg 768w\" sizes=\"(max-width: 1536px) 100vw, 1536px\" \/>\t\t\t<\/div>\n\t\t<\/a>\n\n\t\t<div class=\"custom-post-meta\">\n\t\t\t<div class=\"custom-post-primary_category\">\n\t\t\t\t\t\t\t\t\tZoll\t\t\t\t\t\t\t<\/div>\n\t\t\t<div class=\"custom-post-date\">\n\t\t\t\t10 Dezember 2025\t\t\t<\/div>\n\t\t<\/div>\n\n\t\t<h2 class=\"custom-post-title\">\n\t\t\t<a href=\"https:\/\/asdgroupcustoms.com\/de\/intrastat-und-emebi-schwellenwerte-2026-in-der-eu\/\" rel=\"bookmark\">Intrastat- und EMEBI-Schwellenwerte 2026 in der EU<\/a>\n\t\t<\/h2>\n\n\t\t<div class=\"custom-post-excerpt\">\n\t\t\t<p>\n\t\t\t\tIntrastat 2026: Das Wesentliche im \u00dcberblick Tauschen Sie Waren mit Partnern in der Europ\u00e4ischen Union aus und ist Ihr Unternehmen mehrwertsteuerpflichtig?Dann sind Sie m\u00f6glicherweise von&hellip;\t\t\t<\/p>\n\t\t<\/div>\n\n\t<\/div>\n<\/article>\n<article class=\"post-206120 post type-post status-publish format-standard has-post-thumbnail hentry category-zoll tag-pferde tag-sivep tag-zolloperationen tag-zollpflichten country-european-union-de country-vereinigtes-konigreich\" id=\"post-206120\">\n\t\t<div class=\"custom-post-layout-card european-union-de vereinigtes-konigreich zoll  item\">\n\t\t<a class=\"custom-post-thumbnail-link\" href=\"https:\/\/asdgroupcustoms.com\/de\/zollformalitaten-fur-pferde-alles-was-sie-wissen-mussen-um-ein-pferd-nach-dem-brexit-zu-importieren-oder-zu-exportieren\/\" rel=\"bookmark\">\n\t\t\t<div class=\"custom-post-thumbnail\">\n\t\t\t\t<img decoding=\"async\" width=\"1440\" height=\"960\" src=\"https:\/\/asdgroupcustoms.com\/wp-content\/uploads\/2025\/10\/pourquoi-limport-export-de-chevaux-en-ue-exige-un-expert-sivep.jpg\" class=\"attachment-post-thumbnail size-post-thumbnail wp-post-image\" alt=\"Pourquoi l\u2019import\/export de chevaux en UE exige un expert SIVEP ?\" srcset=\"https:\/\/asdgroupcustoms.com\/wp-content\/uploads\/2025\/10\/pourquoi-limport-export-de-chevaux-en-ue-exige-un-expert-sivep.jpg 1440w, https:\/\/asdgroupcustoms.com\/wp-content\/uploads\/2025\/10\/pourquoi-limport-export-de-chevaux-en-ue-exige-un-expert-sivep-300x200.jpg 300w, https:\/\/asdgroupcustoms.com\/wp-content\/uploads\/2025\/10\/pourquoi-limport-export-de-chevaux-en-ue-exige-un-expert-sivep-1024x683.jpg 1024w, https:\/\/asdgroupcustoms.com\/wp-content\/uploads\/2025\/10\/pourquoi-limport-export-de-chevaux-en-ue-exige-un-expert-sivep-768x512.jpg 768w\" sizes=\"(max-width: 1440px) 100vw, 1440px\" \/>\t\t\t<\/div>\n\t\t<\/a>\n\n\t\t<div class=\"custom-post-meta\">\n\t\t\t<div class=\"custom-post-primary_category\">\n\t\t\t\t\t\t\t\t\tZoll\t\t\t\t\t\t\t<\/div>\n\t\t\t<div class=\"custom-post-date\">\n\t\t\t\t28 Oktober 2025\t\t\t<\/div>\n\t\t<\/div>\n\n\t\t<h2 class=\"custom-post-title\">\n\t\t\t<a href=\"https:\/\/asdgroupcustoms.com\/de\/zollformalitaten-fur-pferde-alles-was-sie-wissen-mussen-um-ein-pferd-nach-dem-brexit-zu-importieren-oder-zu-exportieren\/\" rel=\"bookmark\">Zollformalit\u00e4ten f\u00fcr Pferde: Alles, was Sie wissen m\u00fcssen, um ein Pferd nach dem Brexit zu importieren oder zu exportieren<\/a>\n\t\t<\/h2>\n\n\t\t<div class=\"custom-post-excerpt\">\n\t\t\t<p>\n\t\t\t\tSeit dem Brexit-\u00dcbergang hat sich der internationale Transport von Pferden zwischen dem Vereinigten K\u00f6nigreich und der Europ\u00e4ischen Union erheblich ver\u00e4ndert. Was einst ein einfaches Verwaltungsverfahren&hellip;\t\t\t<\/p>\n\t\t<\/div>\n\n\t<\/div>\n<\/article>\n<article class=\"post-203741 post type-post status-publish format-standard has-post-thumbnail hentry category-zoll tag-42-00-regime-de tag-mwst tag-punktuellen-fiskalvertretung country-european-union-de country-france-de\" id=\"post-203741\">\n\t\t<div class=\"custom-post-layout-card european-union-de france-de zoll  item\">\n\t\t<a class=\"custom-post-thumbnail-link\" href=\"https:\/\/asdgroupcustoms.com\/de\/faq-erfahren-sie-mehr-ueber-die-auswirkungen-der-abschaffung-der-punktuellen-fiskalvertretung\/\" rel=\"bookmark\">\n\t\t\t<div class=\"custom-post-thumbnail\">\n\t\t\t\t<img decoding=\"async\" width=\"1440\" height=\"959\" src=\"https:\/\/asdgroupcustoms.com\/wp-content\/uploads\/2025\/08\/faq-learn-more-about-the-impacts-of-the-removal-of-one-off-fiscal-representation.jpg\" class=\"attachment-post-thumbnail size-post-thumbnail wp-post-image\" alt=\"FAQ \u2013 Learn more about the impacts of the removal of one-off fiscal representation\" srcset=\"https:\/\/asdgroupcustoms.com\/wp-content\/uploads\/2025\/08\/faq-learn-more-about-the-impacts-of-the-removal-of-one-off-fiscal-representation.jpg 1440w, https:\/\/asdgroupcustoms.com\/wp-content\/uploads\/2025\/08\/faq-learn-more-about-the-impacts-of-the-removal-of-one-off-fiscal-representation-300x200.jpg 300w, https:\/\/asdgroupcustoms.com\/wp-content\/uploads\/2025\/08\/faq-learn-more-about-the-impacts-of-the-removal-of-one-off-fiscal-representation-1024x682.jpg 1024w, https:\/\/asdgroupcustoms.com\/wp-content\/uploads\/2025\/08\/faq-learn-more-about-the-impacts-of-the-removal-of-one-off-fiscal-representation-768x511.jpg 768w\" sizes=\"(max-width: 1440px) 100vw, 1440px\" \/>\t\t\t<\/div>\n\t\t<\/a>\n\n\t\t<div class=\"custom-post-meta\">\n\t\t\t<div class=\"custom-post-primary_category\">\n\t\t\t\t\t\t\t\t\tZoll\t\t\t\t\t\t\t<\/div>\n\t\t\t<div class=\"custom-post-date\">\n\t\t\t\t28 August 2025\t\t\t<\/div>\n\t\t<\/div>\n\n\t\t<h2 class=\"custom-post-title\">\n\t\t\t<a href=\"https:\/\/asdgroupcustoms.com\/de\/faq-erfahren-sie-mehr-ueber-die-auswirkungen-der-abschaffung-der-punktuellen-fiskalvertretung\/\" rel=\"bookmark\">FAQ \u2013 Erfahren Sie mehr \u00fcber die Auswirkungen der Abschaffung der punktuellen Fiskalvertretung<\/a>\n\t\t<\/h2>\n\n\t\t<div class=\"custom-post-excerpt\">\n\t\t\t<p>\n\t\t\t\tAb dem 1. Januar 2026 ist die punktuelle Fiskalvertretung in Frankreich nicht mehr zul\u00e4ssig. Diese \u00c4nderung betrifft vor allem Unternehmen, die au\u00dferhalb der Europ\u00e4ischen Union&hellip;\t\t\t<\/p>\n\t\t<\/div>\n\n\t<\/div>\n<\/article>\n<article class=\"post-203743 post type-post status-publish format-standard has-post-thumbnail hentry category-zoll tag-42-00-regime-de tag-mwst tag-punktuellen-fiskalvertretung country-european-union-de country-france-de\" id=\"post-203743\">\n\t\t<div class=\"custom-post-layout-card european-union-de france-de zoll  item\">\n\t\t<a class=\"custom-post-thumbnail-link\" href=\"https:\/\/asdgroupcustoms.com\/de\/punktuelle-fiskalvertretung-regime-42-00-endet-am-31-12-2025-was-nicht-europaeische-unternehmen-wissen-muessen\/\" rel=\"bookmark\">\n\t\t\t<div class=\"custom-post-thumbnail\">\n\t\t\t\t<img loading=\"lazy\" decoding=\"async\" width=\"1440\" height=\"959\" src=\"https:\/\/asdgroupcustoms.com\/wp-content\/uploads\/2025\/08\/one-off-fiscal-representation-regime-42-00-ends-31-12-2025.jpg\" class=\"attachment-post-thumbnail size-post-thumbnail wp-post-image\" alt=\"One-off fiscal representation (regime 42 00) ends 31\/12\/2025\" srcset=\"https:\/\/asdgroupcustoms.com\/wp-content\/uploads\/2025\/08\/one-off-fiscal-representation-regime-42-00-ends-31-12-2025.jpg 1440w, https:\/\/asdgroupcustoms.com\/wp-content\/uploads\/2025\/08\/one-off-fiscal-representation-regime-42-00-ends-31-12-2025-300x200.jpg 300w, https:\/\/asdgroupcustoms.com\/wp-content\/uploads\/2025\/08\/one-off-fiscal-representation-regime-42-00-ends-31-12-2025-1024x682.jpg 1024w, https:\/\/asdgroupcustoms.com\/wp-content\/uploads\/2025\/08\/one-off-fiscal-representation-regime-42-00-ends-31-12-2025-768x511.jpg 768w\" sizes=\"(max-width: 1440px) 100vw, 1440px\" \/>\t\t\t<\/div>\n\t\t<\/a>\n\n\t\t<div class=\"custom-post-meta\">\n\t\t\t<div class=\"custom-post-primary_category\">\n\t\t\t\t\t\t\t\t\tZoll\t\t\t\t\t\t\t<\/div>\n\t\t\t<div class=\"custom-post-date\">\n\t\t\t\t20 August 2025\t\t\t<\/div>\n\t\t<\/div>\n\n\t\t<h2 class=\"custom-post-title\">\n\t\t\t<a href=\"https:\/\/asdgroupcustoms.com\/de\/punktuelle-fiskalvertretung-regime-42-00-endet-am-31-12-2025-was-nicht-europaeische-unternehmen-wissen-muessen\/\" rel=\"bookmark\">Punktuelle Fiskalvertretung (Regime 42 00) endet am 31.12.2025 \u2013 was nicht-europ\u00e4ische Unternehmen wissen m\u00fcssen<\/a>\n\t\t<\/h2>\n\n\t\t<div class=\"custom-post-excerpt\">\n\t\t\t<p>\n\t\t\t\tDas Finanzgesetz f\u00fcr 2025 best\u00e4tigt die Abschaffung der punktuellen Fiskalvertretung f\u00fcr Importe unter dem Zollregime 42, ein Mechanismus, der von nicht-europ\u00e4ischen Unternehmen, einschlie\u00dflich solcher aus&hellip;\t\t\t<\/p>\n\t\t<\/div>\n\n\t<\/div>\n<\/article>\n<article class=\"post-203746 post type-post status-publish format-standard has-post-thumbnail hentry category-zoll tag-erklarung-zur-sorgfaltspflicht-dds tag-eudr-de country-european-union-de\" id=\"post-203746\">\n\t\t<div class=\"custom-post-layout-card european-union-de zoll  item\">\n\t\t<a class=\"custom-post-thumbnail-link\" href=\"https:\/\/asdgroupcustoms.com\/de\/erklaerung-zur-sorgfaltspflicht-gemaess-der-eu-verordnung-ueber-entwaldung-eudr-2023-1115\/\" rel=\"bookmark\">\n\t\t\t<div class=\"custom-post-thumbnail\">\n\t\t\t\t<img loading=\"lazy\" decoding=\"async\" width=\"1440\" height=\"960\" src=\"https:\/\/asdgroupcustoms.com\/wp-content\/uploads\/2025\/08\/due-diligence-statement-under-eu-deforestation-regulation-eudr-2023-1115.jpg\" class=\"attachment-post-thumbnail size-post-thumbnail wp-post-image\" alt=\"due-diligence-statement-under-eu-deforestation-regulation-eudr-2023-1115\" srcset=\"https:\/\/asdgroupcustoms.com\/wp-content\/uploads\/2025\/08\/due-diligence-statement-under-eu-deforestation-regulation-eudr-2023-1115.jpg 1440w, https:\/\/asdgroupcustoms.com\/wp-content\/uploads\/2025\/08\/due-diligence-statement-under-eu-deforestation-regulation-eudr-2023-1115-300x200.jpg 300w, https:\/\/asdgroupcustoms.com\/wp-content\/uploads\/2025\/08\/due-diligence-statement-under-eu-deforestation-regulation-eudr-2023-1115-1024x683.jpg 1024w, https:\/\/asdgroupcustoms.com\/wp-content\/uploads\/2025\/08\/due-diligence-statement-under-eu-deforestation-regulation-eudr-2023-1115-768x512.jpg 768w\" sizes=\"(max-width: 1440px) 100vw, 1440px\" \/>\t\t\t<\/div>\n\t\t<\/a>\n\n\t\t<div class=\"custom-post-meta\">\n\t\t\t<div class=\"custom-post-primary_category\">\n\t\t\t\t\t\t\t\t\tZoll\t\t\t\t\t\t\t<\/div>\n\t\t\t<div class=\"custom-post-date\">\n\t\t\t\t19 August 2025\t\t\t<\/div>\n\t\t<\/div>\n\n\t\t<h2 class=\"custom-post-title\">\n\t\t\t<a href=\"https:\/\/asdgroupcustoms.com\/de\/erklaerung-zur-sorgfaltspflicht-gemaess-der-eu-verordnung-ueber-entwaldung-eudr-2023-1115\/\" rel=\"bookmark\">Erkl\u00e4rung zur Sorgfaltspflicht gem\u00e4\u00df der EU-Verordnung \u00fcber Entwaldung (EUDR) 2023\/1115<\/a>\n\t\t<\/h2>\n\n\t\t<div class=\"custom-post-excerpt\">\n\t\t\t<p>\n\t\t\t\tAls Reaktion auf die Klimakrise und den alarmierenden weltweiten Verlust von W\u00e4ldern hat die Europ\u00e4ische Union die EU-Verordnung \u00fcber Entwaldung \u2014 Verordnung (EU) 2023\/1115 (EUDR)&hellip;\t\t\t<\/p>\n\t\t<\/div>\n\n\t<\/div>\n<\/article>\n        <\/div><!-- #post_wrap -->\n\n    <\/div><!-- .custom-posts-list -->\n\n\t\t\t\t<\/div>\n\t\t\t\t<\/div>\n\t\t\t\t\t<\/div>\n\t\t\t\t<\/div>\n\t\t\t\t<\/div>\n\t\t","protected":false},"excerpt":{"rendered":"<p>Startseite &gt; blog Alle Neuigkeiten zu Zollvorschriften, erkl\u00e4rt von unseren Experten European UnionUnited KingdomCustomsCustoms Customs 19 ao\u00fbt 2025 Due Diligence Statement under EU Deforestation Regulation (EUDR) 2023\/1115 In response to the climate crisis and the alarming global loss of forests, the European Union has adopted the EU Deforestation Regulation \u2014 Regulation (EU)\u2026 Customs 17 janvier [&hellip;]<\/p>\n","protected":false},"author":2,"featured_media":0,"parent":0,"menu_order":0,"comment_status":"closed","ping_status":"closed","template":"","meta":{"_eb_attr":"","footnotes":""},"class_list":["post-194342","page","type-page","status-publish","hentry"],"yoast_head":"<!-- This site is optimized with the Yoast SEO plugin v27.3 - https:\/\/yoast.com\/product\/yoast-seo-wordpress\/ -->\n<title>Blog | ASD Group Customs<\/title>\n<meta name=\"description\" content=\"Bleiben Sie auf dem Laufenden mit den Blogartikeln von ASD Group zu Zollformalit\u00e4ten, Brexit, Zollabfertigung und Meldepflichten.\" \/>\n<meta name=\"robots\" content=\"index, follow, max-snippet:-1, max-image-preview:large, max-video-preview:-1\" \/>\n<link rel=\"canonical\" href=\"https:\/\/asdgroupcustoms.com\/de\/blog\/\" \/>\n<meta property=\"og:locale\" content=\"de_DE\" \/>\n<meta property=\"og:type\" content=\"article\" \/>\n<meta property=\"og:title\" content=\"Blog | ASD Group Customs\" \/>\n<meta property=\"og:description\" content=\"Bleiben Sie auf dem Laufenden mit den Blogartikeln von ASD Group zu Zollformalit\u00e4ten, Brexit, Zollabfertigung und Meldepflichten.\" \/>\n<meta property=\"og:url\" content=\"https:\/\/asdgroupcustoms.com\/de\/blog\/\" \/>\n<meta property=\"og:site_name\" content=\"ASD Group Customs\" \/>\n<meta property=\"article:publisher\" content=\"https:\/\/www.facebook.com\/asdgroupcustoms\" \/>\n<meta property=\"article:modified_time\" content=\"2025-08-19T13:11:00+00:00\" \/>\n<meta property=\"og:image\" content=\"https:\/\/asdgroupcustoms.com\/wp-content\/uploads\/2025\/01\/istockphoto-1339597090-1024x1024-1.jpg\" \/>\n<meta name=\"twitter:card\" content=\"summary_large_image\" \/>\n<meta name=\"twitter:label1\" content=\"Gesch\u00e4tzte Lesezeit\" \/>\n\t<meta name=\"twitter:data1\" content=\"1\u00a0Minute\" \/>\n<script type=\"application\/ld+json\" class=\"yoast-schema-graph\">{\"@context\":\"https:\\\/\\\/schema.org\",\"@graph\":[{\"@type\":\"WebPage\",\"@id\":\"https:\\\/\\\/asdgroupcustoms.com\\\/de\\\/blog\\\/\",\"url\":\"https:\\\/\\\/asdgroupcustoms.com\\\/de\\\/blog\\\/\",\"name\":\"Blog | ASD Group Customs\",\"isPartOf\":{\"@id\":\"https:\\\/\\\/asdgroupcustoms.com\\\/de\\\/#website\"},\"primaryImageOfPage\":{\"@id\":\"https:\\\/\\\/asdgroupcustoms.com\\\/de\\\/blog\\\/#primaryimage\"},\"image\":{\"@id\":\"https:\\\/\\\/asdgroupcustoms.com\\\/de\\\/blog\\\/#primaryimage\"},\"thumbnailUrl\":\"https:\\\/\\\/asdgroupcustoms.com\\\/wp-content\\\/uploads\\\/2025\\\/01\\\/istockphoto-1339597090-1024x1024-1.jpg\",\"datePublished\":\"2025-05-07T07:44:09+00:00\",\"dateModified\":\"2025-08-19T13:11:00+00:00\",\"description\":\"Bleiben Sie auf dem Laufenden mit den Blogartikeln von ASD Group zu Zollformalit\u00e4ten, Brexit, Zollabfertigung und Meldepflichten.\",\"breadcrumb\":{\"@id\":\"https:\\\/\\\/asdgroupcustoms.com\\\/de\\\/blog\\\/#breadcrumb\"},\"inLanguage\":\"de\",\"potentialAction\":[{\"@type\":\"ReadAction\",\"target\":[\"https:\\\/\\\/asdgroupcustoms.com\\\/de\\\/blog\\\/\"]}]},{\"@type\":\"ImageObject\",\"inLanguage\":\"de\",\"@id\":\"https:\\\/\\\/asdgroupcustoms.com\\\/de\\\/blog\\\/#primaryimage\",\"url\":\"https:\\\/\\\/asdgroupcustoms.com\\\/wp-content\\\/uploads\\\/2025\\\/01\\\/istockphoto-1339597090-1024x1024-1.jpg\",\"contentUrl\":\"https:\\\/\\\/asdgroupcustoms.com\\\/wp-content\\\/uploads\\\/2025\\\/01\\\/istockphoto-1339597090-1024x1024-1.jpg\"},{\"@type\":\"BreadcrumbList\",\"@id\":\"https:\\\/\\\/asdgroupcustoms.com\\\/de\\\/blog\\\/#breadcrumb\",\"itemListElement\":[{\"@type\":\"ListItem\",\"position\":1,\"name\":\"Accueil\",\"item\":\"https:\\\/\\\/asdgroupcustoms.com\\\/de\\\/\"},{\"@type\":\"ListItem\",\"position\":2,\"name\":\"Blog\"}]},{\"@type\":\"WebSite\",\"@id\":\"https:\\\/\\\/asdgroupcustoms.com\\\/de\\\/#website\",\"url\":\"https:\\\/\\\/asdgroupcustoms.com\\\/de\\\/\",\"name\":\"ASD Group Customs\",\"description\":\"\",\"publisher\":{\"@id\":\"https:\\\/\\\/asdgroupcustoms.com\\\/de\\\/#organization\"},\"alternateName\":\"ASD Group Customs\",\"potentialAction\":[{\"@type\":\"SearchAction\",\"target\":{\"@type\":\"EntryPoint\",\"urlTemplate\":\"https:\\\/\\\/asdgroupcustoms.com\\\/de\\\/?s={search_term_string}\"},\"query-input\":{\"@type\":\"PropertyValueSpecification\",\"valueRequired\":true,\"valueName\":\"search_term_string\"}}],\"inLanguage\":\"de\"},{\"@type\":\"Organization\",\"@id\":\"https:\\\/\\\/asdgroupcustoms.com\\\/de\\\/#organization\",\"name\":\"ASD Group Customs\",\"alternateName\":\"ASD Group Customs\",\"url\":\"https:\\\/\\\/asdgroupcustoms.com\\\/de\\\/\",\"logo\":{\"@type\":\"ImageObject\",\"inLanguage\":\"de\",\"@id\":\"https:\\\/\\\/asdgroupcustoms.com\\\/de\\\/#\\\/schema\\\/logo\\\/image\\\/\",\"url\":\"https:\\\/\\\/asdgroupcustoms.com\\\/wp-content\\\/uploads\\\/2025\\\/04\\\/Logo-ASD_noir.svg\",\"contentUrl\":\"https:\\\/\\\/asdgroupcustoms.com\\\/wp-content\\\/uploads\\\/2025\\\/04\\\/Logo-ASD_noir.svg\",\"width\":253,\"height\":172,\"caption\":\"ASD Group Customs\"},\"image\":{\"@id\":\"https:\\\/\\\/asdgroupcustoms.com\\\/de\\\/#\\\/schema\\\/logo\\\/image\\\/\"},\"sameAs\":[\"https:\\\/\\\/www.facebook.com\\\/asdgroupcustoms\",\"https:\\\/\\\/www.linkedin.com\\\/showcase\\\/asd-group-customs\\\/\"]}]}<\/script>\n<!-- \/ Yoast SEO plugin. -->","yoast_head_json":{"title":"Blog | ASD Group Customs","description":"Bleiben Sie auf dem Laufenden mit den Blogartikeln von ASD Group zu Zollformalit\u00e4ten, Brexit, Zollabfertigung und Meldepflichten.","robots":{"index":"index","follow":"follow","max-snippet":"max-snippet:-1","max-image-preview":"max-image-preview:large","max-video-preview":"max-video-preview:-1"},"canonical":"https:\/\/asdgroupcustoms.com\/de\/blog\/","og_locale":"de_DE","og_type":"article","og_title":"Blog | ASD Group Customs","og_description":"Bleiben Sie auf dem Laufenden mit den Blogartikeln von ASD Group zu Zollformalit\u00e4ten, Brexit, Zollabfertigung und Meldepflichten.","og_url":"https:\/\/asdgroupcustoms.com\/de\/blog\/","og_site_name":"ASD Group Customs","article_publisher":"https:\/\/www.facebook.com\/asdgroupcustoms","article_modified_time":"2025-08-19T13:11:00+00:00","og_image":[{"url":"https:\/\/asdgroupcustoms.com\/wp-content\/uploads\/2025\/01\/istockphoto-1339597090-1024x1024-1.jpg","type":"","width":"","height":""}],"twitter_card":"summary_large_image","twitter_misc":{"Gesch\u00e4tzte Lesezeit":"1\u00a0Minute"},"schema":{"@context":"https:\/\/schema.org","@graph":[{"@type":"WebPage","@id":"https:\/\/asdgroupcustoms.com\/de\/blog\/","url":"https:\/\/asdgroupcustoms.com\/de\/blog\/","name":"Blog | ASD Group Customs","isPartOf":{"@id":"https:\/\/asdgroupcustoms.com\/de\/#website"},"primaryImageOfPage":{"@id":"https:\/\/asdgroupcustoms.com\/de\/blog\/#primaryimage"},"image":{"@id":"https:\/\/asdgroupcustoms.com\/de\/blog\/#primaryimage"},"thumbnailUrl":"https:\/\/asdgroupcustoms.com\/wp-content\/uploads\/2025\/01\/istockphoto-1339597090-1024x1024-1.jpg","datePublished":"2025-05-07T07:44:09+00:00","dateModified":"2025-08-19T13:11:00+00:00","description":"Bleiben Sie auf dem Laufenden mit den Blogartikeln von ASD Group zu Zollformalit\u00e4ten, Brexit, Zollabfertigung und Meldepflichten.","breadcrumb":{"@id":"https:\/\/asdgroupcustoms.com\/de\/blog\/#breadcrumb"},"inLanguage":"de","potentialAction":[{"@type":"ReadAction","target":["https:\/\/asdgroupcustoms.com\/de\/blog\/"]}]},{"@type":"ImageObject","inLanguage":"de","@id":"https:\/\/asdgroupcustoms.com\/de\/blog\/#primaryimage","url":"https:\/\/asdgroupcustoms.com\/wp-content\/uploads\/2025\/01\/istockphoto-1339597090-1024x1024-1.jpg","contentUrl":"https:\/\/asdgroupcustoms.com\/wp-content\/uploads\/2025\/01\/istockphoto-1339597090-1024x1024-1.jpg"},{"@type":"BreadcrumbList","@id":"https:\/\/asdgroupcustoms.com\/de\/blog\/#breadcrumb","itemListElement":[{"@type":"ListItem","position":1,"name":"Accueil","item":"https:\/\/asdgroupcustoms.com\/de\/"},{"@type":"ListItem","position":2,"name":"Blog"}]},{"@type":"WebSite","@id":"https:\/\/asdgroupcustoms.com\/de\/#website","url":"https:\/\/asdgroupcustoms.com\/de\/","name":"ASD Group Customs","description":"","publisher":{"@id":"https:\/\/asdgroupcustoms.com\/de\/#organization"},"alternateName":"ASD Group Customs","potentialAction":[{"@type":"SearchAction","target":{"@type":"EntryPoint","urlTemplate":"https:\/\/asdgroupcustoms.com\/de\/?s={search_term_string}"},"query-input":{"@type":"PropertyValueSpecification","valueRequired":true,"valueName":"search_term_string"}}],"inLanguage":"de"},{"@type":"Organization","@id":"https:\/\/asdgroupcustoms.com\/de\/#organization","name":"ASD Group Customs","alternateName":"ASD Group Customs","url":"https:\/\/asdgroupcustoms.com\/de\/","logo":{"@type":"ImageObject","inLanguage":"de","@id":"https:\/\/asdgroupcustoms.com\/de\/#\/schema\/logo\/image\/","url":"https:\/\/asdgroupcustoms.com\/wp-content\/uploads\/2025\/04\/Logo-ASD_noir.svg","contentUrl":"https:\/\/asdgroupcustoms.com\/wp-content\/uploads\/2025\/04\/Logo-ASD_noir.svg","width":253,"height":172,"caption":"ASD Group Customs"},"image":{"@id":"https:\/\/asdgroupcustoms.com\/de\/#\/schema\/logo\/image\/"},"sameAs":["https:\/\/www.facebook.com\/asdgroupcustoms","https:\/\/www.linkedin.com\/showcase\/asd-group-customs\/"]}]}},"_links":{"self":[{"href":"https:\/\/asdgroupcustoms.com\/de\/wp-json\/wp\/v2\/pages\/194342","targetHints":{"allow":["GET"]}}],"collection":[{"href":"https:\/\/asdgroupcustoms.com\/de\/wp-json\/wp\/v2\/pages"}],"about":[{"href":"https:\/\/asdgroupcustoms.com\/de\/wp-json\/wp\/v2\/types\/page"}],"author":[{"embeddable":true,"href":"https:\/\/asdgroupcustoms.com\/de\/wp-json\/wp\/v2\/users\/2"}],"replies":[{"embeddable":true,"href":"https:\/\/asdgroupcustoms.com\/de\/wp-json\/wp\/v2\/comments?post=194342"}],"version-history":[{"count":10,"href":"https:\/\/asdgroupcustoms.com\/de\/wp-json\/wp\/v2\/pages\/194342\/revisions"}],"predecessor-version":[{"id":200197,"href":"https:\/\/asdgroupcustoms.com\/de\/wp-json\/wp\/v2\/pages\/194342\/revisions\/200197"}],"wp:attachment":[{"href":"https:\/\/asdgroupcustoms.com\/de\/wp-json\/wp\/v2\/media?parent=194342"}],"curies":[{"name":"wp","href":"https:\/\/api.w.org\/{rel}","templated":true}]}}