{"id":198526,"date":"2025-08-05T15:25:04","date_gmt":"2025-08-05T13:25:04","guid":{"rendered":"https:\/\/asdgroupcustoms.com\/sitemap\/"},"modified":"2025-08-19T15:45:51","modified_gmt":"2025-08-19T13:45:51","slug":"sitemap","status":"publish","type":"page","link":"https:\/\/asdgroupcustoms.com\/de\/sitemap\/","title":{"rendered":"Sitemap"},"content":{"rendered":"\t\t<div data-elementor-type=\"wp-page\" data-elementor-id=\"198526\" class=\"elementor elementor-198526 elementor-198465\" data-elementor-post-type=\"page\">\n\t\t\t\t\t\t<section class=\"elementor-section elementor-top-section elementor-element elementor-element-124eb60 elementor-section-content-middle elementor-section-boxed elementor-section-height-default elementor-section-height-default\" data-id=\"124eb60\" data-element_type=\"section\" data-e-type=\"section\" data-settings=\"{&quot;background_background&quot;:&quot;classic&quot;}\">\n\t\t\t\t\t\t<div class=\"elementor-container elementor-column-gap-no\">\n\t\t\t\t\t<div class=\"elementor-column elementor-col-100 elementor-top-column elementor-element elementor-element-5bfa6b8\" data-id=\"5bfa6b8\" data-element_type=\"column\" data-e-type=\"column\">\n\t\t\t<div class=\"elementor-widget-wrap elementor-element-populated\">\n\t\t\t\t\t\t<div class=\"elementor-element elementor-element-ac4719c elementor-widget elementor-widget-text-editor\" data-id=\"ac4719c\" data-element_type=\"widget\" data-e-type=\"widget\" data-widget_type=\"text-editor.default\">\n\t\t\t\t<div class=\"elementor-widget-container\">\n\t\t\t\t\t\t\t\t\t<p><a href=\"\/de\">STARTSEITE<\/a> &gt; SITEMAP<\/p>\n\t\t\t\t\t\t\t\t<\/div>\n\t\t\t\t<\/div>\n\t\t<div class=\"elementor-element elementor-element-04ac49e e-con-full e-flex e-con e-parent\" data-id=\"04ac49e\" data-element_type=\"container\" data-e-type=\"container\">\n\t\t<div class=\"elementor-element elementor-element-5997bbe e-con-full e-flex e-con e-child\" data-id=\"5997bbe\" data-element_type=\"container\" data-e-type=\"container\">\n\t\t\t\t<div class=\"elementor-element elementor-element-bb2177c elementor-widget elementor-widget-heading\" data-id=\"bb2177c\" data-element_type=\"widget\" data-e-type=\"widget\" data-widget_type=\"heading.default\">\n\t\t\t\t<div class=\"elementor-widget-container\">\n\t\t\t\t\t<h1 class=\"elementor-heading-title elementor-size-default\">Sitemap: Hier finden Sie alle Seiten der Website<\/h1>\t\t\t\t<\/div>\n\t\t\t\t<\/div>\n\t\t\t\t<div class=\"elementor-element elementor-element-97398b6 elementor-widget-divider--view-line elementor-widget elementor-widget-divider\" data-id=\"97398b6\" data-element_type=\"widget\" data-e-type=\"widget\" data-widget_type=\"divider.default\">\n\t\t\t\t<div class=\"elementor-widget-container\">\n\t\t\t\t\t\t\t<div class=\"elementor-divider\">\n\t\t\t<span class=\"elementor-divider-separator\">\n\t\t\t\t\t\t<\/span>\n\t\t<\/div>\n\t\t\t\t\t\t<\/div>\n\t\t\t\t<\/div>\n\t\t\t\t<\/div>\n\t\t\t\t<\/div>\n\t\t\t\t\t<\/div>\n\t\t<\/div>\n\t\t\t\t\t<\/div>\n\t\t<\/section>\n\t\t<div class=\"elementor-element elementor-element-4517a1f e-con-full e-flex e-con e-parent\" data-id=\"4517a1f\" data-element_type=\"container\" data-e-type=\"container\">\n\t\t<div class=\"elementor-element elementor-element-eee457d e-flex e-con-boxed e-con e-child\" data-id=\"eee457d\" data-element_type=\"container\" data-e-type=\"container\">\n\t\t\t\t\t<div class=\"e-con-inner\">\n\t\t\t\t<div class=\"elementor-element elementor-element-e10e2c9 elementor-widget elementor-widget-html\" data-id=\"e10e2c9\" data-element_type=\"widget\" data-e-type=\"widget\" data-widget_type=\"html.default\">\n\t\t\t\t<div class=\"elementor-widget-container\">\n\t\t\t\t\t<div class=\"prefil-long prefil-douane\">\r\n<\/div>\t\t\t\t<\/div>\n\t\t\t\t<\/div>\n\t\t\t\t<div class=\"elementor-element elementor-element-fb33e3e elementor-widget elementor-widget-html\" data-id=\"fb33e3e\" data-element_type=\"widget\" data-e-type=\"widget\" data-widget_type=\"html.default\">\n\t\t\t\t<div class=\"elementor-widget-container\">\n\t\t\t\t\t<div class=\"prefil-small prefil-douane\">\r\n<\/div>\t\t\t\t<\/div>\n\t\t\t\t<\/div>\n\t\t\t\t<div class=\"elementor-element elementor-element-73502ab elementor-widget elementor-widget-sitemap\" data-id=\"73502ab\" data-element_type=\"widget\" data-e-type=\"widget\" data-widget_type=\"sitemap.default\">\n\t\t\t\t<div class=\"elementor-widget-container\">\n\t\t\t\t\t<div class=\"elementor-sitemap-wrap\"><div class=\"elementor-sitemap-section\"><h2 class=\"elementor-sitemap-title elementor-sitemap-page-title\">Seiten<\/h2><ul class=\"elementor-sitemap-list elementor-sitemap-page-list\"><li class=\"elementor-sitemap-item elementor-sitemap-item-page page_item page-item-207247\"><a href=\"https:\/\/asdgroupcustoms.com\/de\/newsletter\/\">ASD Border<\/a><\/li><li class=\"elementor-sitemap-item elementor-sitemap-item-page page_item page-item-194342\"><a href=\"https:\/\/asdgroupcustoms.com\/de\/blog\/\">Blog<\/a><\/li><li class=\"elementor-sitemap-item elementor-sitemap-item-page page_item page-item-206217\"><a href=\"https:\/\/asdgroupcustoms.com\/de\/calais-eurotunnel\/\">Calais &#8211; Eurotunnel<\/a><\/li><li class=\"elementor-sitemap-item elementor-sitemap-item-page page_item page-item-194354\"><a href=\"https:\/\/asdgroupcustoms.com\/de\/kontakt\/\">Kontakt<\/a><\/li><li class=\"elementor-sitemap-item elementor-sitemap-item-page page_item page-item-194344\"><a href=\"https:\/\/asdgroupcustoms.com\/de\/nachrichten\/\">Nachrichten<\/a><\/li><li class=\"elementor-sitemap-item elementor-sitemap-item-page page_item page-item-206247\"><a href=\"https:\/\/asdgroupcustoms.com\/de\/presence-douaniere-sur-site-dans-les-ports-francais-brexit-si-fret-maritime-aerien\/\">Pr\u00e9sence douani\u00e8re sur site dans les ports fran\u00e7ais \u2013 Brexit SI, fret maritime &amp; a\u00e9rien<\/a><\/li><li class=\"elementor-sitemap-item elementor-sitemap-item-page page_item page-item-203699\"><a href=\"https:\/\/asdgroupcustoms.com\/de\/\">Startseite<\/a><\/li><li class=\"elementor-sitemap-item elementor-sitemap-item-page page_item page-item-203704\"><a href=\"https:\/\/asdgroupcustoms.com\/de\/ueber-asd-group-customs\/\">\u00dcber ASD Group Customs<\/a><\/li><li class=\"elementor-sitemap-item elementor-sitemap-item-page page_item page-item-203711\"><a href=\"https:\/\/asdgroupcustoms.com\/de\/unser-engagement-fuer-qualitaet\/\">Unser Engagement f\u00fcr Qualit\u00e4t<\/a><\/li><li class=\"elementor-sitemap-item elementor-sitemap-item-page page_item page-item-203708\"><a href=\"https:\/\/asdgroupcustoms.com\/de\/unsere-teams\/\">Unsere Teams<\/a><\/li><li class=\"elementor-sitemap-item elementor-sitemap-item-page page_item page-item-203706\"><a href=\"https:\/\/asdgroupcustoms.com\/de\/wo-finden-sie-uns\/\">Wo finden Sie uns?<\/a><\/li><\/ul><\/div><div class=\"elementor-sitemap-section\"><h2 class=\"elementor-sitemap-title elementor-sitemap-service-title\">Dienstleistungen<\/h2><ul class=\"elementor-sitemap-list elementor-sitemap-service-list\"><li class=\"elementor-sitemap-item elementor-sitemap-item-service page_item page-item-203760\"><a href=\"https:\/\/asdgroupcustoms.com\/de\/asd-customs\/\">ASD Customs<\/a><\/li><li class=\"elementor-sitemap-item elementor-sitemap-item-service page_item page-item-203737\"><a href=\"https:\/\/asdgroupcustoms.com\/de\/asd-intrastat\/\">ASD Intrastat<\/a><\/li><li class=\"elementor-sitemap-item elementor-sitemap-item-service page_item page-item-203739\"><a href=\"https:\/\/asdgroupcustoms.com\/de\/asd-smartline\/\">ASD Smartline<\/a><\/li><li class=\"elementor-sitemap-item elementor-sitemap-item-service page_item page-item-208922\"><a href=\"https:\/\/asdgroupcustoms.com\/de\/co2-grenzausgleichsmechanismus-cbam\/\">CO\u2082-Grenzausgleichsmechanismus (CBAM): Bleiben Sie Ihren Kohlenstoffsteuer-Verpflichtungen m\u00fchelos einen Schritt voraus<\/a><\/li><li class=\"elementor-sitemap-item elementor-sitemap-item-service page_item page-item-203715\"><a href=\"https:\/\/asdgroupcustoms.com\/de\/unterstuetzung-bei-antraegen-auf-vzta-und-vua\/\">Unterst\u00fctzung bei Antr\u00e4gen auf vZTA und vUA<\/a><\/li><li class=\"elementor-sitemap-item elementor-sitemap-item-service page_item page-item-203721\"><a href=\"https:\/\/asdgroupcustoms.com\/de\/unterstuetzung-bei-sivep-kontrollen\/\">Unterst\u00fctzung bei SIVEP-Kontrollen<\/a><\/li><li class=\"elementor-sitemap-item elementor-sitemap-item-service page_item page-item-203718\"><a href=\"https:\/\/asdgroupcustoms.com\/de\/unterstuetzung-beim-erhalt-der-zertifizierung-als-zugelassener-wirtschaftsbeteiligter-aeo\/\">Unterst\u00fctzung beim Erhalt der Zertifizierung als Zugelassener Wirtschaftsbeteiligter (AEO)<\/a><\/li><li class=\"elementor-sitemap-item elementor-sitemap-item-service page_item page-item-203730\"><a href=\"https:\/\/asdgroupcustoms.com\/de\/verwaltung-von-europaeischen-dienstleistungsmeldungen-esd\/\">Verwaltung von Europ\u00e4ischen Dienstleistungsmeldungen (ESD)<\/a><\/li><li class=\"elementor-sitemap-item elementor-sitemap-item-service page_item page-item-203724\"><a href=\"https:\/\/asdgroupcustoms.com\/de\/verwaltung-von-intrastat-meldungen\/\">Verwaltung von Intrastat-Meldungen<\/a><\/li><li class=\"elementor-sitemap-item elementor-sitemap-item-service page_item page-item-203735\"><a href=\"https:\/\/asdgroupcustoms.com\/de\/verwaltung-von-sorgfaltspflichterklaerungen-unter-der-eu-entwaldungsverordnung-eudr\/\">Verwaltung von Sorgfaltspflichterkl\u00e4rungen unter der EUDR<\/a><\/li><li class=\"elementor-sitemap-item elementor-sitemap-item-service page_item page-item-203733\"><a href=\"https:\/\/asdgroupcustoms.com\/de\/verwaltung-von-verbrauchsteuern-fuer-den-fernverkauf-von-alkoholischen-getraenken\/\">Verwaltung von Verbrauchsteuern f\u00fcr den Fernverkauf von alkoholischen Getr\u00e4nken<\/a><\/li><li class=\"elementor-sitemap-item elementor-sitemap-item-service page_item page-item-203713\"><a href=\"https:\/\/asdgroupcustoms.com\/de\/verwaltung-von-zollformalitaeten-und-abfertigungen\/\">Verwaltung von Zollformalit\u00e4ten und -abfertigungen<\/a><\/li><\/ul><\/div><div class=\"elementor-sitemap-section\"><h2 class=\"elementor-sitemap-title elementor-sitemap-post-title\">Blogbeitr\u00e4ge<\/h2><ul class=\"elementor-sitemap-list elementor-sitemap-post-list\"><li class=\"elementor-sitemap-item elementor-sitemap-item-post page_item page-item-203746\"><a href=\"https:\/\/asdgroupcustoms.com\/de\/erklaerung-zur-sorgfaltspflicht-gemaess-der-eu-verordnung-ueber-entwaldung-eudr-2023-1115\/\">Erkl\u00e4rung zur Sorgfaltspflicht gem\u00e4\u00df der EU-Verordnung \u00fcber Entwaldung (EUDR) 2023\/1115<\/a><\/li><li class=\"elementor-sitemap-item elementor-sitemap-item-post page_item page-item-203741\"><a href=\"https:\/\/asdgroupcustoms.com\/de\/faq-erfahren-sie-mehr-ueber-die-auswirkungen-der-abschaffung-der-punktuellen-fiskalvertretung\/\">FAQ \u2013 Erfahren Sie mehr \u00fcber die Auswirkungen der Abschaffung der punktuellen Fiskalvertretung<\/a><\/li><li class=\"elementor-sitemap-item elementor-sitemap-item-post page_item page-item-206629\"><a href=\"https:\/\/asdgroupcustoms.com\/de\/intrastat-und-emebi-schwellenwerte-2026-in-der-eu\/\">Intrastat- und EMEBI-Schwellenwerte 2026 in der EU<\/a><\/li><li class=\"elementor-sitemap-item elementor-sitemap-item-post page_item page-item-203743\"><a href=\"https:\/\/asdgroupcustoms.com\/de\/punktuelle-fiskalvertretung-regime-42-00-endet-am-31-12-2025-was-nicht-europaeische-unternehmen-wissen-muessen\/\">Punktuelle Fiskalvertretung (Regime 42 00) endet am 31.12.2025 \u2013 was nicht-europ\u00e4ische Unternehmen wissen m\u00fcssen<\/a><\/li><li class=\"elementor-sitemap-item elementor-sitemap-item-post page_item page-item-206120\"><a href=\"https:\/\/asdgroupcustoms.com\/de\/zollformalitaten-fur-pferde-alles-was-sie-wissen-mussen-um-ein-pferd-nach-dem-brexit-zu-importieren-oder-zu-exportieren\/\">Zollformalit\u00e4ten f\u00fcr Pferde: Alles, was Sie wissen m\u00fcssen, um ein Pferd nach dem Brexit zu importieren oder zu exportieren<\/a><\/li><\/ul><\/div><div class=\"elementor-sitemap-section\"><h2 class=\"elementor-sitemap-title elementor-sitemap-actualite-title\">Nachrichten<\/h2><ul class=\"elementor-sitemap-list elementor-sitemap-actualite-list\"><li class=\"elementor-sitemap-item elementor-sitemap-item-actualite page_item page-item-203752\"><a href=\"https:\/\/asdgroupcustoms.com\/de\/elo-bereiten-sie-sich-auf-die-neue-verpflichtung-vor-die-ab-april-2025-die-grenzuebergaenge-zwischen-dem-vereinigten-koenigreich-und-der-eu-vereinfachen-wird\/\">ELO: Bereiten Sie sich auf die neue Verpflichtung vor, die ab April 2025 die Grenz\u00fcberg\u00e4nge zwischen dem Vereinigten K\u00f6nigreich und der EU vereinfachen wird<\/a><\/li><li class=\"elementor-sitemap-item elementor-sitemap-item-actualite page_item page-item-203750\"><a href=\"https:\/\/asdgroupcustoms.com\/de\/eudr-die-eu-verschaerft-ihre-zollanforderungen\/\">EUDR: Die EU versch\u00e4rft ihre Zollanforderungen<\/a><\/li><li class=\"elementor-sitemap-item elementor-sitemap-item-actualite page_item page-item-206439\"><a href=\"https:\/\/asdgroupcustoms.com\/de\/europaische-union-frist-fur-die-eudr-konformitat-verschoben\/\">Europ\u00e4ische Union: Frist f\u00fcr die EUDR-Konformit\u00e4t verschoben<\/a><\/li><li class=\"elementor-sitemap-item elementor-sitemap-item-actualite page_item page-item-207609\"><a href=\"https:\/\/asdgroupcustoms.com\/de\/italien-erhohung-der-intrastat-schwelle-2026-fur-innergemeinschaftliche-wareneingange\/\">Italien: Erh\u00f6hung der Intrastat-Schwelle 2026 f\u00fcr innergemeinschaftliche Wareneing\u00e4nge<\/a><\/li><li class=\"elementor-sitemap-item elementor-sitemap-item-actualite page_item page-item-207145\"><a href=\"https:\/\/asdgroupcustoms.com\/de\/neue-steuer-auf-kleine-paketsendungen-in-frankreich-die-wichtigsten-punkte\/\">Neue Steuer auf kleine Paketsendungen in Frankreich: die wichtigsten Punkte<\/a><\/li><li class=\"elementor-sitemap-item elementor-sitemap-item-actualite page_item page-item-208703\"><a href=\"https:\/\/asdgroupcustoms.com\/de\/osterreich-intrastat-schwellenwerte-steigen-2026\/\">\u00d6sterreich: Intrastat-Schwellenwerte steigen 2026<\/a><\/li><li class=\"elementor-sitemap-item elementor-sitemap-item-actualite page_item page-item-203748\"><a href=\"https:\/\/asdgroupcustoms.com\/de\/verlaengerung-der-uebergangsfrist-fuer-die-obligatorische-logistikhuelle-elo\/\">Verl\u00e4ngerung der \u00dcbergangsfrist f\u00fcr die obligatorische Logistikh\u00fclle (ELO)<\/a><\/li><\/ul><\/div><\/div>\t\t\t\t<\/div>\n\t\t\t\t<\/div>\n\t\t\t\t\t<\/div>\n\t\t\t\t<\/div>\n\t\t\t\t<\/div>\n\t\t\t\t<\/div>\n\t\t","protected":false},"excerpt":{"rendered":"<p>STARTSEITE &gt; SITEMAP Sitemap: Hier finden Sie alle Seiten der Website<\/p>\n","protected":false},"author":2,"featured_media":0,"parent":0,"menu_order":0,"comment_status":"closed","ping_status":"closed","template":"","meta":{"_eb_attr":"","footnotes":""},"class_list":["post-198526","page","type-page","status-publish","hentry"],"yoast_head":"<!-- This site is optimized with the Yoast SEO plugin v27.3 - https:\/\/yoast.com\/product\/yoast-seo-wordpress\/ -->\n<title>Sitemap | ASD Group Customs<\/title>\n<meta name=\"description\" content=\"ASD Group Customs Sitemap: Finden Sie hier alle Seiten unserer Website und entdecken Sie unser komplettes Dienstleistungsangebot.\" \/>\n<meta name=\"robots\" content=\"noindex, follow\" \/>\n<meta property=\"og:locale\" content=\"de_DE\" \/>\n<meta property=\"og:type\" content=\"article\" \/>\n<meta property=\"og:title\" content=\"Sitemap | ASD Group Customs\" \/>\n<meta property=\"og:description\" content=\"ASD Group Customs Sitemap: Finden Sie hier alle Seiten unserer Website und entdecken Sie unser komplettes Dienstleistungsangebot.\" \/>\n<meta property=\"og:url\" content=\"https:\/\/asdgroupcustoms.com\/de\/sitemap\/\" \/>\n<meta property=\"og:site_name\" content=\"ASD Group Customs\" \/>\n<meta property=\"article:publisher\" content=\"https:\/\/www.facebook.com\/asdgroupcustoms\" \/>\n<meta property=\"article:modified_time\" content=\"2025-08-19T13:45:51+00:00\" \/>\n<meta name=\"twitter:card\" content=\"summary_large_image\" \/>\n<meta name=\"twitter:label1\" content=\"Gesch\u00e4tzte Lesezeit\" \/>\n\t<meta name=\"twitter:data1\" content=\"1\u00a0Minute\" \/>\n<script type=\"application\/ld+json\" class=\"yoast-schema-graph\">{\"@context\":\"https:\\\/\\\/schema.org\",\"@graph\":[{\"@type\":\"WebPage\",\"@id\":\"https:\\\/\\\/asdgroupcustoms.com\\\/de\\\/sitemap\\\/\",\"url\":\"https:\\\/\\\/asdgroupcustoms.com\\\/de\\\/sitemap\\\/\",\"name\":\"Sitemap | ASD Group Customs\",\"isPartOf\":{\"@id\":\"https:\\\/\\\/asdgroupcustoms.com\\\/de\\\/#website\"},\"datePublished\":\"2025-08-05T13:25:04+00:00\",\"dateModified\":\"2025-08-19T13:45:51+00:00\",\"description\":\"ASD Group Customs Sitemap: Finden Sie hier alle Seiten unserer Website und entdecken Sie unser komplettes Dienstleistungsangebot.\",\"breadcrumb\":{\"@id\":\"https:\\\/\\\/asdgroupcustoms.com\\\/de\\\/sitemap\\\/#breadcrumb\"},\"inLanguage\":\"de\",\"potentialAction\":[{\"@type\":\"ReadAction\",\"target\":[\"https:\\\/\\\/asdgroupcustoms.com\\\/de\\\/sitemap\\\/\"]}]},{\"@type\":\"BreadcrumbList\",\"@id\":\"https:\\\/\\\/asdgroupcustoms.com\\\/de\\\/sitemap\\\/#breadcrumb\",\"itemListElement\":[{\"@type\":\"ListItem\",\"position\":1,\"name\":\"Accueil\",\"item\":\"https:\\\/\\\/asdgroupcustoms.com\\\/de\\\/\"},{\"@type\":\"ListItem\",\"position\":2,\"name\":\"Sitemap\"}]},{\"@type\":\"WebSite\",\"@id\":\"https:\\\/\\\/asdgroupcustoms.com\\\/de\\\/#website\",\"url\":\"https:\\\/\\\/asdgroupcustoms.com\\\/de\\\/\",\"name\":\"ASD Group Customs\",\"description\":\"\",\"publisher\":{\"@id\":\"https:\\\/\\\/asdgroupcustoms.com\\\/de\\\/#organization\"},\"alternateName\":\"ASD Group Customs\",\"potentialAction\":[{\"@type\":\"SearchAction\",\"target\":{\"@type\":\"EntryPoint\",\"urlTemplate\":\"https:\\\/\\\/asdgroupcustoms.com\\\/de\\\/?s={search_term_string}\"},\"query-input\":{\"@type\":\"PropertyValueSpecification\",\"valueRequired\":true,\"valueName\":\"search_term_string\"}}],\"inLanguage\":\"de\"},{\"@type\":\"Organization\",\"@id\":\"https:\\\/\\\/asdgroupcustoms.com\\\/de\\\/#organization\",\"name\":\"ASD Group Customs\",\"alternateName\":\"ASD Group Customs\",\"url\":\"https:\\\/\\\/asdgroupcustoms.com\\\/de\\\/\",\"logo\":{\"@type\":\"ImageObject\",\"inLanguage\":\"de\",\"@id\":\"https:\\\/\\\/asdgroupcustoms.com\\\/de\\\/#\\\/schema\\\/logo\\\/image\\\/\",\"url\":\"https:\\\/\\\/asdgroupcustoms.com\\\/wp-content\\\/uploads\\\/2025\\\/04\\\/Logo-ASD_noir.svg\",\"contentUrl\":\"https:\\\/\\\/asdgroupcustoms.com\\\/wp-content\\\/uploads\\\/2025\\\/04\\\/Logo-ASD_noir.svg\",\"width\":253,\"height\":172,\"caption\":\"ASD Group Customs\"},\"image\":{\"@id\":\"https:\\\/\\\/asdgroupcustoms.com\\\/de\\\/#\\\/schema\\\/logo\\\/image\\\/\"},\"sameAs\":[\"https:\\\/\\\/www.facebook.com\\\/asdgroupcustoms\",\"https:\\\/\\\/www.linkedin.com\\\/showcase\\\/asd-group-customs\\\/\"]}]}<\/script>\n<!-- \/ Yoast SEO plugin. -->","yoast_head_json":{"title":"Sitemap | ASD Group Customs","description":"ASD Group Customs Sitemap: Finden Sie hier alle Seiten unserer Website und entdecken Sie unser komplettes Dienstleistungsangebot.","robots":{"index":"noindex","follow":"follow"},"og_locale":"de_DE","og_type":"article","og_title":"Sitemap | ASD Group Customs","og_description":"ASD Group Customs Sitemap: Finden Sie hier alle Seiten unserer Website und entdecken Sie unser komplettes Dienstleistungsangebot.","og_url":"https:\/\/asdgroupcustoms.com\/de\/sitemap\/","og_site_name":"ASD Group Customs","article_publisher":"https:\/\/www.facebook.com\/asdgroupcustoms","article_modified_time":"2025-08-19T13:45:51+00:00","twitter_card":"summary_large_image","twitter_misc":{"Gesch\u00e4tzte Lesezeit":"1\u00a0Minute"},"schema":{"@context":"https:\/\/schema.org","@graph":[{"@type":"WebPage","@id":"https:\/\/asdgroupcustoms.com\/de\/sitemap\/","url":"https:\/\/asdgroupcustoms.com\/de\/sitemap\/","name":"Sitemap | ASD Group Customs","isPartOf":{"@id":"https:\/\/asdgroupcustoms.com\/de\/#website"},"datePublished":"2025-08-05T13:25:04+00:00","dateModified":"2025-08-19T13:45:51+00:00","description":"ASD Group Customs Sitemap: Finden Sie hier alle Seiten unserer Website und entdecken Sie unser komplettes Dienstleistungsangebot.","breadcrumb":{"@id":"https:\/\/asdgroupcustoms.com\/de\/sitemap\/#breadcrumb"},"inLanguage":"de","potentialAction":[{"@type":"ReadAction","target":["https:\/\/asdgroupcustoms.com\/de\/sitemap\/"]}]},{"@type":"BreadcrumbList","@id":"https:\/\/asdgroupcustoms.com\/de\/sitemap\/#breadcrumb","itemListElement":[{"@type":"ListItem","position":1,"name":"Accueil","item":"https:\/\/asdgroupcustoms.com\/de\/"},{"@type":"ListItem","position":2,"name":"Sitemap"}]},{"@type":"WebSite","@id":"https:\/\/asdgroupcustoms.com\/de\/#website","url":"https:\/\/asdgroupcustoms.com\/de\/","name":"ASD Group Customs","description":"","publisher":{"@id":"https:\/\/asdgroupcustoms.com\/de\/#organization"},"alternateName":"ASD Group Customs","potentialAction":[{"@type":"SearchAction","target":{"@type":"EntryPoint","urlTemplate":"https:\/\/asdgroupcustoms.com\/de\/?s={search_term_string}"},"query-input":{"@type":"PropertyValueSpecification","valueRequired":true,"valueName":"search_term_string"}}],"inLanguage":"de"},{"@type":"Organization","@id":"https:\/\/asdgroupcustoms.com\/de\/#organization","name":"ASD Group Customs","alternateName":"ASD Group Customs","url":"https:\/\/asdgroupcustoms.com\/de\/","logo":{"@type":"ImageObject","inLanguage":"de","@id":"https:\/\/asdgroupcustoms.com\/de\/#\/schema\/logo\/image\/","url":"https:\/\/asdgroupcustoms.com\/wp-content\/uploads\/2025\/04\/Logo-ASD_noir.svg","contentUrl":"https:\/\/asdgroupcustoms.com\/wp-content\/uploads\/2025\/04\/Logo-ASD_noir.svg","width":253,"height":172,"caption":"ASD Group Customs"},"image":{"@id":"https:\/\/asdgroupcustoms.com\/de\/#\/schema\/logo\/image\/"},"sameAs":["https:\/\/www.facebook.com\/asdgroupcustoms","https:\/\/www.linkedin.com\/showcase\/asd-group-customs\/"]}]}},"_links":{"self":[{"href":"https:\/\/asdgroupcustoms.com\/de\/wp-json\/wp\/v2\/pages\/198526","targetHints":{"allow":["GET"]}}],"collection":[{"href":"https:\/\/asdgroupcustoms.com\/de\/wp-json\/wp\/v2\/pages"}],"about":[{"href":"https:\/\/asdgroupcustoms.com\/de\/wp-json\/wp\/v2\/types\/page"}],"author":[{"embeddable":true,"href":"https:\/\/asdgroupcustoms.com\/de\/wp-json\/wp\/v2\/users\/2"}],"replies":[{"embeddable":true,"href":"https:\/\/asdgroupcustoms.com\/de\/wp-json\/wp\/v2\/comments?post=198526"}],"version-history":[{"count":9,"href":"https:\/\/asdgroupcustoms.com\/de\/wp-json\/wp\/v2\/pages\/198526\/revisions"}],"predecessor-version":[{"id":200225,"href":"https:\/\/asdgroupcustoms.com\/de\/wp-json\/wp\/v2\/pages\/198526\/revisions\/200225"}],"wp:attachment":[{"href":"https:\/\/asdgroupcustoms.com\/de\/wp-json\/wp\/v2\/media?parent=198526"}],"curies":[{"name":"wp","href":"https:\/\/api.w.org\/{rel}","templated":true}]}}