{"id":194400,"date":"2025-05-07T09:44:09","date_gmt":"2025-05-07T07:44:09","guid":{"rendered":"https:\/\/asdgroupcustoms.com\/blog\/"},"modified":"2025-08-19T15:12:53","modified_gmt":"2025-08-19T13:12:53","slug":"blog","status":"publish","type":"page","link":"https:\/\/asdgroupcustoms.com\/es\/blog\/","title":{"rendered":"Blog"},"content":{"rendered":"\t\t<div data-elementor-type=\"wp-page\" data-elementor-id=\"194400\" class=\"elementor elementor-194400 elementor-187751\" data-elementor-post-type=\"page\">\n\t\t\t\t<div class=\"elementor-element elementor-element-d4c295c e-con-full e-flex e-con e-parent\" data-id=\"d4c295c\" data-element_type=\"container\" data-e-type=\"container\" data-settings=\"{&quot;background_background&quot;:&quot;classic&quot;}\">\n\t\t<div class=\"elementor-element elementor-element-7563ff5 e-flex e-con-boxed e-con e-child\" data-id=\"7563ff5\" data-element_type=\"container\" data-e-type=\"container\">\n\t\t\t\t\t<div class=\"e-con-inner\">\n\t\t\t\t<div class=\"elementor-element elementor-element-49042dd elementor-widget elementor-widget-heading\" data-id=\"49042dd\" data-element_type=\"widget\" data-e-type=\"widget\" data-widget_type=\"heading.default\">\n\t\t\t\t<div class=\"elementor-widget-container\">\n\t\t\t\t\t<div class=\"elementor-heading-title elementor-size-default\"><a href=\"\/es\">INICIO<\/a> &gt; blog<\/div>\t\t\t\t<\/div>\n\t\t\t\t<\/div>\n\t\t\t\t<div class=\"elementor-element elementor-element-0ea4186 elementor-widget elementor-widget-heading\" data-id=\"0ea4186\" data-element_type=\"widget\" data-e-type=\"widget\" data-widget_type=\"heading.default\">\n\t\t\t\t<div class=\"elementor-widget-container\">\n\t\t\t\t\t<h1 class=\"elementor-heading-title elementor-size-default\">Todas las novedades sobre obligaciones aduaneras explicadas por nuestros expertos<\/h1>\t\t\t\t<\/div>\n\t\t\t\t<\/div>\n\t\t\t\t<div class=\"elementor-element elementor-element-beb04ff elementor-widget-divider--view-line elementor-widget elementor-widget-divider\" data-id=\"beb04ff\" data-element_type=\"widget\" data-e-type=\"widget\" data-widget_type=\"divider.default\">\n\t\t\t\t<div class=\"elementor-widget-container\">\n\t\t\t\t\t\t\t<div class=\"elementor-divider\">\n\t\t\t<span class=\"elementor-divider-separator\">\n\t\t\t\t\t\t<\/span>\n\t\t<\/div>\n\t\t\t\t\t\t<\/div>\n\t\t\t\t<\/div>\n\t\t\t\t\t<\/div>\n\t\t\t\t<\/div>\n\t\t\t\t<\/div>\n\t\t<div class=\"elementor-element elementor-element-f51f2cb e-flex e-con-boxed e-con e-parent\" data-id=\"f51f2cb\" data-element_type=\"container\" data-e-type=\"container\">\n\t\t\t\t\t<div class=\"e-con-inner\">\n\t\t\t\t<div class=\"elementor-element elementor-element-a6c4df4 elementor-widget elementor-widget-asd_blog_filter\" data-id=\"a6c4df4\" data-element_type=\"widget\" data-e-type=\"widget\" data-widget_type=\"asd_blog_filter.default\">\n\t\t\t\t<div class=\"elementor-widget-container\">\n\t\t\t\t\t<div class=\"custom-posts-list\">\n    <form action=\"https:\/\/asdgroupcustoms.com\/wp-admin\/admin-ajax.php\" method=\"POST\" id=\"filter\">\n        <div class=\"form-filter-wrapper\">\n\n            <div class=\"pays-filters\"><select name=\"paysfilter\"><option class=\"asd_trad\" value=\"allpays\"><\/option><option value=\"303\">Francia<\/option><option value=\"784\">Reino Unido<\/option><option value=\"315\">Uni\u00f3n Europea<\/option><\/select><i class=\"fas fa-caret-down\"><\/i><\/div><div class=\"category-filters\"><div><input class=\"active\" type=\"radio\" id=\"allcategories\" value=\"allcategories\" name=\"categoryfilter\" checked\/><label for=\"allcategories\" class=\"asd_trad\"><\/label><\/div><div><input type=\"radio\" id=\"cat117\" value=\"117\" name=\"categoryfilter\"\/><label for=\"cat117\">Aduana<\/label><\/div><\/div>\n            <input type=\"hidden\" name=\"action\" value=\"blog_filter\">\n        <\/div>\n    <\/form>\n\n    <div class=\"response\">\n        <div><\/div>\n        <div><\/div>\n        <div><\/div>\n        <div><\/div>\n    <\/div>\n\n    \n        <div id=\"posts_wrap\" class=\"custom-posts-list-wrapper\">\n\n            \n<article class=\"post-206588 post type-post status-publish format-standard has-post-thumbnail hentry category-aduana tag-intrastat-es tag-umbrales-intrastat country-european-union-es\" id=\"post-206588\">\n\t\t<div class=\"custom-post-layout-card aduana european-union-es  item\">\n\t\t<a class=\"custom-post-thumbnail-link\" href=\"https:\/\/asdgroupcustoms.com\/es\/umbrales-intrastat-y-emebi-2026-en-la-ue\/\" rel=\"bookmark\">\n\t\t\t<div class=\"custom-post-thumbnail\">\n\t\t\t\t<img fetchpriority=\"high\" decoding=\"async\" width=\"1536\" height=\"1024\" src=\"https:\/\/asdgroupcustoms.com\/wp-content\/uploads\/2025\/12\/seuils-intrastat-et-emebi-2026-en-ue.jpg\" class=\"attachment-post-thumbnail size-post-thumbnail wp-post-image\" alt=\"Seuils Intrastat et EMEBI 2026 en UE\" srcset=\"https:\/\/asdgroupcustoms.com\/wp-content\/uploads\/2025\/12\/seuils-intrastat-et-emebi-2026-en-ue.jpg 1536w, https:\/\/asdgroupcustoms.com\/wp-content\/uploads\/2025\/12\/seuils-intrastat-et-emebi-2026-en-ue-300x200.jpg 300w, https:\/\/asdgroupcustoms.com\/wp-content\/uploads\/2025\/12\/seuils-intrastat-et-emebi-2026-en-ue-1024x683.jpg 1024w, https:\/\/asdgroupcustoms.com\/wp-content\/uploads\/2025\/12\/seuils-intrastat-et-emebi-2026-en-ue-768x512.jpg 768w\" sizes=\"(max-width: 1536px) 100vw, 1536px\" \/>\t\t\t<\/div>\n\t\t<\/a>\n\n\t\t<div class=\"custom-post-meta\">\n\t\t\t<div class=\"custom-post-primary_category\">\n\t\t\t\t\t\t\t\t\tAduana\t\t\t\t\t\t\t<\/div>\n\t\t\t<div class=\"custom-post-date\">\n\t\t\t\t10 diciembre 2025\t\t\t<\/div>\n\t\t<\/div>\n\n\t\t<h2 class=\"custom-post-title\">\n\t\t\t<a href=\"https:\/\/asdgroupcustoms.com\/es\/umbrales-intrastat-y-emebi-2026-en-la-ue\/\" rel=\"bookmark\">Umbrales Intrastat y EMEBI 2026 en la UE<\/a>\n\t\t<\/h2>\n\n\t\t<div class=\"custom-post-excerpt\">\n\t\t\t<p>\n\t\t\t\tIntrastat 2026: lo esencial que debes saber \u00bfIntercambias bienes con socios ubicados en la Uni\u00f3n Europea y tu empresa est\u00e1 sujeta al IVA?Entonces es posible&hellip;\t\t\t<\/p>\n\t\t<\/div>\n\n\t<\/div>\n<\/article>\n<article class=\"post-206082 post type-post status-publish format-standard has-post-thumbnail hentry category-aduana tag-caballos tag-obligaciones-aduaneras tag-operaciones-aduaneras tag-sivep country-reino-unido country-european-union-es\" id=\"post-206082\">\n\t\t<div class=\"custom-post-layout-card aduana reino-unido european-union-es  item\">\n\t\t<a class=\"custom-post-thumbnail-link\" href=\"https:\/\/asdgroupcustoms.com\/es\/formalidades-aduaneras-para-caballos-todo-lo-que-necesitas-saber-para-importar-o-exportar-un-equino-tras-el-brexit\/\" rel=\"bookmark\">\n\t\t\t<div class=\"custom-post-thumbnail\">\n\t\t\t\t<img decoding=\"async\" width=\"1440\" height=\"960\" src=\"https:\/\/asdgroupcustoms.com\/wp-content\/uploads\/2025\/10\/pourquoi-limport-export-de-chevaux-en-ue-exige-un-expert-sivep.jpg\" class=\"attachment-post-thumbnail size-post-thumbnail wp-post-image\" alt=\"Pourquoi l\u2019import\/export de chevaux en UE exige un expert SIVEP ?\" srcset=\"https:\/\/asdgroupcustoms.com\/wp-content\/uploads\/2025\/10\/pourquoi-limport-export-de-chevaux-en-ue-exige-un-expert-sivep.jpg 1440w, https:\/\/asdgroupcustoms.com\/wp-content\/uploads\/2025\/10\/pourquoi-limport-export-de-chevaux-en-ue-exige-un-expert-sivep-300x200.jpg 300w, https:\/\/asdgroupcustoms.com\/wp-content\/uploads\/2025\/10\/pourquoi-limport-export-de-chevaux-en-ue-exige-un-expert-sivep-1024x683.jpg 1024w, https:\/\/asdgroupcustoms.com\/wp-content\/uploads\/2025\/10\/pourquoi-limport-export-de-chevaux-en-ue-exige-un-expert-sivep-768x512.jpg 768w\" sizes=\"(max-width: 1440px) 100vw, 1440px\" \/>\t\t\t<\/div>\n\t\t<\/a>\n\n\t\t<div class=\"custom-post-meta\">\n\t\t\t<div class=\"custom-post-primary_category\">\n\t\t\t\t\t\t\t\t\tAduana\t\t\t\t\t\t\t<\/div>\n\t\t\t<div class=\"custom-post-date\">\n\t\t\t\t28 octubre 2025\t\t\t<\/div>\n\t\t<\/div>\n\n\t\t<h2 class=\"custom-post-title\">\n\t\t\t<a href=\"https:\/\/asdgroupcustoms.com\/es\/formalidades-aduaneras-para-caballos-todo-lo-que-necesitas-saber-para-importar-o-exportar-un-equino-tras-el-brexit\/\" rel=\"bookmark\">Formalidades aduaneras para caballos: Todo lo que necesitas saber para importar o exportar un equino tras el Brexit<\/a>\n\t\t<\/h2>\n\n\t\t<div class=\"custom-post-excerpt\">\n\t\t\t<p>\n\t\t\t\tDesde la transici\u00f3n del Brexit, el transporte internacional de caballos entre el Reino Unido y la Uni\u00f3n Europea ha cambiado significativamente. Lo que antes era&hellip;\t\t\t<\/p>\n\t\t<\/div>\n\n\t<\/div>\n<\/article>\n<article class=\"post-203336 post type-post status-publish format-standard has-post-thumbnail hentry category-aduana tag-iva-es tag-regimen-42-00 tag-representacion-fiscal-unica country-france-es country-european-union-es\" id=\"post-203336\">\n\t\t<div class=\"custom-post-layout-card aduana france-es european-union-es  item\">\n\t\t<a class=\"custom-post-thumbnail-link\" href=\"https:\/\/asdgroupcustoms.com\/es\/preguntas-frecuentes-aprende-mas-sobre-los-impactos-de-la-eliminacion-de-la-representacion-fiscal-unica\/\" rel=\"bookmark\">\n\t\t\t<div class=\"custom-post-thumbnail\">\n\t\t\t\t<img decoding=\"async\" width=\"1440\" height=\"959\" src=\"https:\/\/asdgroupcustoms.com\/wp-content\/uploads\/2025\/08\/faq-learn-more-about-the-impacts-of-the-removal-of-one-off-fiscal-representation.jpg\" class=\"attachment-post-thumbnail size-post-thumbnail wp-post-image\" alt=\"FAQ \u2013 Learn more about the impacts of the removal of one-off fiscal representation\" srcset=\"https:\/\/asdgroupcustoms.com\/wp-content\/uploads\/2025\/08\/faq-learn-more-about-the-impacts-of-the-removal-of-one-off-fiscal-representation.jpg 1440w, https:\/\/asdgroupcustoms.com\/wp-content\/uploads\/2025\/08\/faq-learn-more-about-the-impacts-of-the-removal-of-one-off-fiscal-representation-300x200.jpg 300w, https:\/\/asdgroupcustoms.com\/wp-content\/uploads\/2025\/08\/faq-learn-more-about-the-impacts-of-the-removal-of-one-off-fiscal-representation-1024x682.jpg 1024w, https:\/\/asdgroupcustoms.com\/wp-content\/uploads\/2025\/08\/faq-learn-more-about-the-impacts-of-the-removal-of-one-off-fiscal-representation-768x511.jpg 768w\" sizes=\"(max-width: 1440px) 100vw, 1440px\" \/>\t\t\t<\/div>\n\t\t<\/a>\n\n\t\t<div class=\"custom-post-meta\">\n\t\t\t<div class=\"custom-post-primary_category\">\n\t\t\t\t\t\t\t\t\tAduana\t\t\t\t\t\t\t<\/div>\n\t\t\t<div class=\"custom-post-date\">\n\t\t\t\t28 agosto 2025\t\t\t<\/div>\n\t\t<\/div>\n\n\t\t<h2 class=\"custom-post-title\">\n\t\t\t<a href=\"https:\/\/asdgroupcustoms.com\/es\/preguntas-frecuentes-aprende-mas-sobre-los-impactos-de-la-eliminacion-de-la-representacion-fiscal-unica\/\" rel=\"bookmark\">Preguntas frecuentes \u2013 Aprende m\u00e1s sobre los impactos de la eliminaci\u00f3n de la representaci\u00f3n fiscal \u00fanica<\/a>\n\t\t<\/h2>\n\n\t\t<div class=\"custom-post-excerpt\">\n\t\t\t<p>\n\t\t\t\tA partir del 1 de enero de 2026, la representaci\u00f3n fiscal \u00fanica ya no estar\u00e1 permitida en Francia. Este cambio afecta principalmente a las empresas&hellip;\t\t\t<\/p>\n\t\t<\/div>\n\n\t<\/div>\n<\/article>\n<article class=\"post-203332 post type-post status-publish format-standard has-post-thumbnail hentry category-aduana tag-iva-es tag-regimen-42-00 tag-representacion-fiscal-unica country-france-es country-european-union-es\" id=\"post-203332\">\n\t\t<div class=\"custom-post-layout-card aduana france-es european-union-es  item\">\n\t\t<a class=\"custom-post-thumbnail-link\" href=\"https:\/\/asdgroupcustoms.com\/es\/representacion-fiscal-unica-regimen-42-00-termina-el-31-12-2025-lo-que-las-empresas-no-europeas-deben-saber\/\" rel=\"bookmark\">\n\t\t\t<div class=\"custom-post-thumbnail\">\n\t\t\t\t<img loading=\"lazy\" decoding=\"async\" width=\"1440\" height=\"959\" src=\"https:\/\/asdgroupcustoms.com\/wp-content\/uploads\/2025\/08\/one-off-fiscal-representation-regime-42-00-ends-31-12-2025.jpg\" class=\"attachment-post-thumbnail size-post-thumbnail wp-post-image\" alt=\"One-off fiscal representation (regime 42 00) ends 31\/12\/2025\" srcset=\"https:\/\/asdgroupcustoms.com\/wp-content\/uploads\/2025\/08\/one-off-fiscal-representation-regime-42-00-ends-31-12-2025.jpg 1440w, https:\/\/asdgroupcustoms.com\/wp-content\/uploads\/2025\/08\/one-off-fiscal-representation-regime-42-00-ends-31-12-2025-300x200.jpg 300w, https:\/\/asdgroupcustoms.com\/wp-content\/uploads\/2025\/08\/one-off-fiscal-representation-regime-42-00-ends-31-12-2025-1024x682.jpg 1024w, https:\/\/asdgroupcustoms.com\/wp-content\/uploads\/2025\/08\/one-off-fiscal-representation-regime-42-00-ends-31-12-2025-768x511.jpg 768w\" sizes=\"(max-width: 1440px) 100vw, 1440px\" \/>\t\t\t<\/div>\n\t\t<\/a>\n\n\t\t<div class=\"custom-post-meta\">\n\t\t\t<div class=\"custom-post-primary_category\">\n\t\t\t\t\t\t\t\t\tAduana\t\t\t\t\t\t\t<\/div>\n\t\t\t<div class=\"custom-post-date\">\n\t\t\t\t20 agosto 2025\t\t\t<\/div>\n\t\t<\/div>\n\n\t\t<h2 class=\"custom-post-title\">\n\t\t\t<a href=\"https:\/\/asdgroupcustoms.com\/es\/representacion-fiscal-unica-regimen-42-00-termina-el-31-12-2025-lo-que-las-empresas-no-europeas-deben-saber\/\" rel=\"bookmark\">Representaci\u00f3n fiscal \u00fanica (r\u00e9gimen 42 00) termina el 31\/12\/2025 \u2013 lo que las empresas no europeas deben saber<\/a>\n\t\t<\/h2>\n\n\t\t<div class=\"custom-post-excerpt\">\n\t\t\t<p>\n\t\t\t\tLa Ley de Finanzas para 2025 confirma la supresi\u00f3n de la representaci\u00f3n fiscal \u00fanica para las importaciones bajo el r\u00e9gimen aduanero 42, un mecanismo ampliamente&hellip;\t\t\t<\/p>\n\t\t<\/div>\n\n\t<\/div>\n<\/article>\n<article class=\"post-203329 post type-post status-publish format-standard has-post-thumbnail hentry category-aduana tag-declaracion-de-diligencia-debida-dds tag-eudr-es country-european-union-es\" id=\"post-203329\">\n\t\t<div class=\"custom-post-layout-card aduana european-union-es  item\">\n\t\t<a class=\"custom-post-thumbnail-link\" href=\"https:\/\/asdgroupcustoms.com\/es\/declaracion-de-diligencia-debida-bajo-el-reglamento-de-la-ue-sobre-deforestacion-eudr-2023-1115\/\" rel=\"bookmark\">\n\t\t\t<div class=\"custom-post-thumbnail\">\n\t\t\t\t<img loading=\"lazy\" decoding=\"async\" width=\"1440\" height=\"960\" src=\"https:\/\/asdgroupcustoms.com\/wp-content\/uploads\/2025\/08\/due-diligence-statement-under-eu-deforestation-regulation-eudr-2023-1115.jpg\" class=\"attachment-post-thumbnail size-post-thumbnail wp-post-image\" alt=\"due-diligence-statement-under-eu-deforestation-regulation-eudr-2023-1115\" srcset=\"https:\/\/asdgroupcustoms.com\/wp-content\/uploads\/2025\/08\/due-diligence-statement-under-eu-deforestation-regulation-eudr-2023-1115.jpg 1440w, https:\/\/asdgroupcustoms.com\/wp-content\/uploads\/2025\/08\/due-diligence-statement-under-eu-deforestation-regulation-eudr-2023-1115-300x200.jpg 300w, https:\/\/asdgroupcustoms.com\/wp-content\/uploads\/2025\/08\/due-diligence-statement-under-eu-deforestation-regulation-eudr-2023-1115-1024x683.jpg 1024w, https:\/\/asdgroupcustoms.com\/wp-content\/uploads\/2025\/08\/due-diligence-statement-under-eu-deforestation-regulation-eudr-2023-1115-768x512.jpg 768w\" sizes=\"(max-width: 1440px) 100vw, 1440px\" \/>\t\t\t<\/div>\n\t\t<\/a>\n\n\t\t<div class=\"custom-post-meta\">\n\t\t\t<div class=\"custom-post-primary_category\">\n\t\t\t\t\t\t\t\t\tAduana\t\t\t\t\t\t\t<\/div>\n\t\t\t<div class=\"custom-post-date\">\n\t\t\t\t19 agosto 2025\t\t\t<\/div>\n\t\t<\/div>\n\n\t\t<h2 class=\"custom-post-title\">\n\t\t\t<a href=\"https:\/\/asdgroupcustoms.com\/es\/declaracion-de-diligencia-debida-bajo-el-reglamento-de-la-ue-sobre-deforestacion-eudr-2023-1115\/\" rel=\"bookmark\">Declaraci\u00f3n de diligencia debida bajo el Reglamento de la UE sobre Deforestaci\u00f3n (EUDR) 2023\/1115<\/a>\n\t\t<\/h2>\n\n\t\t<div class=\"custom-post-excerpt\">\n\t\t\t<p>\n\t\t\t\tEn respuesta a la crisis clim\u00e1tica y la alarmante p\u00e9rdida global de bosques, la Uni\u00f3n Europea ha adoptado el Reglamento de la UE sobre Deforestaci\u00f3n&hellip;\t\t\t<\/p>\n\t\t<\/div>\n\n\t<\/div>\n<\/article>\n        <\/div><!-- #post_wrap -->\n\n    <\/div><!-- .custom-posts-list -->\n\n\t\t\t\t<\/div>\n\t\t\t\t<\/div>\n\t\t\t\t\t<\/div>\n\t\t\t\t<\/div>\n\t\t\t\t<\/div>\n\t\t","protected":false},"excerpt":{"rendered":"<p>INICIO &gt; blog Todas las novedades sobre obligaciones aduaneras explicadas por nuestros expertos European UnionUnited KingdomCustomsCustoms Customs 19 ao\u00fbt 2025 Due Diligence Statement under EU Deforestation Regulation (EUDR) 2023\/1115 In response to the climate crisis and the alarming global loss of forests, the European Union has adopted the EU Deforestation Regulation \u2014 Regulation (EU)\u2026 Customs [&hellip;]<\/p>\n","protected":false},"author":2,"featured_media":0,"parent":0,"menu_order":0,"comment_status":"closed","ping_status":"closed","template":"","meta":{"_eb_attr":"","footnotes":""},"class_list":["post-194400","page","type-page","status-publish","hentry"],"yoast_head":"<!-- This site is optimized with the Yoast SEO plugin v27.3 - https:\/\/yoast.com\/product\/yoast-seo-wordpress\/ -->\n<title>Blog | ASD Group Customs<\/title>\n<meta name=\"description\" content=\"Mantente al d\u00eda con los art\u00edculos del blog de ASD Group sobre formalidades aduaneras, Brexit, despachos y obligaciones de declaraci\u00f3n.\" \/>\n<meta name=\"robots\" content=\"index, follow, max-snippet:-1, max-image-preview:large, max-video-preview:-1\" \/>\n<link rel=\"canonical\" href=\"https:\/\/asdgroupcustoms.com\/es\/blog\/\" \/>\n<meta property=\"og:locale\" content=\"es_ES\" \/>\n<meta property=\"og:type\" content=\"article\" \/>\n<meta property=\"og:title\" content=\"Blog | ASD Group Customs\" \/>\n<meta property=\"og:description\" content=\"Mantente al d\u00eda con los art\u00edculos del blog de ASD Group sobre formalidades aduaneras, Brexit, despachos y obligaciones de declaraci\u00f3n.\" \/>\n<meta property=\"og:url\" content=\"https:\/\/asdgroupcustoms.com\/es\/blog\/\" \/>\n<meta property=\"og:site_name\" content=\"ASD Group Customs\" \/>\n<meta property=\"article:publisher\" content=\"https:\/\/www.facebook.com\/asdgroupcustoms\" \/>\n<meta property=\"article:modified_time\" content=\"2025-08-19T13:12:53+00:00\" \/>\n<meta property=\"og:image\" content=\"https:\/\/asdgroupcustoms.com\/wp-content\/uploads\/2025\/01\/istockphoto-1339597090-1024x1024-1.jpg\" \/>\n<meta name=\"twitter:card\" content=\"summary_large_image\" \/>\n<meta name=\"twitter:label1\" content=\"Tiempo de lectura\" \/>\n\t<meta name=\"twitter:data1\" content=\"1 minuto\" \/>\n<script type=\"application\/ld+json\" class=\"yoast-schema-graph\">{\"@context\":\"https:\\\/\\\/schema.org\",\"@graph\":[{\"@type\":\"WebPage\",\"@id\":\"https:\\\/\\\/asdgroupcustoms.com\\\/es\\\/blog\\\/\",\"url\":\"https:\\\/\\\/asdgroupcustoms.com\\\/es\\\/blog\\\/\",\"name\":\"Blog | ASD Group Customs\",\"isPartOf\":{\"@id\":\"https:\\\/\\\/asdgroupcustoms.com\\\/es\\\/#website\"},\"primaryImageOfPage\":{\"@id\":\"https:\\\/\\\/asdgroupcustoms.com\\\/es\\\/blog\\\/#primaryimage\"},\"image\":{\"@id\":\"https:\\\/\\\/asdgroupcustoms.com\\\/es\\\/blog\\\/#primaryimage\"},\"thumbnailUrl\":\"https:\\\/\\\/asdgroupcustoms.com\\\/wp-content\\\/uploads\\\/2025\\\/01\\\/istockphoto-1339597090-1024x1024-1.jpg\",\"datePublished\":\"2025-05-07T07:44:09+00:00\",\"dateModified\":\"2025-08-19T13:12:53+00:00\",\"description\":\"Mantente al d\u00eda con los art\u00edculos del blog de ASD Group sobre formalidades aduaneras, Brexit, despachos y obligaciones de declaraci\u00f3n.\",\"breadcrumb\":{\"@id\":\"https:\\\/\\\/asdgroupcustoms.com\\\/es\\\/blog\\\/#breadcrumb\"},\"inLanguage\":\"es\",\"potentialAction\":[{\"@type\":\"ReadAction\",\"target\":[\"https:\\\/\\\/asdgroupcustoms.com\\\/es\\\/blog\\\/\"]}]},{\"@type\":\"ImageObject\",\"inLanguage\":\"es\",\"@id\":\"https:\\\/\\\/asdgroupcustoms.com\\\/es\\\/blog\\\/#primaryimage\",\"url\":\"https:\\\/\\\/asdgroupcustoms.com\\\/wp-content\\\/uploads\\\/2025\\\/01\\\/istockphoto-1339597090-1024x1024-1.jpg\",\"contentUrl\":\"https:\\\/\\\/asdgroupcustoms.com\\\/wp-content\\\/uploads\\\/2025\\\/01\\\/istockphoto-1339597090-1024x1024-1.jpg\"},{\"@type\":\"BreadcrumbList\",\"@id\":\"https:\\\/\\\/asdgroupcustoms.com\\\/es\\\/blog\\\/#breadcrumb\",\"itemListElement\":[{\"@type\":\"ListItem\",\"position\":1,\"name\":\"Accueil\",\"item\":\"https:\\\/\\\/asdgroupcustoms.com\\\/es\\\/\"},{\"@type\":\"ListItem\",\"position\":2,\"name\":\"Blog\"}]},{\"@type\":\"WebSite\",\"@id\":\"https:\\\/\\\/asdgroupcustoms.com\\\/es\\\/#website\",\"url\":\"https:\\\/\\\/asdgroupcustoms.com\\\/es\\\/\",\"name\":\"ASD Group Customs\",\"description\":\"\",\"publisher\":{\"@id\":\"https:\\\/\\\/asdgroupcustoms.com\\\/es\\\/#organization\"},\"alternateName\":\"ASD Group Customs\",\"potentialAction\":[{\"@type\":\"SearchAction\",\"target\":{\"@type\":\"EntryPoint\",\"urlTemplate\":\"https:\\\/\\\/asdgroupcustoms.com\\\/es\\\/?s={search_term_string}\"},\"query-input\":{\"@type\":\"PropertyValueSpecification\",\"valueRequired\":true,\"valueName\":\"search_term_string\"}}],\"inLanguage\":\"es\"},{\"@type\":\"Organization\",\"@id\":\"https:\\\/\\\/asdgroupcustoms.com\\\/es\\\/#organization\",\"name\":\"ASD Group Customs\",\"alternateName\":\"ASD Group Customs\",\"url\":\"https:\\\/\\\/asdgroupcustoms.com\\\/es\\\/\",\"logo\":{\"@type\":\"ImageObject\",\"inLanguage\":\"es\",\"@id\":\"https:\\\/\\\/asdgroupcustoms.com\\\/es\\\/#\\\/schema\\\/logo\\\/image\\\/\",\"url\":\"https:\\\/\\\/asdgroupcustoms.com\\\/wp-content\\\/uploads\\\/2025\\\/04\\\/Logo-ASD_noir.svg\",\"contentUrl\":\"https:\\\/\\\/asdgroupcustoms.com\\\/wp-content\\\/uploads\\\/2025\\\/04\\\/Logo-ASD_noir.svg\",\"width\":253,\"height\":172,\"caption\":\"ASD Group Customs\"},\"image\":{\"@id\":\"https:\\\/\\\/asdgroupcustoms.com\\\/es\\\/#\\\/schema\\\/logo\\\/image\\\/\"},\"sameAs\":[\"https:\\\/\\\/www.facebook.com\\\/asdgroupcustoms\",\"https:\\\/\\\/www.linkedin.com\\\/showcase\\\/asd-group-customs\\\/\"]}]}<\/script>\n<!-- \/ Yoast SEO plugin. -->","yoast_head_json":{"title":"Blog | ASD Group Customs","description":"Mantente al d\u00eda con los art\u00edculos del blog de ASD Group sobre formalidades aduaneras, Brexit, despachos y obligaciones de declaraci\u00f3n.","robots":{"index":"index","follow":"follow","max-snippet":"max-snippet:-1","max-image-preview":"max-image-preview:large","max-video-preview":"max-video-preview:-1"},"canonical":"https:\/\/asdgroupcustoms.com\/es\/blog\/","og_locale":"es_ES","og_type":"article","og_title":"Blog | ASD Group Customs","og_description":"Mantente al d\u00eda con los art\u00edculos del blog de ASD Group sobre formalidades aduaneras, Brexit, despachos y obligaciones de declaraci\u00f3n.","og_url":"https:\/\/asdgroupcustoms.com\/es\/blog\/","og_site_name":"ASD Group Customs","article_publisher":"https:\/\/www.facebook.com\/asdgroupcustoms","article_modified_time":"2025-08-19T13:12:53+00:00","og_image":[{"url":"https:\/\/asdgroupcustoms.com\/wp-content\/uploads\/2025\/01\/istockphoto-1339597090-1024x1024-1.jpg","type":"","width":"","height":""}],"twitter_card":"summary_large_image","twitter_misc":{"Tiempo de lectura":"1 minuto"},"schema":{"@context":"https:\/\/schema.org","@graph":[{"@type":"WebPage","@id":"https:\/\/asdgroupcustoms.com\/es\/blog\/","url":"https:\/\/asdgroupcustoms.com\/es\/blog\/","name":"Blog | ASD Group Customs","isPartOf":{"@id":"https:\/\/asdgroupcustoms.com\/es\/#website"},"primaryImageOfPage":{"@id":"https:\/\/asdgroupcustoms.com\/es\/blog\/#primaryimage"},"image":{"@id":"https:\/\/asdgroupcustoms.com\/es\/blog\/#primaryimage"},"thumbnailUrl":"https:\/\/asdgroupcustoms.com\/wp-content\/uploads\/2025\/01\/istockphoto-1339597090-1024x1024-1.jpg","datePublished":"2025-05-07T07:44:09+00:00","dateModified":"2025-08-19T13:12:53+00:00","description":"Mantente al d\u00eda con los art\u00edculos del blog de ASD Group sobre formalidades aduaneras, Brexit, despachos y obligaciones de declaraci\u00f3n.","breadcrumb":{"@id":"https:\/\/asdgroupcustoms.com\/es\/blog\/#breadcrumb"},"inLanguage":"es","potentialAction":[{"@type":"ReadAction","target":["https:\/\/asdgroupcustoms.com\/es\/blog\/"]}]},{"@type":"ImageObject","inLanguage":"es","@id":"https:\/\/asdgroupcustoms.com\/es\/blog\/#primaryimage","url":"https:\/\/asdgroupcustoms.com\/wp-content\/uploads\/2025\/01\/istockphoto-1339597090-1024x1024-1.jpg","contentUrl":"https:\/\/asdgroupcustoms.com\/wp-content\/uploads\/2025\/01\/istockphoto-1339597090-1024x1024-1.jpg"},{"@type":"BreadcrumbList","@id":"https:\/\/asdgroupcustoms.com\/es\/blog\/#breadcrumb","itemListElement":[{"@type":"ListItem","position":1,"name":"Accueil","item":"https:\/\/asdgroupcustoms.com\/es\/"},{"@type":"ListItem","position":2,"name":"Blog"}]},{"@type":"WebSite","@id":"https:\/\/asdgroupcustoms.com\/es\/#website","url":"https:\/\/asdgroupcustoms.com\/es\/","name":"ASD Group Customs","description":"","publisher":{"@id":"https:\/\/asdgroupcustoms.com\/es\/#organization"},"alternateName":"ASD Group Customs","potentialAction":[{"@type":"SearchAction","target":{"@type":"EntryPoint","urlTemplate":"https:\/\/asdgroupcustoms.com\/es\/?s={search_term_string}"},"query-input":{"@type":"PropertyValueSpecification","valueRequired":true,"valueName":"search_term_string"}}],"inLanguage":"es"},{"@type":"Organization","@id":"https:\/\/asdgroupcustoms.com\/es\/#organization","name":"ASD Group Customs","alternateName":"ASD Group Customs","url":"https:\/\/asdgroupcustoms.com\/es\/","logo":{"@type":"ImageObject","inLanguage":"es","@id":"https:\/\/asdgroupcustoms.com\/es\/#\/schema\/logo\/image\/","url":"https:\/\/asdgroupcustoms.com\/wp-content\/uploads\/2025\/04\/Logo-ASD_noir.svg","contentUrl":"https:\/\/asdgroupcustoms.com\/wp-content\/uploads\/2025\/04\/Logo-ASD_noir.svg","width":253,"height":172,"caption":"ASD Group Customs"},"image":{"@id":"https:\/\/asdgroupcustoms.com\/es\/#\/schema\/logo\/image\/"},"sameAs":["https:\/\/www.facebook.com\/asdgroupcustoms","https:\/\/www.linkedin.com\/showcase\/asd-group-customs\/"]}]}},"_links":{"self":[{"href":"https:\/\/asdgroupcustoms.com\/es\/wp-json\/wp\/v2\/pages\/194400","targetHints":{"allow":["GET"]}}],"collection":[{"href":"https:\/\/asdgroupcustoms.com\/es\/wp-json\/wp\/v2\/pages"}],"about":[{"href":"https:\/\/asdgroupcustoms.com\/es\/wp-json\/wp\/v2\/types\/page"}],"author":[{"embeddable":true,"href":"https:\/\/asdgroupcustoms.com\/es\/wp-json\/wp\/v2\/users\/2"}],"replies":[{"embeddable":true,"href":"https:\/\/asdgroupcustoms.com\/es\/wp-json\/wp\/v2\/comments?post=194400"}],"version-history":[{"count":10,"href":"https:\/\/asdgroupcustoms.com\/es\/wp-json\/wp\/v2\/pages\/194400\/revisions"}],"predecessor-version":[{"id":200210,"href":"https:\/\/asdgroupcustoms.com\/es\/wp-json\/wp\/v2\/pages\/194400\/revisions\/200210"}],"wp:attachment":[{"href":"https:\/\/asdgroupcustoms.com\/es\/wp-json\/wp\/v2\/media?parent=194400"}],"curies":[{"name":"wp","href":"https:\/\/api.w.org\/{rel}","templated":true}]}}