{"id":198556,"date":"2025-08-05T15:25:04","date_gmt":"2025-08-05T13:25:04","guid":{"rendered":"https:\/\/asdgroupcustoms.com\/sitemap\/"},"modified":"2025-08-19T15:51:05","modified_gmt":"2025-08-19T13:51:05","slug":"indice-del-sitio","status":"publish","type":"page","link":"https:\/\/asdgroupcustoms.com\/es\/indice-del-sitio\/","title":{"rendered":"\u00cdndice del sitio"},"content":{"rendered":"\t\t<div data-elementor-type=\"wp-page\" data-elementor-id=\"198556\" class=\"elementor elementor-198556 elementor-198465\" data-elementor-post-type=\"page\">\n\t\t\t\t\t\t<section class=\"elementor-section elementor-top-section elementor-element elementor-element-124eb60 elementor-section-content-middle elementor-section-boxed elementor-section-height-default elementor-section-height-default\" data-id=\"124eb60\" data-element_type=\"section\" data-e-type=\"section\" data-settings=\"{&quot;background_background&quot;:&quot;classic&quot;}\">\n\t\t\t\t\t\t<div class=\"elementor-container elementor-column-gap-no\">\n\t\t\t\t\t<div class=\"elementor-column elementor-col-100 elementor-top-column elementor-element elementor-element-5bfa6b8\" data-id=\"5bfa6b8\" data-element_type=\"column\" data-e-type=\"column\">\n\t\t\t<div class=\"elementor-widget-wrap elementor-element-populated\">\n\t\t\t\t\t\t<div class=\"elementor-element elementor-element-ac4719c elementor-widget elementor-widget-text-editor\" data-id=\"ac4719c\" data-element_type=\"widget\" data-e-type=\"widget\" data-widget_type=\"text-editor.default\">\n\t\t\t\t<div class=\"elementor-widget-container\">\n\t\t\t\t\t\t\t\t\t<p><a href=\"\/es\">INICIO<\/a> &gt; \u00cdNDICE DEL SITIO<\/p>\n\t\t\t\t\t\t\t\t<\/div>\n\t\t\t\t<\/div>\n\t\t<div class=\"elementor-element elementor-element-04ac49e e-con-full e-flex e-con e-parent\" data-id=\"04ac49e\" data-element_type=\"container\" data-e-type=\"container\">\n\t\t<div class=\"elementor-element elementor-element-5997bbe e-con-full e-flex e-con e-child\" data-id=\"5997bbe\" data-element_type=\"container\" data-e-type=\"container\">\n\t\t\t\t<div class=\"elementor-element elementor-element-bb2177c elementor-widget elementor-widget-heading\" data-id=\"bb2177c\" data-element_type=\"widget\" data-e-type=\"widget\" data-widget_type=\"heading.default\">\n\t\t\t\t<div class=\"elementor-widget-container\">\n\t\t\t\t\t<h1 class=\"elementor-heading-title elementor-size-default\">\u00cdndice del sitio: aqu\u00ed se encuentran todas las p\u00e1ginas del sitio<\/h1>\t\t\t\t<\/div>\n\t\t\t\t<\/div>\n\t\t\t\t<div class=\"elementor-element elementor-element-97398b6 elementor-widget-divider--view-line elementor-widget elementor-widget-divider\" data-id=\"97398b6\" data-element_type=\"widget\" data-e-type=\"widget\" data-widget_type=\"divider.default\">\n\t\t\t\t<div class=\"elementor-widget-container\">\n\t\t\t\t\t\t\t<div class=\"elementor-divider\">\n\t\t\t<span class=\"elementor-divider-separator\">\n\t\t\t\t\t\t<\/span>\n\t\t<\/div>\n\t\t\t\t\t\t<\/div>\n\t\t\t\t<\/div>\n\t\t\t\t<\/div>\n\t\t\t\t<\/div>\n\t\t\t\t\t<\/div>\n\t\t<\/div>\n\t\t\t\t\t<\/div>\n\t\t<\/section>\n\t\t<div class=\"elementor-element elementor-element-4517a1f e-con-full e-flex e-con e-parent\" data-id=\"4517a1f\" data-element_type=\"container\" data-e-type=\"container\">\n\t\t<div class=\"elementor-element elementor-element-eee457d e-flex e-con-boxed e-con e-child\" data-id=\"eee457d\" data-element_type=\"container\" data-e-type=\"container\">\n\t\t\t\t\t<div class=\"e-con-inner\">\n\t\t\t\t<div class=\"elementor-element elementor-element-e10e2c9 elementor-widget elementor-widget-html\" data-id=\"e10e2c9\" data-element_type=\"widget\" data-e-type=\"widget\" data-widget_type=\"html.default\">\n\t\t\t\t<div class=\"elementor-widget-container\">\n\t\t\t\t\t<div class=\"prefil-long prefil-douane\">\r\n<\/div>\t\t\t\t<\/div>\n\t\t\t\t<\/div>\n\t\t\t\t<div class=\"elementor-element elementor-element-fb33e3e elementor-widget elementor-widget-html\" data-id=\"fb33e3e\" data-element_type=\"widget\" data-e-type=\"widget\" data-widget_type=\"html.default\">\n\t\t\t\t<div class=\"elementor-widget-container\">\n\t\t\t\t\t<div class=\"prefil-small prefil-douane\">\r\n<\/div>\t\t\t\t<\/div>\n\t\t\t\t<\/div>\n\t\t\t\t<div class=\"elementor-element elementor-element-73502ab elementor-widget elementor-widget-sitemap\" data-id=\"73502ab\" data-element_type=\"widget\" data-e-type=\"widget\" data-widget_type=\"sitemap.default\">\n\t\t\t\t<div class=\"elementor-widget-container\">\n\t\t\t\t\t<div class=\"elementor-sitemap-wrap\"><div class=\"elementor-sitemap-section\"><h2 class=\"elementor-sitemap-title elementor-sitemap-page-title\">P\u00e1ginas<\/h2><ul class=\"elementor-sitemap-list elementor-sitemap-page-list\"><li class=\"elementor-sitemap-item elementor-sitemap-item-page page_item page-item-203283\"><a href=\"https:\/\/asdgroupcustoms.com\/es\/donde-encontrarnos\/\">\u00bfD\u00f3nde encontrarnos?<\/a><\/li><li class=\"elementor-sitemap-item elementor-sitemap-item-page page_item page-item-203280\"><a href=\"https:\/\/asdgroupcustoms.com\/es\/acerca-de-asd-group-customs\/\">Acerca de ASD Group Customs<\/a><\/li><li class=\"elementor-sitemap-item elementor-sitemap-item-page page_item page-item-207233\"><a href=\"https:\/\/asdgroupcustoms.com\/es\/newsletter\/\">ASD Border<\/a><\/li><li class=\"elementor-sitemap-item elementor-sitemap-item-page page_item page-item-194400\"><a href=\"https:\/\/asdgroupcustoms.com\/es\/blog\/\">Blog<\/a><\/li><li class=\"elementor-sitemap-item elementor-sitemap-item-page page_item page-item-206227\"><a href=\"https:\/\/asdgroupcustoms.com\/es\/calais-eurotunnel\/\">Calais &#8211; Eurotunnel<\/a><\/li><li class=\"elementor-sitemap-item elementor-sitemap-item-page page_item page-item-194404\"><a href=\"https:\/\/asdgroupcustoms.com\/es\/contacto\/\">Contacto<\/a><\/li><li class=\"elementor-sitemap-item elementor-sitemap-item-page page_item page-item-194402\"><a href=\"https:\/\/asdgroupcustoms.com\/es\/noticias\/\">Noticias<\/a><\/li><li class=\"elementor-sitemap-item elementor-sitemap-item-page page_item page-item-203289\"><a href=\"https:\/\/asdgroupcustoms.com\/es\/nuestro-compromiso-con-la-calidad\/\">Nuestro compromiso con la calidad<\/a><\/li><li class=\"elementor-sitemap-item elementor-sitemap-item-page page_item page-item-203286\"><a href=\"https:\/\/asdgroupcustoms.com\/es\/nuestros-equipos\/\">Nuestros equipos<\/a><\/li><li class=\"elementor-sitemap-item elementor-sitemap-item-page page_item page-item-203208\"><a href=\"https:\/\/asdgroupcustoms.com\/es\/\">Portada<\/a><\/li><li class=\"elementor-sitemap-item elementor-sitemap-item-page page_item page-item-206233\"><a href=\"https:\/\/asdgroupcustoms.com\/es\/tramites-aduaneros-puertos-franceses-brexit-si\/\">Presencia aduanera sobre el terreno en puertos franceses \u2013 Brexit SI, transporte mar\u00edtimo &amp; a\u00e9reo<\/a><\/li><\/ul><\/div><div class=\"elementor-sitemap-section\"><h2 class=\"elementor-sitemap-title elementor-sitemap-service-title\">Servicios<\/h2><ul class=\"elementor-sitemap-list elementor-sitemap-service-list\"><li class=\"elementor-sitemap-item elementor-sitemap-item-service page_item page-item-203299\"><a href=\"https:\/\/asdgroupcustoms.com\/es\/apoyo-para-obtener-la-certificacion-de-operador-economico-autorizado-oea\/\">Apoyo para obtener la certificaci\u00f3n de Operador Econ\u00f3mico Autorizado (OEA)<\/a><\/li><li class=\"elementor-sitemap-item elementor-sitemap-item-service page_item page-item-203346\"><a href=\"https:\/\/asdgroupcustoms.com\/es\/asd-customs\/\">ASD Customs<\/a><\/li><li class=\"elementor-sitemap-item elementor-sitemap-item-service page_item page-item-203349\"><a href=\"https:\/\/asdgroupcustoms.com\/es\/asd-intrastat\/\">ASD Intrastat<\/a><\/li><li class=\"elementor-sitemap-item elementor-sitemap-item-service page_item page-item-203352\"><a href=\"https:\/\/asdgroupcustoms.com\/es\/asd-smartline\/\">ASD Smartline<\/a><\/li><li class=\"elementor-sitemap-item elementor-sitemap-item-service page_item page-item-203302\"><a href=\"https:\/\/asdgroupcustoms.com\/es\/asistencia-con-las-inspecciones-sivep\/\">Asistencia con las inspecciones SIVEP<\/a><\/li><li class=\"elementor-sitemap-item elementor-sitemap-item-service page_item page-item-203297\"><a href=\"https:\/\/asdgroupcustoms.com\/es\/asistencia-en-las-solicitudes-de-iav-y-ivo\/\">Asistencia en las solicitudes de IAV y IVO<\/a><\/li><li class=\"elementor-sitemap-item elementor-sitemap-item-service page_item page-item-203292\"><a href=\"https:\/\/asdgroupcustoms.com\/es\/gestion-de-formalidades-y-despachos-aduaneros\/\">Gesti\u00f3n de formalidades y despachos aduaneros<\/a><\/li><li class=\"elementor-sitemap-item elementor-sitemap-item-service page_item page-item-203321\"><a href=\"https:\/\/asdgroupcustoms.com\/es\/gestion-de-la-declaracion-europea-de-servicios-des\/\">Gesti\u00f3n de la Declaraci\u00f3n europea de servicios (DES)<\/a><\/li><li class=\"elementor-sitemap-item elementor-sitemap-item-service page_item page-item-203327\"><a href=\"https:\/\/asdgroupcustoms.com\/es\/gestion-de-las-declaraciones-de-diligencia-debida-ddd-segun-el-eudr\/\">Gesti\u00f3n de las Declaraciones de Diligencia Debida (DDD) seg\u00fan el EUDR<\/a><\/li><li class=\"elementor-sitemap-item elementor-sitemap-item-service page_item page-item-203306\"><a href=\"https:\/\/asdgroupcustoms.com\/es\/gestion-de-las-declaraciones-intrastat\/\">Gesti\u00f3n de las declaraciones Intrastat<\/a><\/li><li class=\"elementor-sitemap-item elementor-sitemap-item-service page_item page-item-203324\"><a href=\"https:\/\/asdgroupcustoms.com\/es\/gestion-de-los-impuestos-especiales-para-la-venta-a-distancia-de-bebidas-alcoholicas\/\">Gesti\u00f3n de los impuestos especiales para la venta a distancia de bebidas alcoh\u00f3licas<\/a><\/li><li class=\"elementor-sitemap-item elementor-sitemap-item-service page_item page-item-208911\"><a href=\"https:\/\/asdgroupcustoms.com\/es\/mecanismo-de-ajuste-en-la-frontera-del-carbono-cbam\/\">Mecanismo de Ajuste en la Frontera del Carbono (CBAM): Cumple con facilidad con tus obligaciones del impuesto sobre el carbono<\/a><\/li><\/ul><\/div><div class=\"elementor-sitemap-section\"><h2 class=\"elementor-sitemap-title elementor-sitemap-post-title\">Publicaciones de blog<\/h2><ul class=\"elementor-sitemap-list elementor-sitemap-post-list\"><li class=\"elementor-sitemap-item elementor-sitemap-item-post page_item page-item-203329\"><a href=\"https:\/\/asdgroupcustoms.com\/es\/declaracion-de-diligencia-debida-bajo-el-reglamento-de-la-ue-sobre-deforestacion-eudr-2023-1115\/\">Declaraci\u00f3n de diligencia debida bajo el Reglamento de la UE sobre Deforestaci\u00f3n (EUDR) 2023\/1115<\/a><\/li><li class=\"elementor-sitemap-item elementor-sitemap-item-post page_item page-item-206082\"><a href=\"https:\/\/asdgroupcustoms.com\/es\/formalidades-aduaneras-para-caballos-todo-lo-que-necesitas-saber-para-importar-o-exportar-un-equino-tras-el-brexit\/\">Formalidades aduaneras para caballos: Todo lo que necesitas saber para importar o exportar un equino tras el Brexit<\/a><\/li><li class=\"elementor-sitemap-item elementor-sitemap-item-post page_item page-item-203336\"><a href=\"https:\/\/asdgroupcustoms.com\/es\/preguntas-frecuentes-aprende-mas-sobre-los-impactos-de-la-eliminacion-de-la-representacion-fiscal-unica\/\">Preguntas frecuentes \u2013 Aprende m\u00e1s sobre los impactos de la eliminaci\u00f3n de la representaci\u00f3n fiscal \u00fanica<\/a><\/li><li class=\"elementor-sitemap-item elementor-sitemap-item-post page_item page-item-203332\"><a href=\"https:\/\/asdgroupcustoms.com\/es\/representacion-fiscal-unica-regimen-42-00-termina-el-31-12-2025-lo-que-las-empresas-no-europeas-deben-saber\/\">Representaci\u00f3n fiscal \u00fanica (r\u00e9gimen 42 00) termina el 31\/12\/2025 \u2013 lo que las empresas no europeas deben saber<\/a><\/li><li class=\"elementor-sitemap-item elementor-sitemap-item-post page_item page-item-206588\"><a href=\"https:\/\/asdgroupcustoms.com\/es\/umbrales-intrastat-y-emebi-2026-en-la-ue\/\">Umbrales Intrastat y EMEBI 2026 en la UE<\/a><\/li><\/ul><\/div><div class=\"elementor-sitemap-section\"><h2 class=\"elementor-sitemap-title elementor-sitemap-actualite-title\">Noticias<\/h2><ul class=\"elementor-sitemap-list elementor-sitemap-actualite-list\"><li class=\"elementor-sitemap-item elementor-sitemap-item-actualite page_item page-item-208688\"><a href=\"https:\/\/asdgroupcustoms.com\/es\/austria-los-umbrales-de-intrastat-suben-en-2026\/\">Austria: los umbrales de Intrastat suben en 2026<\/a><\/li><li class=\"elementor-sitemap-item elementor-sitemap-item-actualite page_item page-item-203338\"><a href=\"https:\/\/asdgroupcustoms.com\/es\/elo-preparate-para-la-nueva-obligacion-que-simplificara-los-cruces-entre-el-reino-unido-y-la-ue-a-partir-de-abril-de-2025\/\">ELO: Prep\u00e1rate para la nueva obligaci\u00f3n que simplificar\u00e1 los cruces entre el Reino Unido y la UE a partir de abril de 2025<\/a><\/li><li class=\"elementor-sitemap-item elementor-sitemap-item-actualite page_item page-item-203341\"><a href=\"https:\/\/asdgroupcustoms.com\/es\/eudr-la-ue-refuerza-sus-requisitos-aduaneros\/\">EUDR: la UE refuerza sus requisitos aduaneros<\/a><\/li><li class=\"elementor-sitemap-item elementor-sitemap-item-actualite page_item page-item-207599\"><a href=\"https:\/\/asdgroupcustoms.com\/es\/italia-aumento-del-umbral-intrastat-2026-para-las-adquisiciones-intracomunitarias-de-mercancias\/\">Italia: Aumento del umbral Intrastat 2026 para las adquisiciones intracomunitarias de mercanc\u00edas<\/a><\/li><li class=\"elementor-sitemap-item elementor-sitemap-item-actualite page_item page-item-207134\"><a href=\"https:\/\/asdgroupcustoms.com\/es\/nuevo-impuesto-sobre-los-pequenos-envios-en-francia-puntos-clave-a-tener-en-cuenta\/\">Nuevo impuesto sobre los peque\u00f1os env\u00edos en Francia: puntos clave a tener en cuenta<\/a><\/li><li class=\"elementor-sitemap-item elementor-sitemap-item-actualite page_item page-item-203343\"><a href=\"https:\/\/asdgroupcustoms.com\/es\/prorroga-del-periodo-transitorio-para-el-sobre-logistico-obligatorio-elo\/\">Pr\u00f3rroga del per\u00edodo transitorio para el Sobre Log\u00edstico Obligatorio (ELO)<\/a><\/li><li class=\"elementor-sitemap-item elementor-sitemap-item-actualite page_item page-item-206423\"><a href=\"https:\/\/asdgroupcustoms.com\/es\/union-europea-aplazamiento-de-la-fecha-de-cumplimiento-del-eudr\/\">Uni\u00f3n Europea: aplazamiento de la fecha de cumplimiento del EUDR<\/a><\/li><\/ul><\/div><\/div>\t\t\t\t<\/div>\n\t\t\t\t<\/div>\n\t\t\t\t\t<\/div>\n\t\t\t\t<\/div>\n\t\t\t\t<\/div>\n\t\t\t\t<\/div>\n\t\t","protected":false},"excerpt":{"rendered":"<p>INICIO &gt; \u00cdNDICE DEL SITIO \u00cdndice del sitio: aqu\u00ed se encuentran todas las p\u00e1ginas del sitio<\/p>\n","protected":false},"author":2,"featured_media":0,"parent":0,"menu_order":0,"comment_status":"closed","ping_status":"closed","template":"","meta":{"_eb_attr":"","footnotes":""},"class_list":["post-198556","page","type-page","status-publish","hentry"],"yoast_head":"<!-- This site is optimized with the Yoast SEO plugin v27.3 - https:\/\/yoast.com\/product\/yoast-seo-wordpress\/ -->\n<title>\u00cdndice del sitio | ASD Group Customs<\/title>\n<meta name=\"description\" content=\"\u00cdndice del sitio de ASD Group Customs: encuentra aqu\u00ed todas las p\u00e1ginas de nuestro sitio y descubre todos nuestros servicios.\" \/>\n<meta name=\"robots\" content=\"noindex, follow\" \/>\n<meta property=\"og:locale\" content=\"es_ES\" \/>\n<meta property=\"og:type\" content=\"article\" \/>\n<meta property=\"og:title\" content=\"\u00cdndice del sitio | ASD Group Customs\" \/>\n<meta property=\"og:description\" content=\"\u00cdndice del sitio de ASD Group Customs: encuentra aqu\u00ed todas las p\u00e1ginas de nuestro sitio y descubre todos nuestros servicios.\" \/>\n<meta property=\"og:url\" content=\"https:\/\/asdgroupcustoms.com\/es\/indice-del-sitio\/\" \/>\n<meta property=\"og:site_name\" content=\"ASD Group Customs\" \/>\n<meta property=\"article:publisher\" content=\"https:\/\/www.facebook.com\/asdgroupcustoms\" \/>\n<meta property=\"article:modified_time\" content=\"2025-08-19T13:51:05+00:00\" \/>\n<meta name=\"twitter:card\" content=\"summary_large_image\" \/>\n<meta name=\"twitter:label1\" content=\"Tiempo de lectura\" \/>\n\t<meta name=\"twitter:data1\" content=\"1 minuto\" \/>\n<script type=\"application\/ld+json\" class=\"yoast-schema-graph\">{\"@context\":\"https:\\\/\\\/schema.org\",\"@graph\":[{\"@type\":\"WebPage\",\"@id\":\"https:\\\/\\\/asdgroupcustoms.com\\\/es\\\/indice-del-sitio\\\/\",\"url\":\"https:\\\/\\\/asdgroupcustoms.com\\\/es\\\/indice-del-sitio\\\/\",\"name\":\"\u00cdndice del sitio | ASD Group Customs\",\"isPartOf\":{\"@id\":\"https:\\\/\\\/asdgroupcustoms.com\\\/es\\\/#website\"},\"datePublished\":\"2025-08-05T13:25:04+00:00\",\"dateModified\":\"2025-08-19T13:51:05+00:00\",\"description\":\"\u00cdndice del sitio de ASD Group Customs: encuentra aqu\u00ed todas las p\u00e1ginas de nuestro sitio y descubre todos nuestros servicios.\",\"breadcrumb\":{\"@id\":\"https:\\\/\\\/asdgroupcustoms.com\\\/es\\\/indice-del-sitio\\\/#breadcrumb\"},\"inLanguage\":\"es\",\"potentialAction\":[{\"@type\":\"ReadAction\",\"target\":[\"https:\\\/\\\/asdgroupcustoms.com\\\/es\\\/indice-del-sitio\\\/\"]}]},{\"@type\":\"BreadcrumbList\",\"@id\":\"https:\\\/\\\/asdgroupcustoms.com\\\/es\\\/indice-del-sitio\\\/#breadcrumb\",\"itemListElement\":[{\"@type\":\"ListItem\",\"position\":1,\"name\":\"Accueil\",\"item\":\"https:\\\/\\\/asdgroupcustoms.com\\\/es\\\/\"},{\"@type\":\"ListItem\",\"position\":2,\"name\":\"\u00cdndice del sitio\"}]},{\"@type\":\"WebSite\",\"@id\":\"https:\\\/\\\/asdgroupcustoms.com\\\/es\\\/#website\",\"url\":\"https:\\\/\\\/asdgroupcustoms.com\\\/es\\\/\",\"name\":\"ASD Group Customs\",\"description\":\"\",\"publisher\":{\"@id\":\"https:\\\/\\\/asdgroupcustoms.com\\\/es\\\/#organization\"},\"alternateName\":\"ASD Group Customs\",\"potentialAction\":[{\"@type\":\"SearchAction\",\"target\":{\"@type\":\"EntryPoint\",\"urlTemplate\":\"https:\\\/\\\/asdgroupcustoms.com\\\/es\\\/?s={search_term_string}\"},\"query-input\":{\"@type\":\"PropertyValueSpecification\",\"valueRequired\":true,\"valueName\":\"search_term_string\"}}],\"inLanguage\":\"es\"},{\"@type\":\"Organization\",\"@id\":\"https:\\\/\\\/asdgroupcustoms.com\\\/es\\\/#organization\",\"name\":\"ASD Group Customs\",\"alternateName\":\"ASD Group Customs\",\"url\":\"https:\\\/\\\/asdgroupcustoms.com\\\/es\\\/\",\"logo\":{\"@type\":\"ImageObject\",\"inLanguage\":\"es\",\"@id\":\"https:\\\/\\\/asdgroupcustoms.com\\\/es\\\/#\\\/schema\\\/logo\\\/image\\\/\",\"url\":\"https:\\\/\\\/asdgroupcustoms.com\\\/wp-content\\\/uploads\\\/2025\\\/04\\\/Logo-ASD_noir.svg\",\"contentUrl\":\"https:\\\/\\\/asdgroupcustoms.com\\\/wp-content\\\/uploads\\\/2025\\\/04\\\/Logo-ASD_noir.svg\",\"width\":253,\"height\":172,\"caption\":\"ASD Group Customs\"},\"image\":{\"@id\":\"https:\\\/\\\/asdgroupcustoms.com\\\/es\\\/#\\\/schema\\\/logo\\\/image\\\/\"},\"sameAs\":[\"https:\\\/\\\/www.facebook.com\\\/asdgroupcustoms\",\"https:\\\/\\\/www.linkedin.com\\\/showcase\\\/asd-group-customs\\\/\"]}]}<\/script>\n<!-- \/ Yoast SEO plugin. -->","yoast_head_json":{"title":"\u00cdndice del sitio | ASD Group Customs","description":"\u00cdndice del sitio de ASD Group Customs: encuentra aqu\u00ed todas las p\u00e1ginas de nuestro sitio y descubre todos nuestros servicios.","robots":{"index":"noindex","follow":"follow"},"og_locale":"es_ES","og_type":"article","og_title":"\u00cdndice del sitio | ASD Group Customs","og_description":"\u00cdndice del sitio de ASD Group Customs: encuentra aqu\u00ed todas las p\u00e1ginas de nuestro sitio y descubre todos nuestros servicios.","og_url":"https:\/\/asdgroupcustoms.com\/es\/indice-del-sitio\/","og_site_name":"ASD Group Customs","article_publisher":"https:\/\/www.facebook.com\/asdgroupcustoms","article_modified_time":"2025-08-19T13:51:05+00:00","twitter_card":"summary_large_image","twitter_misc":{"Tiempo de lectura":"1 minuto"},"schema":{"@context":"https:\/\/schema.org","@graph":[{"@type":"WebPage","@id":"https:\/\/asdgroupcustoms.com\/es\/indice-del-sitio\/","url":"https:\/\/asdgroupcustoms.com\/es\/indice-del-sitio\/","name":"\u00cdndice del sitio | ASD Group Customs","isPartOf":{"@id":"https:\/\/asdgroupcustoms.com\/es\/#website"},"datePublished":"2025-08-05T13:25:04+00:00","dateModified":"2025-08-19T13:51:05+00:00","description":"\u00cdndice del sitio de ASD Group Customs: encuentra aqu\u00ed todas las p\u00e1ginas de nuestro sitio y descubre todos nuestros servicios.","breadcrumb":{"@id":"https:\/\/asdgroupcustoms.com\/es\/indice-del-sitio\/#breadcrumb"},"inLanguage":"es","potentialAction":[{"@type":"ReadAction","target":["https:\/\/asdgroupcustoms.com\/es\/indice-del-sitio\/"]}]},{"@type":"BreadcrumbList","@id":"https:\/\/asdgroupcustoms.com\/es\/indice-del-sitio\/#breadcrumb","itemListElement":[{"@type":"ListItem","position":1,"name":"Accueil","item":"https:\/\/asdgroupcustoms.com\/es\/"},{"@type":"ListItem","position":2,"name":"\u00cdndice del sitio"}]},{"@type":"WebSite","@id":"https:\/\/asdgroupcustoms.com\/es\/#website","url":"https:\/\/asdgroupcustoms.com\/es\/","name":"ASD Group Customs","description":"","publisher":{"@id":"https:\/\/asdgroupcustoms.com\/es\/#organization"},"alternateName":"ASD Group Customs","potentialAction":[{"@type":"SearchAction","target":{"@type":"EntryPoint","urlTemplate":"https:\/\/asdgroupcustoms.com\/es\/?s={search_term_string}"},"query-input":{"@type":"PropertyValueSpecification","valueRequired":true,"valueName":"search_term_string"}}],"inLanguage":"es"},{"@type":"Organization","@id":"https:\/\/asdgroupcustoms.com\/es\/#organization","name":"ASD Group Customs","alternateName":"ASD Group Customs","url":"https:\/\/asdgroupcustoms.com\/es\/","logo":{"@type":"ImageObject","inLanguage":"es","@id":"https:\/\/asdgroupcustoms.com\/es\/#\/schema\/logo\/image\/","url":"https:\/\/asdgroupcustoms.com\/wp-content\/uploads\/2025\/04\/Logo-ASD_noir.svg","contentUrl":"https:\/\/asdgroupcustoms.com\/wp-content\/uploads\/2025\/04\/Logo-ASD_noir.svg","width":253,"height":172,"caption":"ASD Group Customs"},"image":{"@id":"https:\/\/asdgroupcustoms.com\/es\/#\/schema\/logo\/image\/"},"sameAs":["https:\/\/www.facebook.com\/asdgroupcustoms","https:\/\/www.linkedin.com\/showcase\/asd-group-customs\/"]}]}},"_links":{"self":[{"href":"https:\/\/asdgroupcustoms.com\/es\/wp-json\/wp\/v2\/pages\/198556","targetHints":{"allow":["GET"]}}],"collection":[{"href":"https:\/\/asdgroupcustoms.com\/es\/wp-json\/wp\/v2\/pages"}],"about":[{"href":"https:\/\/asdgroupcustoms.com\/es\/wp-json\/wp\/v2\/types\/page"}],"author":[{"embeddable":true,"href":"https:\/\/asdgroupcustoms.com\/es\/wp-json\/wp\/v2\/users\/2"}],"replies":[{"embeddable":true,"href":"https:\/\/asdgroupcustoms.com\/es\/wp-json\/wp\/v2\/comments?post=198556"}],"version-history":[{"count":10,"href":"https:\/\/asdgroupcustoms.com\/es\/wp-json\/wp\/v2\/pages\/198556\/revisions"}],"predecessor-version":[{"id":200261,"href":"https:\/\/asdgroupcustoms.com\/es\/wp-json\/wp\/v2\/pages\/198556\/revisions\/200261"}],"wp:attachment":[{"href":"https:\/\/asdgroupcustoms.com\/es\/wp-json\/wp\/v2\/media?parent=198556"}],"curies":[{"name":"wp","href":"https:\/\/api.w.org\/{rel}","templated":true}]}}