{"id":200061,"date":"2025-08-05T15:25:04","date_gmt":"2025-08-05T13:25:04","guid":{"rendered":"https:\/\/asdgroupcustoms.com\/plan-du-site\/"},"modified":"2025-08-19T15:44:01","modified_gmt":"2025-08-19T13:44:01","slug":"plan-du-site","status":"publish","type":"page","link":"https:\/\/asdgroupcustoms.com\/fr\/plan-du-site\/","title":{"rendered":"Plan du site"},"content":{"rendered":"\t\t<div data-elementor-type=\"wp-page\" data-elementor-id=\"200061\" class=\"elementor elementor-200061 elementor-198465\" data-elementor-post-type=\"page\">\n\t\t\t\t\t\t<section class=\"elementor-section elementor-top-section elementor-element elementor-element-124eb60 elementor-section-content-middle elementor-section-boxed elementor-section-height-default elementor-section-height-default\" data-id=\"124eb60\" data-element_type=\"section\" data-e-type=\"section\" data-settings=\"{&quot;background_background&quot;:&quot;classic&quot;}\">\n\t\t\t\t\t\t<div class=\"elementor-container elementor-column-gap-no\">\n\t\t\t\t\t<div class=\"elementor-column elementor-col-100 elementor-top-column elementor-element elementor-element-5bfa6b8\" data-id=\"5bfa6b8\" data-element_type=\"column\" data-e-type=\"column\">\n\t\t\t<div class=\"elementor-widget-wrap elementor-element-populated\">\n\t\t\t\t\t\t<div class=\"elementor-element elementor-element-ac4719c elementor-widget elementor-widget-text-editor\" data-id=\"ac4719c\" data-element_type=\"widget\" data-e-type=\"widget\" data-widget_type=\"text-editor.default\">\n\t\t\t\t<div class=\"elementor-widget-container\">\n\t\t\t\t\t\t\t\t\t<p><a href=\"\/fr\">ACCUEIL<\/a> &gt; PLAN DU SITE<\/p>\n\t\t\t\t\t\t\t\t<\/div>\n\t\t\t\t<\/div>\n\t\t<div class=\"elementor-element elementor-element-04ac49e e-con-full e-flex e-con e-parent\" data-id=\"04ac49e\" data-element_type=\"container\" data-e-type=\"container\">\n\t\t<div class=\"elementor-element elementor-element-5997bbe e-con-full e-flex e-con e-child\" data-id=\"5997bbe\" data-element_type=\"container\" data-e-type=\"container\">\n\t\t\t\t<div class=\"elementor-element elementor-element-bb2177c elementor-widget elementor-widget-heading\" data-id=\"bb2177c\" data-element_type=\"widget\" data-e-type=\"widget\" data-widget_type=\"heading.default\">\n\t\t\t\t<div class=\"elementor-widget-container\">\n\t\t\t\t\t<h1 class=\"elementor-heading-title elementor-size-default\">Plan du site : vous trouverez ici toutes les pages du site<\/h1>\t\t\t\t<\/div>\n\t\t\t\t<\/div>\n\t\t\t\t<div class=\"elementor-element elementor-element-97398b6 elementor-widget-divider--view-line elementor-widget elementor-widget-divider\" data-id=\"97398b6\" data-element_type=\"widget\" data-e-type=\"widget\" data-widget_type=\"divider.default\">\n\t\t\t\t<div class=\"elementor-widget-container\">\n\t\t\t\t\t\t\t<div class=\"elementor-divider\">\n\t\t\t<span class=\"elementor-divider-separator\">\n\t\t\t\t\t\t<\/span>\n\t\t<\/div>\n\t\t\t\t\t\t<\/div>\n\t\t\t\t<\/div>\n\t\t\t\t<\/div>\n\t\t\t\t<\/div>\n\t\t\t\t\t<\/div>\n\t\t<\/div>\n\t\t\t\t\t<\/div>\n\t\t<\/section>\n\t\t<div class=\"elementor-element elementor-element-4517a1f e-con-full e-flex e-con e-parent\" data-id=\"4517a1f\" data-element_type=\"container\" data-e-type=\"container\">\n\t\t<div class=\"elementor-element elementor-element-eee457d e-flex e-con-boxed e-con e-child\" data-id=\"eee457d\" data-element_type=\"container\" data-e-type=\"container\">\n\t\t\t\t\t<div class=\"e-con-inner\">\n\t\t\t\t<div class=\"elementor-element elementor-element-e10e2c9 elementor-widget elementor-widget-html\" data-id=\"e10e2c9\" data-element_type=\"widget\" data-e-type=\"widget\" data-widget_type=\"html.default\">\n\t\t\t\t<div class=\"elementor-widget-container\">\n\t\t\t\t\t<div class=\"prefil-long prefil-douane\">\r\n<\/div>\t\t\t\t<\/div>\n\t\t\t\t<\/div>\n\t\t\t\t<div class=\"elementor-element elementor-element-fb33e3e elementor-widget elementor-widget-html\" data-id=\"fb33e3e\" data-element_type=\"widget\" data-e-type=\"widget\" data-widget_type=\"html.default\">\n\t\t\t\t<div class=\"elementor-widget-container\">\n\t\t\t\t\t<div class=\"prefil-small prefil-douane\">\r\n<\/div>\t\t\t\t<\/div>\n\t\t\t\t<\/div>\n\t\t\t\t<div class=\"elementor-element elementor-element-73502ab elementor-widget elementor-widget-sitemap\" data-id=\"73502ab\" data-element_type=\"widget\" data-e-type=\"widget\" data-widget_type=\"sitemap.default\">\n\t\t\t\t<div class=\"elementor-widget-container\">\n\t\t\t\t\t<div class=\"elementor-sitemap-wrap\"><div class=\"elementor-sitemap-section\"><h2 class=\"elementor-sitemap-title elementor-sitemap-page-title\">Pages<\/h2><ul class=\"elementor-sitemap-list elementor-sitemap-page-list\"><li class=\"elementor-sitemap-item elementor-sitemap-item-page page_item page-item-199247\"><a href=\"https:\/\/asdgroupcustoms.com\/fr\/a-propos-asd-group-customs\/\">\u00c0 propos d\u2019ASD Group Customs<\/a><\/li><li class=\"elementor-sitemap-item elementor-sitemap-item-page page_item page-item-198377\"><a href=\"https:\/\/asdgroupcustoms.com\/fr\/\">Accueil<\/a><\/li><li class=\"elementor-sitemap-item elementor-sitemap-item-page page_item page-item-194328\"><a href=\"https:\/\/asdgroupcustoms.com\/fr\/actualites\/\">Actualit\u00e9s<\/a><\/li><li class=\"elementor-sitemap-item elementor-sitemap-item-page page_item page-item-207163\"><a href=\"https:\/\/asdgroupcustoms.com\/fr\/newsletter\/\">ASD Border<\/a><\/li><li class=\"elementor-sitemap-item elementor-sitemap-item-page page_item page-item-194322\"><a href=\"https:\/\/asdgroupcustoms.com\/fr\/blog\/\">Blog<\/a><\/li><li class=\"elementor-sitemap-item elementor-sitemap-item-page page_item page-item-206209\"><a href=\"https:\/\/asdgroupcustoms.com\/fr\/calais-eurotunnel\/\">Calais &#8211; Eurotunnel<\/a><\/li><li class=\"elementor-sitemap-item elementor-sitemap-item-page page_item page-item-194334\"><a href=\"https:\/\/asdgroupcustoms.com\/fr\/contact\/\">Contact<\/a><\/li><li class=\"elementor-sitemap-item elementor-sitemap-item-page page_item page-item-198419\"><a href=\"https:\/\/asdgroupcustoms.com\/fr\/nos-equipes\/\">Nos \u00e9quipes<\/a><\/li><li class=\"elementor-sitemap-item elementor-sitemap-item-page page_item page-item-198758\"><a href=\"https:\/\/asdgroupcustoms.com\/fr\/notre-engagement-qualite\/\">Notre engagement envers la qualit\u00e9<\/a><\/li><li class=\"elementor-sitemap-item elementor-sitemap-item-page page_item page-item-198778\"><a href=\"https:\/\/asdgroupcustoms.com\/fr\/ou-nous-trouver\/\">O\u00f9 nous trouver ?<\/a><\/li><li class=\"elementor-sitemap-item elementor-sitemap-item-page page_item page-item-206241\"><a href=\"https:\/\/asdgroupcustoms.com\/fr\/formalites-douanieres-ports-francais-brexit-si\/\">Pr\u00e9sence douani\u00e8re sur site dans les ports fran\u00e7ais \u2013 Brexit SI, fret maritime &amp; a\u00e9rien<\/a><\/li><\/ul><\/div><div class=\"elementor-sitemap-section\"><h2 class=\"elementor-sitemap-title elementor-sitemap-service-title\">Services<\/h2><ul class=\"elementor-sitemap-list elementor-sitemap-service-list\"><li class=\"elementor-sitemap-item elementor-sitemap-item-service page_item page-item-199129\"><a href=\"https:\/\/asdgroupcustoms.com\/fr\/accompagnement-a-lobtention-de-la-certification-doperateur-economique-agree-oea\/\">Accompagnement \u00e0 l&rsquo;obtention de la certification d&rsquo;Op\u00e9rateur \u00c9conomique Agr\u00e9\u00e9 (OEA)<\/a><\/li><li class=\"elementor-sitemap-item elementor-sitemap-item-service page_item page-item-199131\"><a href=\"https:\/\/asdgroupcustoms.com\/fr\/accompagnement-a-lobtention-de-rtc-et-rco\/\">Accompagnement \u00e0 l&rsquo;obtention de RTC et RCO<\/a><\/li><li class=\"elementor-sitemap-item elementor-sitemap-item-service page_item page-item-199141\"><a href=\"https:\/\/asdgroupcustoms.com\/fr\/asd-customs\/\">ASD Customs<\/a><\/li><li class=\"elementor-sitemap-item elementor-sitemap-item-service page_item page-item-199139\"><a href=\"https:\/\/asdgroupcustoms.com\/fr\/asd-intrastat\/\">ASD Intrastat<\/a><\/li><li class=\"elementor-sitemap-item elementor-sitemap-item-service page_item page-item-199137\"><a href=\"https:\/\/asdgroupcustoms.com\/fr\/asd-smartline\/\">ASD Smartline<\/a><\/li><li class=\"elementor-sitemap-item elementor-sitemap-item-service page_item page-item-198871\"><a href=\"https:\/\/asdgroupcustoms.com\/fr\/assistance-lors-des-inspections-veterinaires-et-sps-aupres-du-sivep\/\">Assistance lors des contr\u00f4les v\u00e9t\u00e9rinaires et SPS aupr\u00e8s du SIVEP<\/a><\/li><li class=\"elementor-sitemap-item elementor-sitemap-item-service page_item page-item-199486\"><a href=\"https:\/\/asdgroupcustoms.com\/fr\/gestion-des-declarations-de-diligence-raisonnee-ddr-dans-le-cadre-du-rdue\/\">Gestion des d\u00e9clarations de diligence raisonn\u00e9e (DDR) dans le cadre du RDUE<\/a><\/li><li class=\"elementor-sitemap-item elementor-sitemap-item-service page_item page-item-199814\"><a href=\"https:\/\/asdgroupcustoms.com\/fr\/gestion-des-declarations-europeennes-de-services-des\/\">Gestion des D\u00e9clarations Europ\u00e9ennes de Services (DES)<\/a><\/li><li class=\"elementor-sitemap-item elementor-sitemap-item-service page_item page-item-199916\"><a href=\"https:\/\/asdgroupcustoms.com\/fr\/gestion-des-declarations-intrastat\/\">Gestion des d\u00e9clarations Intrastat<\/a><\/li><li class=\"elementor-sitemap-item elementor-sitemap-item-service page_item page-item-199842\"><a href=\"https:\/\/asdgroupcustoms.com\/fr\/gestion-des-droits-daccise-pour-la-vente-a-distance-de-boissons-alcoolisees\/\">Gestion des droits d\u2019accise pour la vente \u00e0 distance de boissons alcoolis\u00e9es<\/a><\/li><li class=\"elementor-sitemap-item elementor-sitemap-item-service page_item page-item-199725\"><a href=\"https:\/\/asdgroupcustoms.com\/fr\/gestion-des-formalites-douanieres-et-dedouanements\/\">Gestion des formalit\u00e9s douani\u00e8res et d\u00e9douanements<\/a><\/li><li class=\"elementor-sitemap-item elementor-sitemap-item-service page_item page-item-208920\"><a href=\"https:\/\/asdgroupcustoms.com\/fr\/mecanisme-dajustement-carbone-aux-frontieres-cbam\/\">M\u00e9canisme d&rsquo;ajustement carbone aux fronti\u00e8res (CBAM) : Anticipez facilement vos obligations en mati\u00e8re de taxe carbone<\/a><\/li><\/ul><\/div><div class=\"elementor-sitemap-section\"><h2 class=\"elementor-sitemap-title elementor-sitemap-post-title\">Articles de blog<\/h2><ul class=\"elementor-sitemap-list elementor-sitemap-post-list\"><li class=\"elementor-sitemap-item elementor-sitemap-item-post page_item page-item-199484\"><a href=\"https:\/\/asdgroupcustoms.com\/fr\/declaration-de-diligence-raisonnee-sous-le-reglement-europeen-relatif-a-la-lutte-contre-la-deforestation-et-la-degradation-des-forets-rdue-2023-1115\/\">D\u00e9claration de diligence raisonn\u00e9e sous le R\u00e8glement europ\u00e9en relatif \u00e0 la lutte contre la d\u00e9forestation et la d\u00e9gradation des for\u00eats (RDUE) 2023\/1115<\/a><\/li><li class=\"elementor-sitemap-item elementor-sitemap-item-post page_item page-item-202715\"><a href=\"https:\/\/asdgroupcustoms.com\/fr\/faq-impacts-de-la-suppression-de-la-representation-fiscale-ponctuelle-le-1-janvier-2026\/\">FAQ \u2013 En savoir plus sur les impacts de la suppression de la repr\u00e9sentation fiscale ponctuelle<\/a><\/li><li class=\"elementor-sitemap-item elementor-sitemap-item-post page_item page-item-205992\"><a href=\"https:\/\/asdgroupcustoms.com\/fr\/formalites-douanieres-pour-les-chevaux-tout-ce-que-vous-devez-savoir-pour-importer-ou-exporter-un-equide-apres-le-brexit\/\">Formalit\u00e9s douani\u00e8res pour les chevaux : Tout ce que vous devez savoir pour importer ou exporter un \u00e9quid\u00e9 apr\u00e8s le Brexit<\/a><\/li><li class=\"elementor-sitemap-item elementor-sitemap-item-post page_item page-item-200935\"><a href=\"https:\/\/asdgroupcustoms.com\/fr\/la-representation-fiscale-ponctuelle-regime-42-00-prend-fin-le-31-12-2025-ce-que-les-entreprises-non-europeennes-doivent-savoir\/\">La repr\u00e9sentation fiscale ponctuelle (r\u00e9gime 42 00) prend fin le 31\/12\/2025 \u2013 ce que les entreprises non europ\u00e9ennes doivent savoir<\/a><\/li><li class=\"elementor-sitemap-item elementor-sitemap-item-post page_item page-item-206527\"><a href=\"https:\/\/asdgroupcustoms.com\/fr\/seuils-intrastat-et-emebi-2026-en-ue\/\">Seuils Intrastat et EMEBI 2026 en UE<\/a><\/li><\/ul><\/div><div class=\"elementor-sitemap-section\"><h2 class=\"elementor-sitemap-title elementor-sitemap-actualite-title\">Actualit\u00e9s<\/h2><ul class=\"elementor-sitemap-list elementor-sitemap-actualite-list\"><li class=\"elementor-sitemap-item elementor-sitemap-item-actualite page_item page-item-208706\"><a href=\"https:\/\/asdgroupcustoms.com\/fr\/autriche-augmentation-des-seuils-intrastat-pour-2026\/\">Autriche : augmentation des seuils Intrastat pour 2026<\/a><\/li><li class=\"elementor-sitemap-item elementor-sitemap-item-actualite page_item page-item-202583\"><a href=\"https:\/\/asdgroupcustoms.com\/fr\/elo-preparez-vous-a-la-nouvelle-obligation-qui-simplifiera-les-passages-entre-le-royaume-uni-et-lue-a-partir-davril-2025\/\">ELO : Pr\u00e9parez-vous \u00e0 la nouvelle obligation qui simplifiera les passages entre le Royaume-Uni et l\u2019UE \u00e0 partir d\u2019avril 2025<\/a><\/li><li class=\"elementor-sitemap-item elementor-sitemap-item-actualite page_item page-item-207597\"><a href=\"https:\/\/asdgroupcustoms.com\/fr\/italie-augmentation-du-seuil-intrastat-2026-pour-les-acquisitions-intracommunautaires-de-biens\/\">Italie : Augmentation du seuil Intrastat 2026 pour les acquisitions intracommunautaires de biens<\/a><\/li><li class=\"elementor-sitemap-item elementor-sitemap-item-actualite page_item page-item-207132\"><a href=\"https:\/\/asdgroupcustoms.com\/fr\/nouvelle-taxe-sur-les-petits-colis-en-france-points-cles-a-retenir\/\">Nouvelle taxe sur les petits colis en France : points cl\u00e9s \u00e0 retenir<\/a><\/li><li class=\"elementor-sitemap-item elementor-sitemap-item-actualite page_item page-item-202604\"><a href=\"https:\/\/asdgroupcustoms.com\/fr\/prolongation-de-la-periode-transitoire-pour-lenveloppe-logistique-obligatoire-elo\/\">Prolongation de la p\u00e9riode transitoire pour l&rsquo;Enveloppe Logistique Obligatoire (ELO)<\/a><\/li><li class=\"elementor-sitemap-item elementor-sitemap-item-actualite page_item page-item-201068\"><a href=\"https:\/\/asdgroupcustoms.com\/fr\/rdue-ue-renforce-ses-exigences-douanieres\/\">RDUE : l&rsquo;UE renforce ses exigences douani\u00e8res<\/a><\/li><li class=\"elementor-sitemap-item elementor-sitemap-item-actualite page_item page-item-206410\"><a href=\"https:\/\/asdgroupcustoms.com\/fr\/union-europeenne-report-de-la-date-limite-de-conformite-au-rdue\/\">Union europ\u00e9enne : report de la date limite de conformit\u00e9 au RDUE<\/a><\/li><\/ul><\/div><\/div>\t\t\t\t<\/div>\n\t\t\t\t<\/div>\n\t\t\t\t\t<\/div>\n\t\t\t\t<\/div>\n\t\t\t\t<\/div>\n\t\t\t\t<\/div>\n\t\t","protected":false},"excerpt":{"rendered":"<p>ACCUEIL &gt; PLAN DU SITE Plan du site : vous trouverez ici toutes les pages du site<\/p>\n","protected":false},"author":2,"featured_media":0,"parent":0,"menu_order":0,"comment_status":"closed","ping_status":"closed","template":"","meta":{"_eb_attr":"","footnotes":""},"class_list":["post-200061","page","type-page","status-publish","hentry"],"yoast_head":"<!-- This site is optimized with the Yoast SEO plugin v27.3 - https:\/\/yoast.com\/product\/yoast-seo-wordpress\/ -->\n<title>Plan du site | ASD Group Customs<\/title>\n<meta name=\"description\" content=\"Plan du site ASD Group Customs : retrouvez ici toutes les pages de notre site et d\u00e9couvrez l\u2019int\u00e9gralit\u00e9 de nos services.\" \/>\n<meta name=\"robots\" content=\"noindex, follow\" \/>\n<meta property=\"og:locale\" content=\"fr_FR\" \/>\n<meta property=\"og:type\" content=\"article\" \/>\n<meta property=\"og:title\" content=\"Plan du site | ASD Group Customs\" \/>\n<meta property=\"og:description\" content=\"Plan du site ASD Group Customs : retrouvez ici toutes les pages de notre site et d\u00e9couvrez l\u2019int\u00e9gralit\u00e9 de nos services.\" \/>\n<meta property=\"og:url\" content=\"https:\/\/asdgroupcustoms.com\/fr\/plan-du-site\/\" \/>\n<meta property=\"og:site_name\" content=\"ASD Group Customs\" \/>\n<meta property=\"article:publisher\" content=\"https:\/\/www.facebook.com\/asdgroupcustoms\" \/>\n<meta property=\"article:modified_time\" content=\"2025-08-19T13:44:01+00:00\" \/>\n<meta name=\"twitter:card\" content=\"summary_large_image\" \/>\n<meta name=\"twitter:label1\" content=\"Dur\u00e9e de lecture estim\u00e9e\" \/>\n\t<meta name=\"twitter:data1\" content=\"1 minute\" \/>\n<script type=\"application\/ld+json\" class=\"yoast-schema-graph\">{\"@context\":\"https:\\\/\\\/schema.org\",\"@graph\":[{\"@type\":\"WebPage\",\"@id\":\"https:\\\/\\\/asdgroupcustoms.com\\\/fr\\\/plan-du-site\\\/\",\"url\":\"https:\\\/\\\/asdgroupcustoms.com\\\/fr\\\/plan-du-site\\\/\",\"name\":\"Plan du site | ASD Group Customs\",\"isPartOf\":{\"@id\":\"https:\\\/\\\/asdgroupcustoms.com\\\/fr\\\/#website\"},\"datePublished\":\"2025-08-05T13:25:04+00:00\",\"dateModified\":\"2025-08-19T13:44:01+00:00\",\"description\":\"Plan du site ASD Group Customs : retrouvez ici toutes les pages de notre site et d\u00e9couvrez l\u2019int\u00e9gralit\u00e9 de nos services.\",\"breadcrumb\":{\"@id\":\"https:\\\/\\\/asdgroupcustoms.com\\\/fr\\\/plan-du-site\\\/#breadcrumb\"},\"inLanguage\":\"fr-FR\",\"potentialAction\":[{\"@type\":\"ReadAction\",\"target\":[\"https:\\\/\\\/asdgroupcustoms.com\\\/fr\\\/plan-du-site\\\/\"]}]},{\"@type\":\"BreadcrumbList\",\"@id\":\"https:\\\/\\\/asdgroupcustoms.com\\\/fr\\\/plan-du-site\\\/#breadcrumb\",\"itemListElement\":[{\"@type\":\"ListItem\",\"position\":1,\"name\":\"Accueil\",\"item\":\"https:\\\/\\\/asdgroupcustoms.com\\\/fr\\\/\"},{\"@type\":\"ListItem\",\"position\":2,\"name\":\"Plan du site\"}]},{\"@type\":\"WebSite\",\"@id\":\"https:\\\/\\\/asdgroupcustoms.com\\\/fr\\\/#website\",\"url\":\"https:\\\/\\\/asdgroupcustoms.com\\\/fr\\\/\",\"name\":\"ASD Group Customs\",\"description\":\"\",\"publisher\":{\"@id\":\"https:\\\/\\\/asdgroupcustoms.com\\\/fr\\\/#organization\"},\"alternateName\":\"ASD Group Customs\",\"potentialAction\":[{\"@type\":\"SearchAction\",\"target\":{\"@type\":\"EntryPoint\",\"urlTemplate\":\"https:\\\/\\\/asdgroupcustoms.com\\\/fr\\\/?s={search_term_string}\"},\"query-input\":{\"@type\":\"PropertyValueSpecification\",\"valueRequired\":true,\"valueName\":\"search_term_string\"}}],\"inLanguage\":\"fr-FR\"},{\"@type\":\"Organization\",\"@id\":\"https:\\\/\\\/asdgroupcustoms.com\\\/fr\\\/#organization\",\"name\":\"ASD Group Customs\",\"alternateName\":\"ASD Group Customs\",\"url\":\"https:\\\/\\\/asdgroupcustoms.com\\\/fr\\\/\",\"logo\":{\"@type\":\"ImageObject\",\"inLanguage\":\"fr-FR\",\"@id\":\"https:\\\/\\\/asdgroupcustoms.com\\\/fr\\\/#\\\/schema\\\/logo\\\/image\\\/\",\"url\":\"https:\\\/\\\/asdgroupcustoms.com\\\/wp-content\\\/uploads\\\/2025\\\/04\\\/Logo-ASD_noir.svg\",\"contentUrl\":\"https:\\\/\\\/asdgroupcustoms.com\\\/wp-content\\\/uploads\\\/2025\\\/04\\\/Logo-ASD_noir.svg\",\"width\":253,\"height\":172,\"caption\":\"ASD Group Customs\"},\"image\":{\"@id\":\"https:\\\/\\\/asdgroupcustoms.com\\\/fr\\\/#\\\/schema\\\/logo\\\/image\\\/\"},\"sameAs\":[\"https:\\\/\\\/www.facebook.com\\\/asdgroupcustoms\",\"https:\\\/\\\/www.linkedin.com\\\/showcase\\\/asd-group-customs\\\/\"]}]}<\/script>\n<!-- \/ Yoast SEO plugin. -->","yoast_head_json":{"title":"Plan du site | ASD Group Customs","description":"Plan du site ASD Group Customs : retrouvez ici toutes les pages de notre site et d\u00e9couvrez l\u2019int\u00e9gralit\u00e9 de nos services.","robots":{"index":"noindex","follow":"follow"},"og_locale":"fr_FR","og_type":"article","og_title":"Plan du site | ASD Group Customs","og_description":"Plan du site ASD Group Customs : retrouvez ici toutes les pages de notre site et d\u00e9couvrez l\u2019int\u00e9gralit\u00e9 de nos services.","og_url":"https:\/\/asdgroupcustoms.com\/fr\/plan-du-site\/","og_site_name":"ASD Group Customs","article_publisher":"https:\/\/www.facebook.com\/asdgroupcustoms","article_modified_time":"2025-08-19T13:44:01+00:00","twitter_card":"summary_large_image","twitter_misc":{"Dur\u00e9e de lecture estim\u00e9e":"1 minute"},"schema":{"@context":"https:\/\/schema.org","@graph":[{"@type":"WebPage","@id":"https:\/\/asdgroupcustoms.com\/fr\/plan-du-site\/","url":"https:\/\/asdgroupcustoms.com\/fr\/plan-du-site\/","name":"Plan du site | ASD Group Customs","isPartOf":{"@id":"https:\/\/asdgroupcustoms.com\/fr\/#website"},"datePublished":"2025-08-05T13:25:04+00:00","dateModified":"2025-08-19T13:44:01+00:00","description":"Plan du site ASD Group Customs : retrouvez ici toutes les pages de notre site et d\u00e9couvrez l\u2019int\u00e9gralit\u00e9 de nos services.","breadcrumb":{"@id":"https:\/\/asdgroupcustoms.com\/fr\/plan-du-site\/#breadcrumb"},"inLanguage":"fr-FR","potentialAction":[{"@type":"ReadAction","target":["https:\/\/asdgroupcustoms.com\/fr\/plan-du-site\/"]}]},{"@type":"BreadcrumbList","@id":"https:\/\/asdgroupcustoms.com\/fr\/plan-du-site\/#breadcrumb","itemListElement":[{"@type":"ListItem","position":1,"name":"Accueil","item":"https:\/\/asdgroupcustoms.com\/fr\/"},{"@type":"ListItem","position":2,"name":"Plan du site"}]},{"@type":"WebSite","@id":"https:\/\/asdgroupcustoms.com\/fr\/#website","url":"https:\/\/asdgroupcustoms.com\/fr\/","name":"ASD Group Customs","description":"","publisher":{"@id":"https:\/\/asdgroupcustoms.com\/fr\/#organization"},"alternateName":"ASD Group Customs","potentialAction":[{"@type":"SearchAction","target":{"@type":"EntryPoint","urlTemplate":"https:\/\/asdgroupcustoms.com\/fr\/?s={search_term_string}"},"query-input":{"@type":"PropertyValueSpecification","valueRequired":true,"valueName":"search_term_string"}}],"inLanguage":"fr-FR"},{"@type":"Organization","@id":"https:\/\/asdgroupcustoms.com\/fr\/#organization","name":"ASD Group Customs","alternateName":"ASD Group Customs","url":"https:\/\/asdgroupcustoms.com\/fr\/","logo":{"@type":"ImageObject","inLanguage":"fr-FR","@id":"https:\/\/asdgroupcustoms.com\/fr\/#\/schema\/logo\/image\/","url":"https:\/\/asdgroupcustoms.com\/wp-content\/uploads\/2025\/04\/Logo-ASD_noir.svg","contentUrl":"https:\/\/asdgroupcustoms.com\/wp-content\/uploads\/2025\/04\/Logo-ASD_noir.svg","width":253,"height":172,"caption":"ASD Group Customs"},"image":{"@id":"https:\/\/asdgroupcustoms.com\/fr\/#\/schema\/logo\/image\/"},"sameAs":["https:\/\/www.facebook.com\/asdgroupcustoms","https:\/\/www.linkedin.com\/showcase\/asd-group-customs\/"]}]}},"_links":{"self":[{"href":"https:\/\/asdgroupcustoms.com\/fr\/wp-json\/wp\/v2\/pages\/200061","targetHints":{"allow":["GET"]}}],"collection":[{"href":"https:\/\/asdgroupcustoms.com\/fr\/wp-json\/wp\/v2\/pages"}],"about":[{"href":"https:\/\/asdgroupcustoms.com\/fr\/wp-json\/wp\/v2\/types\/page"}],"author":[{"embeddable":true,"href":"https:\/\/asdgroupcustoms.com\/fr\/wp-json\/wp\/v2\/users\/2"}],"replies":[{"embeddable":true,"href":"https:\/\/asdgroupcustoms.com\/fr\/wp-json\/wp\/v2\/comments?post=200061"}],"version-history":[{"count":15,"href":"https:\/\/asdgroupcustoms.com\/fr\/wp-json\/wp\/v2\/pages\/200061\/revisions"}],"predecessor-version":[{"id":200260,"href":"https:\/\/asdgroupcustoms.com\/fr\/wp-json\/wp\/v2\/pages\/200061\/revisions\/200260"}],"wp:attachment":[{"href":"https:\/\/asdgroupcustoms.com\/fr\/wp-json\/wp\/v2\/media?parent=200061"}],"curies":[{"name":"wp","href":"https:\/\/api.w.org\/{rel}","templated":true}]}}