{"id":200600,"date":"2025-08-19T10:52:57","date_gmt":"2025-08-19T08:52:57","guid":{"rendered":"https:\/\/asdgroupcustoms.com\/mentions-legales\/"},"modified":"2025-08-20T16:43:01","modified_gmt":"2025-08-20T14:43:01","slug":"mentions-legales","status":"publish","type":"page","link":"https:\/\/asdgroupcustoms.com\/fr\/mentions-legales\/","title":{"rendered":"Mentions l\u00e9gales"},"content":{"rendered":"\t\t<div data-elementor-type=\"wp-page\" data-elementor-id=\"200600\" class=\"elementor elementor-200600 elementor-200004\" data-elementor-post-type=\"page\">\n\t\t\t\t<div class=\"elementor-element elementor-element-57c9ca4 e-con-full e-flex e-con e-parent\" data-id=\"57c9ca4\" data-element_type=\"container\" data-e-type=\"container\" data-settings=\"{&quot;background_background&quot;:&quot;classic&quot;}\">\n\t\t<div class=\"elementor-element elementor-element-0f1b434 e-flex e-con-boxed e-con e-child\" data-id=\"0f1b434\" data-element_type=\"container\" data-e-type=\"container\">\n\t\t\t\t\t<div class=\"e-con-inner\">\n\t\t\t\t<div class=\"elementor-element elementor-element-bb84bec elementor-widget elementor-widget-heading\" data-id=\"bb84bec\" data-element_type=\"widget\" data-e-type=\"widget\" data-widget_type=\"heading.default\">\n\t\t\t\t<div class=\"elementor-widget-container\">\n\t\t\t\t\t<div class=\"elementor-heading-title elementor-size-default\">Mentions l\u00e9gales<\/div>\t\t\t\t<\/div>\n\t\t\t\t<\/div>\n\t\t\t\t\t<\/div>\n\t\t\t\t<\/div>\n\t\t\t\t<\/div>\n\t\t<div class=\"elementor-element elementor-element-93ba3d8 e-flex e-con-boxed e-con e-parent\" data-id=\"93ba3d8\" data-element_type=\"container\" data-e-type=\"container\">\n\t\t\t\t\t<div class=\"e-con-inner\">\n\t\t\t\t<div class=\"elementor-element elementor-element-4936eb0 elementor-widget elementor-widget-heading\" data-id=\"4936eb0\" data-element_type=\"widget\" data-e-type=\"widget\" data-widget_type=\"heading.default\">\n\t\t\t\t<div class=\"elementor-widget-container\">\n\t\t\t\t\t<h1 class=\"elementor-heading-title elementor-size-default\">Mentions l\u00e9gales<\/h1>\t\t\t\t<\/div>\n\t\t\t\t<\/div>\n\t\t\t\t<div class=\"elementor-element elementor-element-7179b74 elementor-widget elementor-widget-text-editor\" data-id=\"7179b74\" data-element_type=\"widget\" data-e-type=\"widget\" data-widget_type=\"text-editor.default\">\n\t\t\t\t<div class=\"elementor-widget-container\">\n\t\t\t\t\t\t\t\t\t<p><strong>Les informations apport\u00e9es ci-dessous concernent les sites internet <a href=\"http:\/\/www.asd-int.com\/\">www.asd-int.com<\/a>,\u00a0<a href=\"https:\/\/www.soposting-worker.com\/\">www.soposting-worker.com<\/a> et <a href=\"https:\/\/asdgroupcustoms.com\/fr\/\">www.asdgroupcustoms.com<\/a>.<\/strong><\/p>\n\t\t\t\t\t\t\t\t<\/div>\n\t\t\t\t<\/div>\n\t\t\t\t<div class=\"elementor-element elementor-element-518ee90 elementor-widget elementor-widget-heading\" data-id=\"518ee90\" data-element_type=\"widget\" data-e-type=\"widget\" data-widget_type=\"heading.default\">\n\t\t\t\t<div class=\"elementor-widget-container\">\n\t\t\t\t\t<h2 class=\"elementor-heading-title elementor-size-default\">IDENTIFICATION DE L\u2019\u00c9DITEUR ET DE L\u2019HERBERGEUR DES SITES INTERNET<\/h2>\t\t\t\t<\/div>\n\t\t\t\t<\/div>\n\t\t\t\t<div class=\"elementor-element elementor-element-a209e10 elementor-widget elementor-widget-text-editor\" data-id=\"a209e10\" data-element_type=\"widget\" data-e-type=\"widget\" data-widget_type=\"text-editor.default\">\n\t\t\t\t<div class=\"elementor-widget-container\">\n\t\t\t\t\t\t\t\t\t<p><strong>\u00c9diteur<\/strong>\u00a0:<\/p>\n<ul>\n<li>SARL ASD FRANCE<br \/>\n310 rue du Vallon, 06560 Valbonne \u2013 France<\/li>\n<li>Capital de 800.000 \u20ac<\/li>\n<li>Immatricul\u00e9e au RCS de GRASSE le 14\/02\/2000 sous le num\u00e9ro 429 463 342 \u2013 SIRET 429 463 342 00049 \u2013 Code APE : 8299Z<\/li>\n<li>N\u00b0 TVA intracommunautaire\u00a0: FR51429463342<\/li>\n<li>T\u00e9l\u00a0: +33 (0)4 92 38 08 05<\/li>\n<li>Adresse email :\u00a0<a href=\"mailto:contact@asd-int.com\">contact@asd-int.com<\/a><\/li>\n<\/ul>\n<p><strong>Responsable de la publication<\/strong>\u00a0:<\/p>\n<ul>\n<li>M. Didier DELANGUE<\/li>\n<\/ul>\n<p><strong>H\u00e9bergeur du site internet<\/strong>\u00a0:<\/p>\n<ul>\n<li data-stringify-indent=\"0\" data-stringify-border=\"0\">TAS FRANCE<\/li>\n<li data-stringify-indent=\"0\" data-stringify-border=\"0\">Adresse : 15 Traverse des Brucs, 06560 Valbonne, France<\/li>\n<li data-stringify-indent=\"0\" data-stringify-border=\"0\">SASU au capital de 500.000 euros<\/li>\n<li data-stringify-indent=\"0\" data-stringify-border=\"0\">SIRET : 38252554100076<\/li>\n<li data-stringify-indent=\"0\" data-stringify-border=\"0\">R.C.S. : Grasse B 382 525 541<\/li>\n<li data-stringify-indent=\"0\" data-stringify-border=\"0\">Num\u00e9ro TVA intracommunautaire : FR93382525541<\/li>\n<li data-stringify-indent=\"0\" data-stringify-border=\"0\">T\u00e9l\u00e9phone :\u00a0<a class=\"c-link\" href=\"tel:+33825563400\" target=\"_blank\" rel=\"noopener noreferrer\" data-stringify-link=\"tel:+33825563400\" data-sk=\"tooltip_parent\">+33 825 56 34 00<\/a><\/li>\n<li data-stringify-indent=\"0\" data-stringify-border=\"0\">Web :\u00a0<a class=\"c-link\" href=\"https:\/\/www.tascloudservices.fr\/\" target=\"_blank\" rel=\"noopener noreferrer\" data-stringify-link=\"https:\/\/www.tascloudservices.fr\/\" data-sk=\"tooltip_parent\">https:\/\/www.tascloudservices.fr\/<\/a><\/li>\n<\/ul>\n\t\t\t\t\t\t\t\t<\/div>\n\t\t\t\t<\/div>\n\t\t\t\t<div class=\"elementor-element elementor-element-65f5256 elementor-widget elementor-widget-heading\" data-id=\"65f5256\" data-element_type=\"widget\" data-e-type=\"widget\" data-widget_type=\"heading.default\">\n\t\t\t\t<div class=\"elementor-widget-container\">\n\t\t\t\t\t<h2 class=\"elementor-heading-title elementor-size-default\">DONN\u00c9ES PERSONNELLES<\/h2>\t\t\t\t<\/div>\n\t\t\t\t<\/div>\n\t\t\t\t<div class=\"elementor-element elementor-element-e41705f elementor-widget elementor-widget-text-editor\" data-id=\"e41705f\" data-element_type=\"widget\" data-e-type=\"widget\" data-widget_type=\"text-editor.default\">\n\t\t\t\t<div class=\"elementor-widget-container\">\n\t\t\t\t\t\t\t\t\t<p>Lorsque vous visitez simplement les sites internet www.asd-int.com,\u00a0 www.soposting-worker.com ou www.asdgroupcustoms.com vous n\u2019avez pas besoin de d\u00e9cliner votre identit\u00e9 ou fournir des informations personnelles vous concernant.<\/p>\n<p>Cependant, il est possible que nous vous demandions ce type d\u2019informations pour traiter une commande ou fournir un abonnement \u00e0 une newsletter par exemple.<\/p>\n<p>Vous pouvez consulter notre\u00a0<a href=\"https:\/\/asdgroupcustoms.com\/fr\/confidentialite-et-donnees-personnelles\/\">politique de confidentialit\u00e9 et de protection des donn\u00e9es personnelles<\/a>\u00a0pour obtenir plus de renseignements sur le sujet.<\/p>\n\t\t\t\t\t\t\t\t<\/div>\n\t\t\t\t<\/div>\n\t\t\t\t<div class=\"elementor-element elementor-element-8e93c30 elementor-widget elementor-widget-heading\" data-id=\"8e93c30\" data-element_type=\"widget\" data-e-type=\"widget\" data-widget_type=\"heading.default\">\n\t\t\t\t<div class=\"elementor-widget-container\">\n\t\t\t\t\t<h2 class=\"elementor-heading-title elementor-size-default\">PROPRI\u00c9T\u00c9 INTELLECTUELLE<\/h2>\t\t\t\t<\/div>\n\t\t\t\t<\/div>\n\t\t\t\t<div class=\"elementor-element elementor-element-3d269e4 elementor-widget elementor-widget-text-editor\" data-id=\"3d269e4\" data-element_type=\"widget\" data-e-type=\"widget\" data-widget_type=\"text-editor.default\">\n\t\t\t\t<div class=\"elementor-widget-container\">\n\t\t\t\t\t\t\t\t\t<p>L\u2019ensemble des \u00e9l\u00e9ments de propri\u00e9t\u00e9 intellectuelle pr\u00e9sent sur les sites internet www.asd-int.com, www.soposting-worker.com et www.asdgroupcustoms.com,<\/p>\n<p>y compris mais sans limitation, les logos, les textes, les marques, les vid\u00e9os, les photographies sont la propri\u00e9t\u00e9 de la soci\u00e9t\u00e9 ASD FRANCE et ne peuvent \u00eatre reproduits.<\/p>\n<p>L\u2019acc\u00e8s aux sites internet ne conf\u00e8re \u00e0 l\u2019utilisateur aucun droit sur les \u00e9l\u00e9ments de propri\u00e9t\u00e9 intellectuelle relatifs \u00e0 ces sites qui restent la propri\u00e9t\u00e9 exclusive d\u2019ASD FRANCE.<\/p>\n<p>Toute reproduction totale ou partielle, repr\u00e9sentation, modification, exploitation, transmission, publication, adaptation sur quelque support que ce soit, par quelque moyen que ce soit des droits de propri\u00e9t\u00e9 intellectuelle d\u2019ASD (entendu au sens large de toutes les soci\u00e9t\u00e9s du groupe ASD) sans autorisation pr\u00e9alable de la part d\u2019ASD et notamment, mais non exclusivement, de tout ou partie du nom, site internet et\/ou logo d\u2019ASD fera l\u2019objet d\u2019une\u00a0<strong>indemnit\u00e9 forfaitaire d\u2019un montant de QUINZE MILLE (15.000) EUROS.<\/strong><\/p>\n<p>L\u2019utilisateur du site internet s\u2019engage \u00e0 ne pas usurper le nom d\u2019une quelconque entit\u00e9 d\u2019ASD, le nom d\u2019un ou plusieurs dirigeant d\u2019ASD et\/ou l\u2019adresse postale d\u2019une entit\u00e9 d\u2019ASD sans leur consentement pr\u00e9alable dans tous documents administratifs utilis\u00e9s par le l\u2019utilisateur. A d\u00e9faut, le groupe ASD appliquera \u00e0 l\u2019utilisateur une\u00a0<strong>indemnit\u00e9 forfaitaire d\u2019un montant de QUINZE MILLE (15.000) EUROS.<\/strong><\/p>\n<p>Le groupe ASD ne peut \u00eatre tenu pour responsable de l\u2019utilisation frauduleuse ou incorrecte, faite par un tiers non autoris\u00e9, du nom ASD FRANCE, ou des filiales du groupe ASD, de toutes les informations, images, ic\u00f4nes, sons, vid\u00e9os, logiciels contenus sur les sites internet ou les documents officiels du groupe ASD.<\/p>\n\t\t\t\t\t\t\t\t<\/div>\n\t\t\t\t<\/div>\n\t\t\t\t<div class=\"elementor-element elementor-element-2de1b9e elementor-widget elementor-widget-heading\" data-id=\"2de1b9e\" data-element_type=\"widget\" data-e-type=\"widget\" data-widget_type=\"heading.default\">\n\t\t\t\t<div class=\"elementor-widget-container\">\n\t\t\t\t\t<h2 class=\"elementor-heading-title elementor-size-default\">CONDITIONS G\u00c9N\u00c9RALES DE VENTE (CGV)<\/h2>\t\t\t\t<\/div>\n\t\t\t\t<\/div>\n\t\t\t\t<div class=\"elementor-element elementor-element-10ceeb7 elementor-widget elementor-widget-text-editor\" data-id=\"10ceeb7\" data-element_type=\"widget\" data-e-type=\"widget\" data-widget_type=\"text-editor.default\">\n\t\t\t\t<div class=\"elementor-widget-container\">\n\t\t\t\t\t\t\t\t\t<p>Vous pouvez consulter nos\u00a0<a href=\"https:\/\/nc.asd-int.com\/s\/DJ3Q3oWDGkweiEP\">CGV<\/a>\u00a0pour toutes questions relatives \u00e0 la passation de commande sur le site\u00a0<a href=\"https:\/\/www.soposting-worker.com\/\">www.soposting-worker.com<\/a>.<\/p>\n\t\t\t\t\t\t\t\t<\/div>\n\t\t\t\t<\/div>\n\t\t\t\t\t<\/div>\n\t\t\t\t<\/div>\n\t\t\t\t<\/div>\n\t\t","protected":false},"excerpt":{"rendered":"<p>Mentions l\u00e9gales Mentions l\u00e9gales Les informations apport\u00e9es ci-dessous concernent les sites internet www.asd-int.com,\u00a0www.soposting-worker.com et www.asdgroupcustoms.com. IDENTIFICATION DE L\u2019\u00c9DITEUR ET DE L\u2019HERBERGEUR DES SITES INTERNET \u00c9diteur\u00a0: SARL ASD FRANCE 310 rue du Vallon, 06560 Valbonne \u2013 France Capital de 800.000 \u20ac Immatricul\u00e9e au RCS de GRASSE le 14\/02\/2000 sous le num\u00e9ro 429 463 342 \u2013 SIRET [&hellip;]<\/p>\n","protected":false},"author":2,"featured_media":0,"parent":0,"menu_order":0,"comment_status":"closed","ping_status":"closed","template":"elementor_header_footer","meta":{"_eb_attr":"","footnotes":""},"class_list":["post-200600","page","type-page","status-publish","hentry"],"yoast_head":"<!-- This site is optimized with the Yoast SEO plugin v27.4 - https:\/\/yoast.com\/product\/yoast-seo-wordpress\/ -->\n<title>Mentions l\u00e9gales | ASD Group Customs<\/title>\n<meta name=\"robots\" content=\"noindex, follow\" \/>\n<meta property=\"og:locale\" content=\"fr_FR\" \/>\n<meta property=\"og:type\" content=\"article\" \/>\n<meta property=\"og:title\" content=\"Mentions l\u00e9gales | ASD Group Customs\" \/>\n<meta property=\"og:description\" content=\"Mentions l\u00e9gales Mentions l\u00e9gales Les informations apport\u00e9es ci-dessous concernent les sites internet www.asd-int.com,\u00a0www.soposting-worker.com et www.asdgroupcustoms.com. IDENTIFICATION DE L\u2019\u00c9DITEUR ET DE L\u2019HERBERGEUR DES SITES INTERNET \u00c9diteur\u00a0: SARL ASD FRANCE 310 rue du Vallon, 06560 Valbonne \u2013 France Capital de 800.000 \u20ac Immatricul\u00e9e au RCS de GRASSE le 14\/02\/2000 sous le num\u00e9ro 429 463 342 \u2013 SIRET [&hellip;]\" \/>\n<meta property=\"og:url\" content=\"https:\/\/asdgroupcustoms.com\/fr\/mentions-legales\/\" \/>\n<meta property=\"og:site_name\" content=\"ASD Group Customs\" \/>\n<meta property=\"article:publisher\" content=\"https:\/\/www.facebook.com\/asdgroupcustoms\" \/>\n<meta property=\"article:modified_time\" content=\"2025-08-20T14:43:01+00:00\" \/>\n<meta name=\"twitter:card\" content=\"summary_large_image\" \/>\n<meta name=\"twitter:label1\" content=\"Dur\u00e9e de lecture estim\u00e9e\" \/>\n\t<meta name=\"twitter:data1\" content=\"3 minutes\" \/>\n<script type=\"application\/ld+json\" class=\"yoast-schema-graph\">{\"@context\":\"https:\\\/\\\/schema.org\",\"@graph\":[{\"@type\":\"WebPage\",\"@id\":\"https:\\\/\\\/asdgroupcustoms.com\\\/fr\\\/mentions-legales\\\/\",\"url\":\"https:\\\/\\\/asdgroupcustoms.com\\\/fr\\\/mentions-legales\\\/\",\"name\":\"Mentions l\u00e9gales | ASD Group Customs\",\"isPartOf\":{\"@id\":\"https:\\\/\\\/asdgroupcustoms.com\\\/fr\\\/#website\"},\"datePublished\":\"2025-08-19T08:52:57+00:00\",\"dateModified\":\"2025-08-20T14:43:01+00:00\",\"breadcrumb\":{\"@id\":\"https:\\\/\\\/asdgroupcustoms.com\\\/fr\\\/mentions-legales\\\/#breadcrumb\"},\"inLanguage\":\"fr-FR\",\"potentialAction\":[{\"@type\":\"ReadAction\",\"target\":[\"https:\\\/\\\/asdgroupcustoms.com\\\/fr\\\/mentions-legales\\\/\"]}]},{\"@type\":\"BreadcrumbList\",\"@id\":\"https:\\\/\\\/asdgroupcustoms.com\\\/fr\\\/mentions-legales\\\/#breadcrumb\",\"itemListElement\":[{\"@type\":\"ListItem\",\"position\":1,\"name\":\"Accueil\",\"item\":\"https:\\\/\\\/asdgroupcustoms.com\\\/fr\\\/\"},{\"@type\":\"ListItem\",\"position\":2,\"name\":\"Mentions l\u00e9gales\"}]},{\"@type\":\"WebSite\",\"@id\":\"https:\\\/\\\/asdgroupcustoms.com\\\/fr\\\/#website\",\"url\":\"https:\\\/\\\/asdgroupcustoms.com\\\/fr\\\/\",\"name\":\"ASD Group Customs\",\"description\":\"\",\"publisher\":{\"@id\":\"https:\\\/\\\/asdgroupcustoms.com\\\/fr\\\/#organization\"},\"alternateName\":\"ASD Group Customs\",\"potentialAction\":[{\"@type\":\"SearchAction\",\"target\":{\"@type\":\"EntryPoint\",\"urlTemplate\":\"https:\\\/\\\/asdgroupcustoms.com\\\/fr\\\/?s={search_term_string}\"},\"query-input\":{\"@type\":\"PropertyValueSpecification\",\"valueRequired\":true,\"valueName\":\"search_term_string\"}}],\"inLanguage\":\"fr-FR\"},{\"@type\":\"Organization\",\"@id\":\"https:\\\/\\\/asdgroupcustoms.com\\\/fr\\\/#organization\",\"name\":\"ASD Group Customs\",\"alternateName\":\"ASD Group Customs\",\"url\":\"https:\\\/\\\/asdgroupcustoms.com\\\/fr\\\/\",\"logo\":{\"@type\":\"ImageObject\",\"inLanguage\":\"fr-FR\",\"@id\":\"https:\\\/\\\/asdgroupcustoms.com\\\/fr\\\/#\\\/schema\\\/logo\\\/image\\\/\",\"url\":\"https:\\\/\\\/asdgroupcustoms.com\\\/wp-content\\\/uploads\\\/2025\\\/04\\\/Logo-ASD_noir.svg\",\"contentUrl\":\"https:\\\/\\\/asdgroupcustoms.com\\\/wp-content\\\/uploads\\\/2025\\\/04\\\/Logo-ASD_noir.svg\",\"width\":253,\"height\":172,\"caption\":\"ASD Group Customs\"},\"image\":{\"@id\":\"https:\\\/\\\/asdgroupcustoms.com\\\/fr\\\/#\\\/schema\\\/logo\\\/image\\\/\"},\"sameAs\":[\"https:\\\/\\\/www.facebook.com\\\/asdgroupcustoms\",\"https:\\\/\\\/www.linkedin.com\\\/showcase\\\/asd-group-customs\\\/\"]}]}<\/script>\n<!-- \/ Yoast SEO plugin. -->","yoast_head_json":{"title":"Mentions l\u00e9gales | ASD Group Customs","robots":{"index":"noindex","follow":"follow"},"og_locale":"fr_FR","og_type":"article","og_title":"Mentions l\u00e9gales | ASD Group Customs","og_description":"Mentions l\u00e9gales Mentions l\u00e9gales Les informations apport\u00e9es ci-dessous concernent les sites internet www.asd-int.com,\u00a0www.soposting-worker.com et www.asdgroupcustoms.com. IDENTIFICATION DE L\u2019\u00c9DITEUR ET DE L\u2019HERBERGEUR DES SITES INTERNET \u00c9diteur\u00a0: SARL ASD FRANCE 310 rue du Vallon, 06560 Valbonne \u2013 France Capital de 800.000 \u20ac Immatricul\u00e9e au RCS de GRASSE le 14\/02\/2000 sous le num\u00e9ro 429 463 342 \u2013 SIRET [&hellip;]","og_url":"https:\/\/asdgroupcustoms.com\/fr\/mentions-legales\/","og_site_name":"ASD Group Customs","article_publisher":"https:\/\/www.facebook.com\/asdgroupcustoms","article_modified_time":"2025-08-20T14:43:01+00:00","twitter_card":"summary_large_image","twitter_misc":{"Dur\u00e9e de lecture estim\u00e9e":"3 minutes"},"schema":{"@context":"https:\/\/schema.org","@graph":[{"@type":"WebPage","@id":"https:\/\/asdgroupcustoms.com\/fr\/mentions-legales\/","url":"https:\/\/asdgroupcustoms.com\/fr\/mentions-legales\/","name":"Mentions l\u00e9gales | ASD Group Customs","isPartOf":{"@id":"https:\/\/asdgroupcustoms.com\/fr\/#website"},"datePublished":"2025-08-19T08:52:57+00:00","dateModified":"2025-08-20T14:43:01+00:00","breadcrumb":{"@id":"https:\/\/asdgroupcustoms.com\/fr\/mentions-legales\/#breadcrumb"},"inLanguage":"fr-FR","potentialAction":[{"@type":"ReadAction","target":["https:\/\/asdgroupcustoms.com\/fr\/mentions-legales\/"]}]},{"@type":"BreadcrumbList","@id":"https:\/\/asdgroupcustoms.com\/fr\/mentions-legales\/#breadcrumb","itemListElement":[{"@type":"ListItem","position":1,"name":"Accueil","item":"https:\/\/asdgroupcustoms.com\/fr\/"},{"@type":"ListItem","position":2,"name":"Mentions l\u00e9gales"}]},{"@type":"WebSite","@id":"https:\/\/asdgroupcustoms.com\/fr\/#website","url":"https:\/\/asdgroupcustoms.com\/fr\/","name":"ASD Group Customs","description":"","publisher":{"@id":"https:\/\/asdgroupcustoms.com\/fr\/#organization"},"alternateName":"ASD Group Customs","potentialAction":[{"@type":"SearchAction","target":{"@type":"EntryPoint","urlTemplate":"https:\/\/asdgroupcustoms.com\/fr\/?s={search_term_string}"},"query-input":{"@type":"PropertyValueSpecification","valueRequired":true,"valueName":"search_term_string"}}],"inLanguage":"fr-FR"},{"@type":"Organization","@id":"https:\/\/asdgroupcustoms.com\/fr\/#organization","name":"ASD Group Customs","alternateName":"ASD Group Customs","url":"https:\/\/asdgroupcustoms.com\/fr\/","logo":{"@type":"ImageObject","inLanguage":"fr-FR","@id":"https:\/\/asdgroupcustoms.com\/fr\/#\/schema\/logo\/image\/","url":"https:\/\/asdgroupcustoms.com\/wp-content\/uploads\/2025\/04\/Logo-ASD_noir.svg","contentUrl":"https:\/\/asdgroupcustoms.com\/wp-content\/uploads\/2025\/04\/Logo-ASD_noir.svg","width":253,"height":172,"caption":"ASD Group Customs"},"image":{"@id":"https:\/\/asdgroupcustoms.com\/fr\/#\/schema\/logo\/image\/"},"sameAs":["https:\/\/www.facebook.com\/asdgroupcustoms","https:\/\/www.linkedin.com\/showcase\/asd-group-customs\/"]}]}},"_links":{"self":[{"href":"https:\/\/asdgroupcustoms.com\/fr\/wp-json\/wp\/v2\/pages\/200600","targetHints":{"allow":["GET"]}}],"collection":[{"href":"https:\/\/asdgroupcustoms.com\/fr\/wp-json\/wp\/v2\/pages"}],"about":[{"href":"https:\/\/asdgroupcustoms.com\/fr\/wp-json\/wp\/v2\/types\/page"}],"author":[{"embeddable":true,"href":"https:\/\/asdgroupcustoms.com\/fr\/wp-json\/wp\/v2\/users\/2"}],"replies":[{"embeddable":true,"href":"https:\/\/asdgroupcustoms.com\/fr\/wp-json\/wp\/v2\/comments?post=200600"}],"version-history":[{"count":9,"href":"https:\/\/asdgroupcustoms.com\/fr\/wp-json\/wp\/v2\/pages\/200600\/revisions"}],"predecessor-version":[{"id":200963,"href":"https:\/\/asdgroupcustoms.com\/fr\/wp-json\/wp\/v2\/pages\/200600\/revisions\/200963"}],"wp:attachment":[{"href":"https:\/\/asdgroupcustoms.com\/fr\/wp-json\/wp\/v2\/media?parent=200600"}],"curies":[{"name":"wp","href":"https:\/\/api.w.org\/{rel}","templated":true}]}}