{"id":200824,"date":"2025-08-19T14:29:46","date_gmt":"2025-08-19T12:29:46","guid":{"rendered":"https:\/\/asdgroupcustoms.com\/politique-dutilisation-des-cookies\/"},"modified":"2025-08-26T16:37:48","modified_gmt":"2025-08-26T14:37:48","slug":"utilisation-des-cookies","status":"publish","type":"page","link":"https:\/\/asdgroupcustoms.com\/fr\/utilisation-des-cookies\/","title":{"rendered":"Politique d&rsquo;utilisation des cookies"},"content":{"rendered":"\t\t<div data-elementor-type=\"wp-page\" data-elementor-id=\"200824\" class=\"elementor elementor-200824 elementor-200074\" data-elementor-post-type=\"page\">\n\t\t\t\t<div class=\"elementor-element elementor-element-1a92195 e-con-full e-flex e-con e-parent\" data-id=\"1a92195\" data-element_type=\"container\" data-e-type=\"container\" data-settings=\"{&quot;background_background&quot;:&quot;classic&quot;}\">\n\t\t<div class=\"elementor-element elementor-element-cda5adf e-flex e-con-boxed e-con e-child\" data-id=\"cda5adf\" data-element_type=\"container\" data-e-type=\"container\">\n\t\t\t\t\t<div class=\"e-con-inner\">\n\t\t\t\t<div class=\"elementor-element elementor-element-6f25137 elementor-widget elementor-widget-heading\" data-id=\"6f25137\" data-element_type=\"widget\" data-e-type=\"widget\" data-widget_type=\"heading.default\">\n\t\t\t\t<div class=\"elementor-widget-container\">\n\t\t\t\t\t<div class=\"elementor-heading-title elementor-size-default\">Politique d'utilisation des cookies<\/div>\t\t\t\t<\/div>\n\t\t\t\t<\/div>\n\t\t\t\t\t<\/div>\n\t\t\t\t<\/div>\n\t\t\t\t<\/div>\n\t\t<div class=\"elementor-element elementor-element-a14c76c privacy e-flex e-con-boxed e-con e-parent\" data-id=\"a14c76c\" data-element_type=\"container\" data-e-type=\"container\">\n\t\t\t\t\t<div class=\"e-con-inner\">\n\t\t\t\t<div class=\"elementor-element elementor-element-0bd7940 elementor-widget elementor-widget-heading\" data-id=\"0bd7940\" data-element_type=\"widget\" data-e-type=\"widget\" data-widget_type=\"heading.default\">\n\t\t\t\t<div class=\"elementor-widget-container\">\n\t\t\t\t\t<h1 class=\"elementor-heading-title elementor-size-default\">POLITIQUE D'UTILISATION DES BUDGETS<\/h1>\t\t\t\t<\/div>\n\t\t\t\t<\/div>\n\t\t\t\t<div class=\"elementor-element elementor-element-d61444f elementor-widget elementor-widget-text-editor\" data-id=\"d61444f\" data-element_type=\"widget\" data-e-type=\"widget\" data-widget_type=\"text-editor.default\">\n\t\t\t\t<div class=\"elementor-widget-container\">\n\t\t\t\t\t\t\t\t\t<p><em>Cette politique d\u2019utilisation des cookies a \u00e9t\u00e9 mise \u00e0 jour le 06 novembre 2019.<\/em><\/p>\n<p>La pr\u00e9sente politique d\u2019utilisation des cookies est applicable lors de la consultation de l\u2019ensemble des sites d\u2019ASD, <a href=\"http:\/\/www.asd-int.com\/\">www.asd-int.com<\/a>,\u00a0<a href=\"https:\/\/www.soposting-worker.com\/\">www.soposting-worker.com<\/a> et <a style=\"background-color: #ffffff; color: #a34740;\" href=\"https:\/\/asdgroupcustoms.com\/fr\/\">www.asdgroupcustoms.com<\/a> (ci-apr\u00e8s \u00ab\u00a0les Sites Internet\u00a0\u00bb). Cette pr\u00e9sente politique d\u2019utilisation des cookies a pour objectif de vous informer en toute transparence sur ce que sont les cookies, comment ils nous sont utiles et comment les g\u00e9rer.<\/p>\n\t\t\t\t\t\t\t\t<\/div>\n\t\t\t\t<\/div>\n\t\t\t\t<div class=\"elementor-element elementor-element-67fcd15 elementor-widget elementor-widget-heading\" data-id=\"67fcd15\" data-element_type=\"widget\" data-e-type=\"widget\" data-widget_type=\"heading.default\">\n\t\t\t\t<div class=\"elementor-widget-container\">\n\t\t\t\t\t<h2 class=\"elementor-heading-title elementor-size-default\">Qu\u2019est-ce qu\u2019un cookie ?<\/h2>\t\t\t\t<\/div>\n\t\t\t\t<\/div>\n\t\t\t\t<div class=\"elementor-element elementor-element-682af5b elementor-widget elementor-widget-text-editor\" data-id=\"682af5b\" data-element_type=\"widget\" data-e-type=\"widget\" data-widget_type=\"text-editor.default\">\n\t\t\t\t<div class=\"elementor-widget-container\">\n\t\t\t\t\t\t\t\t\t<p>Un cookie est un fichier d\u00e9pos\u00e9 sur le disque dur de l\u2019ordinateur de l\u2019internaute par le serveur du site visit\u00e9 ou par un serveur tiers (partenaire, r\u00e9gie publicitaire\u2026). Lors de votre premi\u00e8re visite sur les Sites Internet, vous \u00eates inform\u00e9 par un bandeau que si vous poursuivez la navigation, vous acceptez l\u2019installation de ces cookies sur votre \u00e9quipement. Un cookie sera install\u00e9 pour se souvenir de votre choix. Notez cependant que si vous supprimez ce cookie votre consentement sera de nouveau demand\u00e9 los de votre prochaine visite. Vous pourrez \u00e0 tout moment revenir sur votre choix par les diff\u00e9rents moyens d\u00e9crits dans la section \u00ab\u00a0Gestion des cookies\u00a0\u00bb plus bas.<\/p>\n\t\t\t\t\t\t\t\t<\/div>\n\t\t\t\t<\/div>\n\t\t\t\t<div class=\"elementor-element elementor-element-004a6a1 elementor-widget elementor-widget-heading\" data-id=\"004a6a1\" data-element_type=\"widget\" data-e-type=\"widget\" data-widget_type=\"heading.default\">\n\t\t\t\t<div class=\"elementor-widget-container\">\n\t\t\t\t\t<h2 class=\"elementor-heading-title elementor-size-default\">\u00c0 quoi servent les cookies ?<\/h2>\t\t\t\t<\/div>\n\t\t\t\t<\/div>\n\t\t\t\t<div class=\"elementor-element elementor-element-07c63ed elementor-widget elementor-widget-text-editor\" data-id=\"07c63ed\" data-element_type=\"widget\" data-e-type=\"widget\" data-widget_type=\"text-editor.default\">\n\t\t\t\t<div class=\"elementor-widget-container\">\n\t\t\t\t\t\t\t\t\t<p>Les cookies permettent \u00e0 leur \u00e9metteur d\u2019identifier les services et rubriques utilis\u00e9s par l\u2019internaute lors de sa navigation sur les Sites internet, et plus g\u00e9n\u00e9ralement son comportement en mati\u00e8re de visites, pour lui fournir des services personnalis\u00e9s. Lors de la consultation des Sites internet, des cookies peuvent \u00eatre d\u00e9pos\u00e9s sur votre ordinateur. Ces cookies permettent de collecter des informations pour r\u00e9aliser des statistiques de visite afin d\u2019am\u00e9liorer votre exp\u00e9rience utilisateur sur nos Site Internet. Aussi, certaines fonctionnalit\u00e9s de nos Sites Internet (partage de contenus sur les r\u00e9seaux sociaux, lecture directe de vid\u00e9os) s\u2019appuient sur des services propos\u00e9s par des sites tiers. Ces fonctionnalit\u00e9s d\u00e9posent des cookies permettant notamment a\u0300 ces sites tiers de tracer votre navigation. Plus concr\u00e8tement, les cookies permettent d\u2019am\u00e9liorer votre exp\u00e9rience de navigation en sauvegardant par exemple vos identifiants pour les utiliser lors d\u2019une prochaine visite, vos pr\u00e9f\u00e9rences de langage, etc. Les cookies peuvent \u00e9galement permettre d\u2019enregistrer vos habitudes de navigation pour vous proposer des publicit\u00e9s mieux cibl\u00e9es ou encore mesurer les audiences de certains services. Les cookies sont conserv\u00e9s pour une\u00a0<strong>dur\u00e9e maximale de treize mois<\/strong>\u00a0\u00e0 compter de leur d\u00e9p\u00f4t sur votre terminal. A l\u2019expiration de ce d\u00e9lai (ou si vous avez supprim\u00e9 manuellement vos cookies), votre consentement pour le d\u00e9p\u00f4t et\/ou la lecture de cookies sera \u00e0 nouveau requis.<\/p>\n\t\t\t\t\t\t\t\t<\/div>\n\t\t\t\t<\/div>\n\t\t\t\t<div class=\"elementor-element elementor-element-bcea4d7 elementor-widget elementor-widget-heading\" data-id=\"bcea4d7\" data-element_type=\"widget\" data-e-type=\"widget\" data-widget_type=\"heading.default\">\n\t\t\t\t<div class=\"elementor-widget-container\">\n\t\t\t\t\t<h2 class=\"elementor-heading-title elementor-size-default\">Qui \u00e9crit des cookies sur votre ordinateur ?<\/h2>\t\t\t\t<\/div>\n\t\t\t\t<\/div>\n\t\t\t\t<div class=\"elementor-element elementor-element-e83c2ca elementor-widget elementor-widget-text-editor\" data-id=\"e83c2ca\" data-element_type=\"widget\" data-e-type=\"widget\" data-widget_type=\"text-editor.default\">\n\t\t\t\t<div class=\"elementor-widget-container\">\n\t\t\t\t\t\t\t\t\t<p>Les cookies plac\u00e9s sur votre terminal depuis les Sites Internet peuvent \u00eatre d\u00e9pos\u00e9s par les soci\u00e9t\u00e9s du groupe ASD ou des tiers. Les cookies d\u00e9pos\u00e9s par ASD sont principalement li\u00e9s au fonctionnement des Sites Internet. Les autres cookies sont d\u00e9pos\u00e9s par des tiers (par des partenaires ou via des r\u00e9gies publicitaires). Il s\u2019agit des cookies d\u00e9pos\u00e9s par des soci\u00e9t\u00e9s tierces comme par exemple Facebook, Twitter, Google. L\u2019\u00e9mission et l\u2019utilisation de cookies par des tiers, sont soumises aux \u00ab\u00a0politiques cookies \u00bb de ces tiers que nous vous recommandons d\u2019aller consulter directement sur leur sites internet. Seul l\u2019\u00e9metteur d\u2019un cookie est susceptible de lire ou de modifier les informations qui y sont contenues.<\/p>\n\t\t\t\t\t\t\t\t<\/div>\n\t\t\t\t<\/div>\n\t\t\t\t<div class=\"elementor-element elementor-element-057ff6a elementor-widget elementor-widget-heading\" data-id=\"057ff6a\" data-element_type=\"widget\" data-e-type=\"widget\" data-widget_type=\"heading.default\">\n\t\t\t\t<div class=\"elementor-widget-container\">\n\t\t\t\t\t<h2 class=\"elementor-heading-title elementor-size-default\">Types de cookies d\u00e9pos\u00e9s sur les Sites internet<\/h2>\t\t\t\t<\/div>\n\t\t\t\t<\/div>\n\t\t\t\t<div class=\"elementor-element elementor-element-a0dd449 elementor-widget elementor-widget-text-editor\" data-id=\"a0dd449\" data-element_type=\"widget\" data-e-type=\"widget\" data-widget_type=\"text-editor.default\">\n\t\t\t\t<div class=\"elementor-widget-container\">\n\t\t\t\t\t\t\t\t\t<p>Les types de cookies que nous d\u00e9posons sur votre terminal sont statistiques afin d\u2019adapter nos Sites Internet aux demandes de nos visiteurs. Nous mesurons ainsi le nombre de visites, le nombre de pages consult\u00e9es ainsi que l\u2019activit\u00e9 des visiteurs sur les Sites et leur fr\u00e9quence de retour. Ces cookies permettent d\u2019\u00e9tablir des statistiques d\u2019analyse de la fr\u00e9quentation \u00e0 partir desquelles les contenus de nos Sites sont am\u00e9lior\u00e9s en fonction du succ\u00e8s rencontr\u00e9 par telle ou telle page aupr\u00e8s de nos visiteurs. Les cookies peuvent \u00e9galement permettre de m\u00e9moriser diff\u00e9rents \u00e9l\u00e9ments et notamment vos pr\u00e9f\u00e9rences d\u2019utilisation et vos param\u00e8tres d\u2019affichage que vous utilisez afin de faciliter votre navigation lors de votre prochaine visite sur nos Sites Internet.<\/p>\n\t\t\t\t\t\t\t\t<\/div>\n\t\t\t\t<\/div>\n\t\t\t\t<div class=\"elementor-element elementor-element-279fed0 elementor-widget elementor-widget-heading\" data-id=\"279fed0\" data-element_type=\"widget\" data-e-type=\"widget\" data-widget_type=\"heading.default\">\n\t\t\t\t<div class=\"elementor-widget-container\">\n\t\t\t\t\t<h2 class=\"elementor-heading-title elementor-size-default\">Gestion des cookies<\/h2>\t\t\t\t<\/div>\n\t\t\t\t<\/div>\n\t\t\t\t<div class=\"elementor-element elementor-element-4b80ff9 elementor-widget elementor-widget-text-editor\" data-id=\"4b80ff9\" data-element_type=\"widget\" data-e-type=\"widget\" data-widget_type=\"text-editor.default\">\n\t\t\t\t<div class=\"elementor-widget-container\">\n\t\t\t\t\t\t\t\t\t<p>Plusieurs options vous sont propos\u00e9es pour g\u00e9rer les cookies. Vous avez le choix entre permettre l\u2019enregistrement des cookies sur votre ordinateur ou, au contraire, les rejeter, syst\u00e9matiquement ou selon l\u2019\u00e9metteur. Le param\u00e9trage que vous aurez choisi d\u2019appliquer est susceptible de modifier vos conditions d\u2019acc\u00e8s \u00e0 nos services n\u00e9cessitant l\u2019utilisation de cookies. Vous pouvez faire le choix, \u00e0 tout moment et gratuitement, d\u2019exprimer et de modifier vos souhaits en mati\u00e8re de cookies, par les moyens d\u00e9crits ci-dessous.<\/p>\n<p>&nbsp;<\/p>\n<h3 class=\"wp-block-heading\"><strong><u>Param\u00e9trer votre navigateur<\/u>\u00a0:<\/strong><\/h3>\n<p>Vous pouvez g\u00e9rer vos cookies dans les param\u00e8tres de confidentialit\u00e9 du navigateur que vous utilisez. Cependant, la suppression des cookies de votre navigateur peut annuler les pr\u00e9f\u00e9rences que vous avez d\u00e9finies en utilisant nos Sites Internet, vous devriez donc consulter cette page p\u00e9riodiquement pour revoir vos pr\u00e9f\u00e9rences. Pour la gestion des cookies et de vos choix, la configuration de chaque navigateur est diff\u00e9rente. Elle est d\u00e9crite dans le menu d\u2019aide de votre navigateur qui vous permettra de savoir de quelle mani\u00e8re modifier vos souhaits en mati\u00e8re de cookies. Vous trouverez des informations sur la mani\u00e8re de refuser et de supprimer ces cookies selon votre navigateur en suivant ce lien\u00a0<a href=\"https:\/\/cookies.insites.com\/disable-cookies\/\">https:\/\/cookies.insites.com\/disable-cookies\/<\/a>\u00a0ou en vous rendant sur les liens suivants en fonction de votre navigateur\u00a0:<\/p>\n<figure class=\"wp-block-table\">\n<table>\n<tbody>\n<tr>\n<td>Safari<\/td>\n<td><a href=\"https:\/\/www.apple.com\/legal\/privacy\/fr-ww\/cookies\/\">https:\/\/www.apple.com\/legal\/privacy\/fr-ww\/cookies\/<\/a><\/td>\n<\/tr>\n<tr>\n<td>Chrome<\/td>\n<td><a href=\"https:\/\/support.google.com\/chrome\/answer\/95647?hl=fr&amp;hlrm=fr\">https:\/\/support.google.com\/chrome\/answer\/95647?hl=fr&amp;hlrm=fr<\/a><\/td>\n<\/tr>\n<tr>\n<td>Internet Explorer<\/td>\n<td><a href=\"http:\/\/windows.microsoft.com\/fr-FR\/windows-vista\/Block-or-allow-cookies\">http:\/\/windows.microsoft.com\/fr-FR\/windows-vista\/Block-or-allow-cookies<\/a><\/td>\n<\/tr>\n<tr>\n<td>FireFox<\/td>\n<td><a href=\"https:\/\/support.mozilla.org\/fr\/kb\/activer-desactiver-cookies?redirectlocale=fr&amp;redirectslug=Activer+et+d%C3%A9sactiver+les+cookies\">https:\/\/support.mozilla.org\/fr\/kb\/activer-desactiver-cookies?redirectlocale=fr&amp;redirectslug=Activer+et+d%C3%A9sactiver+les+cookies<\/a><\/td>\n<\/tr>\n<\/tbody>\n<\/table>\n<\/figure>\n<p><\/p>\n<h3><\/h3>\n<p><\/p>\n<h3 class=\"wp-block-heading\"><strong><u>Refuser les cookies<\/u><\/strong>\u00a0:<\/h3>\n<p>L\u2019enregistrement d\u2019un cookie sur un terminal est essentiellement subordonne\u0301 a\u0300 la volonte\u0301 de l\u2019utilisateur du terminal. Vous pouvez a\u0300 tout moment supprimer et refuser les cookies sur ce terminal. Si vous refusez l\u2019enregistrement de cookies dans votre terminal, ou si vous supprimez ceux qui y sont enregistr\u00e9s, vous ne pourrez plus b\u00e9n\u00e9ficier d\u2019un certain nombre de fonctionnalit\u00e9s n\u00e9cessaires pour naviguer dans certains espaces de nos Sites Internet. Tel serait le cas si vous tentiez d\u2019acc\u00e9der \u00e0 nos contenus ou services qui n\u00e9cessitent de vous identifier ou lorsque nous -ou nos prestataires- ne pourrions pas reconna\u00eetre, \u00e0 des fins de compatibilit\u00e9 technique, le type de navigateur utilis\u00e9 par votre terminal, ses param\u00e8tres de langue et d\u2019affichage ou le pays depuis lequel votre terminal semble connect\u00e9 \u00e0 Internet. Le cas \u00e9ch\u00e9ant, nous d\u00e9clinons toute responsabilit\u00e9 pour les cons\u00e9quences li\u00e9es au fonctionnement d\u00e9grad\u00e9 de nos services r\u00e9sultant de l\u2019impossibilit\u00e9 pour nous d\u2019enregistrer ou de consulter les cookies n\u00e9cessaires \u00e0 leur fonctionnement et que vous auriez refus\u00e9s ou supprim\u00e9s. Il est important de noter que le fait d\u2019emp\u00eacher le d\u00e9p\u00f4t de cookie sur votre terminal ne signifie pas que vous ne recevrez plus de publicit\u00e9. Cela signifie seulement que la publicit\u00e9 qui s\u2019affichera sur les Sites Internet ne correspondra plus \u00e0 vos centres d\u2019int\u00e9r\u00eats ou \u00e0 vos pr\u00e9f\u00e9rences sur le navigateur web que vous utilisez actuellement. Par ailleurs, si votre terminal est utilis\u00e9 par plusieurs personnes ou comporte plusieurs navigateurs Internet, il est possible que certains de vos choix\u00a0 en mati\u00e8re de cookie ne soient pas pris en compte de mani\u00e8re permanente, soit parce que vous avez utilis\u00e9 un autre navigateur, soit parce qu\u2019un tiers a modifi\u00e9 les param\u00e8tres de votre navigateur. Nous ne sommes pas en mesure de pr\u00e9venir ces \u00e9l\u00e9ments ext\u00e9rieurs et ni de garantir la p\u00e9rennit\u00e9 des choix que vous avez initialement exprim\u00e9s.<\/p>\n<p>&nbsp;<\/p>\n<h3 class=\"wp-block-heading\"><strong>Pour plus d\u2019informations sur nos engagements :<\/strong><\/h3>\n<p>Notre politique de confidentialit\u00e9 et de protection des donn\u00e9es personnelles des Sites Internet\u00a0:\u00a0<a href=\"https:\/\/asdgroupcustoms.com\/fr\/confidentialite-et-donnees-personnelles\/\">cliquez ici<\/a>. Nos conditions g\u00e9n\u00e9rales de vente pour les services propos\u00e9s sur le site\u00a0<a href=\"http:\/\/www.soposting-worker.com\/\">www.soposting-worker.com<\/a>:\u00a0<a href=\"https:\/\/nc.asd-int.com\/s\/DJ3Q3oWDGkweiEP\">cliquez ici<\/a>.<\/p>\n\t\t\t\t\t\t\t\t<\/div>\n\t\t\t\t<\/div>\n\t\t\t\t\t<\/div>\n\t\t\t\t<\/div>\n\t\t\t\t<\/div>\n\t\t","protected":false},"excerpt":{"rendered":"<p>Politique d&rsquo;utilisation des cookies POLITIQUE D&rsquo;UTILISATION DES BUDGETS Cette politique d\u2019utilisation des cookies a \u00e9t\u00e9 mise \u00e0 jour le 06 novembre 2019. La pr\u00e9sente politique d\u2019utilisation des cookies est applicable lors de la consultation de l\u2019ensemble des sites d\u2019ASD, www.asd-int.com,\u00a0www.soposting-worker.com et www.asdgroupcustoms.com (ci-apr\u00e8s \u00ab\u00a0les Sites Internet\u00a0\u00bb). Cette pr\u00e9sente politique d\u2019utilisation des cookies a pour objectif [&hellip;]<\/p>\n","protected":false},"author":2,"featured_media":0,"parent":0,"menu_order":0,"comment_status":"closed","ping_status":"closed","template":"","meta":{"_eb_attr":"","footnotes":""},"class_list":["post-200824","page","type-page","status-publish","hentry"],"yoast_head":"<!-- This site is optimized with the Yoast SEO plugin v27.3 - https:\/\/yoast.com\/product\/yoast-seo-wordpress\/ -->\n<title>Politique d&#039;utilisation des cookies | ASD Group Customs<\/title>\n<meta name=\"robots\" content=\"noindex, follow\" \/>\n<meta property=\"og:locale\" content=\"fr_FR\" \/>\n<meta property=\"og:type\" content=\"article\" \/>\n<meta property=\"og:title\" content=\"Politique d&#039;utilisation des cookies | ASD Group Customs\" \/>\n<meta property=\"og:description\" content=\"Politique d&rsquo;utilisation des cookies POLITIQUE D&rsquo;UTILISATION DES BUDGETS Cette politique d\u2019utilisation des cookies a \u00e9t\u00e9 mise \u00e0 jour le 06 novembre 2019. La pr\u00e9sente politique d\u2019utilisation des cookies est applicable lors de la consultation de l\u2019ensemble des sites d\u2019ASD, www.asd-int.com,\u00a0www.soposting-worker.com et www.asdgroupcustoms.com (ci-apr\u00e8s \u00ab\u00a0les Sites Internet\u00a0\u00bb). Cette pr\u00e9sente politique d\u2019utilisation des cookies a pour objectif [&hellip;]\" \/>\n<meta property=\"og:url\" content=\"https:\/\/asdgroupcustoms.com\/fr\/utilisation-des-cookies\/\" \/>\n<meta property=\"og:site_name\" content=\"ASD Group Customs\" \/>\n<meta property=\"article:publisher\" content=\"https:\/\/www.facebook.com\/asdgroupcustoms\" \/>\n<meta property=\"article:modified_time\" content=\"2025-08-26T14:37:48+00:00\" \/>\n<meta name=\"twitter:card\" content=\"summary_large_image\" \/>\n<meta name=\"twitter:label1\" content=\"Dur\u00e9e de lecture estim\u00e9e\" \/>\n\t<meta name=\"twitter:data1\" content=\"7 minutes\" \/>\n<script type=\"application\/ld+json\" class=\"yoast-schema-graph\">{\"@context\":\"https:\\\/\\\/schema.org\",\"@graph\":[{\"@type\":\"WebPage\",\"@id\":\"https:\\\/\\\/asdgroupcustoms.com\\\/fr\\\/utilisation-des-cookies\\\/\",\"url\":\"https:\\\/\\\/asdgroupcustoms.com\\\/fr\\\/utilisation-des-cookies\\\/\",\"name\":\"Politique d'utilisation des cookies | ASD Group Customs\",\"isPartOf\":{\"@id\":\"https:\\\/\\\/asdgroupcustoms.com\\\/fr\\\/#website\"},\"datePublished\":\"2025-08-19T12:29:46+00:00\",\"dateModified\":\"2025-08-26T14:37:48+00:00\",\"breadcrumb\":{\"@id\":\"https:\\\/\\\/asdgroupcustoms.com\\\/fr\\\/utilisation-des-cookies\\\/#breadcrumb\"},\"inLanguage\":\"fr-FR\",\"potentialAction\":[{\"@type\":\"ReadAction\",\"target\":[\"https:\\\/\\\/asdgroupcustoms.com\\\/fr\\\/utilisation-des-cookies\\\/\"]}]},{\"@type\":\"BreadcrumbList\",\"@id\":\"https:\\\/\\\/asdgroupcustoms.com\\\/fr\\\/utilisation-des-cookies\\\/#breadcrumb\",\"itemListElement\":[{\"@type\":\"ListItem\",\"position\":1,\"name\":\"Accueil\",\"item\":\"https:\\\/\\\/asdgroupcustoms.com\\\/fr\\\/\"},{\"@type\":\"ListItem\",\"position\":2,\"name\":\"Politique d&rsquo;utilisation des cookies\"}]},{\"@type\":\"WebSite\",\"@id\":\"https:\\\/\\\/asdgroupcustoms.com\\\/fr\\\/#website\",\"url\":\"https:\\\/\\\/asdgroupcustoms.com\\\/fr\\\/\",\"name\":\"ASD Group Customs\",\"description\":\"\",\"publisher\":{\"@id\":\"https:\\\/\\\/asdgroupcustoms.com\\\/fr\\\/#organization\"},\"alternateName\":\"ASD Group Customs\",\"potentialAction\":[{\"@type\":\"SearchAction\",\"target\":{\"@type\":\"EntryPoint\",\"urlTemplate\":\"https:\\\/\\\/asdgroupcustoms.com\\\/fr\\\/?s={search_term_string}\"},\"query-input\":{\"@type\":\"PropertyValueSpecification\",\"valueRequired\":true,\"valueName\":\"search_term_string\"}}],\"inLanguage\":\"fr-FR\"},{\"@type\":\"Organization\",\"@id\":\"https:\\\/\\\/asdgroupcustoms.com\\\/fr\\\/#organization\",\"name\":\"ASD Group Customs\",\"alternateName\":\"ASD Group Customs\",\"url\":\"https:\\\/\\\/asdgroupcustoms.com\\\/fr\\\/\",\"logo\":{\"@type\":\"ImageObject\",\"inLanguage\":\"fr-FR\",\"@id\":\"https:\\\/\\\/asdgroupcustoms.com\\\/fr\\\/#\\\/schema\\\/logo\\\/image\\\/\",\"url\":\"https:\\\/\\\/asdgroupcustoms.com\\\/wp-content\\\/uploads\\\/2025\\\/04\\\/Logo-ASD_noir.svg\",\"contentUrl\":\"https:\\\/\\\/asdgroupcustoms.com\\\/wp-content\\\/uploads\\\/2025\\\/04\\\/Logo-ASD_noir.svg\",\"width\":253,\"height\":172,\"caption\":\"ASD Group Customs\"},\"image\":{\"@id\":\"https:\\\/\\\/asdgroupcustoms.com\\\/fr\\\/#\\\/schema\\\/logo\\\/image\\\/\"},\"sameAs\":[\"https:\\\/\\\/www.facebook.com\\\/asdgroupcustoms\",\"https:\\\/\\\/www.linkedin.com\\\/showcase\\\/asd-group-customs\\\/\"]}]}<\/script>\n<!-- \/ Yoast SEO plugin. -->","yoast_head_json":{"title":"Politique d'utilisation des cookies | ASD Group Customs","robots":{"index":"noindex","follow":"follow"},"og_locale":"fr_FR","og_type":"article","og_title":"Politique d'utilisation des cookies | ASD Group Customs","og_description":"Politique d&rsquo;utilisation des cookies POLITIQUE D&rsquo;UTILISATION DES BUDGETS Cette politique d\u2019utilisation des cookies a \u00e9t\u00e9 mise \u00e0 jour le 06 novembre 2019. La pr\u00e9sente politique d\u2019utilisation des cookies est applicable lors de la consultation de l\u2019ensemble des sites d\u2019ASD, www.asd-int.com,\u00a0www.soposting-worker.com et www.asdgroupcustoms.com (ci-apr\u00e8s \u00ab\u00a0les Sites Internet\u00a0\u00bb). Cette pr\u00e9sente politique d\u2019utilisation des cookies a pour objectif [&hellip;]","og_url":"https:\/\/asdgroupcustoms.com\/fr\/utilisation-des-cookies\/","og_site_name":"ASD Group Customs","article_publisher":"https:\/\/www.facebook.com\/asdgroupcustoms","article_modified_time":"2025-08-26T14:37:48+00:00","twitter_card":"summary_large_image","twitter_misc":{"Dur\u00e9e de lecture estim\u00e9e":"7 minutes"},"schema":{"@context":"https:\/\/schema.org","@graph":[{"@type":"WebPage","@id":"https:\/\/asdgroupcustoms.com\/fr\/utilisation-des-cookies\/","url":"https:\/\/asdgroupcustoms.com\/fr\/utilisation-des-cookies\/","name":"Politique d'utilisation des cookies | ASD Group Customs","isPartOf":{"@id":"https:\/\/asdgroupcustoms.com\/fr\/#website"},"datePublished":"2025-08-19T12:29:46+00:00","dateModified":"2025-08-26T14:37:48+00:00","breadcrumb":{"@id":"https:\/\/asdgroupcustoms.com\/fr\/utilisation-des-cookies\/#breadcrumb"},"inLanguage":"fr-FR","potentialAction":[{"@type":"ReadAction","target":["https:\/\/asdgroupcustoms.com\/fr\/utilisation-des-cookies\/"]}]},{"@type":"BreadcrumbList","@id":"https:\/\/asdgroupcustoms.com\/fr\/utilisation-des-cookies\/#breadcrumb","itemListElement":[{"@type":"ListItem","position":1,"name":"Accueil","item":"https:\/\/asdgroupcustoms.com\/fr\/"},{"@type":"ListItem","position":2,"name":"Politique d&rsquo;utilisation des cookies"}]},{"@type":"WebSite","@id":"https:\/\/asdgroupcustoms.com\/fr\/#website","url":"https:\/\/asdgroupcustoms.com\/fr\/","name":"ASD Group Customs","description":"","publisher":{"@id":"https:\/\/asdgroupcustoms.com\/fr\/#organization"},"alternateName":"ASD Group Customs","potentialAction":[{"@type":"SearchAction","target":{"@type":"EntryPoint","urlTemplate":"https:\/\/asdgroupcustoms.com\/fr\/?s={search_term_string}"},"query-input":{"@type":"PropertyValueSpecification","valueRequired":true,"valueName":"search_term_string"}}],"inLanguage":"fr-FR"},{"@type":"Organization","@id":"https:\/\/asdgroupcustoms.com\/fr\/#organization","name":"ASD Group Customs","alternateName":"ASD Group Customs","url":"https:\/\/asdgroupcustoms.com\/fr\/","logo":{"@type":"ImageObject","inLanguage":"fr-FR","@id":"https:\/\/asdgroupcustoms.com\/fr\/#\/schema\/logo\/image\/","url":"https:\/\/asdgroupcustoms.com\/wp-content\/uploads\/2025\/04\/Logo-ASD_noir.svg","contentUrl":"https:\/\/asdgroupcustoms.com\/wp-content\/uploads\/2025\/04\/Logo-ASD_noir.svg","width":253,"height":172,"caption":"ASD Group Customs"},"image":{"@id":"https:\/\/asdgroupcustoms.com\/fr\/#\/schema\/logo\/image\/"},"sameAs":["https:\/\/www.facebook.com\/asdgroupcustoms","https:\/\/www.linkedin.com\/showcase\/asd-group-customs\/"]}]}},"_links":{"self":[{"href":"https:\/\/asdgroupcustoms.com\/fr\/wp-json\/wp\/v2\/pages\/200824","targetHints":{"allow":["GET"]}}],"collection":[{"href":"https:\/\/asdgroupcustoms.com\/fr\/wp-json\/wp\/v2\/pages"}],"about":[{"href":"https:\/\/asdgroupcustoms.com\/fr\/wp-json\/wp\/v2\/types\/page"}],"author":[{"embeddable":true,"href":"https:\/\/asdgroupcustoms.com\/fr\/wp-json\/wp\/v2\/users\/2"}],"replies":[{"embeddable":true,"href":"https:\/\/asdgroupcustoms.com\/fr\/wp-json\/wp\/v2\/comments?post=200824"}],"version-history":[{"count":15,"href":"https:\/\/asdgroupcustoms.com\/fr\/wp-json\/wp\/v2\/pages\/200824\/revisions"}],"predecessor-version":[{"id":202667,"href":"https:\/\/asdgroupcustoms.com\/fr\/wp-json\/wp\/v2\/pages\/200824\/revisions\/202667"}],"wp:attachment":[{"href":"https:\/\/asdgroupcustoms.com\/fr\/wp-json\/wp\/v2\/media?parent=200824"}],"curies":[{"name":"wp","href":"https:\/\/api.w.org\/{rel}","templated":true}]}}