{"id":198544,"date":"2025-08-05T15:25:04","date_gmt":"2025-08-05T13:25:04","guid":{"rendered":"https:\/\/asdgroupcustoms.com\/sitemap\/"},"modified":"2025-08-19T15:48:28","modified_gmt":"2025-08-19T13:48:28","slug":"mapa-strony","status":"publish","type":"page","link":"https:\/\/asdgroupcustoms.com\/pl\/mapa-strony\/","title":{"rendered":"Mapa strony"},"content":{"rendered":"\t\t<div data-elementor-type=\"wp-page\" data-elementor-id=\"198544\" class=\"elementor elementor-198544 elementor-198465\" data-elementor-post-type=\"page\">\n\t\t\t\t\t\t<section class=\"elementor-section elementor-top-section elementor-element elementor-element-124eb60 elementor-section-content-middle elementor-section-boxed elementor-section-height-default elementor-section-height-default\" data-id=\"124eb60\" data-element_type=\"section\" data-e-type=\"section\" data-settings=\"{&quot;background_background&quot;:&quot;classic&quot;}\">\n\t\t\t\t\t\t<div class=\"elementor-container elementor-column-gap-no\">\n\t\t\t\t\t<div class=\"elementor-column elementor-col-100 elementor-top-column elementor-element elementor-element-5bfa6b8\" data-id=\"5bfa6b8\" data-element_type=\"column\" data-e-type=\"column\">\n\t\t\t<div class=\"elementor-widget-wrap elementor-element-populated\">\n\t\t\t\t\t\t<div class=\"elementor-element elementor-element-ac4719c elementor-widget elementor-widget-text-editor\" data-id=\"ac4719c\" data-element_type=\"widget\" data-e-type=\"widget\" data-widget_type=\"text-editor.default\">\n\t\t\t\t<div class=\"elementor-widget-container\">\n\t\t\t\t\t\t\t\t\t<p><a href=\"\/pl\">STRONA G\u0141\u00d3WNA<\/a> &gt; MAPA STRONY<\/p>\n\t\t\t\t\t\t\t\t<\/div>\n\t\t\t\t<\/div>\n\t\t<div class=\"elementor-element elementor-element-04ac49e e-con-full e-flex e-con e-parent\" data-id=\"04ac49e\" data-element_type=\"container\" data-e-type=\"container\">\n\t\t<div class=\"elementor-element elementor-element-5997bbe e-con-full e-flex e-con e-child\" data-id=\"5997bbe\" data-element_type=\"container\" data-e-type=\"container\">\n\t\t\t\t<div class=\"elementor-element elementor-element-bb2177c elementor-widget elementor-widget-heading\" data-id=\"bb2177c\" data-element_type=\"widget\" data-e-type=\"widget\" data-widget_type=\"heading.default\">\n\t\t\t\t<div class=\"elementor-widget-container\">\n\t\t\t\t\t<h1 class=\"elementor-heading-title elementor-size-default\">Mapa strony: tutaj znajdziesz wszystkie strony serwisu<\/h1>\t\t\t\t<\/div>\n\t\t\t\t<\/div>\n\t\t\t\t<div class=\"elementor-element elementor-element-97398b6 elementor-widget-divider--view-line elementor-widget elementor-widget-divider\" data-id=\"97398b6\" data-element_type=\"widget\" data-e-type=\"widget\" data-widget_type=\"divider.default\">\n\t\t\t\t<div class=\"elementor-widget-container\">\n\t\t\t\t\t\t\t<div class=\"elementor-divider\">\n\t\t\t<span class=\"elementor-divider-separator\">\n\t\t\t\t\t\t<\/span>\n\t\t<\/div>\n\t\t\t\t\t\t<\/div>\n\t\t\t\t<\/div>\n\t\t\t\t<\/div>\n\t\t\t\t<\/div>\n\t\t\t\t\t<\/div>\n\t\t<\/div>\n\t\t\t\t\t<\/div>\n\t\t<\/section>\n\t\t<div class=\"elementor-element elementor-element-4517a1f e-con-full e-flex e-con e-parent\" data-id=\"4517a1f\" data-element_type=\"container\" data-e-type=\"container\">\n\t\t<div class=\"elementor-element elementor-element-eee457d e-flex e-con-boxed e-con e-child\" data-id=\"eee457d\" data-element_type=\"container\" data-e-type=\"container\">\n\t\t\t\t\t<div class=\"e-con-inner\">\n\t\t\t\t<div class=\"elementor-element elementor-element-e10e2c9 elementor-widget elementor-widget-html\" data-id=\"e10e2c9\" data-element_type=\"widget\" data-e-type=\"widget\" data-widget_type=\"html.default\">\n\t\t\t\t<div class=\"elementor-widget-container\">\n\t\t\t\t\t<div class=\"prefil-long prefil-douane\">\r\n<\/div>\t\t\t\t<\/div>\n\t\t\t\t<\/div>\n\t\t\t\t<div class=\"elementor-element elementor-element-fb33e3e elementor-widget elementor-widget-html\" data-id=\"fb33e3e\" data-element_type=\"widget\" data-e-type=\"widget\" data-widget_type=\"html.default\">\n\t\t\t\t<div class=\"elementor-widget-container\">\n\t\t\t\t\t<div class=\"prefil-small prefil-douane\">\r\n<\/div>\t\t\t\t<\/div>\n\t\t\t\t<\/div>\n\t\t\t\t<div class=\"elementor-element elementor-element-73502ab elementor-widget elementor-widget-sitemap\" data-id=\"73502ab\" data-element_type=\"widget\" data-e-type=\"widget\" data-widget_type=\"sitemap.default\">\n\t\t\t\t<div class=\"elementor-widget-container\">\n\t\t\t\t\t<div class=\"elementor-sitemap-wrap\"><div class=\"elementor-sitemap-section\"><h2 class=\"elementor-sitemap-title elementor-sitemap-page-title\">Strony<\/h2><ul class=\"elementor-sitemap-list elementor-sitemap-page-list\"><li class=\"elementor-sitemap-item elementor-sitemap-item-page page_item page-item-194374\"><a href=\"https:\/\/asdgroupcustoms.com\/pl\/aktualnosci\/\">Aktualnosci<\/a><\/li><li class=\"elementor-sitemap-item elementor-sitemap-item-page page_item page-item-207239\"><a href=\"https:\/\/asdgroupcustoms.com\/pl\/newsletter\/\">ASD Border<\/a><\/li><li class=\"elementor-sitemap-item elementor-sitemap-item-page page_item page-item-194378\"><a href=\"https:\/\/asdgroupcustoms.com\/pl\/blog\/\">Blog<\/a><\/li><li class=\"elementor-sitemap-item elementor-sitemap-item-page page_item page-item-206221\"><a href=\"https:\/\/asdgroupcustoms.com\/pl\/calais-eurotunnel\/\">Calais &#8211; Eurotunnel<\/a><\/li><li class=\"elementor-sitemap-item elementor-sitemap-item-page page_item page-item-203929\"><a href=\"https:\/\/asdgroupcustoms.com\/pl\/gdzie-nas-znalezc\/\">Gdzie nas znale\u017a\u0107?<\/a><\/li><li class=\"elementor-sitemap-item elementor-sitemap-item-page page_item page-item-194372\"><a href=\"https:\/\/asdgroupcustoms.com\/pl\/kontakt\/\">Kontakt<\/a><\/li><li class=\"elementor-sitemap-item elementor-sitemap-item-page page_item page-item-203933\"><a href=\"https:\/\/asdgroupcustoms.com\/pl\/nasze-zaangazowanie-w-jakosc\/\">Nasze zaanga\u017cowanie w jako\u015b\u0107<\/a><\/li><li class=\"elementor-sitemap-item elementor-sitemap-item-page page_item page-item-203931\"><a href=\"https:\/\/asdgroupcustoms.com\/pl\/nasze-zespoly\/\">Nasze zespo\u0142y<\/a><\/li><li class=\"elementor-sitemap-item elementor-sitemap-item-page page_item page-item-203927\"><a href=\"https:\/\/asdgroupcustoms.com\/pl\/o-asd-group-customs\/\">O ASD Group Customs<\/a><\/li><li class=\"elementor-sitemap-item elementor-sitemap-item-page page_item page-item-206243\"><a href=\"https:\/\/asdgroupcustoms.com\/pl\/formalnosci-celne-francuskie-porty-brexit-si\/\">Obecno\u015b\u0107 celna na miejscu we francuskich portach \u2013 Brexit SI, fracht morski &amp; lotniczy<\/a><\/li><li class=\"elementor-sitemap-item elementor-sitemap-item-page page_item page-item-203915\"><a href=\"https:\/\/asdgroupcustoms.com\/pl\/\">Strona g\u0142\u00f3wna<\/a><\/li><\/ul><\/div><div class=\"elementor-sitemap-section\"><h2 class=\"elementor-sitemap-title elementor-sitemap-service-title\">Us\u0142ugi<\/h2><ul class=\"elementor-sitemap-list elementor-sitemap-service-list\"><li class=\"elementor-sitemap-item elementor-sitemap-item-service page_item page-item-203975\"><a href=\"https:\/\/asdgroupcustoms.com\/pl\/asd-group-customs\/\">ASD Customs<\/a><\/li><li class=\"elementor-sitemap-item elementor-sitemap-item-service page_item page-item-203977\"><a href=\"https:\/\/asdgroupcustoms.com\/pl\/asd-intrastat\/\">ASD Intrastat<\/a><\/li><li class=\"elementor-sitemap-item elementor-sitemap-item-service page_item page-item-203979\"><a href=\"https:\/\/asdgroupcustoms.com\/pl\/asd-smartline\/\">ASD Smartline<\/a><\/li><li class=\"elementor-sitemap-item elementor-sitemap-item-service page_item page-item-208918\"><a href=\"https:\/\/asdgroupcustoms.com\/pl\/mechanizm-dostosowania-cen-na-granicach-z-uwzglednieniem-emisji-co2-cbam\/\">Mechanizm dostosowania cen na granicach z uwzgl\u0119dnieniem emisji CO\u2082 (CBAM): \u0141atwo wyprzed\u017a swoje obowi\u0105zki w zakresie podatku w\u0119glowego<\/a><\/li><li class=\"elementor-sitemap-item elementor-sitemap-item-service page_item page-item-203945\"><a href=\"https:\/\/asdgroupcustoms.com\/pl\/pomoc-przy-inspekcjach-sivep\/\">Pomoc przy inspekcjach SIVEP<\/a><\/li><li class=\"elementor-sitemap-item elementor-sitemap-item-service page_item page-item-203939\"><a href=\"https:\/\/asdgroupcustoms.com\/pl\/wsparcie-przy-wnioskach-o-wit-i-wip\/\">Wsparcie przy wnioskach o WIT i WIP<\/a><\/li><li class=\"elementor-sitemap-item elementor-sitemap-item-service page_item page-item-203942\"><a href=\"https:\/\/asdgroupcustoms.com\/pl\/wsparcie-w-uzyskaniu-certyfikacji-upowaznionego-przedsiebiorcy-aeo\/\">Wsparcie w uzyskaniu certyfikacji upowa\u017cnionego przedsi\u0119biorcy (AEO)<\/a><\/li><li class=\"elementor-sitemap-item elementor-sitemap-item-service page_item page-item-203954\"><a href=\"https:\/\/asdgroupcustoms.com\/pl\/zarzadzanie-akcyza-w-sprzedazy-wysylkowej-napojow-alkoholowych\/\">Zarz\u0105dzanie akcyz\u0105 w sprzeda\u017cy wysy\u0142kowej napoj\u00f3w alkoholowych<\/a><\/li><li class=\"elementor-sitemap-item elementor-sitemap-item-service page_item page-item-203951\"><a href=\"https:\/\/asdgroupcustoms.com\/pl\/zarzadzanie-europejskimi-deklaracjami-uslug-esd\/\">Zarz\u0105dzanie europejskimi deklaracjami us\u0142ug (ESD)<\/a><\/li><li class=\"elementor-sitemap-item elementor-sitemap-item-service page_item page-item-203936\"><a href=\"https:\/\/asdgroupcustoms.com\/pl\/zarzadzanie-formalnosciami-celnymi-i-odprawa\/\">Zarz\u0105dzanie formalno\u015bciami celnymi i odpraw\u0105<\/a><\/li><li class=\"elementor-sitemap-item elementor-sitemap-item-service page_item page-item-203957\"><a href=\"https:\/\/asdgroupcustoms.com\/pl\/zarzadzanie-oswiadczeniami-o-dochowaniu-nalezytej-starannosci-pod-eudr\/\">Zarz\u0105dzanie O\u015bwiadczeniami o dochowaniu nale\u017cytej staranno\u015bci pod EUDR<\/a><\/li><li class=\"elementor-sitemap-item elementor-sitemap-item-service page_item page-item-203948\"><a href=\"https:\/\/asdgroupcustoms.com\/pl\/zarzadzanie-raportowaniem-intrastat\/\">Zarz\u0105dzanie raportowaniem Intrastat<\/a><\/li><\/ul><\/div><div class=\"elementor-sitemap-section\"><h2 class=\"elementor-sitemap-title elementor-sitemap-post-title\">Wpisy na blogu<\/h2><ul class=\"elementor-sitemap-list elementor-sitemap-post-list\"><li class=\"elementor-sitemap-item elementor-sitemap-item-post page_item page-item-203959\"><a href=\"https:\/\/asdgroupcustoms.com\/pl\/faq-dowiedz-sie-wiecej-o-skutkach-zniesienia-ograniczonego-przedstawicielstwa-podatkowego\/\">FAQ \u2013 Dowiedz si\u0119 wi\u0119cej o skutkach zniesienia ograniczonego przedstawicielstwa podatkowego<\/a><\/li><li class=\"elementor-sitemap-item elementor-sitemap-item-post page_item page-item-206118\"><a href=\"https:\/\/asdgroupcustoms.com\/pl\/formalnosci-celne-dla-koni-wszystko-co-musisz-wiedziec-aby-importowac-lub-eksportowac-konia-po-brexicie\/\">Formalno\u015bci celne dla koni: Wszystko, co musisz wiedzie\u0107, aby importowa\u0107 lub eksportowa\u0107 konia po Brexicie<\/a><\/li><li class=\"elementor-sitemap-item elementor-sitemap-item-post page_item page-item-203961\"><a href=\"https:\/\/asdgroupcustoms.com\/pl\/ograniczonego-przedstawicielstwa-podatkowego-rezim-42-00-wygasa-31-12-2025-co-musza-wiedziec-firmy-spoza-europy\/\">Ograniczonego przedstawicielstwa podatkowego (re\u017cim 42 00) wygasa 31\/12\/2025 \u2013 co musz\u0105 wiedzie\u0107 firmy spoza Europy<\/a><\/li><li class=\"elementor-sitemap-item elementor-sitemap-item-post page_item page-item-203965\"><a href=\"https:\/\/asdgroupcustoms.com\/pl\/oswiadczenie-o-nalezytej-starannosci-zgodnie-z-rozporzadzeniem-ue-w-sprawie-wylesiania-eudr-2023-1115\/\">O\u015bwiadczenie o nale\u017cytej staranno\u015bci zgodnie z rozporz\u0105dzeniem UE w sprawie wylesiania (EUDR) 2023\/1115<\/a><\/li><li class=\"elementor-sitemap-item elementor-sitemap-item-post page_item page-item-206623\"><a href=\"https:\/\/asdgroupcustoms.com\/pl\/progi-intrastat-i-emebi-2026-w-ue\/\">Progi Intrastat i EMEBI 2026 w UE<\/a><\/li><\/ul><\/div><div class=\"elementor-sitemap-section\"><h2 class=\"elementor-sitemap-title elementor-sitemap-actualite-title\">Aktualno\u015bci<\/h2><ul class=\"elementor-sitemap-list elementor-sitemap-actualite-list\"><li class=\"elementor-sitemap-item elementor-sitemap-item-actualite page_item page-item-208697\"><a href=\"https:\/\/asdgroupcustoms.com\/pl\/austria-progi-intrastat-zostaja-podniesione-na-2026-rok\/\">Austria: progi Intrastat zostaj\u0105 podniesione na 2026 rok<\/a><\/li><li class=\"elementor-sitemap-item elementor-sitemap-item-actualite page_item page-item-203971\"><a href=\"https:\/\/asdgroupcustoms.com\/pl\/elo-przygotujcie-sie-na-nowe-zobowiazanie-ktore-uprosci-przekraczanie-granicy-miedzy-wielka-brytania-a-ue-od-kwietnia-2025\/\">ELO: Przygotujcie si\u0119 na nowe zobowi\u0105zanie, kt\u00f3re upro\u015bci przekraczanie granicy mi\u0119dzy Wielk\u0105 Brytani\u0105 a UE od kwietnia 2025<\/a><\/li><li class=\"elementor-sitemap-item elementor-sitemap-item-actualite page_item page-item-203969\"><a href=\"https:\/\/asdgroupcustoms.com\/pl\/eudr-unia-europejska-wzmacnia-swoje-wymagania-celne\/\">EUDR: Unia Europejska wzmacnia swoje wymagania celne<\/a><\/li><li class=\"elementor-sitemap-item elementor-sitemap-item-actualite page_item page-item-207143\"><a href=\"https:\/\/asdgroupcustoms.com\/pl\/nowy-podatek-od-malych-przesylek-we-francji-kluczowe-informacje\/\">Nowy podatek od ma\u0142ych przesy\u0142ek we Francji: kluczowe informacje<\/a><\/li><li class=\"elementor-sitemap-item elementor-sitemap-item-actualite page_item page-item-203967\"><a href=\"https:\/\/asdgroupcustoms.com\/pl\/przedluzenie-okresu-przejsciowego-dla-obowiazkowej-koperty-logistycznej-elo\/\">Przed\u0142u\u017cenie okresu przej\u015bciowego dla Obowi\u0105zkowej Koperty Logistycznej (ELO)<\/a><\/li><li class=\"elementor-sitemap-item elementor-sitemap-item-actualite page_item page-item-206431\"><a href=\"https:\/\/asdgroupcustoms.com\/pl\/unia-europejska-termin-wdrozenia-rozporzadzenia-ue-w-sprawie-wylesiania-eudr-zostal-przesuniety\/\">Unia Europejska: Termin wdro\u017cenia Rozporz\u0105dzenia UE w sprawie wylesiania (EUDR) zosta\u0142 przesuni\u0119ty<\/a><\/li><li class=\"elementor-sitemap-item elementor-sitemap-item-actualite page_item page-item-207605\"><a href=\"https:\/\/asdgroupcustoms.com\/pl\/wlochy-podwyzszenie-progu-intrastat-2026-dla-wewnatrzwspolnotowych-nabyc-towarow\/\">W\u0142ochy: Podwy\u017cszenie progu Intrastat 2026 dla wewn\u0105trzwsp\u00f3lnotowych naby\u0107 towar\u00f3w<\/a><\/li><\/ul><\/div><\/div>\t\t\t\t<\/div>\n\t\t\t\t<\/div>\n\t\t\t\t\t<\/div>\n\t\t\t\t<\/div>\n\t\t\t\t<\/div>\n\t\t\t\t<\/div>\n\t\t","protected":false},"excerpt":{"rendered":"<p>STRONA G\u0141\u00d3WNA &gt; MAPA STRONY Mapa strony: tutaj znajdziesz wszystkie strony serwisu<\/p>\n","protected":false},"author":2,"featured_media":0,"parent":0,"menu_order":0,"comment_status":"closed","ping_status":"closed","template":"","meta":{"_eb_attr":"","footnotes":""},"class_list":["post-198544","page","type-page","status-publish","hentry"],"yoast_head":"<!-- This site is optimized with the Yoast SEO plugin v27.3 - https:\/\/yoast.com\/product\/yoast-seo-wordpress\/ -->\n<title>Mapa strony | ASD Group Customs<\/title>\n<meta name=\"description\" content=\"Mapa strony ASD Group Customs: znajd\u017a tutaj wszystkie strony naszej witryny i odkryj wszystkie nasze us\u0142ugi.\" \/>\n<meta name=\"robots\" content=\"noindex, follow\" \/>\n<meta property=\"og:locale\" content=\"pl_PL\" \/>\n<meta property=\"og:type\" content=\"article\" \/>\n<meta property=\"og:title\" content=\"Mapa strony | ASD Group Customs\" \/>\n<meta property=\"og:description\" content=\"Mapa strony ASD Group Customs: znajd\u017a tutaj wszystkie strony naszej witryny i odkryj wszystkie nasze us\u0142ugi.\" \/>\n<meta property=\"og:url\" content=\"https:\/\/asdgroupcustoms.com\/pl\/mapa-strony\/\" \/>\n<meta property=\"og:site_name\" content=\"ASD Group Customs\" \/>\n<meta property=\"article:publisher\" content=\"https:\/\/www.facebook.com\/asdgroupcustoms\" \/>\n<meta property=\"article:modified_time\" content=\"2025-08-19T13:48:28+00:00\" \/>\n<meta name=\"twitter:card\" content=\"summary_large_image\" \/>\n<meta name=\"twitter:label1\" content=\"Szacowany czas czytania\" \/>\n\t<meta name=\"twitter:data1\" content=\"1 minuta\" \/>\n<script type=\"application\/ld+json\" class=\"yoast-schema-graph\">{\"@context\":\"https:\\\/\\\/schema.org\",\"@graph\":[{\"@type\":\"WebPage\",\"@id\":\"https:\\\/\\\/asdgroupcustoms.com\\\/pl\\\/mapa-strony\\\/\",\"url\":\"https:\\\/\\\/asdgroupcustoms.com\\\/pl\\\/mapa-strony\\\/\",\"name\":\"Mapa strony | ASD Group Customs\",\"isPartOf\":{\"@id\":\"https:\\\/\\\/asdgroupcustoms.com\\\/pl\\\/#website\"},\"datePublished\":\"2025-08-05T13:25:04+00:00\",\"dateModified\":\"2025-08-19T13:48:28+00:00\",\"description\":\"Mapa strony ASD Group Customs: znajd\u017a tutaj wszystkie strony naszej witryny i odkryj wszystkie nasze us\u0142ugi.\",\"breadcrumb\":{\"@id\":\"https:\\\/\\\/asdgroupcustoms.com\\\/pl\\\/mapa-strony\\\/#breadcrumb\"},\"inLanguage\":\"pl-PL\",\"potentialAction\":[{\"@type\":\"ReadAction\",\"target\":[\"https:\\\/\\\/asdgroupcustoms.com\\\/pl\\\/mapa-strony\\\/\"]}]},{\"@type\":\"BreadcrumbList\",\"@id\":\"https:\\\/\\\/asdgroupcustoms.com\\\/pl\\\/mapa-strony\\\/#breadcrumb\",\"itemListElement\":[{\"@type\":\"ListItem\",\"position\":1,\"name\":\"Accueil\",\"item\":\"https:\\\/\\\/asdgroupcustoms.com\\\/pl\\\/\"},{\"@type\":\"ListItem\",\"position\":2,\"name\":\"Mapa strony\"}]},{\"@type\":\"WebSite\",\"@id\":\"https:\\\/\\\/asdgroupcustoms.com\\\/pl\\\/#website\",\"url\":\"https:\\\/\\\/asdgroupcustoms.com\\\/pl\\\/\",\"name\":\"ASD Group Customs\",\"description\":\"\",\"publisher\":{\"@id\":\"https:\\\/\\\/asdgroupcustoms.com\\\/pl\\\/#organization\"},\"alternateName\":\"ASD Group Customs\",\"potentialAction\":[{\"@type\":\"SearchAction\",\"target\":{\"@type\":\"EntryPoint\",\"urlTemplate\":\"https:\\\/\\\/asdgroupcustoms.com\\\/pl\\\/?s={search_term_string}\"},\"query-input\":{\"@type\":\"PropertyValueSpecification\",\"valueRequired\":true,\"valueName\":\"search_term_string\"}}],\"inLanguage\":\"pl-PL\"},{\"@type\":\"Organization\",\"@id\":\"https:\\\/\\\/asdgroupcustoms.com\\\/pl\\\/#organization\",\"name\":\"ASD Group Customs\",\"alternateName\":\"ASD Group Customs\",\"url\":\"https:\\\/\\\/asdgroupcustoms.com\\\/pl\\\/\",\"logo\":{\"@type\":\"ImageObject\",\"inLanguage\":\"pl-PL\",\"@id\":\"https:\\\/\\\/asdgroupcustoms.com\\\/pl\\\/#\\\/schema\\\/logo\\\/image\\\/\",\"url\":\"https:\\\/\\\/asdgroupcustoms.com\\\/wp-content\\\/uploads\\\/2025\\\/04\\\/Logo-ASD_noir.svg\",\"contentUrl\":\"https:\\\/\\\/asdgroupcustoms.com\\\/wp-content\\\/uploads\\\/2025\\\/04\\\/Logo-ASD_noir.svg\",\"width\":253,\"height\":172,\"caption\":\"ASD Group Customs\"},\"image\":{\"@id\":\"https:\\\/\\\/asdgroupcustoms.com\\\/pl\\\/#\\\/schema\\\/logo\\\/image\\\/\"},\"sameAs\":[\"https:\\\/\\\/www.facebook.com\\\/asdgroupcustoms\",\"https:\\\/\\\/www.linkedin.com\\\/showcase\\\/asd-group-customs\\\/\"]}]}<\/script>\n<!-- \/ Yoast SEO plugin. -->","yoast_head_json":{"title":"Mapa strony | ASD Group Customs","description":"Mapa strony ASD Group Customs: znajd\u017a tutaj wszystkie strony naszej witryny i odkryj wszystkie nasze us\u0142ugi.","robots":{"index":"noindex","follow":"follow"},"og_locale":"pl_PL","og_type":"article","og_title":"Mapa strony | ASD Group Customs","og_description":"Mapa strony ASD Group Customs: znajd\u017a tutaj wszystkie strony naszej witryny i odkryj wszystkie nasze us\u0142ugi.","og_url":"https:\/\/asdgroupcustoms.com\/pl\/mapa-strony\/","og_site_name":"ASD Group Customs","article_publisher":"https:\/\/www.facebook.com\/asdgroupcustoms","article_modified_time":"2025-08-19T13:48:28+00:00","twitter_card":"summary_large_image","twitter_misc":{"Szacowany czas czytania":"1 minuta"},"schema":{"@context":"https:\/\/schema.org","@graph":[{"@type":"WebPage","@id":"https:\/\/asdgroupcustoms.com\/pl\/mapa-strony\/","url":"https:\/\/asdgroupcustoms.com\/pl\/mapa-strony\/","name":"Mapa strony | ASD Group Customs","isPartOf":{"@id":"https:\/\/asdgroupcustoms.com\/pl\/#website"},"datePublished":"2025-08-05T13:25:04+00:00","dateModified":"2025-08-19T13:48:28+00:00","description":"Mapa strony ASD Group Customs: znajd\u017a tutaj wszystkie strony naszej witryny i odkryj wszystkie nasze us\u0142ugi.","breadcrumb":{"@id":"https:\/\/asdgroupcustoms.com\/pl\/mapa-strony\/#breadcrumb"},"inLanguage":"pl-PL","potentialAction":[{"@type":"ReadAction","target":["https:\/\/asdgroupcustoms.com\/pl\/mapa-strony\/"]}]},{"@type":"BreadcrumbList","@id":"https:\/\/asdgroupcustoms.com\/pl\/mapa-strony\/#breadcrumb","itemListElement":[{"@type":"ListItem","position":1,"name":"Accueil","item":"https:\/\/asdgroupcustoms.com\/pl\/"},{"@type":"ListItem","position":2,"name":"Mapa strony"}]},{"@type":"WebSite","@id":"https:\/\/asdgroupcustoms.com\/pl\/#website","url":"https:\/\/asdgroupcustoms.com\/pl\/","name":"ASD Group Customs","description":"","publisher":{"@id":"https:\/\/asdgroupcustoms.com\/pl\/#organization"},"alternateName":"ASD Group Customs","potentialAction":[{"@type":"SearchAction","target":{"@type":"EntryPoint","urlTemplate":"https:\/\/asdgroupcustoms.com\/pl\/?s={search_term_string}"},"query-input":{"@type":"PropertyValueSpecification","valueRequired":true,"valueName":"search_term_string"}}],"inLanguage":"pl-PL"},{"@type":"Organization","@id":"https:\/\/asdgroupcustoms.com\/pl\/#organization","name":"ASD Group Customs","alternateName":"ASD Group Customs","url":"https:\/\/asdgroupcustoms.com\/pl\/","logo":{"@type":"ImageObject","inLanguage":"pl-PL","@id":"https:\/\/asdgroupcustoms.com\/pl\/#\/schema\/logo\/image\/","url":"https:\/\/asdgroupcustoms.com\/wp-content\/uploads\/2025\/04\/Logo-ASD_noir.svg","contentUrl":"https:\/\/asdgroupcustoms.com\/wp-content\/uploads\/2025\/04\/Logo-ASD_noir.svg","width":253,"height":172,"caption":"ASD Group Customs"},"image":{"@id":"https:\/\/asdgroupcustoms.com\/pl\/#\/schema\/logo\/image\/"},"sameAs":["https:\/\/www.facebook.com\/asdgroupcustoms","https:\/\/www.linkedin.com\/showcase\/asd-group-customs\/"]}]}},"_links":{"self":[{"href":"https:\/\/asdgroupcustoms.com\/pl\/wp-json\/wp\/v2\/pages\/198544","targetHints":{"allow":["GET"]}}],"collection":[{"href":"https:\/\/asdgroupcustoms.com\/pl\/wp-json\/wp\/v2\/pages"}],"about":[{"href":"https:\/\/asdgroupcustoms.com\/pl\/wp-json\/wp\/v2\/types\/page"}],"author":[{"embeddable":true,"href":"https:\/\/asdgroupcustoms.com\/pl\/wp-json\/wp\/v2\/users\/2"}],"replies":[{"embeddable":true,"href":"https:\/\/asdgroupcustoms.com\/pl\/wp-json\/wp\/v2\/comments?post=198544"}],"version-history":[{"count":10,"href":"https:\/\/asdgroupcustoms.com\/pl\/wp-json\/wp\/v2\/pages\/198544\/revisions"}],"predecessor-version":[{"id":200267,"href":"https:\/\/asdgroupcustoms.com\/pl\/wp-json\/wp\/v2\/pages\/198544\/revisions\/200267"}],"wp:attachment":[{"href":"https:\/\/asdgroupcustoms.com\/pl\/wp-json\/wp\/v2\/media?parent=198544"}],"curies":[{"name":"wp","href":"https:\/\/api.w.org\/{rel}","templated":true}]}}