{"id":194384,"date":"2025-05-07T09:44:09","date_gmt":"2025-05-07T07:44:09","guid":{"rendered":"https:\/\/asdgroupcustoms.com\/blog\/"},"modified":"2025-08-19T15:12:26","modified_gmt":"2025-08-19T13:12:26","slug":"blog","status":"publish","type":"page","link":"https:\/\/asdgroupcustoms.com\/pt\/blog\/","title":{"rendered":"Blog"},"content":{"rendered":"\t\t<div data-elementor-type=\"wp-page\" data-elementor-id=\"194384\" class=\"elementor elementor-194384 elementor-187751\" data-elementor-post-type=\"page\">\n\t\t\t\t<div class=\"elementor-element elementor-element-d4c295c e-con-full e-flex e-con e-parent\" data-id=\"d4c295c\" data-element_type=\"container\" data-e-type=\"container\" data-settings=\"{&quot;background_background&quot;:&quot;classic&quot;}\">\n\t\t<div class=\"elementor-element elementor-element-7563ff5 e-flex e-con-boxed e-con e-child\" data-id=\"7563ff5\" data-element_type=\"container\" data-e-type=\"container\">\n\t\t\t\t\t<div class=\"e-con-inner\">\n\t\t\t\t<div class=\"elementor-element elementor-element-49042dd elementor-widget elementor-widget-heading\" data-id=\"49042dd\" data-element_type=\"widget\" data-e-type=\"widget\" data-widget_type=\"heading.default\">\n\t\t\t\t<div class=\"elementor-widget-container\">\n\t\t\t\t\t<div class=\"elementor-heading-title elementor-size-default\"><a href=\"\/pt\">In\u00edcio<\/a> &gt; blog<\/div>\t\t\t\t<\/div>\n\t\t\t\t<\/div>\n\t\t\t\t<div class=\"elementor-element elementor-element-0ea4186 elementor-widget elementor-widget-heading\" data-id=\"0ea4186\" data-element_type=\"widget\" data-e-type=\"widget\" data-widget_type=\"heading.default\">\n\t\t\t\t<div class=\"elementor-widget-container\">\n\t\t\t\t\t<h1 class=\"elementor-heading-title elementor-size-default\">Todas as novidades sobre obriga\u00e7\u00f5es aduaneiras explicadas pelos nossos especialistas<\/h1>\t\t\t\t<\/div>\n\t\t\t\t<\/div>\n\t\t\t\t<div class=\"elementor-element elementor-element-beb04ff elementor-widget-divider--view-line elementor-widget elementor-widget-divider\" data-id=\"beb04ff\" data-element_type=\"widget\" data-e-type=\"widget\" data-widget_type=\"divider.default\">\n\t\t\t\t<div class=\"elementor-widget-container\">\n\t\t\t\t\t\t\t<div class=\"elementor-divider\">\n\t\t\t<span class=\"elementor-divider-separator\">\n\t\t\t\t\t\t<\/span>\n\t\t<\/div>\n\t\t\t\t\t\t<\/div>\n\t\t\t\t<\/div>\n\t\t\t\t\t<\/div>\n\t\t\t\t<\/div>\n\t\t\t\t<\/div>\n\t\t<div class=\"elementor-element elementor-element-f51f2cb e-flex e-con-boxed e-con e-parent\" data-id=\"f51f2cb\" data-element_type=\"container\" data-e-type=\"container\">\n\t\t\t\t\t<div class=\"e-con-inner\">\n\t\t\t\t<div class=\"elementor-element elementor-element-a6c4df4 elementor-widget elementor-widget-asd_blog_filter\" data-id=\"a6c4df4\" data-element_type=\"widget\" data-e-type=\"widget\" data-widget_type=\"asd_blog_filter.default\">\n\t\t\t\t<div class=\"elementor-widget-container\">\n\t\t\t\t\t<div class=\"custom-posts-list\">\n    <form action=\"https:\/\/asdgroupcustoms.com\/wp-admin\/admin-ajax.php\" method=\"POST\" id=\"filter\">\n        <div class=\"form-filter-wrapper\">\n\n            <div class=\"pays-filters\"><select name=\"paysfilter\"><option class=\"asd_trad\" value=\"allpays\"><\/option><option value=\"242\">Fran\u00e7a<\/option><option value=\"811\">Reino Unido<\/option><option value=\"241\">Uni\u00e3o Europeia<\/option><\/select><i class=\"fas fa-caret-down\"><\/i><\/div><div class=\"category-filters\"><div><input class=\"active\" type=\"radio\" id=\"allcategories\" value=\"allcategories\" name=\"categoryfilter\" checked\/><label for=\"allcategories\" class=\"asd_trad\"><\/label><\/div><div><input type=\"radio\" id=\"cat115\" value=\"115\" name=\"categoryfilter\"\/><label for=\"cat115\">Alf\u00e2ndega<\/label><\/div><\/div>\n            <input type=\"hidden\" name=\"action\" value=\"blog_filter\">\n        <\/div>\n    <\/form>\n\n    <div class=\"response\">\n        <div><\/div>\n        <div><\/div>\n        <div><\/div>\n        <div><\/div>\n    <\/div>\n\n    \n        <div id=\"posts_wrap\" class=\"custom-posts-list-wrapper\">\n\n            \n<article class=\"post-206599 post type-post status-publish format-standard has-post-thumbnail hentry category-alfandega tag-intrastat-pt tag-limiares-intrastat country-european-union-pt\" id=\"post-206599\">\n\t\t<div class=\"custom-post-layout-card alfandega european-union-pt  item\">\n\t\t<a class=\"custom-post-thumbnail-link\" href=\"https:\/\/asdgroupcustoms.com\/pt\/limites-intrastat-e-emebi-2026-na-ue\/\" rel=\"bookmark\">\n\t\t\t<div class=\"custom-post-thumbnail\">\n\t\t\t\t<img fetchpriority=\"high\" decoding=\"async\" width=\"1536\" height=\"1024\" src=\"https:\/\/asdgroupcustoms.com\/wp-content\/uploads\/2025\/12\/seuils-intrastat-et-emebi-2026-en-ue.jpg\" class=\"attachment-post-thumbnail size-post-thumbnail wp-post-image\" alt=\"Seuils Intrastat et EMEBI 2026 en UE\" srcset=\"https:\/\/asdgroupcustoms.com\/wp-content\/uploads\/2025\/12\/seuils-intrastat-et-emebi-2026-en-ue.jpg 1536w, https:\/\/asdgroupcustoms.com\/wp-content\/uploads\/2025\/12\/seuils-intrastat-et-emebi-2026-en-ue-300x200.jpg 300w, https:\/\/asdgroupcustoms.com\/wp-content\/uploads\/2025\/12\/seuils-intrastat-et-emebi-2026-en-ue-1024x683.jpg 1024w, https:\/\/asdgroupcustoms.com\/wp-content\/uploads\/2025\/12\/seuils-intrastat-et-emebi-2026-en-ue-768x512.jpg 768w\" sizes=\"(max-width: 1536px) 100vw, 1536px\" \/>\t\t\t<\/div>\n\t\t<\/a>\n\n\t\t<div class=\"custom-post-meta\">\n\t\t\t<div class=\"custom-post-primary_category\">\n\t\t\t\t\t\t\t\t\tAlf\u00e2ndega\t\t\t\t\t\t\t<\/div>\n\t\t\t<div class=\"custom-post-date\">\n\t\t\t\t10 Dezembro 2025\t\t\t<\/div>\n\t\t<\/div>\n\n\t\t<h2 class=\"custom-post-title\">\n\t\t\t<a href=\"https:\/\/asdgroupcustoms.com\/pt\/limites-intrastat-e-emebi-2026-na-ue\/\" rel=\"bookmark\">Limites Intrastat e EMEBI 2026 na UE<\/a>\n\t\t<\/h2>\n\n\t\t<div class=\"custom-post-excerpt\">\n\t\t\t<p>\n\t\t\t\tIntrastat 2026: o essencial a reter Trocas mercadorias com parceiros localizados na Uni\u00e3o Europeia e a tua empresa est\u00e1 sujeita a IVA?Ent\u00e3o podes estar potencialmente&hellip;\t\t\t<\/p>\n\t\t<\/div>\n\n\t<\/div>\n<\/article>\n<article class=\"post-206116 post type-post status-publish format-standard has-post-thumbnail hentry category-alfandega tag-cavalos tag-operacoes-aduaneiras tag-requisitos-aduaneiros tag-sivep country-reino-unido-pt country-european-union-pt\" id=\"post-206116\">\n\t\t<div class=\"custom-post-layout-card alfandega reino-unido-pt european-union-pt  item\">\n\t\t<a class=\"custom-post-thumbnail-link\" href=\"https:\/\/asdgroupcustoms.com\/pt\/formalidades-aduaneiras-para-cavalos-tudo-o-que-precisa-de-saber-para-importar-ou-exportar-um-equino-apos-o-brexit\/\" rel=\"bookmark\">\n\t\t\t<div class=\"custom-post-thumbnail\">\n\t\t\t\t<img decoding=\"async\" width=\"1440\" height=\"960\" src=\"https:\/\/asdgroupcustoms.com\/wp-content\/uploads\/2025\/10\/pourquoi-limport-export-de-chevaux-en-ue-exige-un-expert-sivep.jpg\" class=\"attachment-post-thumbnail size-post-thumbnail wp-post-image\" alt=\"Pourquoi l\u2019import\/export de chevaux en UE exige un expert SIVEP ?\" srcset=\"https:\/\/asdgroupcustoms.com\/wp-content\/uploads\/2025\/10\/pourquoi-limport-export-de-chevaux-en-ue-exige-un-expert-sivep.jpg 1440w, https:\/\/asdgroupcustoms.com\/wp-content\/uploads\/2025\/10\/pourquoi-limport-export-de-chevaux-en-ue-exige-un-expert-sivep-300x200.jpg 300w, https:\/\/asdgroupcustoms.com\/wp-content\/uploads\/2025\/10\/pourquoi-limport-export-de-chevaux-en-ue-exige-un-expert-sivep-1024x683.jpg 1024w, https:\/\/asdgroupcustoms.com\/wp-content\/uploads\/2025\/10\/pourquoi-limport-export-de-chevaux-en-ue-exige-un-expert-sivep-768x512.jpg 768w\" sizes=\"(max-width: 1440px) 100vw, 1440px\" \/>\t\t\t<\/div>\n\t\t<\/a>\n\n\t\t<div class=\"custom-post-meta\">\n\t\t\t<div class=\"custom-post-primary_category\">\n\t\t\t\t\t\t\t\t\tAlf\u00e2ndega\t\t\t\t\t\t\t<\/div>\n\t\t\t<div class=\"custom-post-date\">\n\t\t\t\t28 Outubro 2025\t\t\t<\/div>\n\t\t<\/div>\n\n\t\t<h2 class=\"custom-post-title\">\n\t\t\t<a href=\"https:\/\/asdgroupcustoms.com\/pt\/formalidades-aduaneiras-para-cavalos-tudo-o-que-precisa-de-saber-para-importar-ou-exportar-um-equino-apos-o-brexit\/\" rel=\"bookmark\">Formalidades aduaneiras para cavalos: Tudo o que precisa de saber para importar ou exportar um equino ap\u00f3s o Brexit<\/a>\n\t\t<\/h2>\n\n\t\t<div class=\"custom-post-excerpt\">\n\t\t\t<p>\n\t\t\t\tDesde a transi\u00e7\u00e3o do Brexit, o transporte internacional de cavalos entre o Reino Unido e a Uni\u00e3o Europeia alterou-se significativamente. O que outrora era um&hellip;\t\t\t<\/p>\n\t\t<\/div>\n\n\t<\/div>\n<\/article>\n<article class=\"post-204182 post type-post status-publish format-standard has-post-thumbnail hentry category-alfandega tag-iva-pt tag-regime-42-00-pt tag-representacao-fiscal-pontual country-france-pt country-european-union-pt\" id=\"post-204182\">\n\t\t<div class=\"custom-post-layout-card alfandega france-pt european-union-pt  item\">\n\t\t<a class=\"custom-post-thumbnail-link\" href=\"https:\/\/asdgroupcustoms.com\/pt\/faq-saiba-mais-sobre-os-impactos-da-remocao-da-representacao-fiscal-unica\/\" rel=\"bookmark\">\n\t\t\t<div class=\"custom-post-thumbnail\">\n\t\t\t\t<img decoding=\"async\" width=\"1440\" height=\"959\" src=\"https:\/\/asdgroupcustoms.com\/wp-content\/uploads\/2025\/08\/faq-learn-more-about-the-impacts-of-the-removal-of-one-off-fiscal-representation.jpg\" class=\"attachment-post-thumbnail size-post-thumbnail wp-post-image\" alt=\"FAQ \u2013 Learn more about the impacts of the removal of one-off fiscal representation\" srcset=\"https:\/\/asdgroupcustoms.com\/wp-content\/uploads\/2025\/08\/faq-learn-more-about-the-impacts-of-the-removal-of-one-off-fiscal-representation.jpg 1440w, https:\/\/asdgroupcustoms.com\/wp-content\/uploads\/2025\/08\/faq-learn-more-about-the-impacts-of-the-removal-of-one-off-fiscal-representation-300x200.jpg 300w, https:\/\/asdgroupcustoms.com\/wp-content\/uploads\/2025\/08\/faq-learn-more-about-the-impacts-of-the-removal-of-one-off-fiscal-representation-1024x682.jpg 1024w, https:\/\/asdgroupcustoms.com\/wp-content\/uploads\/2025\/08\/faq-learn-more-about-the-impacts-of-the-removal-of-one-off-fiscal-representation-768x511.jpg 768w\" sizes=\"(max-width: 1440px) 100vw, 1440px\" \/>\t\t\t<\/div>\n\t\t<\/a>\n\n\t\t<div class=\"custom-post-meta\">\n\t\t\t<div class=\"custom-post-primary_category\">\n\t\t\t\t\t\t\t\t\tAlf\u00e2ndega\t\t\t\t\t\t\t<\/div>\n\t\t\t<div class=\"custom-post-date\">\n\t\t\t\t28 Agosto 2025\t\t\t<\/div>\n\t\t<\/div>\n\n\t\t<h2 class=\"custom-post-title\">\n\t\t\t<a href=\"https:\/\/asdgroupcustoms.com\/pt\/faq-saiba-mais-sobre-os-impactos-da-remocao-da-representacao-fiscal-unica\/\" rel=\"bookmark\">FAQ \u2013 Saiba mais sobre os impactos da remo\u00e7\u00e3o da representa\u00e7\u00e3o fiscal pontual<\/a>\n\t\t<\/h2>\n\n\t\t<div class=\"custom-post-excerpt\">\n\t\t\t<p>\n\t\t\t\tA partir de 1 de janeiro de 2026, a representa\u00e7\u00e3o fiscal pontual deixar\u00e1 de ser permitida em Fran\u00e7a. Esta altera\u00e7\u00e3o afeta principalmente as empresas estabelecidas&hellip;\t\t\t<\/p>\n\t\t<\/div>\n\n\t<\/div>\n<\/article>\n<article class=\"post-204184 post type-post status-publish format-standard has-post-thumbnail hentry category-alfandega tag-iva-pt tag-regime-42-00-pt tag-representacao-fiscal-pontual country-france-pt country-european-union-pt\" id=\"post-204184\">\n\t\t<div class=\"custom-post-layout-card alfandega france-pt european-union-pt  item\">\n\t\t<a class=\"custom-post-thumbnail-link\" href=\"https:\/\/asdgroupcustoms.com\/pt\/a-representacao-fiscal-pontual-regime-42-00-termina-a-31-12-2025-o-que-as-empresas-nao-europeias-devem-saber\/\" rel=\"bookmark\">\n\t\t\t<div class=\"custom-post-thumbnail\">\n\t\t\t\t<img loading=\"lazy\" decoding=\"async\" width=\"1440\" height=\"959\" src=\"https:\/\/asdgroupcustoms.com\/wp-content\/uploads\/2025\/08\/one-off-fiscal-representation-regime-42-00-ends-31-12-2025.jpg\" class=\"attachment-post-thumbnail size-post-thumbnail wp-post-image\" alt=\"One-off fiscal representation (regime 42 00) ends 31\/12\/2025\" srcset=\"https:\/\/asdgroupcustoms.com\/wp-content\/uploads\/2025\/08\/one-off-fiscal-representation-regime-42-00-ends-31-12-2025.jpg 1440w, https:\/\/asdgroupcustoms.com\/wp-content\/uploads\/2025\/08\/one-off-fiscal-representation-regime-42-00-ends-31-12-2025-300x200.jpg 300w, https:\/\/asdgroupcustoms.com\/wp-content\/uploads\/2025\/08\/one-off-fiscal-representation-regime-42-00-ends-31-12-2025-1024x682.jpg 1024w, https:\/\/asdgroupcustoms.com\/wp-content\/uploads\/2025\/08\/one-off-fiscal-representation-regime-42-00-ends-31-12-2025-768x511.jpg 768w\" sizes=\"(max-width: 1440px) 100vw, 1440px\" \/>\t\t\t<\/div>\n\t\t<\/a>\n\n\t\t<div class=\"custom-post-meta\">\n\t\t\t<div class=\"custom-post-primary_category\">\n\t\t\t\t\t\t\t\t\tAlf\u00e2ndega\t\t\t\t\t\t\t<\/div>\n\t\t\t<div class=\"custom-post-date\">\n\t\t\t\t20 Agosto 2025\t\t\t<\/div>\n\t\t<\/div>\n\n\t\t<h2 class=\"custom-post-title\">\n\t\t\t<a href=\"https:\/\/asdgroupcustoms.com\/pt\/a-representacao-fiscal-pontual-regime-42-00-termina-a-31-12-2025-o-que-as-empresas-nao-europeias-devem-saber\/\" rel=\"bookmark\">A representa\u00e7\u00e3o fiscal pontual (regime 42 00) termina a 31\/12\/2025 \u2013 o que as empresas n\u00e3o europeias devem saber<\/a>\n\t\t<\/h2>\n\n\t\t<div class=\"custom-post-excerpt\">\n\t\t\t<p>\n\t\t\t\tA Lei das Finan\u00e7as para 2025 confirma a aboli\u00e7\u00e3o da representa\u00e7\u00e3o fiscal pontual para importa\u00e7\u00f5es ao abrigo do regime aduaneiro 42, um mecanismo amplamente utilizado&hellip;\t\t\t<\/p>\n\t\t<\/div>\n\n\t<\/div>\n<\/article>\n<article class=\"post-204187 post type-post status-publish format-standard has-post-thumbnail hentry category-alfandega tag-declaracao-de-due-diligence-dds tag-eudr-pt country-european-union-pt\" id=\"post-204187\">\n\t\t<div class=\"custom-post-layout-card alfandega european-union-pt  item\">\n\t\t<a class=\"custom-post-thumbnail-link\" href=\"https:\/\/asdgroupcustoms.com\/pt\/declaracao-de-due-diligence-no-ambito-do-regulamento-da-ue-sobre-desflorestacao-eudr-2023-1115\/\" rel=\"bookmark\">\n\t\t\t<div class=\"custom-post-thumbnail\">\n\t\t\t\t<img loading=\"lazy\" decoding=\"async\" width=\"1440\" height=\"960\" src=\"https:\/\/asdgroupcustoms.com\/wp-content\/uploads\/2025\/08\/due-diligence-statement-under-eu-deforestation-regulation-eudr-2023-1115.jpg\" class=\"attachment-post-thumbnail size-post-thumbnail wp-post-image\" alt=\"due-diligence-statement-under-eu-deforestation-regulation-eudr-2023-1115\" srcset=\"https:\/\/asdgroupcustoms.com\/wp-content\/uploads\/2025\/08\/due-diligence-statement-under-eu-deforestation-regulation-eudr-2023-1115.jpg 1440w, https:\/\/asdgroupcustoms.com\/wp-content\/uploads\/2025\/08\/due-diligence-statement-under-eu-deforestation-regulation-eudr-2023-1115-300x200.jpg 300w, https:\/\/asdgroupcustoms.com\/wp-content\/uploads\/2025\/08\/due-diligence-statement-under-eu-deforestation-regulation-eudr-2023-1115-1024x683.jpg 1024w, https:\/\/asdgroupcustoms.com\/wp-content\/uploads\/2025\/08\/due-diligence-statement-under-eu-deforestation-regulation-eudr-2023-1115-768x512.jpg 768w\" sizes=\"(max-width: 1440px) 100vw, 1440px\" \/>\t\t\t<\/div>\n\t\t<\/a>\n\n\t\t<div class=\"custom-post-meta\">\n\t\t\t<div class=\"custom-post-primary_category\">\n\t\t\t\t\t\t\t\t\tAlf\u00e2ndega\t\t\t\t\t\t\t<\/div>\n\t\t\t<div class=\"custom-post-date\">\n\t\t\t\t19 Agosto 2025\t\t\t<\/div>\n\t\t<\/div>\n\n\t\t<h2 class=\"custom-post-title\">\n\t\t\t<a href=\"https:\/\/asdgroupcustoms.com\/pt\/declaracao-de-due-diligence-no-ambito-do-regulamento-da-ue-sobre-desflorestacao-eudr-2023-1115\/\" rel=\"bookmark\">Declara\u00e7\u00e3o de due diligence no \u00e2mbito do Regulamento da UE sobre Desfloresta\u00e7\u00e3o (EUDR) 2023\/1115<\/a>\n\t\t<\/h2>\n\n\t\t<div class=\"custom-post-excerpt\">\n\t\t\t<p>\n\t\t\t\tEm resposta \u00e0 crise clim\u00e1tica e \u00e0 alarmante perda global de florestas, a Uni\u00e3o Europeia adotou o Regulamento da UE sobre Desfloresta\u00e7\u00e3o \u2014 Regulamento (UE)&hellip;\t\t\t<\/p>\n\t\t<\/div>\n\n\t<\/div>\n<\/article>\n        <\/div><!-- #post_wrap -->\n\n    <\/div><!-- .custom-posts-list -->\n\n\t\t\t\t<\/div>\n\t\t\t\t<\/div>\n\t\t\t\t\t<\/div>\n\t\t\t\t<\/div>\n\t\t\t\t<\/div>\n\t\t","protected":false},"excerpt":{"rendered":"<p>In\u00edcio &gt; blog Todas as novidades sobre obriga\u00e7\u00f5es aduaneiras explicadas pelos nossos especialistas European UnionUnited KingdomCustomsCustoms Customs 19 ao\u00fbt 2025 Due Diligence Statement under EU Deforestation Regulation (EUDR) 2023\/1115 In response to the climate crisis and the alarming global loss of forests, the European Union has adopted the EU Deforestation Regulation \u2014 Regulation (EU)\u2026 Customs [&hellip;]<\/p>\n","protected":false},"author":2,"featured_media":0,"parent":0,"menu_order":0,"comment_status":"closed","ping_status":"closed","template":"","meta":{"_eb_attr":"","footnotes":""},"class_list":["post-194384","page","type-page","status-publish","hentry"],"yoast_head":"<!-- This site is optimized with the Yoast SEO plugin v27.3 - https:\/\/yoast.com\/product\/yoast-seo-wordpress\/ -->\n<title>Blog | ASD Group Customs<\/title>\n<meta name=\"description\" content=\"Mantenha-se informado com os artigos do blog do ASD Group sobre formalidades aduaneiras, Brexit, despachos e obriga\u00e7\u00f5es declarativas.\" \/>\n<meta name=\"robots\" content=\"index, follow, max-snippet:-1, max-image-preview:large, max-video-preview:-1\" \/>\n<link rel=\"canonical\" href=\"https:\/\/asdgroupcustoms.com\/pt\/blog\/\" \/>\n<meta property=\"og:locale\" content=\"pt_PT\" \/>\n<meta property=\"og:type\" content=\"article\" \/>\n<meta property=\"og:title\" content=\"Blog | ASD Group Customs\" \/>\n<meta property=\"og:description\" content=\"Mantenha-se informado com os artigos do blog do ASD Group sobre formalidades aduaneiras, Brexit, despachos e obriga\u00e7\u00f5es declarativas.\" \/>\n<meta property=\"og:url\" content=\"https:\/\/asdgroupcustoms.com\/pt\/blog\/\" \/>\n<meta property=\"og:site_name\" content=\"ASD Group Customs\" \/>\n<meta property=\"article:publisher\" content=\"https:\/\/www.facebook.com\/asdgroupcustoms\" \/>\n<meta property=\"article:modified_time\" content=\"2025-08-19T13:12:26+00:00\" \/>\n<meta property=\"og:image\" content=\"https:\/\/asdgroupcustoms.com\/wp-content\/uploads\/2025\/01\/istockphoto-1339597090-1024x1024-1.jpg\" \/>\n<meta name=\"twitter:card\" content=\"summary_large_image\" \/>\n<meta name=\"twitter:label1\" content=\"Tempo estimado de leitura\" \/>\n\t<meta name=\"twitter:data1\" content=\"1 minuto\" \/>\n<script type=\"application\/ld+json\" class=\"yoast-schema-graph\">{\"@context\":\"https:\\\/\\\/schema.org\",\"@graph\":[{\"@type\":\"WebPage\",\"@id\":\"https:\\\/\\\/asdgroupcustoms.com\\\/pt\\\/blog\\\/\",\"url\":\"https:\\\/\\\/asdgroupcustoms.com\\\/pt\\\/blog\\\/\",\"name\":\"Blog | ASD Group Customs\",\"isPartOf\":{\"@id\":\"https:\\\/\\\/asdgroupcustoms.com\\\/pt\\\/#website\"},\"primaryImageOfPage\":{\"@id\":\"https:\\\/\\\/asdgroupcustoms.com\\\/pt\\\/blog\\\/#primaryimage\"},\"image\":{\"@id\":\"https:\\\/\\\/asdgroupcustoms.com\\\/pt\\\/blog\\\/#primaryimage\"},\"thumbnailUrl\":\"https:\\\/\\\/asdgroupcustoms.com\\\/wp-content\\\/uploads\\\/2025\\\/01\\\/istockphoto-1339597090-1024x1024-1.jpg\",\"datePublished\":\"2025-05-07T07:44:09+00:00\",\"dateModified\":\"2025-08-19T13:12:26+00:00\",\"description\":\"Mantenha-se informado com os artigos do blog do ASD Group sobre formalidades aduaneiras, Brexit, despachos e obriga\u00e7\u00f5es declarativas.\",\"breadcrumb\":{\"@id\":\"https:\\\/\\\/asdgroupcustoms.com\\\/pt\\\/blog\\\/#breadcrumb\"},\"inLanguage\":\"pt-PT\",\"potentialAction\":[{\"@type\":\"ReadAction\",\"target\":[\"https:\\\/\\\/asdgroupcustoms.com\\\/pt\\\/blog\\\/\"]}]},{\"@type\":\"ImageObject\",\"inLanguage\":\"pt-PT\",\"@id\":\"https:\\\/\\\/asdgroupcustoms.com\\\/pt\\\/blog\\\/#primaryimage\",\"url\":\"https:\\\/\\\/asdgroupcustoms.com\\\/wp-content\\\/uploads\\\/2025\\\/01\\\/istockphoto-1339597090-1024x1024-1.jpg\",\"contentUrl\":\"https:\\\/\\\/asdgroupcustoms.com\\\/wp-content\\\/uploads\\\/2025\\\/01\\\/istockphoto-1339597090-1024x1024-1.jpg\"},{\"@type\":\"BreadcrumbList\",\"@id\":\"https:\\\/\\\/asdgroupcustoms.com\\\/pt\\\/blog\\\/#breadcrumb\",\"itemListElement\":[{\"@type\":\"ListItem\",\"position\":1,\"name\":\"Accueil\",\"item\":\"https:\\\/\\\/asdgroupcustoms.com\\\/pt\\\/\"},{\"@type\":\"ListItem\",\"position\":2,\"name\":\"Blog\"}]},{\"@type\":\"WebSite\",\"@id\":\"https:\\\/\\\/asdgroupcustoms.com\\\/pt\\\/#website\",\"url\":\"https:\\\/\\\/asdgroupcustoms.com\\\/pt\\\/\",\"name\":\"ASD Group Customs\",\"description\":\"\",\"publisher\":{\"@id\":\"https:\\\/\\\/asdgroupcustoms.com\\\/pt\\\/#organization\"},\"alternateName\":\"ASD Group Customs\",\"potentialAction\":[{\"@type\":\"SearchAction\",\"target\":{\"@type\":\"EntryPoint\",\"urlTemplate\":\"https:\\\/\\\/asdgroupcustoms.com\\\/pt\\\/?s={search_term_string}\"},\"query-input\":{\"@type\":\"PropertyValueSpecification\",\"valueRequired\":true,\"valueName\":\"search_term_string\"}}],\"inLanguage\":\"pt-PT\"},{\"@type\":\"Organization\",\"@id\":\"https:\\\/\\\/asdgroupcustoms.com\\\/pt\\\/#organization\",\"name\":\"ASD Group Customs\",\"alternateName\":\"ASD Group Customs\",\"url\":\"https:\\\/\\\/asdgroupcustoms.com\\\/pt\\\/\",\"logo\":{\"@type\":\"ImageObject\",\"inLanguage\":\"pt-PT\",\"@id\":\"https:\\\/\\\/asdgroupcustoms.com\\\/pt\\\/#\\\/schema\\\/logo\\\/image\\\/\",\"url\":\"https:\\\/\\\/asdgroupcustoms.com\\\/wp-content\\\/uploads\\\/2025\\\/04\\\/Logo-ASD_noir.svg\",\"contentUrl\":\"https:\\\/\\\/asdgroupcustoms.com\\\/wp-content\\\/uploads\\\/2025\\\/04\\\/Logo-ASD_noir.svg\",\"width\":253,\"height\":172,\"caption\":\"ASD Group Customs\"},\"image\":{\"@id\":\"https:\\\/\\\/asdgroupcustoms.com\\\/pt\\\/#\\\/schema\\\/logo\\\/image\\\/\"},\"sameAs\":[\"https:\\\/\\\/www.facebook.com\\\/asdgroupcustoms\",\"https:\\\/\\\/www.linkedin.com\\\/showcase\\\/asd-group-customs\\\/\"]}]}<\/script>\n<!-- \/ Yoast SEO plugin. -->","yoast_head_json":{"title":"Blog | ASD Group Customs","description":"Mantenha-se informado com os artigos do blog do ASD Group sobre formalidades aduaneiras, Brexit, despachos e obriga\u00e7\u00f5es declarativas.","robots":{"index":"index","follow":"follow","max-snippet":"max-snippet:-1","max-image-preview":"max-image-preview:large","max-video-preview":"max-video-preview:-1"},"canonical":"https:\/\/asdgroupcustoms.com\/pt\/blog\/","og_locale":"pt_PT","og_type":"article","og_title":"Blog | ASD Group Customs","og_description":"Mantenha-se informado com os artigos do blog do ASD Group sobre formalidades aduaneiras, Brexit, despachos e obriga\u00e7\u00f5es declarativas.","og_url":"https:\/\/asdgroupcustoms.com\/pt\/blog\/","og_site_name":"ASD Group Customs","article_publisher":"https:\/\/www.facebook.com\/asdgroupcustoms","article_modified_time":"2025-08-19T13:12:26+00:00","og_image":[{"url":"https:\/\/asdgroupcustoms.com\/wp-content\/uploads\/2025\/01\/istockphoto-1339597090-1024x1024-1.jpg","type":"","width":"","height":""}],"twitter_card":"summary_large_image","twitter_misc":{"Tempo estimado de leitura":"1 minuto"},"schema":{"@context":"https:\/\/schema.org","@graph":[{"@type":"WebPage","@id":"https:\/\/asdgroupcustoms.com\/pt\/blog\/","url":"https:\/\/asdgroupcustoms.com\/pt\/blog\/","name":"Blog | ASD Group Customs","isPartOf":{"@id":"https:\/\/asdgroupcustoms.com\/pt\/#website"},"primaryImageOfPage":{"@id":"https:\/\/asdgroupcustoms.com\/pt\/blog\/#primaryimage"},"image":{"@id":"https:\/\/asdgroupcustoms.com\/pt\/blog\/#primaryimage"},"thumbnailUrl":"https:\/\/asdgroupcustoms.com\/wp-content\/uploads\/2025\/01\/istockphoto-1339597090-1024x1024-1.jpg","datePublished":"2025-05-07T07:44:09+00:00","dateModified":"2025-08-19T13:12:26+00:00","description":"Mantenha-se informado com os artigos do blog do ASD Group sobre formalidades aduaneiras, Brexit, despachos e obriga\u00e7\u00f5es declarativas.","breadcrumb":{"@id":"https:\/\/asdgroupcustoms.com\/pt\/blog\/#breadcrumb"},"inLanguage":"pt-PT","potentialAction":[{"@type":"ReadAction","target":["https:\/\/asdgroupcustoms.com\/pt\/blog\/"]}]},{"@type":"ImageObject","inLanguage":"pt-PT","@id":"https:\/\/asdgroupcustoms.com\/pt\/blog\/#primaryimage","url":"https:\/\/asdgroupcustoms.com\/wp-content\/uploads\/2025\/01\/istockphoto-1339597090-1024x1024-1.jpg","contentUrl":"https:\/\/asdgroupcustoms.com\/wp-content\/uploads\/2025\/01\/istockphoto-1339597090-1024x1024-1.jpg"},{"@type":"BreadcrumbList","@id":"https:\/\/asdgroupcustoms.com\/pt\/blog\/#breadcrumb","itemListElement":[{"@type":"ListItem","position":1,"name":"Accueil","item":"https:\/\/asdgroupcustoms.com\/pt\/"},{"@type":"ListItem","position":2,"name":"Blog"}]},{"@type":"WebSite","@id":"https:\/\/asdgroupcustoms.com\/pt\/#website","url":"https:\/\/asdgroupcustoms.com\/pt\/","name":"ASD Group Customs","description":"","publisher":{"@id":"https:\/\/asdgroupcustoms.com\/pt\/#organization"},"alternateName":"ASD Group Customs","potentialAction":[{"@type":"SearchAction","target":{"@type":"EntryPoint","urlTemplate":"https:\/\/asdgroupcustoms.com\/pt\/?s={search_term_string}"},"query-input":{"@type":"PropertyValueSpecification","valueRequired":true,"valueName":"search_term_string"}}],"inLanguage":"pt-PT"},{"@type":"Organization","@id":"https:\/\/asdgroupcustoms.com\/pt\/#organization","name":"ASD Group Customs","alternateName":"ASD Group Customs","url":"https:\/\/asdgroupcustoms.com\/pt\/","logo":{"@type":"ImageObject","inLanguage":"pt-PT","@id":"https:\/\/asdgroupcustoms.com\/pt\/#\/schema\/logo\/image\/","url":"https:\/\/asdgroupcustoms.com\/wp-content\/uploads\/2025\/04\/Logo-ASD_noir.svg","contentUrl":"https:\/\/asdgroupcustoms.com\/wp-content\/uploads\/2025\/04\/Logo-ASD_noir.svg","width":253,"height":172,"caption":"ASD Group Customs"},"image":{"@id":"https:\/\/asdgroupcustoms.com\/pt\/#\/schema\/logo\/image\/"},"sameAs":["https:\/\/www.facebook.com\/asdgroupcustoms","https:\/\/www.linkedin.com\/showcase\/asd-group-customs\/"]}]}},"_links":{"self":[{"href":"https:\/\/asdgroupcustoms.com\/pt\/wp-json\/wp\/v2\/pages\/194384","targetHints":{"allow":["GET"]}}],"collection":[{"href":"https:\/\/asdgroupcustoms.com\/pt\/wp-json\/wp\/v2\/pages"}],"about":[{"href":"https:\/\/asdgroupcustoms.com\/pt\/wp-json\/wp\/v2\/types\/page"}],"author":[{"embeddable":true,"href":"https:\/\/asdgroupcustoms.com\/pt\/wp-json\/wp\/v2\/users\/2"}],"replies":[{"embeddable":true,"href":"https:\/\/asdgroupcustoms.com\/pt\/wp-json\/wp\/v2\/comments?post=194384"}],"version-history":[{"count":10,"href":"https:\/\/asdgroupcustoms.com\/pt\/wp-json\/wp\/v2\/pages\/194384\/revisions"}],"predecessor-version":[{"id":200205,"href":"https:\/\/asdgroupcustoms.com\/pt\/wp-json\/wp\/v2\/pages\/194384\/revisions\/200205"}],"wp:attachment":[{"href":"https:\/\/asdgroupcustoms.com\/pt\/wp-json\/wp\/v2\/media?parent=194384"}],"curies":[{"name":"wp","href":"https:\/\/api.w.org\/{rel}","templated":true}]}}