{"id":198548,"date":"2025-08-05T15:25:04","date_gmt":"2025-08-05T13:25:04","guid":{"rendered":"https:\/\/asdgroupcustoms.com\/sitemap\/"},"modified":"2025-08-19T15:48:55","modified_gmt":"2025-08-19T13:48:55","slug":"mapa-do-site","status":"publish","type":"page","link":"https:\/\/asdgroupcustoms.com\/pt\/mapa-do-site\/","title":{"rendered":"Mapa do site"},"content":{"rendered":"\t\t<div data-elementor-type=\"wp-page\" data-elementor-id=\"198548\" class=\"elementor elementor-198548 elementor-198465\" data-elementor-post-type=\"page\">\n\t\t\t\t\t\t<section class=\"elementor-section elementor-top-section elementor-element elementor-element-124eb60 elementor-section-content-middle elementor-section-boxed elementor-section-height-default elementor-section-height-default\" data-id=\"124eb60\" data-element_type=\"section\" data-e-type=\"section\" data-settings=\"{&quot;background_background&quot;:&quot;classic&quot;}\">\n\t\t\t\t\t\t<div class=\"elementor-container elementor-column-gap-no\">\n\t\t\t\t\t<div class=\"elementor-column elementor-col-100 elementor-top-column elementor-element elementor-element-5bfa6b8\" data-id=\"5bfa6b8\" data-element_type=\"column\" data-e-type=\"column\">\n\t\t\t<div class=\"elementor-widget-wrap elementor-element-populated\">\n\t\t\t\t\t\t<div class=\"elementor-element elementor-element-ac4719c elementor-widget elementor-widget-text-editor\" data-id=\"ac4719c\" data-element_type=\"widget\" data-e-type=\"widget\" data-widget_type=\"text-editor.default\">\n\t\t\t\t<div class=\"elementor-widget-container\">\n\t\t\t\t\t\t\t\t\t<p><a href=\"\/pt\">IN\u00cdCIO<\/a> &gt; MAPA DO SITE<\/p>\n\t\t\t\t\t\t\t\t<\/div>\n\t\t\t\t<\/div>\n\t\t<div class=\"elementor-element elementor-element-04ac49e e-con-full e-flex e-con e-parent\" data-id=\"04ac49e\" data-element_type=\"container\" data-e-type=\"container\">\n\t\t<div class=\"elementor-element elementor-element-5997bbe e-con-full e-flex e-con e-child\" data-id=\"5997bbe\" data-element_type=\"container\" data-e-type=\"container\">\n\t\t\t\t<div class=\"elementor-element elementor-element-bb2177c elementor-widget elementor-widget-heading\" data-id=\"bb2177c\" data-element_type=\"widget\" data-e-type=\"widget\" data-widget_type=\"heading.default\">\n\t\t\t\t<div class=\"elementor-widget-container\">\n\t\t\t\t\t<h1 class=\"elementor-heading-title elementor-size-default\">Mapa do site: aqui voc\u00ea encontra todas as p\u00e1ginas do site<\/h1>\t\t\t\t<\/div>\n\t\t\t\t<\/div>\n\t\t\t\t<div class=\"elementor-element elementor-element-97398b6 elementor-widget-divider--view-line elementor-widget elementor-widget-divider\" data-id=\"97398b6\" data-element_type=\"widget\" data-e-type=\"widget\" data-widget_type=\"divider.default\">\n\t\t\t\t<div class=\"elementor-widget-container\">\n\t\t\t\t\t\t\t<div class=\"elementor-divider\">\n\t\t\t<span class=\"elementor-divider-separator\">\n\t\t\t\t\t\t<\/span>\n\t\t<\/div>\n\t\t\t\t\t\t<\/div>\n\t\t\t\t<\/div>\n\t\t\t\t<\/div>\n\t\t\t\t<\/div>\n\t\t\t\t\t<\/div>\n\t\t<\/div>\n\t\t\t\t\t<\/div>\n\t\t<\/section>\n\t\t<div class=\"elementor-element elementor-element-4517a1f e-con-full e-flex e-con e-parent\" data-id=\"4517a1f\" data-element_type=\"container\" data-e-type=\"container\">\n\t\t<div class=\"elementor-element elementor-element-eee457d e-flex e-con-boxed e-con e-child\" data-id=\"eee457d\" data-element_type=\"container\" data-e-type=\"container\">\n\t\t\t\t\t<div class=\"e-con-inner\">\n\t\t\t\t<div class=\"elementor-element elementor-element-e10e2c9 elementor-widget elementor-widget-html\" data-id=\"e10e2c9\" data-element_type=\"widget\" data-e-type=\"widget\" data-widget_type=\"html.default\">\n\t\t\t\t<div class=\"elementor-widget-container\">\n\t\t\t\t\t<div class=\"prefil-long prefil-douane\">\r\n<\/div>\t\t\t\t<\/div>\n\t\t\t\t<\/div>\n\t\t\t\t<div class=\"elementor-element elementor-element-fb33e3e elementor-widget elementor-widget-html\" data-id=\"fb33e3e\" data-element_type=\"widget\" data-e-type=\"widget\" data-widget_type=\"html.default\">\n\t\t\t\t<div class=\"elementor-widget-container\">\n\t\t\t\t\t<div class=\"prefil-small prefil-douane\">\r\n<\/div>\t\t\t\t<\/div>\n\t\t\t\t<\/div>\n\t\t\t\t<div class=\"elementor-element elementor-element-73502ab elementor-widget elementor-widget-sitemap\" data-id=\"73502ab\" data-element_type=\"widget\" data-e-type=\"widget\" data-widget_type=\"sitemap.default\">\n\t\t\t\t<div class=\"elementor-widget-container\">\n\t\t\t\t\t<div class=\"elementor-sitemap-wrap\"><div class=\"elementor-sitemap-section\"><h2 class=\"elementor-sitemap-title elementor-sitemap-page-title\">P\u00e1ginas<\/h2><ul class=\"elementor-sitemap-list elementor-sitemap-page-list\"><li class=\"elementor-sitemap-item elementor-sitemap-item-page page_item page-item-204151\"><a href=\"https:\/\/asdgroupcustoms.com\/pt\/as-nossas-equipas\/\">As nossas equipas<\/a><\/li><li class=\"elementor-sitemap-item elementor-sitemap-item-page page_item page-item-207243\"><a href=\"https:\/\/asdgroupcustoms.com\/pt\/newsletter\/\">ASD Border<\/a><\/li><li class=\"elementor-sitemap-item elementor-sitemap-item-page page_item page-item-194386\"><a href=\"https:\/\/asdgroupcustoms.com\/pt\/atualidades\/\">Atualidades<\/a><\/li><li class=\"elementor-sitemap-item elementor-sitemap-item-page page_item page-item-194384\"><a href=\"https:\/\/asdgroupcustoms.com\/pt\/blog\/\">Blog<\/a><\/li><li class=\"elementor-sitemap-item elementor-sitemap-item-page page_item page-item-206223\"><a href=\"https:\/\/asdgroupcustoms.com\/pt\/calais-eurotunnel\/\">Calais &#8211; Eurotunnel<\/a><\/li><li class=\"elementor-sitemap-item elementor-sitemap-item-page page_item page-item-194388\"><a href=\"https:\/\/asdgroupcustoms.com\/pt\/contacto\/\">Contacto<\/a><\/li><li class=\"elementor-sitemap-item elementor-sitemap-item-page page_item page-item-204140\"><a href=\"https:\/\/asdgroupcustoms.com\/pt\/\">In\u00edcio<\/a><\/li><li class=\"elementor-sitemap-item elementor-sitemap-item-page page_item page-item-204153\"><a href=\"https:\/\/asdgroupcustoms.com\/pt\/o-nosso-compromisso-com-a-qualidade\/\">O nosso compromisso com a qualidade<\/a><\/li><li class=\"elementor-sitemap-item elementor-sitemap-item-page page_item page-item-204149\"><a href=\"https:\/\/asdgroupcustoms.com\/pt\/onde-nos-encontrar\/\">Onde nos encontrar?<\/a><\/li><li class=\"elementor-sitemap-item elementor-sitemap-item-page page_item page-item-206229\"><a href=\"https:\/\/asdgroupcustoms.com\/pt\/formalidades-aduaneiras-portos-franceses-brexit-si\/\">Presen\u00e7a aduaneira no terreno nos portos franceses \u2013 Brexit SI, transporte mar\u00edtimo &amp; a\u00e9reo<\/a><\/li><li class=\"elementor-sitemap-item elementor-sitemap-item-page page_item page-item-204147\"><a href=\"https:\/\/asdgroupcustoms.com\/pt\/sobre-o-asd-group-customs\/\">Sobre o ASD Group Customs<\/a><\/li><\/ul><\/div><div class=\"elementor-sitemap-section\"><h2 class=\"elementor-sitemap-title elementor-sitemap-service-title\">Servi\u00e7os<\/h2><ul class=\"elementor-sitemap-list elementor-sitemap-service-list\"><li class=\"elementor-sitemap-item elementor-sitemap-item-service page_item page-item-204161\"><a href=\"https:\/\/asdgroupcustoms.com\/pt\/apoio-na-obtencao-da-certificacao-de-operador-economico-autorizado-aeo\/\">Apoio na obten\u00e7\u00e3o da certifica\u00e7\u00e3o de Operador Econ\u00f3mico Autorizado (AEO)<\/a><\/li><li class=\"elementor-sitemap-item elementor-sitemap-item-service page_item page-item-204176\"><a href=\"https:\/\/asdgroupcustoms.com\/pt\/asd-customs\/\">ASD Customs<\/a><\/li><li class=\"elementor-sitemap-item elementor-sitemap-item-service page_item page-item-204178\"><a href=\"https:\/\/asdgroupcustoms.com\/pt\/asd-intrastat\/\">ASD Intrastat<\/a><\/li><li class=\"elementor-sitemap-item elementor-sitemap-item-service page_item page-item-204180\"><a href=\"https:\/\/asdgroupcustoms.com\/pt\/asd-smartline\/\">ASD Smartline<\/a><\/li><li class=\"elementor-sitemap-item elementor-sitemap-item-service page_item page-item-204165\"><a href=\"https:\/\/asdgroupcustoms.com\/pt\/assistencia-com-as-inspecoes-sivep\/\">Assist\u00eancia com as inspe\u00e7\u00f5es SIVEP<\/a><\/li><li class=\"elementor-sitemap-item elementor-sitemap-item-service page_item page-item-204157\"><a href=\"https:\/\/asdgroupcustoms.com\/pt\/assistencia-nos-pedidos-de-ipv-e-ivo\/\">Assist\u00eancia nas decis\u00f5es de IPV e IVO<\/a><\/li><li class=\"elementor-sitemap-item elementor-sitemap-item-service page_item page-item-204174\"><a href=\"https:\/\/asdgroupcustoms.com\/pt\/gestao-das-declaracoes-de-due-diligence-dds-ao-abrigo-do-eudr\/\">Gest\u00e3o das Declara\u00e7\u00f5es de Due Diligence (DDS) ao abrigo do EUDR<\/a><\/li><li class=\"elementor-sitemap-item elementor-sitemap-item-service page_item page-item-204167\"><a href=\"https:\/\/asdgroupcustoms.com\/pt\/gestao-das-declaracoes-intrastat\/\">Gest\u00e3o das declara\u00e7\u00f5es Intrastat<\/a><\/li><li class=\"elementor-sitemap-item elementor-sitemap-item-service page_item page-item-204169\"><a href=\"https:\/\/asdgroupcustoms.com\/pt\/gestao-de-declaracoes-de-servicos-europeus-esd\/\">Gest\u00e3o de Declara\u00e7\u00f5es de Servi\u00e7os Europeus (ESD)<\/a><\/li><li class=\"elementor-sitemap-item elementor-sitemap-item-service page_item page-item-204155\"><a href=\"https:\/\/asdgroupcustoms.com\/pt\/gestao-de-formalidades-e-desalfandegamentos-aduaneiros\/\">Gest\u00e3o de formalidades e desalfandegamentos aduaneiros<\/a><\/li><li class=\"elementor-sitemap-item elementor-sitemap-item-service page_item page-item-204171\"><a href=\"https:\/\/asdgroupcustoms.com\/pt\/gestao-de-impostos-especiais-de-consumo-para-a-venda-a-distancia-de-bebidas-alcoolicas\/\">Gest\u00e3o de impostos especiais de consumo para a venda \u00e0 dist\u00e2ncia de bebidas alco\u00f3licas<\/a><\/li><li class=\"elementor-sitemap-item elementor-sitemap-item-service page_item page-item-208916\"><a href=\"https:\/\/asdgroupcustoms.com\/pt\/mecanismo-de-ajustamento-carbonico-fronteirico-cbam\/\">Mecanismo de Ajustamento Carb\u00f3nico Fronteiri\u00e7o (CBAM): Antecipe com Facilidade as Suas Obriga\u00e7\u00f5es em Mat\u00e9ria de Taxa de Carbono<\/a><\/li><\/ul><\/div><div class=\"elementor-sitemap-section\"><h2 class=\"elementor-sitemap-title elementor-sitemap-post-title\">Artigos de blog<\/h2><ul class=\"elementor-sitemap-list elementor-sitemap-post-list\"><li class=\"elementor-sitemap-item elementor-sitemap-item-post page_item page-item-204184\"><a href=\"https:\/\/asdgroupcustoms.com\/pt\/a-representacao-fiscal-pontual-regime-42-00-termina-a-31-12-2025-o-que-as-empresas-nao-europeias-devem-saber\/\">A representa\u00e7\u00e3o fiscal pontual (regime 42 00) termina a 31\/12\/2025 \u2013 o que as empresas n\u00e3o europeias devem saber<\/a><\/li><li class=\"elementor-sitemap-item elementor-sitemap-item-post page_item page-item-204187\"><a href=\"https:\/\/asdgroupcustoms.com\/pt\/declaracao-de-due-diligence-no-ambito-do-regulamento-da-ue-sobre-desflorestacao-eudr-2023-1115\/\">Declara\u00e7\u00e3o de due diligence no \u00e2mbito do Regulamento da UE sobre Desfloresta\u00e7\u00e3o (EUDR) 2023\/1115<\/a><\/li><li class=\"elementor-sitemap-item elementor-sitemap-item-post page_item page-item-204182\"><a href=\"https:\/\/asdgroupcustoms.com\/pt\/faq-saiba-mais-sobre-os-impactos-da-remocao-da-representacao-fiscal-unica\/\">FAQ \u2013 Saiba mais sobre os impactos da remo\u00e7\u00e3o da representa\u00e7\u00e3o fiscal pontual<\/a><\/li><li class=\"elementor-sitemap-item elementor-sitemap-item-post page_item page-item-206116\"><a href=\"https:\/\/asdgroupcustoms.com\/pt\/formalidades-aduaneiras-para-cavalos-tudo-o-que-precisa-de-saber-para-importar-ou-exportar-um-equino-apos-o-brexit\/\">Formalidades aduaneiras para cavalos: Tudo o que precisa de saber para importar ou exportar um equino ap\u00f3s o Brexit<\/a><\/li><li class=\"elementor-sitemap-item elementor-sitemap-item-post page_item page-item-206599\"><a href=\"https:\/\/asdgroupcustoms.com\/pt\/limites-intrastat-e-emebi-2026-na-ue\/\">Limites Intrastat e EMEBI 2026 na UE<\/a><\/li><\/ul><\/div><div class=\"elementor-sitemap-section\"><h2 class=\"elementor-sitemap-title elementor-sitemap-actualite-title\">Not\u00edcias<\/h2><ul class=\"elementor-sitemap-list elementor-sitemap-actualite-list\"><li class=\"elementor-sitemap-item elementor-sitemap-item-actualite page_item page-item-208694\"><a href=\"https:\/\/asdgroupcustoms.com\/pt\/austria-limiares-intrastat-aumentam-para-2026\/\">\u00c1ustria: Limiares Intrastat aumentam para 2026<\/a><\/li><li class=\"elementor-sitemap-item elementor-sitemap-item-actualite page_item page-item-204193\"><a href=\"https:\/\/asdgroupcustoms.com\/pt\/elo-prepare-se-para-a-nova-obrigacao-que-simplificara-as-travessias-entre-o-reino-unido-e-a-ue-a-partir-de-abril-de-2025\/\">ELO: Prepare-se para a nova obriga\u00e7\u00e3o que simplificar\u00e1 as travessias entre o Reino Unido e a UE a partir de abril de 2025<\/a><\/li><li class=\"elementor-sitemap-item elementor-sitemap-item-actualite page_item page-item-204191\"><a href=\"https:\/\/asdgroupcustoms.com\/pt\/eudr-a-ue-reforca-os-seus-requisitos-aduaneiros\/\">EUDR: a UE refor\u00e7a os seus requisitos aduaneiros<\/a><\/li><li class=\"elementor-sitemap-item elementor-sitemap-item-actualite page_item page-item-207603\"><a href=\"https:\/\/asdgroupcustoms.com\/pt\/italia-aumento-do-limiar-intrastat-2026-para-aquisicoes-intracomunitarias-de-bens\/\">It\u00e1lia: Aumento do limiar Intrastat 2026 para aquisi\u00e7\u00f5es intracomunit\u00e1rias de bens<\/a><\/li><li class=\"elementor-sitemap-item elementor-sitemap-item-actualite page_item page-item-207140\"><a href=\"https:\/\/asdgroupcustoms.com\/pt\/nova-taxa-sobre-pequenos-volumes-em-franca-pontos-chave-a-reter\/\">Nova taxa sobre pequenos volumes em Fran\u00e7a: pontos-chave a reter<\/a><\/li><li class=\"elementor-sitemap-item elementor-sitemap-item-actualite page_item page-item-204189\"><a href=\"https:\/\/asdgroupcustoms.com\/pt\/prolongamento-do-periodo-transitorio-para-o-envelope-logistico-obrigatorio-elo\/\">Prolongamento do per\u00edodo transit\u00f3rio para o Envelope Log\u00edstico Obrigat\u00f3rio (ELO)<\/a><\/li><li class=\"elementor-sitemap-item elementor-sitemap-item-actualite page_item page-item-206429\"><a href=\"https:\/\/asdgroupcustoms.com\/pt\/uniao-europeia-adiamento-do-prazo-de-conformidade-com-o-regulamento-da-ue-sobre-desflorestacao-eudr\/\">Uni\u00e3o Europeia: adiamento do prazo de conformidade com o Regulamento da UE sobre Desfloresta\u00e7\u00e3o (EUDR)<\/a><\/li><\/ul><\/div><\/div>\t\t\t\t<\/div>\n\t\t\t\t<\/div>\n\t\t\t\t\t<\/div>\n\t\t\t\t<\/div>\n\t\t\t\t<\/div>\n\t\t\t\t<\/div>\n\t\t","protected":false},"excerpt":{"rendered":"<p>IN\u00cdCIO &gt; MAPA DO SITE Mapa do site: aqui voc\u00ea encontra todas as p\u00e1ginas do site<\/p>\n","protected":false},"author":2,"featured_media":0,"parent":0,"menu_order":0,"comment_status":"closed","ping_status":"closed","template":"","meta":{"_eb_attr":"","footnotes":""},"class_list":["post-198548","page","type-page","status-publish","hentry"],"yoast_head":"<!-- This site is optimized with the Yoast SEO plugin v27.3 - https:\/\/yoast.com\/product\/yoast-seo-wordpress\/ -->\n<title>Mapa do site | ASD Group Customs<\/title>\n<meta name=\"description\" content=\"Mapa do site ASD Group Customs: encontre aqui todas as p\u00e1ginas do nosso site e descubra todos os nossos servi\u00e7os.\" \/>\n<meta name=\"robots\" content=\"noindex, follow\" \/>\n<meta property=\"og:locale\" content=\"pt_PT\" \/>\n<meta property=\"og:type\" content=\"article\" \/>\n<meta property=\"og:title\" content=\"Mapa do site | ASD Group Customs\" \/>\n<meta property=\"og:description\" content=\"Mapa do site ASD Group Customs: encontre aqui todas as p\u00e1ginas do nosso site e descubra todos os nossos servi\u00e7os.\" \/>\n<meta property=\"og:url\" content=\"https:\/\/asdgroupcustoms.com\/pt\/mapa-do-site\/\" \/>\n<meta property=\"og:site_name\" content=\"ASD Group Customs\" \/>\n<meta property=\"article:publisher\" content=\"https:\/\/www.facebook.com\/asdgroupcustoms\" \/>\n<meta property=\"article:modified_time\" content=\"2025-08-19T13:48:55+00:00\" \/>\n<meta name=\"twitter:card\" content=\"summary_large_image\" \/>\n<meta name=\"twitter:label1\" content=\"Tempo estimado de leitura\" \/>\n\t<meta name=\"twitter:data1\" content=\"1 minuto\" \/>\n<script type=\"application\/ld+json\" class=\"yoast-schema-graph\">{\"@context\":\"https:\\\/\\\/schema.org\",\"@graph\":[{\"@type\":\"WebPage\",\"@id\":\"https:\\\/\\\/asdgroupcustoms.com\\\/pt\\\/mapa-do-site\\\/\",\"url\":\"https:\\\/\\\/asdgroupcustoms.com\\\/pt\\\/mapa-do-site\\\/\",\"name\":\"Mapa do site | ASD Group Customs\",\"isPartOf\":{\"@id\":\"https:\\\/\\\/asdgroupcustoms.com\\\/pt\\\/#website\"},\"datePublished\":\"2025-08-05T13:25:04+00:00\",\"dateModified\":\"2025-08-19T13:48:55+00:00\",\"description\":\"Mapa do site ASD Group Customs: encontre aqui todas as p\u00e1ginas do nosso site e descubra todos os nossos servi\u00e7os.\",\"breadcrumb\":{\"@id\":\"https:\\\/\\\/asdgroupcustoms.com\\\/pt\\\/mapa-do-site\\\/#breadcrumb\"},\"inLanguage\":\"pt-PT\",\"potentialAction\":[{\"@type\":\"ReadAction\",\"target\":[\"https:\\\/\\\/asdgroupcustoms.com\\\/pt\\\/mapa-do-site\\\/\"]}]},{\"@type\":\"BreadcrumbList\",\"@id\":\"https:\\\/\\\/asdgroupcustoms.com\\\/pt\\\/mapa-do-site\\\/#breadcrumb\",\"itemListElement\":[{\"@type\":\"ListItem\",\"position\":1,\"name\":\"Accueil\",\"item\":\"https:\\\/\\\/asdgroupcustoms.com\\\/pt\\\/\"},{\"@type\":\"ListItem\",\"position\":2,\"name\":\"Mapa do site\"}]},{\"@type\":\"WebSite\",\"@id\":\"https:\\\/\\\/asdgroupcustoms.com\\\/pt\\\/#website\",\"url\":\"https:\\\/\\\/asdgroupcustoms.com\\\/pt\\\/\",\"name\":\"ASD Group Customs\",\"description\":\"\",\"publisher\":{\"@id\":\"https:\\\/\\\/asdgroupcustoms.com\\\/pt\\\/#organization\"},\"alternateName\":\"ASD Group Customs\",\"potentialAction\":[{\"@type\":\"SearchAction\",\"target\":{\"@type\":\"EntryPoint\",\"urlTemplate\":\"https:\\\/\\\/asdgroupcustoms.com\\\/pt\\\/?s={search_term_string}\"},\"query-input\":{\"@type\":\"PropertyValueSpecification\",\"valueRequired\":true,\"valueName\":\"search_term_string\"}}],\"inLanguage\":\"pt-PT\"},{\"@type\":\"Organization\",\"@id\":\"https:\\\/\\\/asdgroupcustoms.com\\\/pt\\\/#organization\",\"name\":\"ASD Group Customs\",\"alternateName\":\"ASD Group Customs\",\"url\":\"https:\\\/\\\/asdgroupcustoms.com\\\/pt\\\/\",\"logo\":{\"@type\":\"ImageObject\",\"inLanguage\":\"pt-PT\",\"@id\":\"https:\\\/\\\/asdgroupcustoms.com\\\/pt\\\/#\\\/schema\\\/logo\\\/image\\\/\",\"url\":\"https:\\\/\\\/asdgroupcustoms.com\\\/wp-content\\\/uploads\\\/2025\\\/04\\\/Logo-ASD_noir.svg\",\"contentUrl\":\"https:\\\/\\\/asdgroupcustoms.com\\\/wp-content\\\/uploads\\\/2025\\\/04\\\/Logo-ASD_noir.svg\",\"width\":253,\"height\":172,\"caption\":\"ASD Group Customs\"},\"image\":{\"@id\":\"https:\\\/\\\/asdgroupcustoms.com\\\/pt\\\/#\\\/schema\\\/logo\\\/image\\\/\"},\"sameAs\":[\"https:\\\/\\\/www.facebook.com\\\/asdgroupcustoms\",\"https:\\\/\\\/www.linkedin.com\\\/showcase\\\/asd-group-customs\\\/\"]}]}<\/script>\n<!-- \/ Yoast SEO plugin. -->","yoast_head_json":{"title":"Mapa do site | ASD Group Customs","description":"Mapa do site ASD Group Customs: encontre aqui todas as p\u00e1ginas do nosso site e descubra todos os nossos servi\u00e7os.","robots":{"index":"noindex","follow":"follow"},"og_locale":"pt_PT","og_type":"article","og_title":"Mapa do site | ASD Group Customs","og_description":"Mapa do site ASD Group Customs: encontre aqui todas as p\u00e1ginas do nosso site e descubra todos os nossos servi\u00e7os.","og_url":"https:\/\/asdgroupcustoms.com\/pt\/mapa-do-site\/","og_site_name":"ASD Group Customs","article_publisher":"https:\/\/www.facebook.com\/asdgroupcustoms","article_modified_time":"2025-08-19T13:48:55+00:00","twitter_card":"summary_large_image","twitter_misc":{"Tempo estimado de leitura":"1 minuto"},"schema":{"@context":"https:\/\/schema.org","@graph":[{"@type":"WebPage","@id":"https:\/\/asdgroupcustoms.com\/pt\/mapa-do-site\/","url":"https:\/\/asdgroupcustoms.com\/pt\/mapa-do-site\/","name":"Mapa do site | ASD Group Customs","isPartOf":{"@id":"https:\/\/asdgroupcustoms.com\/pt\/#website"},"datePublished":"2025-08-05T13:25:04+00:00","dateModified":"2025-08-19T13:48:55+00:00","description":"Mapa do site ASD Group Customs: encontre aqui todas as p\u00e1ginas do nosso site e descubra todos os nossos servi\u00e7os.","breadcrumb":{"@id":"https:\/\/asdgroupcustoms.com\/pt\/mapa-do-site\/#breadcrumb"},"inLanguage":"pt-PT","potentialAction":[{"@type":"ReadAction","target":["https:\/\/asdgroupcustoms.com\/pt\/mapa-do-site\/"]}]},{"@type":"BreadcrumbList","@id":"https:\/\/asdgroupcustoms.com\/pt\/mapa-do-site\/#breadcrumb","itemListElement":[{"@type":"ListItem","position":1,"name":"Accueil","item":"https:\/\/asdgroupcustoms.com\/pt\/"},{"@type":"ListItem","position":2,"name":"Mapa do site"}]},{"@type":"WebSite","@id":"https:\/\/asdgroupcustoms.com\/pt\/#website","url":"https:\/\/asdgroupcustoms.com\/pt\/","name":"ASD Group Customs","description":"","publisher":{"@id":"https:\/\/asdgroupcustoms.com\/pt\/#organization"},"alternateName":"ASD Group Customs","potentialAction":[{"@type":"SearchAction","target":{"@type":"EntryPoint","urlTemplate":"https:\/\/asdgroupcustoms.com\/pt\/?s={search_term_string}"},"query-input":{"@type":"PropertyValueSpecification","valueRequired":true,"valueName":"search_term_string"}}],"inLanguage":"pt-PT"},{"@type":"Organization","@id":"https:\/\/asdgroupcustoms.com\/pt\/#organization","name":"ASD Group Customs","alternateName":"ASD Group Customs","url":"https:\/\/asdgroupcustoms.com\/pt\/","logo":{"@type":"ImageObject","inLanguage":"pt-PT","@id":"https:\/\/asdgroupcustoms.com\/pt\/#\/schema\/logo\/image\/","url":"https:\/\/asdgroupcustoms.com\/wp-content\/uploads\/2025\/04\/Logo-ASD_noir.svg","contentUrl":"https:\/\/asdgroupcustoms.com\/wp-content\/uploads\/2025\/04\/Logo-ASD_noir.svg","width":253,"height":172,"caption":"ASD Group Customs"},"image":{"@id":"https:\/\/asdgroupcustoms.com\/pt\/#\/schema\/logo\/image\/"},"sameAs":["https:\/\/www.facebook.com\/asdgroupcustoms","https:\/\/www.linkedin.com\/showcase\/asd-group-customs\/"]}]}},"_links":{"self":[{"href":"https:\/\/asdgroupcustoms.com\/pt\/wp-json\/wp\/v2\/pages\/198548","targetHints":{"allow":["GET"]}}],"collection":[{"href":"https:\/\/asdgroupcustoms.com\/pt\/wp-json\/wp\/v2\/pages"}],"about":[{"href":"https:\/\/asdgroupcustoms.com\/pt\/wp-json\/wp\/v2\/types\/page"}],"author":[{"embeddable":true,"href":"https:\/\/asdgroupcustoms.com\/pt\/wp-json\/wp\/v2\/users\/2"}],"replies":[{"embeddable":true,"href":"https:\/\/asdgroupcustoms.com\/pt\/wp-json\/wp\/v2\/comments?post=198548"}],"version-history":[{"count":10,"href":"https:\/\/asdgroupcustoms.com\/pt\/wp-json\/wp\/v2\/pages\/198548\/revisions"}],"predecessor-version":[{"id":200264,"href":"https:\/\/asdgroupcustoms.com\/pt\/wp-json\/wp\/v2\/pages\/198548\/revisions\/200264"}],"wp:attachment":[{"href":"https:\/\/asdgroupcustoms.com\/pt\/wp-json\/wp\/v2\/media?parent=198548"}],"curies":[{"name":"wp","href":"https:\/\/api.w.org\/{rel}","templated":true}]}}