{"id":194396,"date":"2025-05-07T09:44:09","date_gmt":"2025-05-07T07:44:09","guid":{"rendered":"https:\/\/asdgroupcustoms.com\/blog\/"},"modified":"2025-08-19T15:12:39","modified_gmt":"2025-08-19T13:12:39","slug":"blog","status":"publish","type":"page","link":"https:\/\/asdgroupcustoms.com\/ro\/blog\/","title":{"rendered":"Blog"},"content":{"rendered":"\t\t<div data-elementor-type=\"wp-page\" data-elementor-id=\"194396\" class=\"elementor elementor-194396 elementor-187751\" data-elementor-post-type=\"page\">\n\t\t\t\t<div class=\"elementor-element elementor-element-d4c295c e-con-full e-flex e-con e-parent\" data-id=\"d4c295c\" data-element_type=\"container\" data-e-type=\"container\" data-settings=\"{&quot;background_background&quot;:&quot;classic&quot;}\">\n\t\t<div class=\"elementor-element elementor-element-7563ff5 e-flex e-con-boxed e-con e-child\" data-id=\"7563ff5\" data-element_type=\"container\" data-e-type=\"container\">\n\t\t\t\t\t<div class=\"e-con-inner\">\n\t\t\t\t<div class=\"elementor-element elementor-element-49042dd elementor-widget elementor-widget-heading\" data-id=\"49042dd\" data-element_type=\"widget\" data-e-type=\"widget\" data-widget_type=\"heading.default\">\n\t\t\t\t<div class=\"elementor-widget-container\">\n\t\t\t\t\t<div class=\"elementor-heading-title elementor-size-default\"><a href=\"\/ro\">Acas\u0103<\/a> &gt; blog<\/div>\t\t\t\t<\/div>\n\t\t\t\t<\/div>\n\t\t\t\t<div class=\"elementor-element elementor-element-0ea4186 elementor-widget elementor-widget-heading\" data-id=\"0ea4186\" data-element_type=\"widget\" data-e-type=\"widget\" data-widget_type=\"heading.default\">\n\t\t\t\t<div class=\"elementor-widget-container\">\n\t\t\t\t\t<h1 class=\"elementor-heading-title elementor-size-default\">Toate nout\u0103\u021bile despre obliga\u021biile vamale explicate de exper\u021bii no\u0219tri<\/h1>\t\t\t\t<\/div>\n\t\t\t\t<\/div>\n\t\t\t\t<div class=\"elementor-element elementor-element-beb04ff elementor-widget-divider--view-line elementor-widget elementor-widget-divider\" data-id=\"beb04ff\" data-element_type=\"widget\" data-e-type=\"widget\" data-widget_type=\"divider.default\">\n\t\t\t\t<div class=\"elementor-widget-container\">\n\t\t\t\t\t\t\t<div class=\"elementor-divider\">\n\t\t\t<span class=\"elementor-divider-separator\">\n\t\t\t\t\t\t<\/span>\n\t\t<\/div>\n\t\t\t\t\t\t<\/div>\n\t\t\t\t<\/div>\n\t\t\t\t\t<\/div>\n\t\t\t\t<\/div>\n\t\t\t\t<\/div>\n\t\t<div class=\"elementor-element elementor-element-f51f2cb e-flex e-con-boxed e-con e-parent\" data-id=\"f51f2cb\" data-element_type=\"container\" data-e-type=\"container\">\n\t\t\t\t\t<div class=\"e-con-inner\">\n\t\t\t\t<div class=\"elementor-element elementor-element-a6c4df4 elementor-widget elementor-widget-asd_blog_filter\" data-id=\"a6c4df4\" data-element_type=\"widget\" data-e-type=\"widget\" data-widget_type=\"asd_blog_filter.default\">\n\t\t\t\t<div class=\"elementor-widget-container\">\n\t\t\t\t\t<div class=\"custom-posts-list\">\n    <form action=\"https:\/\/asdgroupcustoms.com\/wp-admin\/admin-ajax.php\" method=\"POST\" id=\"filter\">\n        <div class=\"form-filter-wrapper\">\n\n            <div class=\"pays-filters\"><select name=\"paysfilter\"><option class=\"asd_trad\" value=\"allpays\"><\/option><option value=\"307\">Fran\u021ba<\/option><option value=\"817\">Regatul Unit<\/option><option value=\"316\">Uniunea European\u0103<\/option><\/select><i class=\"fas fa-caret-down\"><\/i><\/div><div class=\"category-filters\"><div><input class=\"active\" type=\"radio\" id=\"allcategories\" value=\"allcategories\" name=\"categoryfilter\" checked\/><label for=\"allcategories\" class=\"asd_trad\"><\/label><\/div><div><input type=\"radio\" id=\"cat116\" value=\"116\" name=\"categoryfilter\"\/><label for=\"cat116\">Vamal<\/label><\/div><\/div>\n            <input type=\"hidden\" name=\"action\" value=\"blog_filter\">\n        <\/div>\n    <\/form>\n\n    <div class=\"response\">\n        <div><\/div>\n        <div><\/div>\n        <div><\/div>\n        <div><\/div>\n    <\/div>\n\n    \n        <div id=\"posts_wrap\" class=\"custom-posts-list-wrapper\">\n\n            \n<article class=\"post-206593 post type-post status-publish format-standard has-post-thumbnail hentry category-vamal tag-intrastat-ro tag-praguri-intrastat country-european-union-ro\" id=\"post-206593\">\n\t\t<div class=\"custom-post-layout-card european-union-ro vamal  item\">\n\t\t<a class=\"custom-post-thumbnail-link\" href=\"https:\/\/asdgroupcustoms.com\/ro\/praguri-intrastat-si-emebi-2026-in-ue\/\" rel=\"bookmark\">\n\t\t\t<div class=\"custom-post-thumbnail\">\n\t\t\t\t<img fetchpriority=\"high\" decoding=\"async\" width=\"1536\" height=\"1024\" src=\"https:\/\/asdgroupcustoms.com\/wp-content\/uploads\/2025\/12\/seuils-intrastat-et-emebi-2026-en-ue.jpg\" class=\"attachment-post-thumbnail size-post-thumbnail wp-post-image\" alt=\"Seuils Intrastat et EMEBI 2026 en UE\" srcset=\"https:\/\/asdgroupcustoms.com\/wp-content\/uploads\/2025\/12\/seuils-intrastat-et-emebi-2026-en-ue.jpg 1536w, https:\/\/asdgroupcustoms.com\/wp-content\/uploads\/2025\/12\/seuils-intrastat-et-emebi-2026-en-ue-300x200.jpg 300w, https:\/\/asdgroupcustoms.com\/wp-content\/uploads\/2025\/12\/seuils-intrastat-et-emebi-2026-en-ue-1024x683.jpg 1024w, https:\/\/asdgroupcustoms.com\/wp-content\/uploads\/2025\/12\/seuils-intrastat-et-emebi-2026-en-ue-768x512.jpg 768w\" sizes=\"(max-width: 1536px) 100vw, 1536px\" \/>\t\t\t<\/div>\n\t\t<\/a>\n\n\t\t<div class=\"custom-post-meta\">\n\t\t\t<div class=\"custom-post-primary_category\">\n\t\t\t\t\t\t\t\t\tVamal\t\t\t\t\t\t\t<\/div>\n\t\t\t<div class=\"custom-post-date\">\n\t\t\t\t10 decembrie 2025\t\t\t<\/div>\n\t\t<\/div>\n\n\t\t<h2 class=\"custom-post-title\">\n\t\t\t<a href=\"https:\/\/asdgroupcustoms.com\/ro\/praguri-intrastat-si-emebi-2026-in-ue\/\" rel=\"bookmark\">Praguri Intrastat \u0219i EMEBI 2026 \u00een UE<\/a>\n\t\t<\/h2>\n\n\t\t<div class=\"custom-post-excerpt\">\n\t\t\t<p>\n\t\t\t\tIntrastat 2026: esen\u021bialul de re\u021binut Schimbi bunuri cu parteneri din Uniunea European\u0103 \u0219i firma ta este supus\u0103 TVA?Atunci e\u0219ti poten\u021bial vizat de Intrastat \u0219i EMEBI.&hellip;\t\t\t<\/p>\n\t\t<\/div>\n\n\t<\/div>\n<\/article>\n<article class=\"post-206114 post type-post status-publish format-standard has-post-thumbnail hentry category-vamal tag-cai tag-obligatiile-vamale tag-operatiuni-vamale tag-sivep country-regatul-unit country-european-union-ro\" id=\"post-206114\">\n\t\t<div class=\"custom-post-layout-card regatul-unit european-union-ro vamal  item\">\n\t\t<a class=\"custom-post-thumbnail-link\" href=\"https:\/\/asdgroupcustoms.com\/ro\/formalitati-vamale-pentru-cai-tot-ce-trebuie-sa-stiti-pentru-a-importa-sau-exporta-un-echin-post-brexit\/\" rel=\"bookmark\">\n\t\t\t<div class=\"custom-post-thumbnail\">\n\t\t\t\t<img decoding=\"async\" width=\"1440\" height=\"960\" src=\"https:\/\/asdgroupcustoms.com\/wp-content\/uploads\/2025\/10\/pourquoi-limport-export-de-chevaux-en-ue-exige-un-expert-sivep.jpg\" class=\"attachment-post-thumbnail size-post-thumbnail wp-post-image\" alt=\"Pourquoi l\u2019import\/export de chevaux en UE exige un expert SIVEP ?\" srcset=\"https:\/\/asdgroupcustoms.com\/wp-content\/uploads\/2025\/10\/pourquoi-limport-export-de-chevaux-en-ue-exige-un-expert-sivep.jpg 1440w, https:\/\/asdgroupcustoms.com\/wp-content\/uploads\/2025\/10\/pourquoi-limport-export-de-chevaux-en-ue-exige-un-expert-sivep-300x200.jpg 300w, https:\/\/asdgroupcustoms.com\/wp-content\/uploads\/2025\/10\/pourquoi-limport-export-de-chevaux-en-ue-exige-un-expert-sivep-1024x683.jpg 1024w, https:\/\/asdgroupcustoms.com\/wp-content\/uploads\/2025\/10\/pourquoi-limport-export-de-chevaux-en-ue-exige-un-expert-sivep-768x512.jpg 768w\" sizes=\"(max-width: 1440px) 100vw, 1440px\" \/>\t\t\t<\/div>\n\t\t<\/a>\n\n\t\t<div class=\"custom-post-meta\">\n\t\t\t<div class=\"custom-post-primary_category\">\n\t\t\t\t\t\t\t\t\tVamal\t\t\t\t\t\t\t<\/div>\n\t\t\t<div class=\"custom-post-date\">\n\t\t\t\t28 octombrie 2025\t\t\t<\/div>\n\t\t<\/div>\n\n\t\t<h2 class=\"custom-post-title\">\n\t\t\t<a href=\"https:\/\/asdgroupcustoms.com\/ro\/formalitati-vamale-pentru-cai-tot-ce-trebuie-sa-stiti-pentru-a-importa-sau-exporta-un-echin-post-brexit\/\" rel=\"bookmark\">Formalit\u0103\u021bi vamale pentru cai: Tot ce trebuie s\u0103 \u0219ti\u021bi pentru a importa sau exporta un echin post-Brexit<\/a>\n\t\t<\/h2>\n\n\t\t<div class=\"custom-post-excerpt\">\n\t\t\t<p>\n\t\t\t\tDe la\u00a0tranzi\u021bia Brexit,\u00a0transportul interna\u021bional al cailor\u00a0\u00eentre\u00a0Marea Britanie\u00a0\u0219i\u00a0Uniunea European\u0103\u00a0s-a schimbat semnificativ. Ceea ce odat\u0103 era o procedur\u0103 administrativ\u0103 simpl\u0103 este acum guvernat de\u00a0formalit\u0103\u021bi vamale stricte\u00a0\u0219i\u00a0controale veterinare&hellip;\t\t\t<\/p>\n\t\t<\/div>\n\n\t<\/div>\n<\/article>\n<article class=\"post-204384 post type-post status-publish format-standard has-post-thumbnail hentry category-vamal tag-regim-42-00-ro tag-reprezentare-fiscala-limitata tag-tva-ro country-france-ro country-european-union-ro\" id=\"post-204384\">\n\t\t<div class=\"custom-post-layout-card france-ro european-union-ro vamal  item\">\n\t\t<a class=\"custom-post-thumbnail-link\" href=\"https:\/\/asdgroupcustoms.com\/ro\/intrebari-frecvente-aflati-mai-multe-despre-impactul-eliminarii-reprezentarii-fiscale-limitate\/\" rel=\"bookmark\">\n\t\t\t<div class=\"custom-post-thumbnail\">\n\t\t\t\t<img decoding=\"async\" width=\"1440\" height=\"959\" src=\"https:\/\/asdgroupcustoms.com\/wp-content\/uploads\/2025\/08\/faq-learn-more-about-the-impacts-of-the-removal-of-one-off-fiscal-representation.jpg\" class=\"attachment-post-thumbnail size-post-thumbnail wp-post-image\" alt=\"FAQ \u2013 Learn more about the impacts of the removal of one-off fiscal representation\" srcset=\"https:\/\/asdgroupcustoms.com\/wp-content\/uploads\/2025\/08\/faq-learn-more-about-the-impacts-of-the-removal-of-one-off-fiscal-representation.jpg 1440w, https:\/\/asdgroupcustoms.com\/wp-content\/uploads\/2025\/08\/faq-learn-more-about-the-impacts-of-the-removal-of-one-off-fiscal-representation-300x200.jpg 300w, https:\/\/asdgroupcustoms.com\/wp-content\/uploads\/2025\/08\/faq-learn-more-about-the-impacts-of-the-removal-of-one-off-fiscal-representation-1024x682.jpg 1024w, https:\/\/asdgroupcustoms.com\/wp-content\/uploads\/2025\/08\/faq-learn-more-about-the-impacts-of-the-removal-of-one-off-fiscal-representation-768x511.jpg 768w\" sizes=\"(max-width: 1440px) 100vw, 1440px\" \/>\t\t\t<\/div>\n\t\t<\/a>\n\n\t\t<div class=\"custom-post-meta\">\n\t\t\t<div class=\"custom-post-primary_category\">\n\t\t\t\t\t\t\t\t\tVamal\t\t\t\t\t\t\t<\/div>\n\t\t\t<div class=\"custom-post-date\">\n\t\t\t\t28 august 2025\t\t\t<\/div>\n\t\t<\/div>\n\n\t\t<h2 class=\"custom-post-title\">\n\t\t\t<a href=\"https:\/\/asdgroupcustoms.com\/ro\/intrebari-frecvente-aflati-mai-multe-despre-impactul-eliminarii-reprezentarii-fiscale-limitate\/\" rel=\"bookmark\">\u00centreb\u0103ri frecvente \u2013 Afla\u021bi mai multe despre impactul elimin\u0103rii reprezent\u0103rii fiscale limitate<\/a>\n\t\t<\/h2>\n\n\t\t<div class=\"custom-post-excerpt\">\n\t\t\t<p>\n\t\t\t\t\u00cencep\u00e2nd cu 1 ianuarie 2026, reprezentarea fiscal\u0103 limitat\u0103 nu va mai fi permis\u0103 \u00een Fran\u021ba. Aceast\u0103 schimbare afecteaz\u0103 \u00een principal companiile stabilite \u00een afara Uniunii&hellip;\t\t\t<\/p>\n\t\t<\/div>\n\n\t<\/div>\n<\/article>\n<article class=\"post-204386 post type-post status-publish format-standard has-post-thumbnail hentry category-vamal tag-regim-42-00-ro tag-reprezentare-fiscala-limitata tag-tva-ro country-france-ro country-european-union-ro\" id=\"post-204386\">\n\t\t<div class=\"custom-post-layout-card france-ro european-union-ro vamal  item\">\n\t\t<a class=\"custom-post-thumbnail-link\" href=\"https:\/\/asdgroupcustoms.com\/ro\/reprezentarea-fiscala-limitata-regimul-42-00-se-incheie-la-31-12-2025-ce-trebuie-sa-stie-companiile-non-europene\/\" rel=\"bookmark\">\n\t\t\t<div class=\"custom-post-thumbnail\">\n\t\t\t\t<img loading=\"lazy\" decoding=\"async\" width=\"1440\" height=\"959\" src=\"https:\/\/asdgroupcustoms.com\/wp-content\/uploads\/2025\/08\/one-off-fiscal-representation-regime-42-00-ends-31-12-2025.jpg\" class=\"attachment-post-thumbnail size-post-thumbnail wp-post-image\" alt=\"One-off fiscal representation (regime 42 00) ends 31\/12\/2025\" srcset=\"https:\/\/asdgroupcustoms.com\/wp-content\/uploads\/2025\/08\/one-off-fiscal-representation-regime-42-00-ends-31-12-2025.jpg 1440w, https:\/\/asdgroupcustoms.com\/wp-content\/uploads\/2025\/08\/one-off-fiscal-representation-regime-42-00-ends-31-12-2025-300x200.jpg 300w, https:\/\/asdgroupcustoms.com\/wp-content\/uploads\/2025\/08\/one-off-fiscal-representation-regime-42-00-ends-31-12-2025-1024x682.jpg 1024w, https:\/\/asdgroupcustoms.com\/wp-content\/uploads\/2025\/08\/one-off-fiscal-representation-regime-42-00-ends-31-12-2025-768x511.jpg 768w\" sizes=\"(max-width: 1440px) 100vw, 1440px\" \/>\t\t\t<\/div>\n\t\t<\/a>\n\n\t\t<div class=\"custom-post-meta\">\n\t\t\t<div class=\"custom-post-primary_category\">\n\t\t\t\t\t\t\t\t\tVamal\t\t\t\t\t\t\t<\/div>\n\t\t\t<div class=\"custom-post-date\">\n\t\t\t\t20 august 2025\t\t\t<\/div>\n\t\t<\/div>\n\n\t\t<h2 class=\"custom-post-title\">\n\t\t\t<a href=\"https:\/\/asdgroupcustoms.com\/ro\/reprezentarea-fiscala-limitata-regimul-42-00-se-incheie-la-31-12-2025-ce-trebuie-sa-stie-companiile-non-europene\/\" rel=\"bookmark\">Reprezentarea fiscal\u0103 limitat\u0103 (regimul 42 00) se \u00eencheie la 31\/12\/2025 \u2013 ce trebuie s\u0103 \u0219tie companiile non-europene<\/a>\n\t\t<\/h2>\n\n\t\t<div class=\"custom-post-excerpt\">\n\t\t\t<p>\n\t\t\t\tLegea finan\u021belor pentru 2025 confirm\u0103 abolirea reprezent\u0103rii fiscale limitate pentru importurile sub regimul vamal 42, un mecanism utilizat pe scar\u0103 larg\u0103 de companiile non-europene, inclusiv&hellip;\t\t\t<\/p>\n\t\t<\/div>\n\n\t<\/div>\n<\/article>\n<article class=\"post-204390 post type-post status-publish format-standard has-post-thumbnail hentry category-vamal tag-declaratie-de-diligenta-rezonabila tag-eudr-ro country-european-union-ro\" id=\"post-204390\">\n\t\t<div class=\"custom-post-layout-card european-union-ro vamal  item\">\n\t\t<a class=\"custom-post-thumbnail-link\" href=\"https:\/\/asdgroupcustoms.com\/ro\/declaratie-de-diligenta-rezonabila-conform-regulamentului-ue-privind-defrisarile-eudr-2023-1115\/\" rel=\"bookmark\">\n\t\t\t<div class=\"custom-post-thumbnail\">\n\t\t\t\t<img loading=\"lazy\" decoding=\"async\" width=\"1440\" height=\"960\" src=\"https:\/\/asdgroupcustoms.com\/wp-content\/uploads\/2025\/08\/due-diligence-statement-under-eu-deforestation-regulation-eudr-2023-1115.jpg\" class=\"attachment-post-thumbnail size-post-thumbnail wp-post-image\" alt=\"due-diligence-statement-under-eu-deforestation-regulation-eudr-2023-1115\" srcset=\"https:\/\/asdgroupcustoms.com\/wp-content\/uploads\/2025\/08\/due-diligence-statement-under-eu-deforestation-regulation-eudr-2023-1115.jpg 1440w, https:\/\/asdgroupcustoms.com\/wp-content\/uploads\/2025\/08\/due-diligence-statement-under-eu-deforestation-regulation-eudr-2023-1115-300x200.jpg 300w, https:\/\/asdgroupcustoms.com\/wp-content\/uploads\/2025\/08\/due-diligence-statement-under-eu-deforestation-regulation-eudr-2023-1115-1024x683.jpg 1024w, https:\/\/asdgroupcustoms.com\/wp-content\/uploads\/2025\/08\/due-diligence-statement-under-eu-deforestation-regulation-eudr-2023-1115-768x512.jpg 768w\" sizes=\"(max-width: 1440px) 100vw, 1440px\" \/>\t\t\t<\/div>\n\t\t<\/a>\n\n\t\t<div class=\"custom-post-meta\">\n\t\t\t<div class=\"custom-post-primary_category\">\n\t\t\t\t\t\t\t\t\tVamal\t\t\t\t\t\t\t<\/div>\n\t\t\t<div class=\"custom-post-date\">\n\t\t\t\t19 august 2025\t\t\t<\/div>\n\t\t<\/div>\n\n\t\t<h2 class=\"custom-post-title\">\n\t\t\t<a href=\"https:\/\/asdgroupcustoms.com\/ro\/declaratie-de-diligenta-rezonabila-conform-regulamentului-ue-privind-defrisarile-eudr-2023-1115\/\" rel=\"bookmark\">Declara\u021bie de diligen\u021b\u0103 rezonabil\u0103 conform Regulamentului UE privind defri\u0219\u0103rile (EUDR) 2023\/1115<\/a>\n\t\t<\/h2>\n\n\t\t<div class=\"custom-post-excerpt\">\n\t\t\t<p>\n\t\t\t\tCa r\u0103spuns la criza climatic\u0103 \u0219i la pierderea alarmant\u0103 a p\u0103durilor la nivel global, Uniunea European\u0103 a adoptat Regulamentul UE privind defri\u0219\u0103rile \u2014 Regulamentul (UE)&hellip;\t\t\t<\/p>\n\t\t<\/div>\n\n\t<\/div>\n<\/article>\n        <\/div><!-- #post_wrap -->\n\n    <\/div><!-- .custom-posts-list -->\n\n\t\t\t\t<\/div>\n\t\t\t\t<\/div>\n\t\t\t\t\t<\/div>\n\t\t\t\t<\/div>\n\t\t\t\t<\/div>\n\t\t","protected":false},"excerpt":{"rendered":"<p>Acas\u0103 &gt; blog Toate nout\u0103\u021bile despre obliga\u021biile vamale explicate de exper\u021bii no\u0219tri European UnionUnited KingdomCustomsCustoms Customs 19 ao\u00fbt 2025 Due Diligence Statement under EU Deforestation Regulation (EUDR) 2023\/1115 In response to the climate crisis and the alarming global loss of forests, the European Union has adopted the EU Deforestation Regulation \u2014 Regulation (EU)\u2026 Customs 17 [&hellip;]<\/p>\n","protected":false},"author":2,"featured_media":0,"parent":0,"menu_order":0,"comment_status":"closed","ping_status":"closed","template":"","meta":{"_eb_attr":"","footnotes":""},"class_list":["post-194396","page","type-page","status-publish","hentry"],"yoast_head":"<!-- This site is optimized with the Yoast SEO plugin v27.3 - https:\/\/yoast.com\/product\/yoast-seo-wordpress\/ -->\n<title>Blog | ASD Group Customs<\/title>\n<meta name=\"description\" content=\"R\u0103m\u00e2i la curent cu articolele de pe blogul ASD Group despre formalit\u0103\u021bi vamale, Brexit, v\u0103muire \u0219i obliga\u021bii de raportare.\" \/>\n<meta name=\"robots\" content=\"index, follow, max-snippet:-1, max-image-preview:large, max-video-preview:-1\" \/>\n<link rel=\"canonical\" href=\"https:\/\/asdgroupcustoms.com\/ro\/blog\/\" \/>\n<meta property=\"og:locale\" content=\"ro_RO\" \/>\n<meta property=\"og:type\" content=\"article\" \/>\n<meta property=\"og:title\" content=\"Blog | ASD Group Customs\" \/>\n<meta property=\"og:description\" content=\"R\u0103m\u00e2i la curent cu articolele de pe blogul ASD Group despre formalit\u0103\u021bi vamale, Brexit, v\u0103muire \u0219i obliga\u021bii de raportare.\" \/>\n<meta property=\"og:url\" content=\"https:\/\/asdgroupcustoms.com\/ro\/blog\/\" \/>\n<meta property=\"og:site_name\" content=\"ASD Group Customs\" \/>\n<meta property=\"article:publisher\" content=\"https:\/\/www.facebook.com\/asdgroupcustoms\" \/>\n<meta property=\"article:modified_time\" content=\"2025-08-19T13:12:39+00:00\" \/>\n<meta property=\"og:image\" content=\"https:\/\/asdgroupcustoms.com\/wp-content\/uploads\/2025\/01\/istockphoto-1339597090-1024x1024-1.jpg\" \/>\n<meta name=\"twitter:card\" content=\"summary_large_image\" \/>\n<meta name=\"twitter:label1\" content=\"Timp estimat pentru citire\" \/>\n\t<meta name=\"twitter:data1\" content=\"1 minut\" \/>\n<script type=\"application\/ld+json\" class=\"yoast-schema-graph\">{\"@context\":\"https:\\\/\\\/schema.org\",\"@graph\":[{\"@type\":\"WebPage\",\"@id\":\"https:\\\/\\\/asdgroupcustoms.com\\\/ro\\\/blog\\\/\",\"url\":\"https:\\\/\\\/asdgroupcustoms.com\\\/ro\\\/blog\\\/\",\"name\":\"Blog | ASD Group Customs\",\"isPartOf\":{\"@id\":\"https:\\\/\\\/asdgroupcustoms.com\\\/ro\\\/#website\"},\"primaryImageOfPage\":{\"@id\":\"https:\\\/\\\/asdgroupcustoms.com\\\/ro\\\/blog\\\/#primaryimage\"},\"image\":{\"@id\":\"https:\\\/\\\/asdgroupcustoms.com\\\/ro\\\/blog\\\/#primaryimage\"},\"thumbnailUrl\":\"https:\\\/\\\/asdgroupcustoms.com\\\/wp-content\\\/uploads\\\/2025\\\/01\\\/istockphoto-1339597090-1024x1024-1.jpg\",\"datePublished\":\"2025-05-07T07:44:09+00:00\",\"dateModified\":\"2025-08-19T13:12:39+00:00\",\"description\":\"R\u0103m\u00e2i la curent cu articolele de pe blogul ASD Group despre formalit\u0103\u021bi vamale, Brexit, v\u0103muire \u0219i obliga\u021bii de raportare.\",\"breadcrumb\":{\"@id\":\"https:\\\/\\\/asdgroupcustoms.com\\\/ro\\\/blog\\\/#breadcrumb\"},\"inLanguage\":\"ro-RO\",\"potentialAction\":[{\"@type\":\"ReadAction\",\"target\":[\"https:\\\/\\\/asdgroupcustoms.com\\\/ro\\\/blog\\\/\"]}]},{\"@type\":\"ImageObject\",\"inLanguage\":\"ro-RO\",\"@id\":\"https:\\\/\\\/asdgroupcustoms.com\\\/ro\\\/blog\\\/#primaryimage\",\"url\":\"https:\\\/\\\/asdgroupcustoms.com\\\/wp-content\\\/uploads\\\/2025\\\/01\\\/istockphoto-1339597090-1024x1024-1.jpg\",\"contentUrl\":\"https:\\\/\\\/asdgroupcustoms.com\\\/wp-content\\\/uploads\\\/2025\\\/01\\\/istockphoto-1339597090-1024x1024-1.jpg\"},{\"@type\":\"BreadcrumbList\",\"@id\":\"https:\\\/\\\/asdgroupcustoms.com\\\/ro\\\/blog\\\/#breadcrumb\",\"itemListElement\":[{\"@type\":\"ListItem\",\"position\":1,\"name\":\"Accueil\",\"item\":\"https:\\\/\\\/asdgroupcustoms.com\\\/ro\\\/\"},{\"@type\":\"ListItem\",\"position\":2,\"name\":\"Blog\"}]},{\"@type\":\"WebSite\",\"@id\":\"https:\\\/\\\/asdgroupcustoms.com\\\/ro\\\/#website\",\"url\":\"https:\\\/\\\/asdgroupcustoms.com\\\/ro\\\/\",\"name\":\"ASD Group Customs\",\"description\":\"\",\"publisher\":{\"@id\":\"https:\\\/\\\/asdgroupcustoms.com\\\/ro\\\/#organization\"},\"alternateName\":\"ASD Group Customs\",\"potentialAction\":[{\"@type\":\"SearchAction\",\"target\":{\"@type\":\"EntryPoint\",\"urlTemplate\":\"https:\\\/\\\/asdgroupcustoms.com\\\/ro\\\/?s={search_term_string}\"},\"query-input\":{\"@type\":\"PropertyValueSpecification\",\"valueRequired\":true,\"valueName\":\"search_term_string\"}}],\"inLanguage\":\"ro-RO\"},{\"@type\":\"Organization\",\"@id\":\"https:\\\/\\\/asdgroupcustoms.com\\\/ro\\\/#organization\",\"name\":\"ASD Group Customs\",\"alternateName\":\"ASD Group Customs\",\"url\":\"https:\\\/\\\/asdgroupcustoms.com\\\/ro\\\/\",\"logo\":{\"@type\":\"ImageObject\",\"inLanguage\":\"ro-RO\",\"@id\":\"https:\\\/\\\/asdgroupcustoms.com\\\/ro\\\/#\\\/schema\\\/logo\\\/image\\\/\",\"url\":\"https:\\\/\\\/asdgroupcustoms.com\\\/wp-content\\\/uploads\\\/2025\\\/04\\\/Logo-ASD_noir.svg\",\"contentUrl\":\"https:\\\/\\\/asdgroupcustoms.com\\\/wp-content\\\/uploads\\\/2025\\\/04\\\/Logo-ASD_noir.svg\",\"width\":253,\"height\":172,\"caption\":\"ASD Group Customs\"},\"image\":{\"@id\":\"https:\\\/\\\/asdgroupcustoms.com\\\/ro\\\/#\\\/schema\\\/logo\\\/image\\\/\"},\"sameAs\":[\"https:\\\/\\\/www.facebook.com\\\/asdgroupcustoms\",\"https:\\\/\\\/www.linkedin.com\\\/showcase\\\/asd-group-customs\\\/\"]}]}<\/script>\n<!-- \/ Yoast SEO plugin. -->","yoast_head_json":{"title":"Blog | ASD Group Customs","description":"R\u0103m\u00e2i la curent cu articolele de pe blogul ASD Group despre formalit\u0103\u021bi vamale, Brexit, v\u0103muire \u0219i obliga\u021bii de raportare.","robots":{"index":"index","follow":"follow","max-snippet":"max-snippet:-1","max-image-preview":"max-image-preview:large","max-video-preview":"max-video-preview:-1"},"canonical":"https:\/\/asdgroupcustoms.com\/ro\/blog\/","og_locale":"ro_RO","og_type":"article","og_title":"Blog | ASD Group Customs","og_description":"R\u0103m\u00e2i la curent cu articolele de pe blogul ASD Group despre formalit\u0103\u021bi vamale, Brexit, v\u0103muire \u0219i obliga\u021bii de raportare.","og_url":"https:\/\/asdgroupcustoms.com\/ro\/blog\/","og_site_name":"ASD Group Customs","article_publisher":"https:\/\/www.facebook.com\/asdgroupcustoms","article_modified_time":"2025-08-19T13:12:39+00:00","og_image":[{"url":"https:\/\/asdgroupcustoms.com\/wp-content\/uploads\/2025\/01\/istockphoto-1339597090-1024x1024-1.jpg","type":"","width":"","height":""}],"twitter_card":"summary_large_image","twitter_misc":{"Timp estimat pentru citire":"1 minut"},"schema":{"@context":"https:\/\/schema.org","@graph":[{"@type":"WebPage","@id":"https:\/\/asdgroupcustoms.com\/ro\/blog\/","url":"https:\/\/asdgroupcustoms.com\/ro\/blog\/","name":"Blog | ASD Group Customs","isPartOf":{"@id":"https:\/\/asdgroupcustoms.com\/ro\/#website"},"primaryImageOfPage":{"@id":"https:\/\/asdgroupcustoms.com\/ro\/blog\/#primaryimage"},"image":{"@id":"https:\/\/asdgroupcustoms.com\/ro\/blog\/#primaryimage"},"thumbnailUrl":"https:\/\/asdgroupcustoms.com\/wp-content\/uploads\/2025\/01\/istockphoto-1339597090-1024x1024-1.jpg","datePublished":"2025-05-07T07:44:09+00:00","dateModified":"2025-08-19T13:12:39+00:00","description":"R\u0103m\u00e2i la curent cu articolele de pe blogul ASD Group despre formalit\u0103\u021bi vamale, Brexit, v\u0103muire \u0219i obliga\u021bii de raportare.","breadcrumb":{"@id":"https:\/\/asdgroupcustoms.com\/ro\/blog\/#breadcrumb"},"inLanguage":"ro-RO","potentialAction":[{"@type":"ReadAction","target":["https:\/\/asdgroupcustoms.com\/ro\/blog\/"]}]},{"@type":"ImageObject","inLanguage":"ro-RO","@id":"https:\/\/asdgroupcustoms.com\/ro\/blog\/#primaryimage","url":"https:\/\/asdgroupcustoms.com\/wp-content\/uploads\/2025\/01\/istockphoto-1339597090-1024x1024-1.jpg","contentUrl":"https:\/\/asdgroupcustoms.com\/wp-content\/uploads\/2025\/01\/istockphoto-1339597090-1024x1024-1.jpg"},{"@type":"BreadcrumbList","@id":"https:\/\/asdgroupcustoms.com\/ro\/blog\/#breadcrumb","itemListElement":[{"@type":"ListItem","position":1,"name":"Accueil","item":"https:\/\/asdgroupcustoms.com\/ro\/"},{"@type":"ListItem","position":2,"name":"Blog"}]},{"@type":"WebSite","@id":"https:\/\/asdgroupcustoms.com\/ro\/#website","url":"https:\/\/asdgroupcustoms.com\/ro\/","name":"ASD Group Customs","description":"","publisher":{"@id":"https:\/\/asdgroupcustoms.com\/ro\/#organization"},"alternateName":"ASD Group Customs","potentialAction":[{"@type":"SearchAction","target":{"@type":"EntryPoint","urlTemplate":"https:\/\/asdgroupcustoms.com\/ro\/?s={search_term_string}"},"query-input":{"@type":"PropertyValueSpecification","valueRequired":true,"valueName":"search_term_string"}}],"inLanguage":"ro-RO"},{"@type":"Organization","@id":"https:\/\/asdgroupcustoms.com\/ro\/#organization","name":"ASD Group Customs","alternateName":"ASD Group Customs","url":"https:\/\/asdgroupcustoms.com\/ro\/","logo":{"@type":"ImageObject","inLanguage":"ro-RO","@id":"https:\/\/asdgroupcustoms.com\/ro\/#\/schema\/logo\/image\/","url":"https:\/\/asdgroupcustoms.com\/wp-content\/uploads\/2025\/04\/Logo-ASD_noir.svg","contentUrl":"https:\/\/asdgroupcustoms.com\/wp-content\/uploads\/2025\/04\/Logo-ASD_noir.svg","width":253,"height":172,"caption":"ASD Group Customs"},"image":{"@id":"https:\/\/asdgroupcustoms.com\/ro\/#\/schema\/logo\/image\/"},"sameAs":["https:\/\/www.facebook.com\/asdgroupcustoms","https:\/\/www.linkedin.com\/showcase\/asd-group-customs\/"]}]}},"_links":{"self":[{"href":"https:\/\/asdgroupcustoms.com\/ro\/wp-json\/wp\/v2\/pages\/194396","targetHints":{"allow":["GET"]}}],"collection":[{"href":"https:\/\/asdgroupcustoms.com\/ro\/wp-json\/wp\/v2\/pages"}],"about":[{"href":"https:\/\/asdgroupcustoms.com\/ro\/wp-json\/wp\/v2\/types\/page"}],"author":[{"embeddable":true,"href":"https:\/\/asdgroupcustoms.com\/ro\/wp-json\/wp\/v2\/users\/2"}],"replies":[{"embeddable":true,"href":"https:\/\/asdgroupcustoms.com\/ro\/wp-json\/wp\/v2\/comments?post=194396"}],"version-history":[{"count":10,"href":"https:\/\/asdgroupcustoms.com\/ro\/wp-json\/wp\/v2\/pages\/194396\/revisions"}],"predecessor-version":[{"id":200209,"href":"https:\/\/asdgroupcustoms.com\/ro\/wp-json\/wp\/v2\/pages\/194396\/revisions\/200209"}],"wp:attachment":[{"href":"https:\/\/asdgroupcustoms.com\/ro\/wp-json\/wp\/v2\/media?parent=194396"}],"curies":[{"name":"wp","href":"https:\/\/api.w.org\/{rel}","templated":true}]}}