{"id":198552,"date":"2025-08-05T15:25:04","date_gmt":"2025-08-05T13:25:04","guid":{"rendered":"https:\/\/asdgroupcustoms.com\/sitemap\/"},"modified":"2025-08-19T15:49:55","modified_gmt":"2025-08-19T13:49:55","slug":"harta-site-ului","status":"publish","type":"page","link":"https:\/\/asdgroupcustoms.com\/ro\/harta-site-ului\/","title":{"rendered":"Harta site-ului"},"content":{"rendered":"\t\t<div data-elementor-type=\"wp-page\" data-elementor-id=\"198552\" class=\"elementor elementor-198552 elementor-198465\" data-elementor-post-type=\"page\">\n\t\t\t\t\t\t<section class=\"elementor-section elementor-top-section elementor-element elementor-element-124eb60 elementor-section-content-middle elementor-section-boxed elementor-section-height-default elementor-section-height-default\" data-id=\"124eb60\" data-element_type=\"section\" data-e-type=\"section\" data-settings=\"{&quot;background_background&quot;:&quot;classic&quot;}\">\n\t\t\t\t\t\t<div class=\"elementor-container elementor-column-gap-no\">\n\t\t\t\t\t<div class=\"elementor-column elementor-col-100 elementor-top-column elementor-element elementor-element-5bfa6b8\" data-id=\"5bfa6b8\" data-element_type=\"column\" data-e-type=\"column\">\n\t\t\t<div class=\"elementor-widget-wrap elementor-element-populated\">\n\t\t\t\t\t\t<div class=\"elementor-element elementor-element-ac4719c elementor-widget elementor-widget-text-editor\" data-id=\"ac4719c\" data-element_type=\"widget\" data-e-type=\"widget\" data-widget_type=\"text-editor.default\">\n\t\t\t\t<div class=\"elementor-widget-container\">\n\t\t\t\t\t\t\t\t\t<p><a href=\"\/ro\">ACAS\u0102<\/a> &gt; HARTA SITE-ULUI<\/p>\n\t\t\t\t\t\t\t\t<\/div>\n\t\t\t\t<\/div>\n\t\t<div class=\"elementor-element elementor-element-04ac49e e-con-full e-flex e-con e-parent\" data-id=\"04ac49e\" data-element_type=\"container\" data-e-type=\"container\">\n\t\t<div class=\"elementor-element elementor-element-5997bbe e-con-full e-flex e-con e-child\" data-id=\"5997bbe\" data-element_type=\"container\" data-e-type=\"container\">\n\t\t\t\t<div class=\"elementor-element elementor-element-bb2177c elementor-widget elementor-widget-heading\" data-id=\"bb2177c\" data-element_type=\"widget\" data-e-type=\"widget\" data-widget_type=\"heading.default\">\n\t\t\t\t<div class=\"elementor-widget-container\">\n\t\t\t\t\t<h1 class=\"elementor-heading-title elementor-size-default\">Harta site-ului: aici g\u0103si\u021bi toate paginile site-ului<\/h1>\t\t\t\t<\/div>\n\t\t\t\t<\/div>\n\t\t\t\t<div class=\"elementor-element elementor-element-97398b6 elementor-widget-divider--view-line elementor-widget elementor-widget-divider\" data-id=\"97398b6\" data-element_type=\"widget\" data-e-type=\"widget\" data-widget_type=\"divider.default\">\n\t\t\t\t<div class=\"elementor-widget-container\">\n\t\t\t\t\t\t\t<div class=\"elementor-divider\">\n\t\t\t<span class=\"elementor-divider-separator\">\n\t\t\t\t\t\t<\/span>\n\t\t<\/div>\n\t\t\t\t\t\t<\/div>\n\t\t\t\t<\/div>\n\t\t\t\t<\/div>\n\t\t\t\t<\/div>\n\t\t\t\t\t<\/div>\n\t\t<\/div>\n\t\t\t\t\t<\/div>\n\t\t<\/section>\n\t\t<div class=\"elementor-element elementor-element-4517a1f e-con-full e-flex e-con e-parent\" data-id=\"4517a1f\" data-element_type=\"container\" data-e-type=\"container\">\n\t\t<div class=\"elementor-element elementor-element-eee457d e-flex e-con-boxed e-con e-child\" data-id=\"eee457d\" data-element_type=\"container\" data-e-type=\"container\">\n\t\t\t\t\t<div class=\"e-con-inner\">\n\t\t\t\t<div class=\"elementor-element elementor-element-e10e2c9 elementor-widget elementor-widget-html\" data-id=\"e10e2c9\" data-element_type=\"widget\" data-e-type=\"widget\" data-widget_type=\"html.default\">\n\t\t\t\t<div class=\"elementor-widget-container\">\n\t\t\t\t\t<div class=\"prefil-long prefil-douane\">\r\n<\/div>\t\t\t\t<\/div>\n\t\t\t\t<\/div>\n\t\t\t\t<div class=\"elementor-element elementor-element-fb33e3e elementor-widget elementor-widget-html\" data-id=\"fb33e3e\" data-element_type=\"widget\" data-e-type=\"widget\" data-widget_type=\"html.default\">\n\t\t\t\t<div class=\"elementor-widget-container\">\n\t\t\t\t\t<div class=\"prefil-small prefil-douane\">\r\n<\/div>\t\t\t\t<\/div>\n\t\t\t\t<\/div>\n\t\t\t\t<div class=\"elementor-element elementor-element-73502ab elementor-widget elementor-widget-sitemap\" data-id=\"73502ab\" data-element_type=\"widget\" data-e-type=\"widget\" data-widget_type=\"sitemap.default\">\n\t\t\t\t<div class=\"elementor-widget-container\">\n\t\t\t\t\t<div class=\"elementor-sitemap-wrap\"><div class=\"elementor-sitemap-section\"><h2 class=\"elementor-sitemap-title elementor-sitemap-page-title\">Pagini<\/h2><ul class=\"elementor-sitemap-list elementor-sitemap-page-list\"><li class=\"elementor-sitemap-item elementor-sitemap-item-page page_item page-item-194394\"><a href=\"https:\/\/asdgroupcustoms.com\/ro\/actualitati\/\">Actualitati<\/a><\/li><li class=\"elementor-sitemap-item elementor-sitemap-item-page page_item page-item-204350\"><a href=\"https:\/\/asdgroupcustoms.com\/ro\/angajamentul-nostru-fata-de-calitate\/\">Angajamentul nostru fa\u021b\u0103 de calitate<\/a><\/li><li class=\"elementor-sitemap-item elementor-sitemap-item-page page_item page-item-207237\"><a href=\"https:\/\/asdgroupcustoms.com\/ro\/newsletter\/\">ASD Border<\/a><\/li><li class=\"elementor-sitemap-item elementor-sitemap-item-page page_item page-item-194396\"><a href=\"https:\/\/asdgroupcustoms.com\/ro\/blog\/\">Blog<\/a><\/li><li class=\"elementor-sitemap-item elementor-sitemap-item-page page_item page-item-206225\"><a href=\"https:\/\/asdgroupcustoms.com\/ro\/calais-eurotunnel\/\">Calais &#8211; Eurotunnel<\/a><\/li><li class=\"elementor-sitemap-item elementor-sitemap-item-page page_item page-item-194392\"><a href=\"https:\/\/asdgroupcustoms.com\/ro\/contact\/\">Contact<\/a><\/li><li class=\"elementor-sitemap-item elementor-sitemap-item-page page_item page-item-204344\"><a href=\"https:\/\/asdgroupcustoms.com\/ro\/despre-asd-group-customs\/\">Despre ASD Group Customs<\/a><\/li><li class=\"elementor-sitemap-item elementor-sitemap-item-page page_item page-item-204348\"><a href=\"https:\/\/asdgroupcustoms.com\/ro\/echipele-noastre\/\">Echipele noastre<\/a><\/li><li class=\"elementor-sitemap-item elementor-sitemap-item-page page_item page-item-206231\"><a href=\"https:\/\/asdgroupcustoms.com\/ro\/formalitati-vamale-porturi-franceze-brexit-si\/\">Prezen\u021b\u0103 vamal\u0103 pe teren \u00een porturile franceze \u2013 Brexit SI, transport maritim &amp; aerian<\/a><\/li><li class=\"elementor-sitemap-item elementor-sitemap-item-page page_item page-item-204338\"><a href=\"https:\/\/asdgroupcustoms.com\/ro\/\">Prima pagin\u0103<\/a><\/li><li class=\"elementor-sitemap-item elementor-sitemap-item-page page_item page-item-204346\"><a href=\"https:\/\/asdgroupcustoms.com\/ro\/unde-ne-gasiti\/\">Unde ne g\u0103si\u021bi?<\/a><\/li><\/ul><\/div><div class=\"elementor-sitemap-section\"><h2 class=\"elementor-sitemap-title elementor-sitemap-service-title\">Servicii<\/h2><ul class=\"elementor-sitemap-list elementor-sitemap-service-list\"><li class=\"elementor-sitemap-item elementor-sitemap-item-service page_item page-item-204378\"><a href=\"https:\/\/asdgroupcustoms.com\/ro\/asd-group-customs\/\">ASD Group Customs<\/a><\/li><li class=\"elementor-sitemap-item elementor-sitemap-item-service page_item page-item-204380\"><a href=\"https:\/\/asdgroupcustoms.com\/ro\/asd-intrastat\/\">ASD Intrastat<\/a><\/li><li class=\"elementor-sitemap-item elementor-sitemap-item-service page_item page-item-204382\"><a href=\"https:\/\/asdgroupcustoms.com\/ro\/asd-smartline\/\">ASD Smartline<\/a><\/li><li class=\"elementor-sitemap-item elementor-sitemap-item-service page_item page-item-204355\"><a href=\"https:\/\/asdgroupcustoms.com\/ro\/asistenta-pentru-cererile-de-ito-si-ioo\/\">Asisten\u021b\u0103 pentru cererile de ITO \u0219i IOO<\/a><\/li><li class=\"elementor-sitemap-item elementor-sitemap-item-service page_item page-item-204361\"><a href=\"https:\/\/asdgroupcustoms.com\/ro\/asistenta-pentru-inspectiile-sivep\/\">Asisten\u021b\u0103 pentru inspec\u021biile SIVEP<\/a><\/li><li class=\"elementor-sitemap-item elementor-sitemap-item-service page_item page-item-204367\"><a href=\"https:\/\/asdgroupcustoms.com\/ro\/gestionarea-accizelor-pentru-vanzarea-la-distanta-a-bauturilor-alcoolice\/\">Gestionarea accizelor pentru v\u00e2nzarea la distan\u021b\u0103 a b\u0103uturilor alcoolice<\/a><\/li><li class=\"elementor-sitemap-item elementor-sitemap-item-service page_item page-item-204363\"><a href=\"https:\/\/asdgroupcustoms.com\/ro\/gestionarea-declaratiei-intrastat\/\">Gestionarea Declara\u021biei Intrastat<\/a><\/li><li class=\"elementor-sitemap-item elementor-sitemap-item-service page_item page-item-204375\"><a href=\"https:\/\/asdgroupcustoms.com\/ro\/gestionarea-declaratiilor-de-diligenta-rezonabila-dds-conform-eudr\/\">Gestionarea declara\u021biilor de diligen\u021b\u0103 rezonabil\u0103 (DDS) conform EUDR<\/a><\/li><li class=\"elementor-sitemap-item elementor-sitemap-item-service page_item page-item-204365\"><a href=\"https:\/\/asdgroupcustoms.com\/ro\/gestionarea-declaratiilor-de-servicii-europene-esd\/\">Gestionarea declara\u021biilor de servicii europene (ESD)<\/a><\/li><li class=\"elementor-sitemap-item elementor-sitemap-item-service page_item page-item-204352\"><a href=\"https:\/\/asdgroupcustoms.com\/ro\/gestionarea-formalitatilor-si-vamuirilor-vamale\/\">Gestionarea formalit\u0103\u021bilor \u0219i v\u0103muirilor vamale<\/a><\/li><li class=\"elementor-sitemap-item elementor-sitemap-item-service page_item page-item-208914\"><a href=\"https:\/\/asdgroupcustoms.com\/ro\/mecanismul-de-ajustare-a-carbonului-la-frontiere-cbam\/\">Mecanismul de ajustare a carbonului la frontiere (CBAM): Gestiona\u021bi cu u\u0219urin\u021b\u0103 obliga\u021biile dumneavoastr\u0103 privind taxa pe carbon<\/a><\/li><li class=\"elementor-sitemap-item elementor-sitemap-item-service page_item page-item-204359\"><a href=\"https:\/\/asdgroupcustoms.com\/ro\/suport-in-obtinerea-certificarii-operator-economic-autorizat-aeo\/\">Suport \u00een ob\u021binerea certific\u0103rii Operator Economic Autorizat (AEO)<\/a><\/li><\/ul><\/div><div class=\"elementor-sitemap-section\"><h2 class=\"elementor-sitemap-title elementor-sitemap-post-title\">Articole pe blog<\/h2><ul class=\"elementor-sitemap-list elementor-sitemap-post-list\"><li class=\"elementor-sitemap-item elementor-sitemap-item-post page_item page-item-204390\"><a href=\"https:\/\/asdgroupcustoms.com\/ro\/declaratie-de-diligenta-rezonabila-conform-regulamentului-ue-privind-defrisarile-eudr-2023-1115\/\">Declara\u021bie de diligen\u021b\u0103 rezonabil\u0103 conform Regulamentului UE privind defri\u0219\u0103rile (EUDR) 2023\/1115<\/a><\/li><li class=\"elementor-sitemap-item elementor-sitemap-item-post page_item page-item-206114\"><a href=\"https:\/\/asdgroupcustoms.com\/ro\/formalitati-vamale-pentru-cai-tot-ce-trebuie-sa-stiti-pentru-a-importa-sau-exporta-un-echin-post-brexit\/\">Formalit\u0103\u021bi vamale pentru cai: Tot ce trebuie s\u0103 \u0219ti\u021bi pentru a importa sau exporta un echin post-Brexit<\/a><\/li><li class=\"elementor-sitemap-item elementor-sitemap-item-post page_item page-item-204384\"><a href=\"https:\/\/asdgroupcustoms.com\/ro\/intrebari-frecvente-aflati-mai-multe-despre-impactul-eliminarii-reprezentarii-fiscale-limitate\/\">\u00centreb\u0103ri frecvente \u2013 Afla\u021bi mai multe despre impactul elimin\u0103rii reprezent\u0103rii fiscale limitate<\/a><\/li><li class=\"elementor-sitemap-item elementor-sitemap-item-post page_item page-item-206593\"><a href=\"https:\/\/asdgroupcustoms.com\/ro\/praguri-intrastat-si-emebi-2026-in-ue\/\">Praguri Intrastat \u0219i EMEBI 2026 \u00een UE<\/a><\/li><li class=\"elementor-sitemap-item elementor-sitemap-item-post page_item page-item-204386\"><a href=\"https:\/\/asdgroupcustoms.com\/ro\/reprezentarea-fiscala-limitata-regimul-42-00-se-incheie-la-31-12-2025-ce-trebuie-sa-stie-companiile-non-europene\/\">Reprezentarea fiscal\u0103 limitat\u0103 (regimul 42 00) se \u00eencheie la 31\/12\/2025 \u2013 ce trebuie s\u0103 \u0219tie companiile non-europene<\/a><\/li><\/ul><\/div><div class=\"elementor-sitemap-section\"><h2 class=\"elementor-sitemap-title elementor-sitemap-actualite-title\">\u0218tiri<\/h2><ul class=\"elementor-sitemap-list elementor-sitemap-actualite-list\"><li class=\"elementor-sitemap-item elementor-sitemap-item-actualite page_item page-item-208691\"><a href=\"https:\/\/asdgroupcustoms.com\/ro\/austria-pragurile-intrastat-cresc-pentru-2026\/\">Austria: Pragurile Intrastat cresc pentru 2026<\/a><\/li><li class=\"elementor-sitemap-item elementor-sitemap-item-actualite page_item page-item-204397\"><a href=\"https:\/\/asdgroupcustoms.com\/ro\/envelopa-logistica-obligatorie-pregatiti-va-pentru-noua-obligatie-care-va-simplifica-traversarile-intre-regatul-unit-si-ue-din-aprilie-2025\/\">Envelopa Logistic\u0103 Obligatorie: Preg\u0103ti\u021bi-v\u0103 pentru noua obliga\u021bie care va simplifica travers\u0103rile \u00eentre Regatul Unit \u0219i UE din aprilie 2025<\/a><\/li><li class=\"elementor-sitemap-item elementor-sitemap-item-actualite page_item page-item-204394\"><a href=\"https:\/\/asdgroupcustoms.com\/ro\/eudr-uniunea-europeana-isi-consolideaza-cerintele-vamale\/\">EUDR: Uniunea European\u0103 \u00ee\u0219i consolideaz\u0103 cerin\u021bele vamale<\/a><\/li><li class=\"elementor-sitemap-item elementor-sitemap-item-actualite page_item page-item-204392\"><a href=\"https:\/\/asdgroupcustoms.com\/ro\/extinderea-perioadei-de-tranzitie-pentru-envelopa-logistica-obligatorie\/\">Extinderea perioadei de tranzi\u021bie pentru Envelopa Logistic\u0103 Obligatorie<\/a><\/li><li class=\"elementor-sitemap-item elementor-sitemap-item-actualite page_item page-item-207601\"><a href=\"https:\/\/asdgroupcustoms.com\/ro\/italia-majorarea-pragului-intrastat-2026-pentru-achizitiile-intracomunitare-de-bunuri\/\">Italia: Majorarea pragului Intrastat 2026 pentru achizi\u021biile intracomunitare de bunuri<\/a><\/li><li class=\"elementor-sitemap-item elementor-sitemap-item-actualite page_item page-item-207138\"><a href=\"https:\/\/asdgroupcustoms.com\/ro\/noua-taxa-pe-coletele-mici-in-franta-puncte-cheie-de-retinut\/\">Noua tax\u0103 pe coletele mici \u00een Fran\u021ba: puncte-cheie de re\u021binut<\/a><\/li><li class=\"elementor-sitemap-item elementor-sitemap-item-actualite page_item page-item-206437\"><a href=\"https:\/\/asdgroupcustoms.com\/ro\/uniunea-europeana-termenul-de-conformare-la-regulamentul-ue-privind-defrisarile-eudr-a-fost-amanat\/\">Uniunea European\u0103: Termenul de conformare la Regulamentul UE privind defri\u0219\u0103rile (EUDR) a fost am\u00e2nat<\/a><\/li><\/ul><\/div><\/div>\t\t\t\t<\/div>\n\t\t\t\t<\/div>\n\t\t\t\t\t<\/div>\n\t\t\t\t<\/div>\n\t\t\t\t<\/div>\n\t\t\t\t<\/div>\n\t\t","protected":false},"excerpt":{"rendered":"<p>ACAS\u0102 &gt; HARTA SITE-ULUI Harta site-ului: aici g\u0103si\u021bi toate paginile site-ului<\/p>\n","protected":false},"author":2,"featured_media":0,"parent":0,"menu_order":0,"comment_status":"closed","ping_status":"closed","template":"","meta":{"_eb_attr":"","footnotes":""},"class_list":["post-198552","page","type-page","status-publish","hentry"],"yoast_head":"<!-- This site is optimized with the Yoast SEO plugin v27.3 - https:\/\/yoast.com\/product\/yoast-seo-wordpress\/ -->\n<title>Harta site-ului | ASD Group Customs<\/title>\n<meta name=\"description\" content=\"Harta site-ului ASD Group Customs: g\u0103si\u021bi aici toate paginile site-ului nostru \u0219i descoperi\u021bi toate serviciile noastre.\" \/>\n<meta name=\"robots\" content=\"noindex, follow\" \/>\n<meta property=\"og:locale\" content=\"ro_RO\" \/>\n<meta property=\"og:type\" content=\"article\" \/>\n<meta property=\"og:title\" content=\"Harta site-ului | ASD Group Customs\" \/>\n<meta property=\"og:description\" content=\"Harta site-ului ASD Group Customs: g\u0103si\u021bi aici toate paginile site-ului nostru \u0219i descoperi\u021bi toate serviciile noastre.\" \/>\n<meta property=\"og:url\" content=\"https:\/\/asdgroupcustoms.com\/ro\/harta-site-ului\/\" \/>\n<meta property=\"og:site_name\" content=\"ASD Group Customs\" \/>\n<meta property=\"article:publisher\" content=\"https:\/\/www.facebook.com\/asdgroupcustoms\" \/>\n<meta property=\"article:modified_time\" content=\"2025-08-19T13:49:55+00:00\" \/>\n<meta name=\"twitter:card\" content=\"summary_large_image\" \/>\n<meta name=\"twitter:label1\" content=\"Timp estimat pentru citire\" \/>\n\t<meta name=\"twitter:data1\" content=\"1 minut\" \/>\n<script type=\"application\/ld+json\" class=\"yoast-schema-graph\">{\"@context\":\"https:\\\/\\\/schema.org\",\"@graph\":[{\"@type\":\"WebPage\",\"@id\":\"https:\\\/\\\/asdgroupcustoms.com\\\/ro\\\/harta-site-ului\\\/\",\"url\":\"https:\\\/\\\/asdgroupcustoms.com\\\/ro\\\/harta-site-ului\\\/\",\"name\":\"Harta site-ului | ASD Group Customs\",\"isPartOf\":{\"@id\":\"https:\\\/\\\/asdgroupcustoms.com\\\/ro\\\/#website\"},\"datePublished\":\"2025-08-05T13:25:04+00:00\",\"dateModified\":\"2025-08-19T13:49:55+00:00\",\"description\":\"Harta site-ului ASD Group Customs: g\u0103si\u021bi aici toate paginile site-ului nostru \u0219i descoperi\u021bi toate serviciile noastre.\",\"breadcrumb\":{\"@id\":\"https:\\\/\\\/asdgroupcustoms.com\\\/ro\\\/harta-site-ului\\\/#breadcrumb\"},\"inLanguage\":\"ro-RO\",\"potentialAction\":[{\"@type\":\"ReadAction\",\"target\":[\"https:\\\/\\\/asdgroupcustoms.com\\\/ro\\\/harta-site-ului\\\/\"]}]},{\"@type\":\"BreadcrumbList\",\"@id\":\"https:\\\/\\\/asdgroupcustoms.com\\\/ro\\\/harta-site-ului\\\/#breadcrumb\",\"itemListElement\":[{\"@type\":\"ListItem\",\"position\":1,\"name\":\"Accueil\",\"item\":\"https:\\\/\\\/asdgroupcustoms.com\\\/ro\\\/\"},{\"@type\":\"ListItem\",\"position\":2,\"name\":\"Harta site-ului\"}]},{\"@type\":\"WebSite\",\"@id\":\"https:\\\/\\\/asdgroupcustoms.com\\\/ro\\\/#website\",\"url\":\"https:\\\/\\\/asdgroupcustoms.com\\\/ro\\\/\",\"name\":\"ASD Group Customs\",\"description\":\"\",\"publisher\":{\"@id\":\"https:\\\/\\\/asdgroupcustoms.com\\\/ro\\\/#organization\"},\"alternateName\":\"ASD Group Customs\",\"potentialAction\":[{\"@type\":\"SearchAction\",\"target\":{\"@type\":\"EntryPoint\",\"urlTemplate\":\"https:\\\/\\\/asdgroupcustoms.com\\\/ro\\\/?s={search_term_string}\"},\"query-input\":{\"@type\":\"PropertyValueSpecification\",\"valueRequired\":true,\"valueName\":\"search_term_string\"}}],\"inLanguage\":\"ro-RO\"},{\"@type\":\"Organization\",\"@id\":\"https:\\\/\\\/asdgroupcustoms.com\\\/ro\\\/#organization\",\"name\":\"ASD Group Customs\",\"alternateName\":\"ASD Group Customs\",\"url\":\"https:\\\/\\\/asdgroupcustoms.com\\\/ro\\\/\",\"logo\":{\"@type\":\"ImageObject\",\"inLanguage\":\"ro-RO\",\"@id\":\"https:\\\/\\\/asdgroupcustoms.com\\\/ro\\\/#\\\/schema\\\/logo\\\/image\\\/\",\"url\":\"https:\\\/\\\/asdgroupcustoms.com\\\/wp-content\\\/uploads\\\/2025\\\/04\\\/Logo-ASD_noir.svg\",\"contentUrl\":\"https:\\\/\\\/asdgroupcustoms.com\\\/wp-content\\\/uploads\\\/2025\\\/04\\\/Logo-ASD_noir.svg\",\"width\":253,\"height\":172,\"caption\":\"ASD Group Customs\"},\"image\":{\"@id\":\"https:\\\/\\\/asdgroupcustoms.com\\\/ro\\\/#\\\/schema\\\/logo\\\/image\\\/\"},\"sameAs\":[\"https:\\\/\\\/www.facebook.com\\\/asdgroupcustoms\",\"https:\\\/\\\/www.linkedin.com\\\/showcase\\\/asd-group-customs\\\/\"]}]}<\/script>\n<!-- \/ Yoast SEO plugin. -->","yoast_head_json":{"title":"Harta site-ului | ASD Group Customs","description":"Harta site-ului ASD Group Customs: g\u0103si\u021bi aici toate paginile site-ului nostru \u0219i descoperi\u021bi toate serviciile noastre.","robots":{"index":"noindex","follow":"follow"},"og_locale":"ro_RO","og_type":"article","og_title":"Harta site-ului | ASD Group Customs","og_description":"Harta site-ului ASD Group Customs: g\u0103si\u021bi aici toate paginile site-ului nostru \u0219i descoperi\u021bi toate serviciile noastre.","og_url":"https:\/\/asdgroupcustoms.com\/ro\/harta-site-ului\/","og_site_name":"ASD Group Customs","article_publisher":"https:\/\/www.facebook.com\/asdgroupcustoms","article_modified_time":"2025-08-19T13:49:55+00:00","twitter_card":"summary_large_image","twitter_misc":{"Timp estimat pentru citire":"1 minut"},"schema":{"@context":"https:\/\/schema.org","@graph":[{"@type":"WebPage","@id":"https:\/\/asdgroupcustoms.com\/ro\/harta-site-ului\/","url":"https:\/\/asdgroupcustoms.com\/ro\/harta-site-ului\/","name":"Harta site-ului | ASD Group Customs","isPartOf":{"@id":"https:\/\/asdgroupcustoms.com\/ro\/#website"},"datePublished":"2025-08-05T13:25:04+00:00","dateModified":"2025-08-19T13:49:55+00:00","description":"Harta site-ului ASD Group Customs: g\u0103si\u021bi aici toate paginile site-ului nostru \u0219i descoperi\u021bi toate serviciile noastre.","breadcrumb":{"@id":"https:\/\/asdgroupcustoms.com\/ro\/harta-site-ului\/#breadcrumb"},"inLanguage":"ro-RO","potentialAction":[{"@type":"ReadAction","target":["https:\/\/asdgroupcustoms.com\/ro\/harta-site-ului\/"]}]},{"@type":"BreadcrumbList","@id":"https:\/\/asdgroupcustoms.com\/ro\/harta-site-ului\/#breadcrumb","itemListElement":[{"@type":"ListItem","position":1,"name":"Accueil","item":"https:\/\/asdgroupcustoms.com\/ro\/"},{"@type":"ListItem","position":2,"name":"Harta site-ului"}]},{"@type":"WebSite","@id":"https:\/\/asdgroupcustoms.com\/ro\/#website","url":"https:\/\/asdgroupcustoms.com\/ro\/","name":"ASD Group Customs","description":"","publisher":{"@id":"https:\/\/asdgroupcustoms.com\/ro\/#organization"},"alternateName":"ASD Group Customs","potentialAction":[{"@type":"SearchAction","target":{"@type":"EntryPoint","urlTemplate":"https:\/\/asdgroupcustoms.com\/ro\/?s={search_term_string}"},"query-input":{"@type":"PropertyValueSpecification","valueRequired":true,"valueName":"search_term_string"}}],"inLanguage":"ro-RO"},{"@type":"Organization","@id":"https:\/\/asdgroupcustoms.com\/ro\/#organization","name":"ASD Group Customs","alternateName":"ASD Group Customs","url":"https:\/\/asdgroupcustoms.com\/ro\/","logo":{"@type":"ImageObject","inLanguage":"ro-RO","@id":"https:\/\/asdgroupcustoms.com\/ro\/#\/schema\/logo\/image\/","url":"https:\/\/asdgroupcustoms.com\/wp-content\/uploads\/2025\/04\/Logo-ASD_noir.svg","contentUrl":"https:\/\/asdgroupcustoms.com\/wp-content\/uploads\/2025\/04\/Logo-ASD_noir.svg","width":253,"height":172,"caption":"ASD Group Customs"},"image":{"@id":"https:\/\/asdgroupcustoms.com\/ro\/#\/schema\/logo\/image\/"},"sameAs":["https:\/\/www.facebook.com\/asdgroupcustoms","https:\/\/www.linkedin.com\/showcase\/asd-group-customs\/"]}]}},"_links":{"self":[{"href":"https:\/\/asdgroupcustoms.com\/ro\/wp-json\/wp\/v2\/pages\/198552","targetHints":{"allow":["GET"]}}],"collection":[{"href":"https:\/\/asdgroupcustoms.com\/ro\/wp-json\/wp\/v2\/pages"}],"about":[{"href":"https:\/\/asdgroupcustoms.com\/ro\/wp-json\/wp\/v2\/types\/page"}],"author":[{"embeddable":true,"href":"https:\/\/asdgroupcustoms.com\/ro\/wp-json\/wp\/v2\/users\/2"}],"replies":[{"embeddable":true,"href":"https:\/\/asdgroupcustoms.com\/ro\/wp-json\/wp\/v2\/comments?post=198552"}],"version-history":[{"count":10,"href":"https:\/\/asdgroupcustoms.com\/ro\/wp-json\/wp\/v2\/pages\/198552\/revisions"}],"predecessor-version":[{"id":200268,"href":"https:\/\/asdgroupcustoms.com\/ro\/wp-json\/wp\/v2\/pages\/198552\/revisions\/200268"}],"wp:attachment":[{"href":"https:\/\/asdgroupcustoms.com\/ro\/wp-json\/wp\/v2\/media?parent=198552"}],"curies":[{"name":"wp","href":"https:\/\/api.w.org\/{rel}","templated":true}]}}